{"id":1209,"date":"2024-07-16T17:57:25","date_gmt":"2024-07-16T14:57:25","guid":{"rendered":"https:\/\/wristbandfactory.eu\/toode\/seed-paper-bracelet\/"},"modified":"2026-04-01T21:52:36","modified_gmt":"2026-04-01T18:52:36","slug":"seed-paper-wristbands","status":"publish","type":"product","link":"https:\/\/displayproducts.eu\/es\/p\/seed-paper-wristbands\/","title":{"rendered":"Pulseras de papel con semillas"},"content":{"rendered":"<p data-path-to-node=\"12\">Genere un impacto positivo y duradero en sus asistentes y el medio ambiente con nuestro <b data-path-to-node=\"12\" data-index-in-node=\"104\">Pulseras de papel de semillas<\/b>. Este innovador producto ofrece una soluci\u00f3n \u00fanica y sin residuos para organizadores de eventos con conciencia ecol\u00f3gica, transformando un art\u00edculo t\u00edpicamente desechable en una &quot;segunda vida&quot; memorable como flores silvestres. Dise\u00f1adas para festivales, eventos corporativos de sostenibilidad y conferencias ecol\u00f3gicas, estas pulseras sirven como un pase de acceso seguro y una declaraci\u00f3n de sus valores ambientales.<\/p>\n<h2 data-path-to-node=\"13\">Caracter\u00edsticas principales<\/h2>\n<ul data-path-to-node=\"14\">\n<li>\n<p data-path-to-node=\"14,0,0\"><b data-path-to-node=\"14,0,0\" data-index-in-node=\"0\">Tecnolog\u00eda Plantable:<\/b> Elaborada con papel de 80 g\/m\u00b2 con una mezcla de semillas de flores silvestres. Despu\u00e9s del evento, la pulsera se puede plantar en tierra para que crezcan flores.<\/p>\n<\/li>\n<li>\n<p data-path-to-node=\"14,1,0\"><b data-path-to-node=\"14,1,0\" data-index-in-node=\"0\">Marca a todo color:<\/b> Admite capacidades de impresi\u00f3n de borde a borde, lo que le permite exhibir su logotipo, patrocinadores o mensaje ecol\u00f3gico de manera v\u00edvida.<\/p>\n<\/li>\n<li>\n<p data-path-to-node=\"14,2,0\"><b data-path-to-node=\"14,2,0\" data-index-in-node=\"0\">Control de acceso seguro:<\/b> Cuenta con una tira adhesiva confiable, de un solo uso e intransferible, lo que garantiza la seguridad en su lugar.<\/p>\n<\/li>\n<li>\n<p data-path-to-node=\"14,3,0\"><b data-path-to-node=\"14,3,0\" data-index-in-node=\"0\">Textura y tacto:<\/b> La textura natural, ligeramente irregular del papel con semillas a\u00f1ade una calidad t\u00e1ctil y org\u00e1nica que refuerza el mensaje de sostenibilidad.<\/p>\n<\/li>\n<\/ul>\n<h2 data-path-to-node=\"15\">Presupuesto<\/h2>\n<ul data-path-to-node=\"16\">\n<li>\n<p data-path-to-node=\"16,0,0\"><b data-path-to-node=\"16,0,0\" data-index-in-node=\"0\">Dimensiones:<\/b> Aprox. 240 x 20 mm (tama\u00f1o est\u00e1ndar ajustable).<\/p>\n<\/li>\n<li>\n<p data-path-to-node=\"16,1,0\"><b data-path-to-node=\"16,1,0\" data-index-in-node=\"0\">Peso del material:<\/b> Papel con semillas de 80 g\/m\u00b2.<\/p>\n<\/li>\n<li>\n<p data-path-to-node=\"16,2,0\"><b data-path-to-node=\"16,2,0\" data-index-in-node=\"0\">M\u00e9todo de impresi\u00f3n:<\/b> Impresi\u00f3n digital a todo color (CMYK).<\/p>\n<\/li>\n<li>\n<p data-path-to-node=\"16,3,0\"><b data-path-to-node=\"16,3,0\" data-index-in-node=\"0\">Duraci\u00f3n del uso:<\/b> Recomendado para eventos de un solo d\u00eda (1-2 d\u00edas m\u00e1ximo) debido a su biodegradabilidad.<\/p>\n<\/li>\n<li>\n<p data-path-to-node=\"16,4,0\"><b data-path-to-node=\"16,4,0\" data-index-in-node=\"0\">Cantidad m\u00ednima de pedido:<\/b> 100 unidades.<\/p>\n<\/li>\n<\/ul>\n<h2 data-path-to-node=\"17\">Casos de uso<\/h2>\n<ul data-path-to-node=\"18\">\n<li>\n<p data-path-to-node=\"18,0,0\"><b data-path-to-node=\"18,0,0\" data-index-in-node=\"0\">Festivales verdes:<\/b> Perfecto para festivales de m\u00fasica y arte al aire libre que priorizan el principio de \u201cNo dejar rastro\u201d.<\/p>\n<\/li>\n<li>\n<p data-path-to-node=\"18,1,0\"><b data-path-to-node=\"18,1,0\" data-index-in-node=\"0\">Eventos corporativos de RSE:<\/b> Ideal para reuniones de empresa centradas en la sostenibilidad y la responsabilidad medioambiental.<\/p>\n<\/li>\n<li>\n<p data-path-to-node=\"18,2,0\"><b data-path-to-node=\"18,2,0\" data-index-in-node=\"0\">Recaudaciones de fondos ben\u00e9ficos:<\/b> Un regalo simb\u00f3lico para los donantes que crece en flores, representando crecimiento y gratitud.<\/p>\n<\/li>\n<li>\n<p data-path-to-node=\"18,3,0\"><b data-path-to-node=\"18,3,0\" data-index-in-node=\"0\">Acceso VIP:<\/b> Un diferenciador \u00fanico y premium para invitados especiales en conferencias de tem\u00e1tica ecol\u00f3gica.<\/p>\n<\/li>\n<\/ul>","protected":false},"excerpt":{"rendered":"<ul>\n<li>\n<p data-path-to-node=\"11,0,0\"><b data-path-to-node=\"11,0,0\" data-index-in-node=\"0\">Material:<\/b> Papel biodegradable de 80 g\/m\u00b2 con semillas de flores silvestres incrustadas.<\/p>\n<\/li>\n<li>\n<p data-path-to-node=\"11,1,0\"><b data-path-to-node=\"11,1,0\" data-index-in-node=\"0\">Personalizaci\u00f3n:<\/b> Impresi\u00f3n a todo color, de borde a borde, para una marca de alto impacto.<\/p>\n<\/li>\n<li>\n<p data-path-to-node=\"11,2,0\"><b data-path-to-node=\"11,2,0\" data-index-in-node=\"0\">Cierre:<\/b> La tira adhesiva segura de un solo uso evita la transferencia.<\/p>\n<\/li>\n<li>\n<p data-path-to-node=\"11,3,0\"><b data-path-to-node=\"11,3,0\" data-index-in-node=\"0\">Enfoque ecol\u00f3gico:<\/b> 100% plantable despu\u00e9s de su uso para una soluci\u00f3n de evento sin residuos.<\/p>\n<\/li>\n<\/ul>","protected":false},"featured_media":6394,"comment_status":"closed","ping_status":"closed","template":"","meta":[],"product_brand":[],"product_cat":[133,66],"product_tag":[],"class_list":{"0":"post-1209","1":"product","2":"type-product","3":"status-publish","4":"has-post-thumbnail","6":"product_cat-eco-friendly-wristbands","7":"product_cat-wristbands","9":"first","10":"instock","11":"shipping-taxable","12":"purchasable","13":"product-type-simple"},"_links":{"self":[{"href":"https:\/\/displayproducts.eu\/es\/wp-json\/wp\/v2\/product\/1209","targetHints":{"allow":["GET"]}}],"collection":[{"href":"https:\/\/displayproducts.eu\/es\/wp-json\/wp\/v2\/product"}],"about":[{"href":"https:\/\/displayproducts.eu\/es\/wp-json\/wp\/v2\/types\/product"}],"replies":[{"embeddable":true,"href":"https:\/\/displayproducts.eu\/es\/wp-json\/wp\/v2\/comments?post=1209"}],"wp:featuredmedia":[{"embeddable":true,"href":"https:\/\/displayproducts.eu\/es\/wp-json\/wp\/v2\/media\/6394"}],"wp:attachment":[{"href":"https:\/\/displayproducts.eu\/es\/wp-json\/wp\/v2\/media?parent=1209"}],"wp:term":[{"taxonomy":"product_brand","embeddable":true,"href":"https:\/\/displayproducts.eu\/es\/wp-json\/wp\/v2\/product_brand?post=1209"},{"taxonomy":"product_cat","embeddable":true,"href":"https:\/\/displayproducts.eu\/es\/wp-json\/wp\/v2\/product_cat?post=1209"},{"taxonomy":"product_tag","embeddable":true,"href":"https:\/\/displayproducts.eu\/es\/wp-json\/wp\/v2\/product_tag?post=1209"}],"curies":[{"name":"wp","href":"https:\/\/api.w.org\/{rel}","templated":true}]}}