{"id":1208,"date":"2024-10-27T11:54:37","date_gmt":"2024-10-27T08:54:37","guid":{"rendered":"https:\/\/wristbandfactory.eu\/toode\/faux-leather-wristbands\/"},"modified":"2026-04-01T21:52:36","modified_gmt":"2026-04-01T18:52:36","slug":"faux-leather-wristbands","status":"publish","type":"product","link":"https:\/\/displayproducts.eu\/es\/p\/faux-leather-wristbands\/","title":{"rendered":"Pulseras de piel sint\u00e9tica"},"content":{"rendered":"<p>Luce un look aut\u00e9ntico con pulseras de cuero grabadas. Tu texto queda grabado en relieve, como lo hacen los aut\u00e9nticos artesanos del cuero. De esta manera, el texto tiene el mismo color que la pulsera.<\/p>\n<p>Ofrecemos 2 tipos de cierres, un clip de pl\u00e1stico y un cierre de metal.<\/p>\n<p>El cierre de clip de pl\u00e1stico es similar al de las pulseras de vinilo. Cuenta con orificios que permiten un ajuste a medida. No se puede abrir el cierre despu\u00e9s de cerrarlo sin da\u00f1arlo, ya que presenta signos de manipulaci\u00f3n. Esto previene el fraude.<\/p>\n<p>El cierre met\u00e1lico tambi\u00e9n es el est\u00e1ndar para las pulseras de tela de festivales. Se necesita una herramienta de engarce para cerrarlo. No se puede retirar la pulsera despu\u00e9s de engarzar el cierre sin mostrar signos de manipulaci\u00f3n, lo que previene el fraude.<\/p>","protected":false},"excerpt":{"rendered":"<div>\n<p class=\"text-gray-500\">Con pulseras de cuero artificial o polipiel, usted opta por un control de acceso seguro para su evento con un dise\u00f1o \u00fanico. Puede elegir entre 4 colores diferentes de cuero artificial para impresi\u00f3n a 1 o 2 colores o para grabado. Para asegurar las pulseras, ofrecemos dos opciones: cierre met\u00e1lico o cierre a presi\u00f3n de pl\u00e1stico.<\/p>\n<\/div>","protected":false},"featured_media":6410,"comment_status":"closed","ping_status":"closed","template":"","meta":[],"product_brand":[],"product_cat":[66,117],"product_tag":[],"class_list":{"0":"post-1208","1":"product","2":"type-product","3":"status-publish","4":"has-post-thumbnail","6":"product_cat-wristbands","7":"product_cat-leather-wristbands","9":"first","10":"instock","11":"shipping-taxable","12":"purchasable","13":"product-type-simple"},"_links":{"self":[{"href":"https:\/\/displayproducts.eu\/es\/wp-json\/wp\/v2\/product\/1208","targetHints":{"allow":["GET"]}}],"collection":[{"href":"https:\/\/displayproducts.eu\/es\/wp-json\/wp\/v2\/product"}],"about":[{"href":"https:\/\/displayproducts.eu\/es\/wp-json\/wp\/v2\/types\/product"}],"replies":[{"embeddable":true,"href":"https:\/\/displayproducts.eu\/es\/wp-json\/wp\/v2\/comments?post=1208"}],"wp:featuredmedia":[{"embeddable":true,"href":"https:\/\/displayproducts.eu\/es\/wp-json\/wp\/v2\/media\/6410"}],"wp:attachment":[{"href":"https:\/\/displayproducts.eu\/es\/wp-json\/wp\/v2\/media?parent=1208"}],"wp:term":[{"taxonomy":"product_brand","embeddable":true,"href":"https:\/\/displayproducts.eu\/es\/wp-json\/wp\/v2\/product_brand?post=1208"},{"taxonomy":"product_cat","embeddable":true,"href":"https:\/\/displayproducts.eu\/es\/wp-json\/wp\/v2\/product_cat?post=1208"},{"taxonomy":"product_tag","embeddable":true,"href":"https:\/\/displayproducts.eu\/es\/wp-json\/wp\/v2\/product_tag?post=1208"}],"curies":[{"name":"wp","href":"https:\/\/api.w.org\/{rel}","templated":true}]}}