{"id":1205,"date":"2024-10-27T11:54:37","date_gmt":"2024-10-27T08:54:37","guid":{"rendered":"https:\/\/wristbandfactory.eu\/toode\/custom-rfid-leather-wristband\/"},"modified":"2026-04-01T21:52:36","modified_gmt":"2026-04-01T18:52:36","slug":"custom-rfid-leather-wristband","status":"publish","type":"product","link":"https:\/\/displayproducts.eu\/es\/p\/custom-rfid-leather-wristband\/","title":{"rendered":"Pulseras RFID de cuero"},"content":{"rendered":"<p data-path-to-node=\"12\">Mejore la experiencia de sus hu\u00e9spedes con nuestro <b data-path-to-node=\"12\" data-index-in-node=\"64\">Pulseras RFID de cuero personalizadas<\/b>. Dise\u00f1adas para entornos donde el estilo es tan importante como la seguridad, estas pulseras combinan la tecnolog\u00eda RFID avanzada con la elegancia cl\u00e1sica del cuero. A diferencia de las opciones est\u00e1ndar de silicona o tela, estas pulseras son un accesorio premium, lo que las hace perfectas para zonas VIP, resorts de lujo, clubes de campo y eventos corporativos de alta gama.<\/p>\n<p data-path-to-node=\"13\">Fabricadas en resistente cuero sint\u00e9tico (con opciones de cuero genuino disponibles), ofrecen un ajuste c\u00f3modo para un uso prolongado. El chip integrado est\u00e1 perfectamente integrado, lo que garantiza una transmisi\u00f3n de datos fiable para el control de acceso, pagos sin efectivo o la integraci\u00f3n con redes sociales, sin comprometer la est\u00e9tica de la pulsera.<\/p>\n<h2 data-path-to-node=\"14\">Caracter\u00edsticas principales<\/h2>\n<ul data-path-to-node=\"15\">\n<li>\n<p data-path-to-node=\"15,0,1\"><span data-path-to-node=\"15,0,1,0\"><b data-path-to-node=\"15,0,1,0\" data-index-in-node=\"0\"><span class=\"citation-43\">Compatibilidad avanzada de chips:<\/span><\/b><span class=\"citation-43\"> Disponible con una amplia gama de chips RFID, incluidos LF (125 KHz), HF (13,56 MHz NTAG\u00ae\/Mifare) y UHF (860-960 MHz) para adaptarse a cualquier sistema.<\/span><\/span><span data-path-to-node=\"15,0,1,2\">.<\/span><\/p>\n<\/li>\n<li>\n<p data-path-to-node=\"15,1,1\"><span data-path-to-node=\"15,1,1,0\"><b data-path-to-node=\"15,1,1,0\" data-index-in-node=\"0\"><span class=\"citation-42\">Est\u00e9tica Premium:<\/span><\/b><span class=\"citation-42\"> El acabado de cuero ofrece una alternativa sofisticada al pl\u00e1stico, mejorando el valor percibido de su evento o lugar.<\/span><\/span><span data-path-to-node=\"15,1,1,2\">.<\/span><\/p>\n<\/li>\n<li>\n<p data-path-to-node=\"15,2,0\"><b data-path-to-node=\"15,2,0\" data-index-in-node=\"0\">Marca personalizada:<\/b> Personal\u00edzalo con tu logotipo utilizando t\u00e9cnicas premium como relieve, grabado en bajorrelieve o serigraf\u00eda.<\/p>\n<\/li>\n<li>\n<p data-path-to-node=\"15,3,0\"><b data-path-to-node=\"15,3,0\" data-index-in-node=\"0\">Ajuste ajustable:<\/b> Dise\u00f1ado con un cierre de hebilla cl\u00e1sico (tama\u00f1o est\u00e1ndar 250x22x3 mm) para adaptarse c\u00f3modamente a la mayor\u00eda de los tama\u00f1os de mu\u00f1eca.<\/p>\n<\/li>\n<\/ul>\n<h2 data-path-to-node=\"16\">Presupuesto<\/h2>\n<ul data-path-to-node=\"17\">\n<li>\n<p data-path-to-node=\"17,0,0\"><b data-path-to-node=\"17,0,0\" data-index-in-node=\"0\">Dimensiones:<\/b> 250 mm x 22 mm x 3 mm.<\/p>\n<\/li>\n<li>\n<p data-path-to-node=\"17,1,0\"><b data-path-to-node=\"17,1,0\" data-index-in-node=\"0\">Material:<\/b> Cuero PU (est\u00e1ndar) o cuero genuino (mejora).<\/p>\n<\/li>\n<li>\n<p data-path-to-node=\"17,2,0\"><b data-path-to-node=\"17,2,0\" data-index-in-node=\"0\">Opciones de frecuencia:<\/b> Frecuencia baja (125 KHz), frecuencia alta (13,56 MHz), frecuencia ultraalta (860-960 MHz).<\/p>\n<\/li>\n<li>\n<p data-path-to-node=\"17,3,0\"><b data-path-to-node=\"17,3,0\" data-index-in-node=\"0\">Tipos de chips:<\/b> TK4100, F08, NTAG213\/215\/216, Alien H3 y m\u00e1s.<\/p>\n<\/li>\n<li>\n<p data-path-to-node=\"17,4,0\"><b data-path-to-node=\"17,4,0\" data-index-in-node=\"0\">Distancia de lectura:<\/b> 1-10 cm (LF\/HF), hasta varios metros (UHF, dependiendo del lector).<\/p>\n<\/li>\n<li>\n<p data-path-to-node=\"17,5,0\"><b data-path-to-node=\"17,5,0\" data-index-in-node=\"0\">Cantidad m\u00ednima de pedido:<\/b> 100 unidades.<\/p>\n<\/li>\n<\/ul>\n<h2 data-path-to-node=\"18\">Casos de uso<\/h2>\n<ul data-path-to-node=\"19\">\n<li>\n<p data-path-to-node=\"19,0,0\"><b data-path-to-node=\"19,0,0\" data-index-in-node=\"0\">Hoteles y complejos tur\u00edsticos de lujo:<\/b> Entrada a la habitaci\u00f3n sin llave y pagos sin efectivo para las comodidades del resort.<\/p>\n<\/li>\n<li>\n<p data-path-to-node=\"19,1,0\"><b data-path-to-node=\"19,1,0\" data-index-in-node=\"0\">Acceso VIP al evento:<\/b> Credenciales de acceso exclusivo para \u00e1reas detr\u00e1s del escenario, salones privados y galas.<\/p>\n<\/li>\n<li>\n<p data-path-to-node=\"19,2,0\"><b data-path-to-node=\"19,2,0\" data-index-in-node=\"0\">Fitness y clubes de campo:<\/b> Identificadores de membres\u00eda duraderos y elegantes para acceder a las instalaciones.<\/p>\n<\/li>\n<li>\n<p data-path-to-node=\"19,3,0\"><b data-path-to-node=\"19,3,0\" data-index-in-node=\"0\">Seguridad de la oficina:<\/b> Identificaci\u00f3n elegante para empleados en entornos corporativos.<\/p>\n<\/li>\n<\/ul>","protected":false},"excerpt":{"rendered":"<ul>\n<li>\n<p data-path-to-node=\"11,0,0\"><b data-path-to-node=\"11,0,0\" data-index-in-node=\"0\">Material:<\/b> Opciones de PU o cuero genuino de alta calidad para una apariencia sofisticada.<\/p>\n<\/li>\n<li>\n<p data-path-to-node=\"11,1,0\"><b data-path-to-node=\"11,1,0\" data-index-in-node=\"0\">Tecnolog\u00eda:<\/b> Chips LF (TK4100), HF (NTAG\u00ae) o UHF (Alien H3) integrados.<\/p>\n<\/li>\n<li>\n<p data-path-to-node=\"11,2,0\"><b data-path-to-node=\"11,2,0\" data-index-in-node=\"0\">Personalizaci\u00f3n:<\/b> Grabado en bajorrelieve, relieve o impresi\u00f3n para una marca discreta.<\/p>\n<\/li>\n<li>\n<p data-path-to-node=\"11,3,0\"><b data-path-to-node=\"11,3,0\" data-index-in-node=\"0\">Solicitud:<\/b> Ideal para control de acceso VIP, pagos sin efectivo y hoteles de lujo.<\/p>\n<\/li>\n<\/ul>","protected":false},"featured_media":6037,"comment_status":"closed","ping_status":"closed","template":"","meta":[],"product_brand":[],"product_cat":[66,117,81],"product_tag":[],"class_list":{"0":"post-1205","1":"product","2":"type-product","3":"status-publish","4":"has-post-thumbnail","6":"product_cat-wristbands","7":"product_cat-leather-wristbands","8":"product_cat-rfid","10":"first","11":"instock","12":"shipping-taxable","13":"purchasable","14":"product-type-simple"},"_links":{"self":[{"href":"https:\/\/displayproducts.eu\/es\/wp-json\/wp\/v2\/product\/1205","targetHints":{"allow":["GET"]}}],"collection":[{"href":"https:\/\/displayproducts.eu\/es\/wp-json\/wp\/v2\/product"}],"about":[{"href":"https:\/\/displayproducts.eu\/es\/wp-json\/wp\/v2\/types\/product"}],"replies":[{"embeddable":true,"href":"https:\/\/displayproducts.eu\/es\/wp-json\/wp\/v2\/comments?post=1205"}],"wp:featuredmedia":[{"embeddable":true,"href":"https:\/\/displayproducts.eu\/es\/wp-json\/wp\/v2\/media\/6037"}],"wp:attachment":[{"href":"https:\/\/displayproducts.eu\/es\/wp-json\/wp\/v2\/media?parent=1205"}],"wp:term":[{"taxonomy":"product_brand","embeddable":true,"href":"https:\/\/displayproducts.eu\/es\/wp-json\/wp\/v2\/product_brand?post=1205"},{"taxonomy":"product_cat","embeddable":true,"href":"https:\/\/displayproducts.eu\/es\/wp-json\/wp\/v2\/product_cat?post=1205"},{"taxonomy":"product_tag","embeddable":true,"href":"https:\/\/displayproducts.eu\/es\/wp-json\/wp\/v2\/product_tag?post=1205"}],"curies":[{"name":"wp","href":"https:\/\/api.w.org\/{rel}","templated":true}]}}