{"id":1203,"date":"2024-10-27T11:54:37","date_gmt":"2024-10-27T08:54:37","guid":{"rendered":"https:\/\/wristbandfactory.eu\/toode\/fabric-wristbands\/"},"modified":"2026-04-01T21:52:36","modified_gmt":"2026-04-01T18:52:36","slug":"full-colour-printed-fabric-wristbands","status":"publish","type":"product","link":"https:\/\/displayproducts.eu\/es\/p\/full-colour-printed-fabric-wristbands\/","title":{"rendered":"Pulseras de tela estampadas a todo color"},"content":{"rendered":"<div class=\"mx-12 md:mx-24 lg:mx-48\">\n<div class=\"container my-8 svelte-zlsknf\">\n<div class=\"my-24 rounded-lg border-0 border-gray-700 bg-gray-100 px-16 py-24\">\n<div class=\"mt-11 !text-gray-500\">\n<p data-path-to-node=\"8\">Mejora la experiencia de tu evento con nuestras pulseras de tela impresas a todo color. Esta es nuestra soluci\u00f3n m\u00e1s popular para el control de acceso a eventos, dise\u00f1ada para ser una potente herramienta de marketing que, adem\u00e1s, se convierte en un recuerdo preciado para los asistentes.<\/p>\n<p data-path-to-node=\"9\"><b>Una pulsera, totalmente personalizada por ti<\/b><\/p>\n<p data-path-to-node=\"10\">Esta p\u00e1gina re\u00fane todas nuestras opciones de telas estampadas. Simplemente elige tu material y canj\u00e9alo para crear la pulsera perfecta para tu evento.<\/p>\n<ol start=\"1\" data-path-to-node=\"11\">\n<li>\n<p data-path-to-node=\"11,0,0\"><b>Elige tu estampado y material:<\/b> Mediante la t\u00e9cnica de sublimaci\u00f3n de \u00faltima generaci\u00f3n, reproducimos su dise\u00f1o en colores CMYK vibrantes y resistentes a la decoloraci\u00f3n o en tonos Pantone (PMS) precisos. Elija entre dos acabados de material:<\/p>\n<ul data-path-to-node=\"11,0,1\">\n<li>\n<p data-path-to-node=\"11,0,1,0,0\"><b>Poli\u00e9ster duradero:<\/b> Nuestro est\u00e1ndar de alta calidad, resistente al agua y respetuoso con la piel para todo tipo de eventos.<\/p>\n<\/li>\n<li>\n<p data-path-to-node=\"11,0,1,1,0\"><b>Sat\u00e9n de primera calidad:<\/b> Un acabado m\u00e1s suave y brillante para una sensaci\u00f3n premium y de alta gama (absorbe el producto \u201cPulgares de sat\u00e9n\u201d).<\/p>\n<\/li>\n<\/ul>\n<\/li>\n<li>\n<p data-path-to-node=\"11,1,0\"><b>Elige tu candado:<\/b> La seguridad es primordial. Configure sus pulseras con el candado preciso que mejor se adapte a sus necesidades. Ofrecemos una amplia gama de opciones:<\/p>\n<ul data-path-to-node=\"11,1,1\">\n<li>\n<p data-path-to-node=\"11,1,1,0,0\"><b>Cerraduras de alta seguridad:<\/b> Clips de pl\u00e1stico de un solo uso con cierre autom\u00e1tico o cierres met\u00e1licos duraderos para evitar la transferencia.<\/p>\n<\/li>\n<li>\n<p data-path-to-node=\"11,1,1,1,0\"><b>Candados reutilizables:<\/b> Una cuenta ajustable que permite quitar y volver a colocar las pulseras.<\/p>\n<\/li>\n<li>\n<p data-path-to-node=\"11,1,1,2,0\"><b>Cerraduras ecol\u00f3gicas:<\/b> Nuestro candado de bamb\u00fa sostenible y de un solo uso.<\/p>\n<\/li>\n<\/ul>\n<\/li>\n<\/ol>\n<p data-path-to-node=\"12\">Estas pulseras son la soluci\u00f3n segura ideal para controlar el acceso a conciertos, festivales, fiestas, hoteles y parques acu\u00e1ticos.<\/p>\n<p data-path-to-node=\"13\"><i>(Nota: Debido al proceso de fabricaci\u00f3n, recomendamos utilizar patrones repetitivos para el reverso de la pulsera para obtener resultados \u00f3ptimos).<\/i><\/p>\n<p data-path-to-node=\"14\"><b>Caracter\u00edsticas principales:<\/b><\/p>\n<ul data-path-to-node=\"15\">\n<li>\n<p data-path-to-node=\"15,0,0\"><b>Impresi\u00f3n:<\/b> Impresi\u00f3n por sublimaci\u00f3n a todo color CMYK o PMS.<\/p>\n<\/li>\n<li>\n<p data-path-to-node=\"15,1,0\"><b>Material:<\/b> Poli\u00e9ster de alta calidad (tambi\u00e9n disponible en acabado satinado premium).<\/p>\n<\/li>\n<li>\n<p data-path-to-node=\"15,2,0\"><b>Opciones de bloqueo de seguridad:<\/b> Alta seguridad (pl\u00e1stico\/metal), cuenta reutilizable o bamb\u00fa ecol\u00f3gico.<\/p>\n<\/li>\n<li>\n<p data-path-to-node=\"15,3,0\"><b>Durable y resistente al agua:<\/b> Ideal para eventos de varios d\u00edas.<\/p>\n<\/li>\n<li>\n<p data-path-to-node=\"15,4,0\"><b>Comodidad:<\/b> Ligeros y suaves para una mayor comodidad durante un uso prolongado.<\/p>\n<\/li>\n<li>\n<p data-path-to-node=\"15,5,0\"><b>Pedido m\u00ednimo:<\/b> 100 piezas.<\/p>\n<\/li>\n<\/ul>\n<p data-path-to-node=\"16\">\n<\/div>\n<\/div>\n<\/div>\n<\/div>","protected":false},"excerpt":{"rendered":"<ul data-path-to-node=\"7\">\n<li>\n<p data-path-to-node=\"7,0,0\">Impresi\u00f3n por sublimaci\u00f3n vibrante a todo color CMYK o Pantone.<\/p>\n<\/li>\n<li>\n<p data-path-to-node=\"7,1,0\"><b>Opciones de materiales:<\/b> Elige entre poli\u00e9ster resistente e impermeable o un sat\u00e9n de acabado premium.<\/p>\n<\/li>\n<li>\n<p data-path-to-node=\"7,2,0\"><b>Opciones de bloqueo:<\/b> De alta seguridad (pl\u00e1stico\/metal de un solo uso), reutilizable (cuenta ajustable) o de bamb\u00fa ecol\u00f3gico.<\/p>\n<\/li>\n<li>\n<p data-path-to-node=\"7,3,0\">C\u00f3modas, duraderas y respetuosas con la piel para eventos de varios d\u00edas.<\/p>\n<\/li>\n<\/ul>","protected":false},"featured_media":6388,"comment_status":"closed","ping_status":"closed","template":"","meta":[],"product_brand":[],"product_cat":[47],"product_tag":[],"class_list":{"0":"post-1203","1":"product","2":"type-product","3":"status-publish","4":"has-post-thumbnail","6":"product_cat-fabric-wristbands","8":"first","9":"instock","10":"shipping-taxable","11":"purchasable","12":"product-type-simple"},"_links":{"self":[{"href":"https:\/\/displayproducts.eu\/es\/wp-json\/wp\/v2\/product\/1203","targetHints":{"allow":["GET"]}}],"collection":[{"href":"https:\/\/displayproducts.eu\/es\/wp-json\/wp\/v2\/product"}],"about":[{"href":"https:\/\/displayproducts.eu\/es\/wp-json\/wp\/v2\/types\/product"}],"replies":[{"embeddable":true,"href":"https:\/\/displayproducts.eu\/es\/wp-json\/wp\/v2\/comments?post=1203"}],"wp:featuredmedia":[{"embeddable":true,"href":"https:\/\/displayproducts.eu\/es\/wp-json\/wp\/v2\/media\/6388"}],"wp:attachment":[{"href":"https:\/\/displayproducts.eu\/es\/wp-json\/wp\/v2\/media?parent=1203"}],"wp:term":[{"taxonomy":"product_brand","embeddable":true,"href":"https:\/\/displayproducts.eu\/es\/wp-json\/wp\/v2\/product_brand?post=1203"},{"taxonomy":"product_cat","embeddable":true,"href":"https:\/\/displayproducts.eu\/es\/wp-json\/wp\/v2\/product_cat?post=1203"},{"taxonomy":"product_tag","embeddable":true,"href":"https:\/\/displayproducts.eu\/es\/wp-json\/wp\/v2\/product_tag?post=1203"}],"curies":[{"name":"wp","href":"https:\/\/api.w.org\/{rel}","templated":true}]}}