{"id":1183,"date":"2024-07-16T18:07:16","date_gmt":"2024-07-16T15:07:16","guid":{"rendered":"https:\/\/wristbandfactory.eu\/toode\/uv-neverloseme-wristbands\/"},"modified":"2026-04-01T21:52:04","modified_gmt":"2026-04-01T18:52:04","slug":"uv-sensor-safety-wristbands","status":"publish","type":"product","link":"https:\/\/displayproducts.eu\/es\/p\/uv-sensor-safety-wristbands\/","title":{"rendered":"Pulseras de seguridad con sensor UV"},"content":{"rendered":"<p>Demuestre el compromiso de su organizaci\u00f3n con la seguridad con la pulsera de seguridad con sensor UV. Este art\u00edculo promocional funcional es ideal para jornadas familiares corporativas, conferencias al aire libre o campa\u00f1as de marketing centradas en la salud, ofreciendo una utilidad real a los asistentes.<\/p>\n<p>La pulsera incorpora un cierre especial reutilizable que monitoriza activamente la exposici\u00f3n solar. El cierre cambia de blanco a rojo intenso cuando los niveles de radiaci\u00f3n UVA o UVB alcanzan niveles peligrosos, proporcionando una alerta visual clara a los usuarios.<\/p>\n<p>La propia banda est\u00e1 hecha de un material especial hipoalerg\u00e9nico que es a la vez duradero y suave para la piel, y es <b>certificado por el Instituto Nacional de Higiene<\/b>. Toda la superficie de la banda se puede personalizar completamente con su logotipo corporativo a todo color, la imagen de su evento o un eslogan de seguridad, creando una herramienta promocional altamente visible y memorable.<\/p>\n<p>Esta pulsera alinea su marca con la responsabilidad social y la concienciaci\u00f3n sobre la seguridad moderna, creando una asociaci\u00f3n positiva que perdura mucho despu\u00e9s del evento.<\/p>\n<p><b>Caracter\u00edsticas principales:<\/b><\/p>\n<ul>\n<li><b>Cierre con sensor UV:<\/b> El cierre reutilizable cambia activamente de color a rojo para advertir sobre altos niveles de radiaci\u00f3n UVA\/UVB.<\/li>\n<li><b>Personalizaci\u00f3n a todo color:<\/b> Toda la superficie de la banda se puede imprimir con su logotipo o mensaje exclusivo.<\/li>\n<li><b>Material certificado como seguro para ni\u00f1os:<\/b> Material hipoalerg\u00e9nico, flexible y duradero, certificado por el Instituto Nacional de Higiene.<\/li>\n<li><b>Dise\u00f1o reutilizable:<\/b> El cierre est\u00e1 dise\u00f1ado para m\u00faltiples usos, prolongando la vida \u00fatil de su art\u00edculo promocional.<\/li>\n<li><b>Herramienta de Responsabilidad Corporativa:<\/b> Un dispositivo \u00fanico para demostrar el compromiso de su marca con la salud y la seguridad.<\/li>\n<\/ul>","protected":false},"excerpt":{"rendered":"<ul>\n<li>Cuenta con un cierre reactivo a los rayos UV que cambia de color a rojo bajo la luz solar intensa.<\/li>\n<li>Material hipoalerg\u00e9nico, duradero y reutilizable, certificado para la seguridad infantil.<\/li>\n<li>Correa totalmente personalizable con su logotipo a todo color o mensaje de seguridad.<\/li>\n<li>Un art\u00edculo promocional de alta calidad para eventos familiares y responsabilidad corporativa.<\/li>\n<\/ul>\n<p>&nbsp;<\/p>","protected":false},"featured_media":6254,"comment_status":"closed","ping_status":"closed","template":"","meta":[],"product_brand":[],"product_cat":[66,88,68],"product_tag":[],"class_list":{"0":"post-1183","1":"product","2":"type-product","3":"status-publish","4":"has-post-thumbnail","6":"product_cat-wristbands","7":"product_cat-smart-wristbands","8":"product_cat-event-supplies","10":"first","11":"instock","12":"shipping-taxable","13":"purchasable","14":"product-type-simple"},"_links":{"self":[{"href":"https:\/\/displayproducts.eu\/es\/wp-json\/wp\/v2\/product\/1183","targetHints":{"allow":["GET"]}}],"collection":[{"href":"https:\/\/displayproducts.eu\/es\/wp-json\/wp\/v2\/product"}],"about":[{"href":"https:\/\/displayproducts.eu\/es\/wp-json\/wp\/v2\/types\/product"}],"replies":[{"embeddable":true,"href":"https:\/\/displayproducts.eu\/es\/wp-json\/wp\/v2\/comments?post=1183"}],"wp:featuredmedia":[{"embeddable":true,"href":"https:\/\/displayproducts.eu\/es\/wp-json\/wp\/v2\/media\/6254"}],"wp:attachment":[{"href":"https:\/\/displayproducts.eu\/es\/wp-json\/wp\/v2\/media?parent=1183"}],"wp:term":[{"taxonomy":"product_brand","embeddable":true,"href":"https:\/\/displayproducts.eu\/es\/wp-json\/wp\/v2\/product_brand?post=1183"},{"taxonomy":"product_cat","embeddable":true,"href":"https:\/\/displayproducts.eu\/es\/wp-json\/wp\/v2\/product_cat?post=1183"},{"taxonomy":"product_tag","embeddable":true,"href":"https:\/\/displayproducts.eu\/es\/wp-json\/wp\/v2\/product_tag?post=1183"}],"curies":[{"name":"wp","href":"https:\/\/api.w.org\/{rel}","templated":true}]}}