{"id":8276,"date":"2026-04-01T20:10:45","date_gmt":"2026-04-01T17:10:45","guid":{"rendered":"https:\/\/displayproducts.eu\/p\/kolumna-800-seg-led\/"},"modified":"2026-04-02T23:13:10","modified_gmt":"2026-04-02T20:13:10","slug":"kolumna-800-seg-led","status":"publish","type":"product","link":"https:\/\/displayproducts.eu\/de\/p\/kolumna-800-seg-led\/","title":{"rendered":"Kolumna 800 SEG LED"},"content":{"rendered":"<p>SEG COLUMN LED to efektowna, wolnostoj\u0105ca kolumna ekspozycyjna oparta na sprawdzonym systemie . Dzi\u0119ki temu ca\u0142a powierzchnia grafiki jest r\u00f3wnomiernie roz\u015bwietlona, co nadaje przekazowi wyj\u0105tkow\u0105 intensywno\u015b\u0107, g\u0142\u0119bi\u0119 i nowoczesny, premium charakter. Stabilna aluminiowa rama zapewnia sztywno\u015b\u0107 konstrukcji, jednocze\u015bnie pozostaj\u0105c lekka i wygodna w transporcie. Tekstylna grafika z silikonow\u0105 uszczelk\u0105 jest precyzyjnie wsuwana w ram\u0119, tworz\u0105c idealnie g\u0142adk\u0105, jednolit\u0105 powierzchni\u0119 bez widocznych \u0142\u0105cze\u0144. W po\u0142\u0105czeniu z pod\u015bwietleniem LED kolumna staje si\u0119 mocnym, przyci\u0105gaj\u0105cym uwag\u0119 elementem strefy ekspozycyjnej. Monta\u017c jest szybki, intuicyjny i nie wymaga specjalistycznych narz\u0119dzi. Po zako\u0144czonym wydarzeniu konstrukcj\u0119 mo\u017cna \u0142atwo roz\u0142o\u017cy\u0107 i spakowa\u0107 do SEG COLUMN LED to doskona\u0142y wyb\u00f3r dla u\u017cytkownik\u00f3w poszukuj\u0105cych eleganckiego, efektownego i wysoce widocznego no\u015bnika graficznego, idealnego do nowoczesnych stoisk targowych, prezentacji produktowych oraz presti\u017cowych wydarze\u0144.<\/p>","protected":false},"excerpt":{"rendered":"<p>SEG COLUMN LED to efektowna, wolnostoj\u0105ca kolumna ekspozycyjna oparta na sprawdzonym systemie . Dzi\u0119ki temu ca\u0142a powierzchnia grafiki jest r\u00f3wnomiernie roz\u015bwietlona, co nadaje przekazowi wyj\u0105tkow\u0105 intensywno\u015b\u0107, g\u0142\u0119bi\u0119 i nowoczesny, premium charakter. Stabilna aluminiowa rama zapewnia sztywno\u015b\u0107 konstrukcji, jednocze\u015bnie pozostaj\u0105c lekka i wygodna w transporcie. Tekstylna grafika z silikonow\u0105 uszczelk\u0105 jest precyzyjnie wsuwana w ram\u0119, tworz\u0105c [&hellip;]<\/p>","protected":false},"featured_media":8277,"comment_status":"closed","ping_status":"open","template":"","meta":[],"product_brand":[],"product_cat":[226,231,164,232,227,156],"product_tag":[],"class_list":{"0":"post-8276","1":"product","2":"type-product","3":"status-publish","4":"has-post-thumbnail","6":"product_cat-display-systems","7":"product_cat-industry","8":"product_cat-kolumna-seg","9":"product_cat-retail-point-of-sale-pos","10":"product_cat-seg-fabric-tension-displays","11":"product_cat-tube-tension-fabric-systems","13":"first","14":"instock","15":"product-type-simple"},"_links":{"self":[{"href":"https:\/\/displayproducts.eu\/de\/wp-json\/wp\/v2\/product\/8276","targetHints":{"allow":["GET"]}}],"collection":[{"href":"https:\/\/displayproducts.eu\/de\/wp-json\/wp\/v2\/product"}],"about":[{"href":"https:\/\/displayproducts.eu\/de\/wp-json\/wp\/v2\/types\/product"}],"replies":[{"embeddable":true,"href":"https:\/\/displayproducts.eu\/de\/wp-json\/wp\/v2\/comments?post=8276"}],"wp:featuredmedia":[{"embeddable":true,"href":"https:\/\/displayproducts.eu\/de\/wp-json\/wp\/v2\/media\/8277"}],"wp:attachment":[{"href":"https:\/\/displayproducts.eu\/de\/wp-json\/wp\/v2\/media?parent=8276"}],"wp:term":[{"taxonomy":"product_brand","embeddable":true,"href":"https:\/\/displayproducts.eu\/de\/wp-json\/wp\/v2\/product_brand?post=8276"},{"taxonomy":"product_cat","embeddable":true,"href":"https:\/\/displayproducts.eu\/de\/wp-json\/wp\/v2\/product_cat?post=8276"},{"taxonomy":"product_tag","embeddable":true,"href":"https:\/\/displayproducts.eu\/de\/wp-json\/wp\/v2\/product_tag?post=8276"}],"curies":[{"name":"wp","href":"https:\/\/api.w.org\/{rel}","templated":true}]}}