{"id":6618,"date":"2026-01-09T15:51:34","date_gmt":"2026-01-09T12:51:34","guid":{"rendered":"https:\/\/wristbandfactory.eu\/?post_type=product&#038;p=6618"},"modified":"2026-04-01T21:52:34","modified_gmt":"2026-04-01T18:52:34","slug":"custom-natural-cork-wristbands","status":"publish","type":"product","link":"https:\/\/displayproducts.eu\/de\/p\/custom-natural-cork-wristbands\/","title":{"rendered":"Armb\u00e4nder aus Naturkork"},"content":{"rendered":"<p data-path-to-node=\"10\">Setzen Sie ein starkes Zeichen f\u00fcr Nachhaltigkeit mit unserem <b data-path-to-node=\"10\" data-index-in-node=\"77\">Armb\u00e4nder aus Naturkork<\/b>. Dieses Material, gewonnen aus der Rinde von Korkeichen, ohne den Baum selbst zu sch\u00e4digen, z\u00e4hlt zu den umweltfreundlichsten verf\u00fcgbaren Ressourcen. Die Armb\u00e4nder sind die ideale Wahl f\u00fcr Umweltkonferenzen, Naturresorts und Festivals, die Plastikm\u00fcll vermeiden und ihren G\u00e4sten gleichzeitig ein hochwertiges Accessoire bieten m\u00f6chten.<\/p>\n<p data-path-to-node=\"11\">Im Gegensatz zu synthetischen Materialien hat jedes Korkarmband eine einzigartige, nat\u00fcrliche Maserung. Das Material f\u00fchlt sich weich auf der Haut an, ist leicht und \u00fcberraschend strapazierf\u00e4hig \u2013 es ist von Natur aus wasser- und schwei\u00dfabweisend. F\u00fcr einen besonders umweltfreundlichen Look empfehlen wir <b data-path-to-node=\"11\" data-index-in-node=\"239\">Lasergravur<\/b> Ihr Logo, das ohne Verwendung chemischer Tinten einen dunklen, klaren Kontrast zum goldenen Korkhintergrund erzeugt.<\/p>\n<h2 data-path-to-node=\"12\">Hauptmerkmale<\/h2>\n<ul data-path-to-node=\"13\">\n<li>\n<p data-path-to-node=\"13,0,0\"><b data-path-to-node=\"13,0,0\" data-index-in-node=\"0\">Erneuerbare Ressource:<\/b> Kork wird nachhaltig geerntet; der Baum regeneriert seine Rinde, wodurch es sich um ein Produkt ohne schlechtes Gewissen handelt.<\/p>\n<\/li>\n<li>\n<p data-path-to-node=\"13,1,0\"><b data-path-to-node=\"13,1,0\" data-index-in-node=\"0\">Premium-Branding:<\/b> Entscheiden Sie sich zwischen gestochen scharfem, schwarzem Siebdruck oder anspruchsvoller Lasergravur f\u00fcr ein haptisches Erlebnis.<\/p>\n<\/li>\n<li>\n<p data-path-to-node=\"13,2,0\"><b data-path-to-node=\"13,2,0\" data-index-in-node=\"0\">Sichere Verriegelung:<\/b> Erh\u00e4ltlich mit nachhaltiger <b data-path-to-node=\"13,2,0\" data-index-in-node=\"45\">Holzschieber<\/b> oder Bambusperle zur Vervollst\u00e4ndigung des kunststofffreien Profils 100% (Standard-Kunststoffverschl\u00fcsse sind ebenfalls erh\u00e4ltlich).<\/p>\n<\/li>\n<li>\n<p data-path-to-node=\"13,3,0\"><b data-path-to-node=\"13,3,0\" data-index-in-node=\"0\">Hypoallergen:<\/b> Ideal f\u00fcr G\u00e4ste mit empfindlicher Haut, da Kork staub- und bakterienabweisend ist.<\/p>\n<\/li>\n<\/ul>\n<h2 data-path-to-node=\"14\">Technische Daten<\/h2>\n<ul data-path-to-node=\"15\">\n<li>\n<p data-path-to-node=\"15,0,0\"><b data-path-to-node=\"15,0,0\" data-index-in-node=\"0\">Material:<\/b> Naturkorkschicht (verst\u00e4rkte R\u00fcckseite)<\/p>\n<\/li>\n<li>\n<p data-path-to-node=\"15,1,0\"><b data-path-to-node=\"15,1,0\" data-index-in-node=\"0\">Branding-Methode:<\/b> Lasergravur (empfohlen) oder Siebdruck<\/p>\n<\/li>\n<li>\n<p data-path-to-node=\"15,2,0\"><b data-path-to-node=\"15,2,0\" data-index-in-node=\"0\">Gr\u00f6\u00dfe:<\/b> 350 mm x 15 mm (einstellbar)<\/p>\n<\/li>\n<li>\n<p data-path-to-node=\"15,3,0\"><b data-path-to-node=\"15,3,0\" data-index-in-node=\"0\">Wasserdicht:<\/b> Ja (von Natur aus wasserabweisend)<\/p>\n<\/li>\n<li>\n<p data-path-to-node=\"15,4,0\"><b data-path-to-node=\"15,4,0\" data-index-in-node=\"0\">Sperroptionen:<\/b> Holzperle, Bambusschieber oder recycelter Kunststoff<\/p>\n<\/li>\n<li>\n<p data-path-to-node=\"15,5,0\"><b data-path-to-node=\"15,5,0\" data-index-in-node=\"0\">Mindestmenge:<\/b> 100 Einheiten<\/p>\n<\/li>\n<\/ul>\n<h2 data-path-to-node=\"16\">Anwendungsf\u00e4lle<\/h2>\n<ul data-path-to-node=\"17\">\n<li>\n<p data-path-to-node=\"17,0,0\"><b data-path-to-node=\"17,0,0\" data-index-in-node=\"0\">Nachhaltigkeitskonferenzen:<\/b> Die perfekte Akkreditierung f\u00fcr Veranstaltungen mit Schwerpunkt Klima und Umwelt.<\/p>\n<\/li>\n<li>\n<p data-path-to-node=\"17,1,0\"><b data-path-to-node=\"17,1,0\" data-index-in-node=\"0\">\u00d6ko-Resorts &amp; Glamping:<\/b> Passt zur nat\u00fcrlichen \u00c4sthetik luxuri\u00f6ser Unterk\u00fcnfte im Freien.<\/p>\n<\/li>\n<li>\n<p data-path-to-node=\"17,2,0\"><b data-path-to-node=\"17,2,0\" data-index-in-node=\"0\">Weinfeste:<\/b> Durch den thematischen Bezug zu Weinkorken ist dies ein unterhaltsames und relevantes Branding-Tool.<\/p>\n<\/li>\n<li>\n<p data-path-to-node=\"17,3,0\"><b data-path-to-node=\"17,3,0\" data-index-in-node=\"0\">Wohlt\u00e4tigkeitsgalas:<\/b> Ein anspruchsvoller, dezenter Look f\u00fcr exklusive Spendenveranstaltungen.<\/p>\n<\/li>\n<\/ul>","protected":false},"excerpt":{"rendered":"<ul>\n<li>\n<p data-path-to-node=\"9,0,0\"><b data-path-to-node=\"9,0,0\" data-index-in-node=\"0\">100% Nat\u00fcrliche \u00c4sthetik:<\/b> Hergestellt aus echtem Korkmaterial, bietet es eine einzigartige, organische, holz\u00e4hnliche Textur.<\/p>\n<\/li>\n<li>\n<p data-path-to-node=\"9,1,0\"><b data-path-to-node=\"9,1,0\" data-index-in-node=\"0\">Umweltfreundliche Wahl:<\/b> Eine erneuerbare, biologisch abbaubare Alternative zu Plastik, perfekt f\u00fcr \u201cgr\u00fcne\u201d Veranstaltungen.<\/p>\n<\/li>\n<li>\n<p data-path-to-node=\"9,2,0\"><b data-path-to-node=\"9,2,0\" data-index-in-node=\"0\">Lasergravur:<\/b> Das Branding wird direkt in den Korken eingebrannt, um ein dauerhaftes, hochwertiges Finish zu erzielen (Tintendruck ist ebenfalls m\u00f6glich).<\/p>\n<\/li>\n<li>\n<p data-path-to-node=\"9,3,0\"><b data-path-to-node=\"9,3,0\" data-index-in-node=\"0\">Nat\u00fcrlich langlebig:<\/b> Kork ist von Natur aus wasserabweisend, hypoallergen und angenehm zu tragen, auch \u00fcber l\u00e4ngere Zeit.<\/p>\n<\/li>\n<\/ul>","protected":false},"featured_media":6620,"comment_status":"closed","ping_status":"closed","template":"","meta":[],"product_brand":[],"product_cat":[133,47],"product_tag":[],"class_list":{"0":"post-6618","1":"product","2":"type-product","3":"status-publish","4":"has-post-thumbnail","6":"product_cat-eco-friendly-wristbands","7":"product_cat-fabric-wristbands","9":"first","10":"instock","11":"shipping-taxable","12":"purchasable","13":"product-type-simple"},"_links":{"self":[{"href":"https:\/\/displayproducts.eu\/de\/wp-json\/wp\/v2\/product\/6618","targetHints":{"allow":["GET"]}}],"collection":[{"href":"https:\/\/displayproducts.eu\/de\/wp-json\/wp\/v2\/product"}],"about":[{"href":"https:\/\/displayproducts.eu\/de\/wp-json\/wp\/v2\/types\/product"}],"replies":[{"embeddable":true,"href":"https:\/\/displayproducts.eu\/de\/wp-json\/wp\/v2\/comments?post=6618"}],"wp:featuredmedia":[{"embeddable":true,"href":"https:\/\/displayproducts.eu\/de\/wp-json\/wp\/v2\/media\/6620"}],"wp:attachment":[{"href":"https:\/\/displayproducts.eu\/de\/wp-json\/wp\/v2\/media?parent=6618"}],"wp:term":[{"taxonomy":"product_brand","embeddable":true,"href":"https:\/\/displayproducts.eu\/de\/wp-json\/wp\/v2\/product_brand?post=6618"},{"taxonomy":"product_cat","embeddable":true,"href":"https:\/\/displayproducts.eu\/de\/wp-json\/wp\/v2\/product_cat?post=6618"},{"taxonomy":"product_tag","embeddable":true,"href":"https:\/\/displayproducts.eu\/de\/wp-json\/wp\/v2\/product_tag?post=6618"}],"curies":[{"name":"wp","href":"https:\/\/api.w.org\/{rel}","templated":true}]}}