{"id":6232,"date":"2025-12-20T18:21:12","date_gmt":"2025-12-20T15:21:12","guid":{"rendered":"https:\/\/wristbandfactory.eu\/?post_type=product&#038;p=6232"},"modified":"2026-04-01T21:52:03","modified_gmt":"2026-04-01T18:52:03","slug":"custom-printed-beer-coasters-drink-mats-absorbent-pulpboard","status":"publish","type":"product","link":"https:\/\/displayproducts.eu\/de\/p\/custom-printed-beer-coasters-drink-mats-absorbent-pulpboard\/","title":{"rendered":"Bedruckte Bierdeckel"},"content":{"rendered":"<p data-path-to-node=\"10\">Verwandeln Sie jeden Tisch in eine Werbefl\u00e4che mit unserem <b data-path-to-node=\"10\" data-index-in-node=\"68\">Individuell bedruckte Bierdeckel<\/b>. Mehr als nur ein praktisches Hilfsmittel zum Schutz von M\u00f6beln vor Fl\u00fcssigkeiten und Kondenswasser: Diese Getr\u00e4nkeuntersetzer sind ein wirkungsvolles und h\u00e4ufig genutztes Marketinginstrument. Ob Brauerei, Bar oder Gro\u00dfveranstaltung \u2013 mit individuell gestalteten Untersetzern liegt Ihre Marke direkt in den H\u00e4nden Ihrer Zielgruppe.<\/p>\n<p data-path-to-node=\"11\">Wir ermutigen Sie dazu <b data-path-to-node=\"11\" data-index-in-node=\"20\">Lass deiner Fantasie freien Lauf<\/b>. Da diese Untersetzer vollfarbig bedruckt werden, sind Sie nicht auf ein unbedrucktes Logo beschr\u00e4nkt. Nutzen Sie die beidseitige Druckfunktion, um Wettbewerbe zu veranstalten, Cocktailrezepte zu teilen oder QR-Codes anzuzeigen, die die digitale Interaktion f\u00f6rdern.<\/p>\n<h2 data-path-to-node=\"12\">Hauptmerkmale<\/h2>\n<ul data-path-to-node=\"13\">\n<li>\n<p data-path-to-node=\"13,0,0\"><b data-path-to-node=\"13,0,0\" data-index-in-node=\"0\">\u00dcberragende Saugf\u00e4higkeit:<\/b> Hergestellt aus speziellem Untersetzerkarton (Zellstoffkarton), der Feuchtigkeit speichert, ohne zu zerfallen, und so Oberfl\u00e4chen trocken h\u00e4lt.<\/p>\n<\/li>\n<li>\n<p data-path-to-node=\"13,1,0\"><b data-path-to-node=\"13,1,0\" data-index-in-node=\"0\">Doppelseitiges Branding:<\/b> Maximieren Sie die Wirkung Ihrer Botschaft, indem Sie Vorder- und R\u00fcckseite unterschiedlich gestalten \u2013 ideal f\u00fcr Cross-Promotions oder \u201c\u00dcberraschungsbotschaften\u201d.<\/p>\n<\/li>\n<li>\n<p data-path-to-node=\"13,2,0\"><b data-path-to-node=\"13,2,0\" data-index-in-node=\"0\">Formenvielfalt:<\/b> Erh\u00e4ltlich in klassischer Ausf\u00fchrung <b data-path-to-node=\"13,2,0\" data-index-in-node=\"36\">Runden<\/b> oder <b data-path-to-node=\"13,2,0\" data-index-in-node=\"45\">Quadrat<\/b> Formate mit abgerundeten Ecken, die Ihrem \u00e4sthetischen Anspruch entsprechen.<\/p>\n<\/li>\n<li>\n<p data-path-to-node=\"13,3,0\"><b data-path-to-node=\"13,3,0\" data-index-in-node=\"0\">Fotoqualit\u00e4tsdruck:<\/b> Unser Offsetdruckverfahren garantiert leuchtende Farben und scharfe Details, wodurch Ihr Design optimal zur Geltung kommt.<\/p>\n<\/li>\n<\/ul>\n<h2 data-path-to-node=\"14\">Technische Daten<\/h2>\n<ul data-path-to-node=\"15\">\n<li>\n<p data-path-to-node=\"15,0,0\"><b data-path-to-node=\"15,0,0\" data-index-in-node=\"0\">Material:<\/b> Hochdichte, saugf\u00e4hige Zellstoffpappe (Bierdeckelpappe).<\/p>\n<\/li>\n<li>\n<p data-path-to-node=\"15,1,0\"><b data-path-to-node=\"15,1,0\" data-index-in-node=\"0\">Standardformen:<\/b><\/p>\n<ul data-path-to-node=\"15,1,1\">\n<li>\n<p data-path-to-node=\"15,1,1,0,0\">Rund (\u00d8 107 mm oder \u00d8 93 mm).<\/p>\n<\/li>\n<li>\n<p data-path-to-node=\"15,1,1,1,0\">Quadrat (93 \u00d7 93 mm oder 107 \u00d7 107 mm) mit abgerundeten Ecken.<\/p>\n<\/li>\n<\/ul>\n<\/li>\n<li>\n<p data-path-to-node=\"15,2,0\"><b data-path-to-node=\"15,2,0\" data-index-in-node=\"0\">Dickenoptionen:<\/b> Standard 1,2 mm, Premium 1,6 mm oder Heavy Duty 2,0 mm.<\/p>\n<\/li>\n<li>\n<p data-path-to-node=\"15,3,0\"><b data-path-to-node=\"15,3,0\" data-index-in-node=\"0\">Drucken:<\/b> Beidseitiger Vollfarb-Offsetdruck (CMYK).<\/p>\n<\/li>\n<\/ul>\n<h2 data-path-to-node=\"16\">Anwendungsf\u00e4lle<\/h2>\n<ul data-path-to-node=\"17\">\n<li>\n<p data-path-to-node=\"17,0,0\"><b data-path-to-node=\"17,0,0\" data-index-in-node=\"0\">Brauereien &amp; Bars:<\/b> Unverzichtbar f\u00fcr den Ausschank von Fassbier und die St\u00e4rkung der Markenidentit\u00e4t.<\/p>\n<\/li>\n<li>\n<p data-path-to-node=\"17,1,0\"><b data-path-to-node=\"17,1,0\" data-index-in-node=\"0\">Hochzeiten &amp; Partys:<\/b> Personalisierte Untersetzer verleihen der Tischdekoration eine besondere Note und dienen als Erinnerungsst\u00fccke.<\/p>\n<\/li>\n<li>\n<p data-path-to-node=\"17,2,0\"><b data-path-to-node=\"17,2,0\" data-index-in-node=\"0\">Guerilla-Marketing:<\/b> Verteilen Sie sie an Partnerstandorten, um f\u00fcr die Einf\u00fchrung einer App, ein Festival oder einen Taxiservice zu werben.<\/p>\n<\/li>\n<\/ul>","protected":false},"excerpt":{"rendered":"<ul>\n<li>\n<p data-path-to-node=\"9,0,0\"><b data-path-to-node=\"9,0,0\" data-index-in-node=\"0\">Hoch saugf\u00e4hig:<\/b> Hergestellt aus hochwertigem Zellstoffkarton, der Kondenswasser effektiv aufnimmt und so Tische und M\u00f6bel sch\u00fctzt.<\/p>\n<\/li>\n<li>\n<p data-path-to-node=\"9,1,0\"><b data-path-to-node=\"9,1,0\" data-index-in-node=\"0\">Maximale Belichtung:<\/b> Direkt vor dem Kunden platziert, sodass Ihre Marke bei jedem Schluck wahrgenommen wird.<\/p>\n<\/li>\n<li>\n<p data-path-to-node=\"9,2,0\"><b data-path-to-node=\"9,2,0\" data-index-in-node=\"0\">Kreatives Marketing:<\/b> Ideal f\u00fcr QR-Codes, Quizspiele oder Sammlerserien, um Kunden interaktiv einzubinden.<\/p>\n<\/li>\n<li>\n<p data-path-to-node=\"9,3,0\"><b data-path-to-node=\"9,3,0\" data-index-in-node=\"0\">Kosteng\u00fcnstig:<\/b> Ein preiswertes Werbemittel mit hohem Durchsatz, das eine hohe Kapitalrendite bietet.<\/p>\n<\/li>\n<\/ul>","protected":false},"featured_media":6233,"comment_status":"closed","ping_status":"closed","template":"","meta":[],"product_brand":[],"product_cat":[119],"product_tag":[],"class_list":{"0":"post-6232","1":"product","2":"type-product","3":"status-publish","4":"has-post-thumbnail","6":"product_cat-drinkware-accessories","8":"first","9":"instock","10":"shipping-taxable","11":"purchasable","12":"product-type-simple"},"_links":{"self":[{"href":"https:\/\/displayproducts.eu\/de\/wp-json\/wp\/v2\/product\/6232","targetHints":{"allow":["GET"]}}],"collection":[{"href":"https:\/\/displayproducts.eu\/de\/wp-json\/wp\/v2\/product"}],"about":[{"href":"https:\/\/displayproducts.eu\/de\/wp-json\/wp\/v2\/types\/product"}],"replies":[{"embeddable":true,"href":"https:\/\/displayproducts.eu\/de\/wp-json\/wp\/v2\/comments?post=6232"}],"wp:featuredmedia":[{"embeddable":true,"href":"https:\/\/displayproducts.eu\/de\/wp-json\/wp\/v2\/media\/6233"}],"wp:attachment":[{"href":"https:\/\/displayproducts.eu\/de\/wp-json\/wp\/v2\/media?parent=6232"}],"wp:term":[{"taxonomy":"product_brand","embeddable":true,"href":"https:\/\/displayproducts.eu\/de\/wp-json\/wp\/v2\/product_brand?post=6232"},{"taxonomy":"product_cat","embeddable":true,"href":"https:\/\/displayproducts.eu\/de\/wp-json\/wp\/v2\/product_cat?post=6232"},{"taxonomy":"product_tag","embeddable":true,"href":"https:\/\/displayproducts.eu\/de\/wp-json\/wp\/v2\/product_tag?post=6232"}],"curies":[{"name":"wp","href":"https:\/\/api.w.org\/{rel}","templated":true}]}}