{"id":6212,"date":"2025-12-20T17:41:19","date_gmt":"2025-12-20T14:41:19","guid":{"rendered":"https:\/\/wristbandfactory.eu\/?post_type=product&#038;p=6212"},"modified":"2026-04-01T21:52:03","modified_gmt":"2026-04-01T18:52:03","slug":"custom-metal-lapel-pins-with-3d-domed-logo-epoxy","status":"publish","type":"product","link":"https:\/\/displayproducts.eu\/de\/p\/custom-metal-lapel-pins-with-3d-domed-logo-epoxy\/","title":{"rendered":"Metall-Anstecknadeln mit Doming"},"content":{"rendered":"<p data-path-to-node=\"10\">Hinterlassen Sie einen bleibenden Eindruck mit unserem <b data-path-to-node=\"10\" data-index-in-node=\"62\">Individuell gestaltete Anstecknadeln aus Metall mit 3D-gew\u00f6lbten Aufklebern<\/b>. Diese Pins bieten die perfekte Balance zwischen dem hochwertigen Gewicht eines Metallsockels und der modernen Vielseitigkeit des Digitaldrucks. Sie sind die ideale L\u00f6sung f\u00fcr Marken mit komplexen Logos, Farbverl\u00e4ufen oder Fotoelementen, die mit herk\u00f6mmlichen Emaille-Pins nicht dargestellt werden k\u00f6nnen.<\/p>\n<p data-path-to-node=\"11\">Jeder Pin besteht aus einem individuell geformten Metallsockel mit einem hochaufl\u00f6senden Klebedruck. Dieser wird anschlie\u00dfend mit einem transparenten, widerstandsf\u00e4higen Polyurethanharz umh\u00fcllt (Doming), wodurch ein raffinierter 3D-Linseneffekt entsteht, der die Farben verst\u00e4rkt und das Design vor Abnutzung und Verblassen sch\u00fctzt.<\/p>\n<h2 data-path-to-node=\"12\">Hauptmerkmale<\/h2>\n<ul data-path-to-node=\"13\">\n<li>\n<p data-path-to-node=\"13,0,0\"><b data-path-to-node=\"13,0,0\" data-index-in-node=\"0\">Unbegrenztes Gestaltungspotenzial:<\/b> Im Gegensatz zu gestanzten Anstecknadeln erm\u00f6glicht unser Doming-Verfahren den vollfarbigen CMYK-Druck, wodurch keine Einschr\u00e4nkungen bei Farbverl\u00e4ufen oder feinen Details bestehen.<\/p>\n<\/li>\n<li>\n<p data-path-to-node=\"13,1,0\"><b data-path-to-node=\"13,1,0\" data-index-in-node=\"0\">Schutzlackierung:<\/b> Die Harzkuppel macht die Anstecknadel kratzfest, UV-best\u00e4ndig und langlebig genug f\u00fcr den t\u00e4glichen Gebrauch.<\/p>\n<\/li>\n<li>\n<p data-path-to-node=\"13,2,0\"><b data-path-to-node=\"13,2,0\" data-index-in-node=\"0\">Professionelle Pr\u00e4sentation:<\/b> Die Kombination aus poliertem Metall und gl\u00e4nzendem Harz erzeugt eine hohe Wertwahrnehmung und eignet sich f\u00fcr Businesskleidung.<\/p>\n<\/li>\n<li>\n<p data-path-to-node=\"13,3,0\"><b data-path-to-node=\"13,3,0\" data-index-in-node=\"0\">Sichere Befestigung:<\/b> Ausgestattet mit einer benutzerfreundlichen Butterfly-Kupplung, die ein Verdrehen und versehentliches Verlieren verhindert.<\/p>\n<\/li>\n<\/ul>\n<h2 data-path-to-node=\"14\">Technische Daten<\/h2>\n<ul data-path-to-node=\"15\">\n<li>\n<p data-path-to-node=\"15,0,0\"><b data-path-to-node=\"15,0,0\" data-index-in-node=\"0\">Material:<\/b> Sockel aus Metalllegierung + Kuppel aus Polyurethanharz.<\/p>\n<\/li>\n<li>\n<p data-path-to-node=\"15,1,0\"><b data-path-to-node=\"15,1,0\" data-index-in-node=\"0\">Drucken:<\/b> Digitaler Vollfarbdruck (CMYK).<\/p>\n<\/li>\n<li>\n<p data-path-to-node=\"15,2,0\"><b data-path-to-node=\"15,2,0\" data-index-in-node=\"0\">Form:<\/b> Vollst\u00e4ndig individualisierbar (auf Form zuschneidbar).<\/p>\n<\/li>\n<li>\n<p data-path-to-node=\"15,3,0\"><b data-path-to-node=\"15,3,0\" data-index-in-node=\"0\">Standardanhang:<\/b> Schmetterlingsverschluss (Schmetterlingsnadel).<\/p>\n<\/li>\n<li>\n<p data-path-to-node=\"15,4,0\"><b data-path-to-node=\"15,4,0\" data-index-in-node=\"0\">Optionaler Anhang:<\/b> Neodym-Magnet (kleidungsschonend, nicht durchdringend).<\/p>\n<\/li>\n<li>\n<p data-path-to-node=\"15,5,0\"><b data-path-to-node=\"15,5,0\" data-index-in-node=\"0\">Verpackungsoptionen:<\/b><\/p>\n<ul data-path-to-node=\"15,5,1\">\n<li>\n<p data-path-to-node=\"15,5,1,0,0\">Sch\u00fcttgut (Standard).<\/p>\n<\/li>\n<li>\n<p data-path-to-node=\"15,5,1,1,0\">Einzeln verpackter Polybeutel mit bedruckter R\u00fcckwandkarte.<\/p>\n<\/li>\n<li>\n<p data-path-to-node=\"15,5,1,2,0\">Hochwertige Schmuckschatulle (f\u00fcr Auszeichnungen\/Geschenke).<\/p>\n<\/li>\n<\/ul>\n<\/li>\n<\/ul>\n<h2 data-path-to-node=\"16\">Anwendungsf\u00e4lle<\/h2>\n<ul data-path-to-node=\"17\">\n<li>\n<p data-path-to-node=\"17,0,0\"><b data-path-to-node=\"17,0,0\" data-index-in-node=\"0\">Corporate Identity:<\/b> Geh\u00f6rt zur t\u00e4glichen Arbeitskleidung von Bankangestellten, Hotelmitarbeitern und Flugbegleitern.<\/p>\n<\/li>\n<li>\n<p data-path-to-node=\"17,1,0\"><b data-path-to-node=\"17,1,0\" data-index-in-node=\"0\">Werbekampagnen:<\/b> Hochwertige Werbegeschenke f\u00fcr Produkteinf\u00fchrungen und Messen.<\/p>\n<\/li>\n<li>\n<p data-path-to-node=\"17,2,0\"><b data-path-to-node=\"17,2,0\" data-index-in-node=\"0\">Anerkennung und Auszeichnungen:<\/b> Dienstjahresnadeln oder Leistungskartenhalter f\u00fcr Mitarbeiter und Freiwillige.<\/p>\n<\/li>\n<\/ul>","protected":false},"excerpt":{"rendered":"<ul>\n<li>\n<p data-path-to-node=\"9,0,0\"><b data-path-to-node=\"9,0,0\" data-index-in-node=\"0\">Bedruckte Form:<\/b> Der Metallsockel ist so gefertigt, dass er der spezifischen Kontur Ihres Logos oder Designs entspricht.<\/p>\n<\/li>\n<li>\n<p data-path-to-node=\"9,1,0\"><b data-path-to-node=\"9,1,0\" data-index-in-node=\"0\">Fotoqualit\u00e4tsdruck:<\/b> Der CMYK-Digitaldruck erm\u00f6glicht Farbverl\u00e4ufe, Fotos und komplexe Details, die mit Emaille-Pins nicht m\u00f6glich sind.<\/p>\n<\/li>\n<li>\n<p data-path-to-node=\"9,2,0\"><b data-path-to-node=\"9,2,0\" data-index-in-node=\"0\">3D-Harzkuppel:<\/b> Eine kristallklare Epoxidbeschichtung sorgt f\u00fcr einen hochwertigen \u201cBlasen\u201d-Effekt und sch\u00fctzt vor Kratzern.<\/p>\n<\/li>\n<li>\n<p data-path-to-node=\"9,3,0\"><b data-path-to-node=\"9,3,0\" data-index-in-node=\"0\">Vielseitige Anbauteile:<\/b> Erh\u00e4ltlich mit einem Standard-Butterfly-Verschluss oder einem kleidungsschonenden Magnetverschluss.<\/p>\n<\/li>\n<\/ul>","protected":false},"featured_media":6216,"comment_status":"closed","ping_status":"closed","template":"","meta":[],"product_brand":[],"product_cat":[121],"product_tag":[],"class_list":{"0":"post-6212","1":"product","2":"type-product","3":"status-publish","4":"has-post-thumbnail","6":"product_cat-promotional-merchandise","8":"first","9":"instock","10":"shipping-taxable","11":"product-type-simple"},"_links":{"self":[{"href":"https:\/\/displayproducts.eu\/de\/wp-json\/wp\/v2\/product\/6212","targetHints":{"allow":["GET"]}}],"collection":[{"href":"https:\/\/displayproducts.eu\/de\/wp-json\/wp\/v2\/product"}],"about":[{"href":"https:\/\/displayproducts.eu\/de\/wp-json\/wp\/v2\/types\/product"}],"replies":[{"embeddable":true,"href":"https:\/\/displayproducts.eu\/de\/wp-json\/wp\/v2\/comments?post=6212"}],"wp:featuredmedia":[{"embeddable":true,"href":"https:\/\/displayproducts.eu\/de\/wp-json\/wp\/v2\/media\/6216"}],"wp:attachment":[{"href":"https:\/\/displayproducts.eu\/de\/wp-json\/wp\/v2\/media?parent=6212"}],"wp:term":[{"taxonomy":"product_brand","embeddable":true,"href":"https:\/\/displayproducts.eu\/de\/wp-json\/wp\/v2\/product_brand?post=6212"},{"taxonomy":"product_cat","embeddable":true,"href":"https:\/\/displayproducts.eu\/de\/wp-json\/wp\/v2\/product_cat?post=6212"},{"taxonomy":"product_tag","embeddable":true,"href":"https:\/\/displayproducts.eu\/de\/wp-json\/wp\/v2\/product_tag?post=6212"}],"curies":[{"name":"wp","href":"https:\/\/api.w.org\/{rel}","templated":true}]}}