{"id":6201,"date":"2025-12-20T17:18:10","date_gmt":"2025-12-20T14:18:10","guid":{"rendered":"https:\/\/wristbandfactory.eu\/?post_type=product&#038;p=6201"},"modified":"2026-04-01T21:52:03","modified_gmt":"2026-04-01T18:52:03","slug":"custom-fan-scarves-sports-supporters-scarves-knitted-or-printed","status":"publish","type":"product","link":"https:\/\/displayproducts.eu\/de\/p\/custom-fan-scarves-sports-supporters-scarves-knitted-or-printed\/","title":{"rendered":"Fanschals mit Logo"},"content":{"rendered":"<p data-path-to-node=\"10\">St\u00e4rken Sie den Teamzusammenhalt und maximieren Sie die Markenpr\u00e4senz mit unserem <b data-path-to-node=\"10\" data-index-in-node=\"86\">Individuell gestaltete Fan-Schals<\/b>. Ob f\u00fcr einen Profifu\u00dfballverein, eine lokale Sportmannschaft oder eine Firmenveranstaltung \u2013 diese Schals sind das perfekte Accessoire zum Anfeuern. Wir bieten vielseitige Fertigungsm\u00f6glichkeiten, die Ihren individuellen Designw\u00fcnschen gerecht werden \u2013 von traditioneller W\u00e4rme bis hin zu hochaufl\u00f6senden Grafiken.<\/p>\n<p data-path-to-node=\"11\">Unser Sortiment umfasst drei Spezialmodelle, die daf\u00fcr sorgen, dass Ihr Logo optimal zur Geltung kommt, egal ob es direkt in den Stoff eingewebt oder mit fotorealistischer Pr\u00e4zision gedruckt wird.<\/p>\n<h2 data-path-to-node=\"12\">Hauptmerkmale<\/h2>\n<ul data-path-to-node=\"13\">\n<li>\n<p data-path-to-node=\"13,0,0\"><b data-path-to-node=\"13,0,0\" data-index-in-node=\"0\">Klassischer Strickschal:<\/b> Die klassische Wahl. Doppelseitiges Design erm\u00f6glicht die Anbringung unterschiedlicher Logos auf jeder Seite. Hergestellt aus weichem 100%-Acryl f\u00fcr W\u00e4rme und Langlebigkeit.<\/p>\n<\/li>\n<li>\n<p data-path-to-node=\"13,1,0\"><b data-path-to-node=\"13,1,0\" data-index-in-node=\"0\">Einzigartiger Bildschal (bedruckt):<\/b> Entwickelt f\u00fcr komplexe Grafiken. Nutzt einen Spiegeleffekt auf einer Seite, um scharfe, detailreiche Drucke zu erzielen, die mit Strickwaren nicht erreicht werden k\u00f6nnen.<\/p>\n<\/li>\n<li>\n<p data-path-to-node=\"13,2,0\"><b data-path-to-node=\"13,2,0\" data-index-in-node=\"0\">Gestrickter Schal mit Emblem:<\/b> Eine exklusive Premium-Option. Sie kombiniert die klassische Strickbasis mit einem detailreichen, aufgen\u00e4hten Emblem f\u00fcr einen hochwertigen Look.<\/p>\n<\/li>\n<\/ul>\n<h2 data-path-to-node=\"14\">Technische Daten<\/h2>\n<table data-path-to-node=\"15\">\n<thead>\n<tr>\n<td><strong>Modelltyp<\/strong><\/td>\n<td><strong>Ma\u00dfe<\/strong><\/td>\n<td><strong>Materialzusammensetzung<\/strong><\/td>\n<td><strong>Hauptmerkmal<\/strong><\/td>\n<\/tr>\n<\/thead>\n<tbody>\n<tr>\n<td><span data-path-to-node=\"15,1,0,0\"><b data-path-to-node=\"15,1,0,0\" data-index-in-node=\"0\">Strickschal<\/b><\/span><\/td>\n<td><span data-path-to-node=\"15,1,1,0\">18 \u00d7 140 cm<\/span><\/td>\n<td><span data-path-to-node=\"15,1,2,0\">100% Acryl<\/span><\/td>\n<td><span data-path-to-node=\"15,1,3,0\">Doppelseitig, klassische W\u00e4rme<\/span><\/td>\n<\/tr>\n<tr>\n<td><span data-path-to-node=\"15,2,0,0\"><b data-path-to-node=\"15,2,0,0\" data-index-in-node=\"0\">Bild Schal<\/b><\/span><\/td>\n<td><span data-path-to-node=\"15,2,1,0\">20 \u00d7 130 cm<\/span><\/td>\n<td><span data-path-to-node=\"15,2,2,0\">80% Acryl, 20% Polyester<\/span><\/td>\n<td><span data-path-to-node=\"15,2,3,0\">Hochdetaillierter Druck, Spiegeleffekt<\/span><\/td>\n<\/tr>\n<tr>\n<td><span data-path-to-node=\"15,3,0,0\"><b data-path-to-node=\"15,3,0,0\" data-index-in-node=\"0\">Emblem-Schal<\/b><\/span><\/td>\n<td><span data-path-to-node=\"15,3,1,0\">19 \u00d7 130 cm<\/span><\/td>\n<td><span data-path-to-node=\"15,3,2,0\">100% Acryl<\/span><\/td>\n<td><span data-path-to-node=\"15,3,3,0\">Hochwertiger gestickter Aufn\u00e4her<\/span><\/td>\n<\/tr>\n<\/tbody>\n<\/table>\n<h2 data-path-to-node=\"16\">Anwendungsf\u00e4lle<\/h2>\n<ul data-path-to-node=\"17\">\n<li>\n<p data-path-to-node=\"17,0,0\"><b data-path-to-node=\"17,0,0\" data-index-in-node=\"0\">Sportartikelhandel:<\/b> Unverzichtbare Einnahmequelle f\u00fcr Fanshops von Fu\u00dfball-, Eishockey- und Basketballvereinen.<\/p>\n<\/li>\n<li>\n<p data-path-to-node=\"17,1,0\"><b data-path-to-node=\"17,1,0\" data-index-in-node=\"0\">Veranstaltungssponsoring:<\/b> Hochwirksame Markenpr\u00e4senz f\u00fcr Stadionbesucher und Gro\u00dfsportveranstaltungen.<\/p>\n<\/li>\n<li>\n<p data-path-to-node=\"17,2,0\"><b data-path-to-node=\"17,2,0\" data-index-in-node=\"0\">Firmengeschenke:<\/b> Warme und praktische Geschenke f\u00fcr Winterveranstaltungen oder Teambuilding-Aktivit\u00e4ten im Freien.<\/p>\n<\/li>\n<\/ul>","protected":false},"excerpt":{"rendered":"<ul>\n<li>\n<p data-path-to-node=\"9,0,0\"><b data-path-to-node=\"9,0,0\" data-index-in-node=\"0\">Drei unterschiedliche Stile:<\/b> W\u00e4hlen Sie zwischen klassischen Strickmodellen (Jacquard), Modellen mit HD-Bilddruck oder exklusiven Emblemmodellen.<\/p>\n<\/li>\n<li>\n<p data-path-to-node=\"9,1,0\"><b data-path-to-node=\"9,1,0\" data-index-in-node=\"0\">Hochwertige Materialien:<\/b> Hergestellt aus warmem 100% Acryl oder einer detaillierten Polyacryl-Mischung f\u00fcr sch\u00e4rfere Drucke.<\/p>\n<\/li>\n<li>\n<p data-path-to-node=\"9,2,0\"><b data-path-to-node=\"9,2,0\" data-index-in-node=\"0\">Doppelseitiges Branding:<\/b> Gestrickte Modelle erm\u00f6glichen unterschiedliche individuelle Designs auf Vorder- und R\u00fcckseite.<\/p>\n<\/li>\n<li>\n<p data-path-to-node=\"9,3,0\"><b data-path-to-node=\"9,3,0\" data-index-in-node=\"0\">Ultimative Fanartikel:<\/b> Das Standardaccessoire f\u00fcr Fu\u00dfballvereine, Sportmannschaften und Werbeveranstaltungen.<\/p>\n<\/li>\n<\/ul>","protected":false},"featured_media":6202,"comment_status":"closed","ping_status":"closed","template":"","meta":[],"product_brand":[],"product_cat":[123],"product_tag":[],"class_list":{"0":"post-6201","1":"product","2":"type-product","3":"status-publish","4":"has-post-thumbnail","6":"product_cat-fan-cheering-items","8":"first","9":"instock","10":"shipping-taxable","11":"product-type-simple"},"_links":{"self":[{"href":"https:\/\/displayproducts.eu\/de\/wp-json\/wp\/v2\/product\/6201","targetHints":{"allow":["GET"]}}],"collection":[{"href":"https:\/\/displayproducts.eu\/de\/wp-json\/wp\/v2\/product"}],"about":[{"href":"https:\/\/displayproducts.eu\/de\/wp-json\/wp\/v2\/types\/product"}],"replies":[{"embeddable":true,"href":"https:\/\/displayproducts.eu\/de\/wp-json\/wp\/v2\/comments?post=6201"}],"wp:featuredmedia":[{"embeddable":true,"href":"https:\/\/displayproducts.eu\/de\/wp-json\/wp\/v2\/media\/6202"}],"wp:attachment":[{"href":"https:\/\/displayproducts.eu\/de\/wp-json\/wp\/v2\/media?parent=6201"}],"wp:term":[{"taxonomy":"product_brand","embeddable":true,"href":"https:\/\/displayproducts.eu\/de\/wp-json\/wp\/v2\/product_brand?post=6201"},{"taxonomy":"product_cat","embeddable":true,"href":"https:\/\/displayproducts.eu\/de\/wp-json\/wp\/v2\/product_cat?post=6201"},{"taxonomy":"product_tag","embeddable":true,"href":"https:\/\/displayproducts.eu\/de\/wp-json\/wp\/v2\/product_tag?post=6201"}],"curies":[{"name":"wp","href":"https:\/\/api.w.org\/{rel}","templated":true}]}}