{"id":6150,"date":"2025-12-19T16:10:08","date_gmt":"2025-12-19T13:10:08","guid":{"rendered":"https:\/\/wristbandfactory.eu\/?post_type=product&#038;p=6150"},"modified":"2026-04-01T21:52:34","modified_gmt":"2026-04-01T18:52:34","slug":"custom-printed-hand-fans-bamboo-wood-plastic","status":"publish","type":"product","link":"https:\/\/displayproducts.eu\/de\/p\/custom-printed-hand-fans-bamboo-wood-plastic\/","title":{"rendered":"Bedruckte Handf\u00e4cher (Bambus, Holz und Kunststoff)"},"content":{"rendered":"<p data-path-to-node=\"10\">Trotzen Sie der Hitze und pr\u00e4sentieren Sie Ihre Marke mit unserem vielseitigen Sortiment. <b data-path-to-node=\"10\" data-index-in-node=\"90\">Individuell bedruckte Handf\u00e4cher<\/b>. Eine erfrischende Brise ist das ideale Geschenk f\u00fcr Ihre Zielgruppe bei Sommerfestivals, Open-Air-Konferenzen oder Hochzeiten. Anders als ein Flyer, der im M\u00fcll landet, ist ein F\u00e4cher ein praktisches Accessoire, das die Teilnehmer gerne behalten und immer wieder benutzen \u2013 so bleibt Ihr Logo stets pr\u00e4sent.<\/p>\n<p data-path-to-node=\"11\">Wir bieten vier verschiedene Ausf\u00fchrungen an, die zur \u00c4sthetik Ihrer Marke passen \u2013 von umweltfreundlichem Bambus und Holz f\u00fcr einen hochwertigen, nat\u00fcrlichen Look bis hin zu farbenfrohen Kunststoffvarianten f\u00fcr gro\u00df angelegte Werbeaktionen.<\/p>\n<h3 data-path-to-node=\"12\">Verf\u00fcgbare Modelle<\/h3>\n<p><strong>1. Der Klassiker (Kunststoff &amp; Stoff)<\/strong><\/p>\n<p>Langlebig und farbenfroh.<\/p>\n<ul data-path-to-node=\"14\">\n<li>\n<p data-path-to-node=\"14,0,0\"><b data-path-to-node=\"14,0,0\" data-index-in-node=\"0\">Rippchen:<\/b> Kunststoff (12 Rippen + 2 Endst\u00fccke). Endst\u00fccke in verschiedenen Farben erh\u00e4ltlich und bedruckbar.<\/p>\n<\/li>\n<li>\n<p data-path-to-node=\"14,1,0\"><b data-path-to-node=\"14,1,0\" data-index-in-node=\"0\">Blatt:<\/b> Wei\u00dfer 210T Polyesterstoff.<\/p>\n<\/li>\n<li>\n<p data-path-to-node=\"14,2,0\"><b data-path-to-node=\"14,2,0\" data-index-in-node=\"0\">Drucken:<\/b> Vollfarbig auf einer Seite.<\/p>\n<\/li>\n<\/ul>\n<p><strong>2. Die nat\u00fcrliche Premium-Variante (Holz &amp; Stoff)<\/strong><\/p>\n<p>Elegant und robust.<\/p>\n<ul data-path-to-node=\"16\">\n<li>\n<p data-path-to-node=\"16,0,0\"><b data-path-to-node=\"16,0,0\" data-index-in-node=\"0\">Rippchen:<\/b> Naturholz (14 Rippen + 2 Endst\u00fccke). Die Endst\u00fccke k\u00f6nnen mit Ihrem Logo bedruckt werden.<\/p>\n<\/li>\n<li>\n<p data-path-to-node=\"16,1,0\"><b data-path-to-node=\"16,1,0\" data-index-in-node=\"0\">Blatt:<\/b> Wei\u00dfer 210T Polyesterstoff.<\/p>\n<\/li>\n<li>\n<p data-path-to-node=\"16,2,0\"><b data-path-to-node=\"16,2,0\" data-index-in-node=\"0\">Drucken:<\/b> Vollfarbig auf einer Seite.<\/p>\n<\/li>\n<\/ul>\n<p><strong>3. Die \u00d6ko-Traditionelle (Bambus &amp; Papier)<\/strong><\/p>\n<p>Leichtgewichtig mit klassischer Papierhaptik.<\/p>\n<ul data-path-to-node=\"18\">\n<li>\n<p data-path-to-node=\"18,0,0\"><b data-path-to-node=\"18,0,0\" data-index-in-node=\"0\">Rippchen:<\/b> Bambus (18 Rippen + 2 Endst\u00fccke). Die Endst\u00fccke k\u00f6nnen bedruckt werden.<\/p>\n<\/li>\n<li>\n<p data-path-to-node=\"18,1,0\"><b data-path-to-node=\"18,1,0\" data-index-in-node=\"0\">Blatt:<\/b> Wei\u00dfes 80 g\/m\u00b2 Papier.<\/p>\n<\/li>\n<li>\n<p data-path-to-node=\"18,2,0\"><b data-path-to-node=\"18,2,0\" data-index-in-node=\"0\">Drucken:<\/b> Vollfarbig auf einer oder zwei Seiten.<\/p>\n<\/li>\n<\/ul>\n<p><strong>4. Das Werbebudget (Kunststoff &amp; Papier)<\/strong><\/p>\n<p>Kosteng\u00fcnstig f\u00fcr gro\u00dfe Menschenmengen.<\/p>\n<ul data-path-to-node=\"20\">\n<li>\n<p data-path-to-node=\"20,0,0\"><b data-path-to-node=\"20,0,0\" data-index-in-node=\"0\">Rippchen:<\/b> Wei\u00dfer Kunststoff. (Endst\u00fccke k\u00f6nnen nicht bedruckt werden; individuelle Farbanpassung ist bei h\u00f6heren Mindestbestellmengen m\u00f6glich).<\/p>\n<\/li>\n<li>\n<p data-path-to-node=\"20,1,0\"><b data-path-to-node=\"20,1,0\" data-index-in-node=\"0\">Blatt:<\/b> Wei\u00dfes 80 g\/m\u00b2 Papier.<\/p>\n<\/li>\n<li>\n<p data-path-to-node=\"20,2,0\"><b data-path-to-node=\"20,2,0\" data-index-in-node=\"0\">Drucken:<\/b> Vollfarbig auf einer Seite.<\/p>\n<\/li>\n<\/ul>\n<h2 data-path-to-node=\"21\">Hauptmerkmale<\/h2>\n<ul data-path-to-node=\"22\">\n<li>\n<p data-path-to-node=\"22,0,0\"><b data-path-to-node=\"22,0,0\" data-index-in-node=\"0\">Gro\u00dfe Werbefl\u00e4che:<\/b> Das F\u00e4cherblatt bietet eine breite, gebogene Fl\u00e4che f\u00fcr Ihre Grafiken, Slogans oder Kampagnenvisualisierungen.<\/p>\n<\/li>\n<li>\n<p data-path-to-node=\"22,1,0\"><b data-path-to-node=\"22,1,0\" data-index-in-node=\"0\">Anpassbare Rippchen:<\/b> Je nach Modell k\u00f6nnen zus\u00e4tzliche Logos an den starren Endst\u00fccken (Rippen) angebracht werden, um ein dezentes, detailliertes Branding zu erzielen.<\/p>\n<\/li>\n<li>\n<p data-path-to-node=\"22,2,0\"><b data-path-to-node=\"22,2,0\" data-index-in-node=\"0\">Kompakt und tragbar:<\/b> L\u00e4sst sich schnell zusammenfalten und passt in Handtaschen oder Hosentaschen.<\/p>\n<\/li>\n<\/ul>\n<h2 data-path-to-node=\"23\">Technische Daten<\/h2>\n<table data-path-to-node=\"24\">\n<thead>\n<tr>\n<td><strong>Besonderheit<\/strong><\/td>\n<td><strong>Kunststoff + Stoff<\/strong><\/td>\n<td><strong>Holz + Stoff<\/strong><\/td>\n<td><strong>Bambus + Papier<\/strong><\/td>\n<td><strong>Kunststoff + Papier<\/strong><\/td>\n<\/tr>\n<\/thead>\n<tbody>\n<tr>\n<td><span data-path-to-node=\"24,1,0,0\"><b data-path-to-node=\"24,1,0,0\" data-index-in-node=\"0\">Rippenmaterial<\/b><\/span><\/td>\n<td><span data-path-to-node=\"24,1,1,0\">Plastik<\/span><\/td>\n<td><span data-path-to-node=\"24,1,2,0\">Holz<\/span><\/td>\n<td><span data-path-to-node=\"24,1,3,0\">Bambus<\/span><\/td>\n<td><span data-path-to-node=\"24,1,4,0\">Kunststoff (wei\u00df)<\/span><\/td>\n<\/tr>\n<tr>\n<td><span data-path-to-node=\"24,2,0,0\"><b data-path-to-node=\"24,2,0,0\" data-index-in-node=\"0\">Plattenmaterial<\/b><\/span><\/td>\n<td><span data-path-to-node=\"24,2,1,0\">210T Polyester<\/span><\/td>\n<td><span data-path-to-node=\"24,2,2,0\">210T Polyester<\/span><\/td>\n<td><span data-path-to-node=\"24,2,3,0\">80 g\/m\u00b2 Papier<\/span><\/td>\n<td><span data-path-to-node=\"24,2,4,0\">80 g\/m\u00b2 Papier<\/span><\/td>\n<\/tr>\n<tr>\n<td><span data-path-to-node=\"24,3,0,0\"><b data-path-to-node=\"24,3,0,0\" data-index-in-node=\"0\">Rippenanzahl<\/b><\/span><\/td>\n<td><span data-path-to-node=\"24,3,1,0\">12 + 2 Endst\u00fccke<\/span><\/td>\n<td><span data-path-to-node=\"24,3,2,0\">14 + 2 Endst\u00fccke<\/span><\/td>\n<td><span data-path-to-node=\"24,3,3,0\">18 + 2 Endst\u00fccke<\/span><\/td>\n<td><span data-path-to-node=\"24,3,4,0\">Standard<\/span><\/td>\n<\/tr>\n<tr>\n<td><span data-path-to-node=\"24,4,0,0\"><b data-path-to-node=\"24,4,0,0\" data-index-in-node=\"0\">Abmessungen (offen)<\/b><\/span><\/td>\n<td><span data-path-to-node=\"24,4,1,0\">23 x 42 cm<\/span><\/td>\n<td><span data-path-to-node=\"24,4,2,0\">23 x 42 cm<\/span><\/td>\n<td><span data-path-to-node=\"24,4,3,0\">21 x 38 cm<\/span><\/td>\n<td><span data-path-to-node=\"24,4,4,0\">23 x 42 cm<\/span><\/td>\n<\/tr>\n<tr>\n<td><span data-path-to-node=\"24,5,0,0\"><b data-path-to-node=\"24,5,0,0\" data-index-in-node=\"0\">Druckbereich<\/b><\/span><\/td>\n<td><span data-path-to-node=\"24,5,1,0\">1 Seite<\/span><\/td>\n<td><span data-path-to-node=\"24,5,2,0\">1 Seite<\/span><\/td>\n<td><span data-path-to-node=\"24,5,3,0\">1 oder 2 Seiten<\/span><\/td>\n<td><span data-path-to-node=\"24,5,4,0\">1 Seite<\/span><\/td>\n<\/tr>\n<tr>\n<td><span data-path-to-node=\"24,6,0,0\"><b data-path-to-node=\"24,6,0,0\" data-index-in-node=\"0\">Endst\u00fcck-Druck<\/b><\/span><\/td>\n<td><span data-path-to-node=\"24,6,1,0\">Ja<\/span><\/td>\n<td><span data-path-to-node=\"24,6,2,0\">Ja<\/span><\/td>\n<td><span data-path-to-node=\"24,6,3,0\">Ja<\/span><\/td>\n<td><span data-path-to-node=\"24,6,4,0\">NEIN<\/span><\/td>\n<\/tr>\n<\/tbody>\n<\/table>\n<h2 data-path-to-node=\"25\">Anwendungsf\u00e4lle<\/h2>\n<ul data-path-to-node=\"26\">\n<li>\n<p data-path-to-node=\"26,0,0\"><b data-path-to-node=\"26,0,0\" data-index-in-node=\"0\">Sommerhochzeiten:<\/b> Ein wundersch\u00f6nes Gastgeschenk f\u00fcr G\u00e4ste bei Trauungen im Freien.<\/p>\n<\/li>\n<li>\n<p data-path-to-node=\"26,1,0\"><b data-path-to-node=\"26,1,0\" data-index-in-node=\"0\">Musikfestivals:<\/b> Unverzichtbare \u00dcberlebensausr\u00fcstung f\u00fcr tanzende Menschenmengen in der Hitze.<\/p>\n<\/li>\n<li>\n<p data-path-to-node=\"26,2,0\"><b data-path-to-node=\"26,2,0\" data-index-in-node=\"0\">Politische Kampagnen:<\/b> Gut sichtbare Gegenst\u00e4nde, die die Anh\u00e4nger in der Luft schwenken.<\/p>\n<\/li>\n<li>\n<p data-path-to-node=\"26,3,0\"><b data-path-to-node=\"26,3,0\" data-index-in-node=\"0\">Tourismus &amp; Resorts:<\/b> Tolle Willkommensgeschenke f\u00fcr Hotels in warmen Klimazonen.<\/p>\n<\/li>\n<\/ul>","protected":false},"excerpt":{"rendered":"<ul>\n<li>\n<p data-path-to-node=\"9,0,0\"><b data-path-to-node=\"9,0,0\" data-index-in-node=\"0\">4 Materialkombinationen:<\/b> W\u00e4hlen Sie zwischen Kunststoff\/Stoff, Holz\/Stoff, Bambus\/Papier oder Kunststoff\/Papier.<\/p>\n<\/li>\n<li>\n<p data-path-to-node=\"9,1,0\"><b data-path-to-node=\"9,1,0\" data-index-in-node=\"0\">Vollst\u00e4ndiges Branding:<\/b> Hochwertiger Vollfarbdruck auf dem F\u00e4cherbogen (Papier oder Polyester).<\/p>\n<\/li>\n<li>\n<p data-path-to-node=\"9,2,0\"><b data-path-to-node=\"9,2,0\" data-index-in-node=\"0\">Rippchen-Varianten:<\/b> Die Anzahl der stabilen Rippen variiert je nach Modell zwischen 12 und 18.<\/p>\n<\/li>\n<li>\n<p data-path-to-node=\"9,3,0\"><b data-path-to-node=\"9,3,0\" data-index-in-node=\"0\">Sommer-Must-haves:<\/b> Das perfekte Werbegeschenk f\u00fcr Hochzeiten im Freien, Festivals und Sportveranstaltungen.<\/p>\n<\/li>\n<\/ul>","protected":false},"featured_media":6311,"comment_status":"closed","ping_status":"closed","template":"","meta":[],"product_brand":[],"product_cat":[45],"product_tag":[],"class_list":{"0":"post-6150","1":"product","2":"type-product","3":"status-publish","4":"has-post-thumbnail","6":"product_cat-other","8":"first","9":"instock","10":"shipping-taxable","11":"purchasable","12":"product-type-simple"},"_links":{"self":[{"href":"https:\/\/displayproducts.eu\/de\/wp-json\/wp\/v2\/product\/6150","targetHints":{"allow":["GET"]}}],"collection":[{"href":"https:\/\/displayproducts.eu\/de\/wp-json\/wp\/v2\/product"}],"about":[{"href":"https:\/\/displayproducts.eu\/de\/wp-json\/wp\/v2\/types\/product"}],"replies":[{"embeddable":true,"href":"https:\/\/displayproducts.eu\/de\/wp-json\/wp\/v2\/comments?post=6150"}],"wp:featuredmedia":[{"embeddable":true,"href":"https:\/\/displayproducts.eu\/de\/wp-json\/wp\/v2\/media\/6311"}],"wp:attachment":[{"href":"https:\/\/displayproducts.eu\/de\/wp-json\/wp\/v2\/media?parent=6150"}],"wp:term":[{"taxonomy":"product_brand","embeddable":true,"href":"https:\/\/displayproducts.eu\/de\/wp-json\/wp\/v2\/product_brand?post=6150"},{"taxonomy":"product_cat","embeddable":true,"href":"https:\/\/displayproducts.eu\/de\/wp-json\/wp\/v2\/product_cat?post=6150"},{"taxonomy":"product_tag","embeddable":true,"href":"https:\/\/displayproducts.eu\/de\/wp-json\/wp\/v2\/product_tag?post=6150"}],"curies":[{"name":"wp","href":"https:\/\/api.w.org\/{rel}","templated":true}]}}