{"id":5714,"date":"2025-12-10T13:27:04","date_gmt":"2025-12-10T10:27:04","guid":{"rendered":"https:\/\/wristbandfactory.eu\/?post_type=product&#038;p=5714"},"modified":"2026-04-01T21:52:35","modified_gmt":"2026-04-01T18:52:35","slug":"custom-led-lanyards-flashing-light-up-straps","status":"publish","type":"product","link":"https:\/\/displayproducts.eu\/de\/p\/custom-led-lanyards-flashing-light-up-straps\/","title":{"rendered":"LED-Lanyards \u2013 Blinkend &amp; Leuchtend"},"content":{"rendered":"<p data-path-to-node=\"12\">Verleihen Sie Ihrer Markenpr\u00e4senz mit unserem Elektrisieren Sie Ihre Marke. <b>Individuell gestaltete LED-Lanyards<\/b>. Hierbei handelt es sich nicht nur um funktionale Ausweish\u00fcllen; es sind aufmerksamkeitsstarke Accessoires, die f\u00fcr Sichtbarkeit und Unterhaltung bei Nacht konzipiert wurden.<\/p>\n<p data-path-to-node=\"13\"><b>High-Tech Event Branding<\/b> Dank fortschrittlicher LED-Technologie und Glasfasern (oder integrierten Streifen) erzeugen diese Lanyards ein helles, neonartiges Leuchten. Ein integrierter Controller erm\u00f6glicht das Umschalten zwischen Blinkmodus und Dauerlicht und sorgt so f\u00fcr eine dynamische Atmosph\u00e4re bei Konzerten, Festivals und Produktpr\u00e4sentationen.<\/p>\n<p data-path-to-node=\"14\"><b>Sicherheit und Sichtbarkeit<\/b> Abgesehen von Partys sind LED-Lanyards ein hervorragendes Sicherheitsinstrument f\u00fcr Nachtschichtmitarbeiter, Sicherheitspersonal und abendliche Marathonl\u00e4ufer, da sie daf\u00fcr sorgen, dass diese auch aus der Ferne gut sichtbar sind.<\/p>\n<p data-path-to-node=\"15\"><b>Anpassungsoptionen:<\/b><\/p>\n<ul data-path-to-node=\"16\">\n<li>\n<p data-path-to-node=\"16,0,0\"><b>Nylon-Gurtbandart:<\/b> Ein traditionelles, flaches Lanyard mit einem innenliegenden LED-Streifen. Bedruckbar auf dem Stoff.<\/p>\n<\/li>\n<li>\n<p data-path-to-node=\"16,1,0\"><b>Optischer Tubustyp:<\/b> Ein futuristisches, durchsichtiges Rohr, das intensiv leuchtet. Das Markenlogo befindet sich \u00fcblicherweise auf dem Akku.<\/p>\n<\/li>\n<\/ul>\n<p data-path-to-node=\"17\"><b>Hauptmerkmale:<\/b><\/p>\n<ul data-path-to-node=\"18\">\n<li>\n<p data-path-to-node=\"18,0,0\"><b>Leistung:<\/b> Austauschbare Knopfzellenbatterien (im Lieferumfang enthalten).<\/p>\n<\/li>\n<li>\n<p data-path-to-node=\"18,1,0\"><b>Modi:<\/b> Schnelles Blinken \/ Langsames Blinken \/ Dauerlicht an \/ Aus.<\/p>\n<\/li>\n<li>\n<p data-path-to-node=\"18,2,0\"><b>Farben:<\/b> Rot, Blau, Gr\u00fcn, Gelb, Wei\u00df, Rosa, Mehrfarbig.<\/p>\n<\/li>\n<li>\n<p data-path-to-node=\"18,3,0\"><b>Hardware:<\/b> Kunststoff-Schalterdose + Metallhaken.<\/p>\n<\/li>\n<\/ul>","protected":false},"excerpt":{"rendered":"<ul>\n<li>\n<p data-path-to-node=\"10,0,0\"><b>Aktive Beleuchtung:<\/b> Angetrieben von Batterien und LEDs, bietet es helle Sichtbarkeit in v\u00f6lliger Dunkelheit (im Gegensatz zu passiver Leuchtfarbe).<\/p>\n<\/li>\n<li>\n<p data-path-to-node=\"10,1,0\"><b>Mehrere Modi:<\/b> Verf\u00fcgt \u00fcber einen Schalter zum Umschalten zwischen den Modi Schnelles Blinken, Langsames Blinken und Dauerlicht.<\/p>\n<\/li>\n<li>\n<p data-path-to-node=\"10,2,0\"><b>Glasfaser-Leitfaden:<\/b> Verwendet einen transparenten optischen Kern oder interne Dr\u00e4hte, um das Licht gleichm\u00e4\u00dfig \u00fcber die gesamte L\u00e4nge des Lanyards zu verteilen.<\/p>\n<\/li>\n<li>\n<p data-path-to-node=\"10,3,0\"><b>Markenbereiche:<\/b> Das Logo kann f\u00fcr maximale Sichtbarkeit auf das Nylonarmband oder das Kunststoff-Batteriegeh\u00e4use gedruckt werden.<\/p>\n<\/li>\n<\/ul>","protected":false},"featured_media":5884,"comment_status":"closed","ping_status":"closed","template":"","meta":[],"product_brand":[],"product_cat":[108,76,123],"product_tag":[],"class_list":{"0":"post-5714","1":"product","2":"type-product","3":"status-publish","4":"has-post-thumbnail","6":"product_cat-multifunctional-lanyards","7":"product_cat-glow-led-products","8":"product_cat-fan-cheering-items","10":"first","11":"instock","12":"shipping-taxable","13":"product-type-simple"},"_links":{"self":[{"href":"https:\/\/displayproducts.eu\/de\/wp-json\/wp\/v2\/product\/5714","targetHints":{"allow":["GET"]}}],"collection":[{"href":"https:\/\/displayproducts.eu\/de\/wp-json\/wp\/v2\/product"}],"about":[{"href":"https:\/\/displayproducts.eu\/de\/wp-json\/wp\/v2\/types\/product"}],"replies":[{"embeddable":true,"href":"https:\/\/displayproducts.eu\/de\/wp-json\/wp\/v2\/comments?post=5714"}],"wp:featuredmedia":[{"embeddable":true,"href":"https:\/\/displayproducts.eu\/de\/wp-json\/wp\/v2\/media\/5884"}],"wp:attachment":[{"href":"https:\/\/displayproducts.eu\/de\/wp-json\/wp\/v2\/media?parent=5714"}],"wp:term":[{"taxonomy":"product_brand","embeddable":true,"href":"https:\/\/displayproducts.eu\/de\/wp-json\/wp\/v2\/product_brand?post=5714"},{"taxonomy":"product_cat","embeddable":true,"href":"https:\/\/displayproducts.eu\/de\/wp-json\/wp\/v2\/product_cat?post=5714"},{"taxonomy":"product_tag","embeddable":true,"href":"https:\/\/displayproducts.eu\/de\/wp-json\/wp\/v2\/product_tag?post=5714"}],"curies":[{"name":"wp","href":"https:\/\/api.w.org\/{rel}","templated":true}]}}