{"id":5234,"date":"2025-10-22T13:43:36","date_gmt":"2025-10-22T10:43:36","guid":{"rendered":"https:\/\/wristbandfactory.eu\/?post_type=product&#038;p=5234"},"modified":"2026-04-01T21:52:04","modified_gmt":"2026-04-01T18:52:04","slug":"custom-charm-wristbands","status":"publish","type":"product","link":"https:\/\/displayproducts.eu\/de\/p\/custom-charm-wristbands\/","title":{"rendered":"Personalisierte Charm-Armb\u00e4nder"},"content":{"rendered":"<p>Heben Sie Ihre Marke hervor oder feiern Sie ein besonderes Ereignis mit unseren individuell anpassbaren Bettelarmb\u00e4ndern. Diese Armb\u00e4nder sind die perfekte B2B-L\u00f6sung f\u00fcr die Herstellung hochwertiger, attraktiver Produkte f\u00fcr Souvenirl\u00e4den, Kreuzfahrtschiffe, Firmenveranstaltungen oder einzigartige Werbegeschenke.<\/p>\n<p>Wir erwecken Ihre Vision zum Leben. Gestalten Sie einen einzigartigen Anh\u00e4nger aus Metall oder Emaille, basierend auf Ihrem Firmenlogo, Maskottchen oder Kampagnenthema. W\u00e4hlen Sie Farbe und Stil der Schnur \u2013 von unbedruckten Kordeln bis hin zu komplizierten Knoten \u2013 und f\u00fcgen Sie dekorative Perlen wie Muscheln, Buchstaben oder metallische Elemente hinzu, die zur \u00c4sthetik Ihrer Marke passen.<\/p>\n<p>Diese Vielseitigkeit macht sie ideal f\u00fcr jede Zielgruppe. Wir k\u00f6nnen sogar \u201cBest Friends\u201d- oder passende Partner-Sets erstellen, perfekt f\u00fcr Touristenattraktionen oder Fanartikel. Jedes Set wird auf einer individuell bedruckten Tr\u00e4gerkarte geliefert, vollst\u00e4ndig gebrandet und bereit f\u00fcr den Einzelhandel.<\/p>\n<p><b>Hauptmerkmale:<\/b><\/p>\n<ul>\n<li><b>Bedruckte Logo-Anh\u00e4nger:<\/b> Wir fertigen hochwertige Charms aus Emaille oder Metall nach Ihrem Design.<\/li>\n<li><b>Vollst\u00e4ndige Anpassung:<\/b> W\u00e4hlen Sie Ihre Schnurfarben, den Armbandstil und die dekorativen Perlen (z. B. Muscheln, Metall).<\/li>\n<li><b>Einzelhandelsfertige Verpackung:<\/b> Die Armb\u00e4nder werden auf einer individuell gestalteten Tr\u00e4gerkarte geliefert und sind bereit zur Pr\u00e4sentation.<\/li>\n<li><b>Vielseitige Waren:<\/b> Ideal f\u00fcr Geschenkartikell\u00e4den, Touristenattraktionen, Markenkooperationen und Veranstaltungen.<\/li>\n<li><b>Passende Sets:<\/b> Option zum Erstellen von \u201cBest Friends\u201d oder passenden Sets auf einer einzigen Karte.<\/li>\n<li><b>Einstellbare Passform:<\/b> Mit verstellbaren Knoten ausgestattet, um einer Vielzahl von Kunden zu passen.<\/li>\n<\/ul>","protected":false},"excerpt":{"rendered":"<ul>\n<li>Entwerfen Sie einzigartige Armb\u00e4nder mit Ihren eigenen Logo-Anh\u00e4ngern.<\/li>\n<li>W\u00e4hlen Sie aus einer Vielzahl von Schnurfarben, Perlen und Stilen.<\/li>\n<li>Ideal f\u00fcr Markenartikel, Souvenirl\u00e4den oder besondere Anl\u00e4sse.<\/li>\n<li>Die Lieferung erfolgt auf individuell bedruckten Tr\u00e4gerkarten f\u00fcr ein verkaufsfertiges Finish.<\/li>\n<\/ul>","protected":false},"featured_media":6680,"comment_status":"closed","ping_status":"closed","template":"","meta":[],"product_brand":[],"product_cat":[122],"product_tag":[],"class_list":{"0":"post-5234","1":"product","2":"type-product","3":"status-publish","4":"has-post-thumbnail","6":"product_cat-promotional-accessories","8":"first","9":"instock","10":"shipping-taxable","11":"product-type-simple"},"_links":{"self":[{"href":"https:\/\/displayproducts.eu\/de\/wp-json\/wp\/v2\/product\/5234","targetHints":{"allow":["GET"]}}],"collection":[{"href":"https:\/\/displayproducts.eu\/de\/wp-json\/wp\/v2\/product"}],"about":[{"href":"https:\/\/displayproducts.eu\/de\/wp-json\/wp\/v2\/types\/product"}],"replies":[{"embeddable":true,"href":"https:\/\/displayproducts.eu\/de\/wp-json\/wp\/v2\/comments?post=5234"}],"wp:featuredmedia":[{"embeddable":true,"href":"https:\/\/displayproducts.eu\/de\/wp-json\/wp\/v2\/media\/6680"}],"wp:attachment":[{"href":"https:\/\/displayproducts.eu\/de\/wp-json\/wp\/v2\/media?parent=5234"}],"wp:term":[{"taxonomy":"product_brand","embeddable":true,"href":"https:\/\/displayproducts.eu\/de\/wp-json\/wp\/v2\/product_brand?post=5234"},{"taxonomy":"product_cat","embeddable":true,"href":"https:\/\/displayproducts.eu\/de\/wp-json\/wp\/v2\/product_cat?post=5234"},{"taxonomy":"product_tag","embeddable":true,"href":"https:\/\/displayproducts.eu\/de\/wp-json\/wp\/v2\/product_tag?post=5234"}],"curies":[{"name":"wp","href":"https:\/\/api.w.org\/{rel}","templated":true}]}}