{"id":5183,"date":"2025-10-20T22:05:04","date_gmt":"2025-10-20T19:05:04","guid":{"rendered":"https:\/\/wristbandfactory.eu\/?post_type=product&#038;p=5183"},"modified":"2026-04-01T21:52:35","modified_gmt":"2026-04-01T18:52:35","slug":"reusable-event-cups-solid-frosted-finish-550ml","status":"publish","type":"product","link":"https:\/\/displayproducts.eu\/de\/p\/reusable-event-cups-solid-frosted-finish-550ml\/","title":{"rendered":"Wiederverwendbare Eventbecher (glatt &amp; mattiert) 550 ml"},"content":{"rendered":"<p data-path-to-node=\"8\">Werten Sie die Optik Ihrer Veranstaltung mit unseren wiederverwendbaren 550-ml-Bechern auf, erh\u00e4ltlich in drei exklusiven Premium-Ausf\u00fchrungen. Dieser Becher ist die perfekte L\u00f6sung f\u00fcr Veranstalter, Unternehmen und Veranstaltungsorte, die mehr als nur ein Logo f\u00fcr ihr Branding ben\u00f6tigen.<\/p>\n<p data-path-to-node=\"9\">W\u00e4hlen Sie die Ausf\u00fchrung, die am besten zu Ihrer Markenidentit\u00e4t passt:<\/p>\n<ul data-path-to-node=\"10\">\n<li>\n<p data-path-to-node=\"10,0,0\"><b>Reinwei\u00df:<\/b> Bietet eine klare, klassische und gut sichtbare Fl\u00e4che f\u00fcr Ihr Branding.<\/p>\n<\/li>\n<li>\n<p data-path-to-node=\"10,1,0\"><b>Komplett schwarz:<\/b> Bietet einen hochwertigen, kontrastreichen Look, ideal f\u00fcr VIP-Veranstaltungen und anspruchsvolles Branding.<\/p>\n<\/li>\n<li>\n<p data-path-to-node=\"10,2,0\"><b>Transparent mattiert:<\/b> Sorgt f\u00fcr ein modernes, elegantes und stilvolles Erscheinungsbild.<\/p>\n<\/li>\n<\/ul>\n<p data-path-to-node=\"11\">Diese Becher aus robustem, widerstandsf\u00e4higem und leichtem Polypropylen (PP) sind f\u00fcr den wiederholten Einsatz auf Festivals, Konzerten und Firmenveranstaltungen konzipiert. Sie sind leicht zu reinigen und stellen eine nachhaltige Alternative zu Einwegbechern dar.<\/p>\n<p data-path-to-node=\"12\">Mit ihrem gro\u00dfen Fassungsverm\u00f6gen von 550 ml eignet sich diese Tasse ideal f\u00fcr alle Arten von Getr\u00e4nken, und die gro\u00dfe Oberfl\u00e4che bietet eine hervorragende Fl\u00e4che f\u00fcr Ihren individuellen Aufdruck. Sie reduziert nicht nur Abfall, sondern dient auch als Souvenir zum Mitnehmen und verl\u00e4ngert so die Markenpr\u00e4senz weit \u00fcber die Veranstaltung hinaus.<\/p>\n<p data-path-to-node=\"13\"><b>Hauptmerkmale:<\/b><\/p>\n<ul data-path-to-node=\"14\">\n<li>\n<p data-path-to-node=\"14,0,0\"><b>Premium-Ausstattungsoptionen:<\/b> Erh\u00e4ltlich in den Ausf\u00fchrungen Wei\u00df, Schwarz oder Transparent Mattiert.<\/p>\n<\/li>\n<li>\n<p data-path-to-node=\"14,1,0\"><b>Gro\u00dfes Fassungsverm\u00f6gen von 550 ml:<\/b> Ideale, vielseitige Gr\u00f6\u00dfe f\u00fcr Festivals, Stadien und Konferenzen.<\/p>\n<\/li>\n<li>\n<p data-path-to-node=\"14,2,0\"><b>Langlebiges PP-Material:<\/b> Robustes, leichtes und bruchfestes Polypropylen, das f\u00fcr die Wiederverwendung konzipiert ist.<\/p>\n<\/li>\n<li>\n<p data-path-to-node=\"14,3,0\"><b>Nachhaltige L\u00f6sung:<\/b> Eine wiederverwendbare und waschbare Alternative zu Einwegbechern f\u00fcr Veranstaltungen.<\/p>\n<\/li>\n<li>\n<p data-path-to-node=\"14,4,0\"><b>Gro\u00dfe Brandingfl\u00e4che:<\/b> Gro\u00dfz\u00fcgiger Platz f\u00fcr individuelle Bedruckung, aufgewertet durch die einzigartige Oberfl\u00e4chenveredelung.<\/p>\n<\/li>\n<\/ul>","protected":false},"excerpt":{"rendered":"<ul>\n<li>\n<p data-path-to-node=\"7,0,0\">W\u00e4hlen Sie Ihre Ausf\u00fchrung: Erh\u00e4ltlich in Wei\u00df, Schwarz oder einer transparenten, mattierten Ausf\u00fchrung.<\/p>\n<\/li>\n<li>\n<p data-path-to-node=\"7,1,0\">Ideal f\u00fcr hochwertiges Branding bei Firmenveranstaltungen, Festivals und in Stadien.<\/p>\n<\/li>\n<li>\n<p data-path-to-node=\"7,2,0\">Strapazierf\u00e4higes, leichtes und unbedruckt zu reinigendes wiederverwendbares PP-Material.<\/p>\n<\/li>\n<li>\n<p data-path-to-node=\"7,3,0\">Gro\u00dfes Fassungsverm\u00f6gen von 550 ml f\u00fcr die Zubereitung einer breiten Palette von Getr\u00e4nken.<\/p>\n<\/li>\n<li><\/li>\n<\/ul>","protected":false},"featured_media":6624,"comment_status":"closed","ping_status":"closed","template":"","meta":[],"product_brand":[],"product_cat":[111],"product_tag":[],"class_list":{"0":"post-5183","1":"product","2":"type-product","3":"status-publish","4":"has-post-thumbnail","6":"product_cat-reusable-event-cups","8":"first","9":"instock","10":"shipping-taxable","11":"purchasable","12":"product-type-simple"},"_links":{"self":[{"href":"https:\/\/displayproducts.eu\/de\/wp-json\/wp\/v2\/product\/5183","targetHints":{"allow":["GET"]}}],"collection":[{"href":"https:\/\/displayproducts.eu\/de\/wp-json\/wp\/v2\/product"}],"about":[{"href":"https:\/\/displayproducts.eu\/de\/wp-json\/wp\/v2\/types\/product"}],"replies":[{"embeddable":true,"href":"https:\/\/displayproducts.eu\/de\/wp-json\/wp\/v2\/comments?post=5183"}],"wp:featuredmedia":[{"embeddable":true,"href":"https:\/\/displayproducts.eu\/de\/wp-json\/wp\/v2\/media\/6624"}],"wp:attachment":[{"href":"https:\/\/displayproducts.eu\/de\/wp-json\/wp\/v2\/media?parent=5183"}],"wp:term":[{"taxonomy":"product_brand","embeddable":true,"href":"https:\/\/displayproducts.eu\/de\/wp-json\/wp\/v2\/product_brand?post=5183"},{"taxonomy":"product_cat","embeddable":true,"href":"https:\/\/displayproducts.eu\/de\/wp-json\/wp\/v2\/product_cat?post=5183"},{"taxonomy":"product_tag","embeddable":true,"href":"https:\/\/displayproducts.eu\/de\/wp-json\/wp\/v2\/product_tag?post=5183"}],"curies":[{"name":"wp","href":"https:\/\/api.w.org\/{rel}","templated":true}]}}