{"id":4277,"date":"2025-06-05T15:54:38","date_gmt":"2025-06-05T12:54:38","guid":{"rendered":"https:\/\/wristbandfactory.eu\/?post_type=product&#038;p=4277"},"modified":"2026-04-01T21:52:35","modified_gmt":"2026-04-01T18:52:35","slug":"extra-large-reusable-event-cups-900ml","status":"publish","type":"product","link":"https:\/\/displayproducts.eu\/de\/p\/extra-large-reusable-event-cups-900ml\/","title":{"rendered":"Extra gro\u00dfe, wiederverwendbare Eventbecher (900 ml)"},"content":{"rendered":"<p data-path-to-node=\"8\">Wenn ein Standardbecher nicht ausreicht, ist unser extra gro\u00dfer, wiederverwendbarer Eventbecher mit 900 ml Fassungsverm\u00f6gen die ideale L\u00f6sung. Er wurde speziell f\u00fcr Veranstaltungsorte entwickelt, an denen gro\u00dfe Getr\u00e4nkemengen und seltenes Nachf\u00fcllen wichtig sind, und eignet sich perfekt f\u00fcr Sportarenen, gut besuchte Open-Air-Festivals und Gesundheitskampagnen.<\/p>\n<p data-path-to-node=\"9\">Durch das deutlich gr\u00f6\u00dfere Fassungsverm\u00f6gen im Vergleich zu Standardbechern mit 500 ml verbessert das 900-ml-Modell von Malsuk die Serviceeffizienz und erh\u00f6ht den Benutzerkomfort.<\/p>\n<p data-path-to-node=\"10\">Dieser Becher aus flexiblem und robustem PP-Kunststoff (Polypropylen) ist f\u00fcr den langfristigen und zuverl\u00e4ssigen Gebrauch konzipiert. Er ist BPA-frei zertifiziert und zeichnet sich durch eine saubere, halbtransparente Oberfl\u00e4che aus.<\/p>\n<p data-path-to-node=\"11\">Das extra gro\u00dfe Fassungsverm\u00f6gen bietet auch eine besonders gro\u00dfe Werbefl\u00e4che. Der Becher verf\u00fcgt \u00fcber eine riesige Druckfl\u00e4che von 270 x 70 mm, auf der Ihr Logo oder Ihre Kampagnenbotschaft im einfarbigen Siebdruck prominent pr\u00e4sentiert werden kann.<\/p>\n<p data-path-to-node=\"12\"><b>Hauptmerkmale:<\/b><\/p>\n<ul data-path-to-node=\"13\">\n<li>\n<p data-path-to-node=\"13,0,0\"><b>Extra gro\u00dfes Fassungsverm\u00f6gen von 900 ml:<\/b> Ideal zum Servieren gr\u00f6\u00dferer Getr\u00e4nke und zur Minimierung von Nachf\u00fcllungen bei Veranstaltungen mit hohem Besucheraufkommen.<\/p>\n<\/li>\n<li>\n<p data-path-to-node=\"13,1,0\"><b>Strapazierf\u00e4higes und flexibles Material:<\/b> Hergestellt aus langlebigem, wiederverwendbarem PP-Kunststoff.<\/p>\n<\/li>\n<li>\n<p data-path-to-node=\"13,2,0\"><b>Gesundheitssicher:<\/b> Zertifiziert 100% BPA-frei.<\/p>\n<\/li>\n<li>\n<p data-path-to-node=\"13,3,0\"><b>Halbtransparente Oberfl\u00e4che:<\/b> Bietet ein klares, modernes Erscheinungsbild und h\u00e4lt gleichzeitig den Inhalt sichtbar.<\/p>\n<\/li>\n<li>\n<p data-path-to-node=\"13,4,0\"><b>Riesiger Druckbereich:<\/b> Bietet eine Fl\u00e4che von 270 x 70 mm f\u00fcr farbintensiven 1-Farben-Siebdruck.<\/p>\n<\/li>\n<\/ul>","protected":false},"excerpt":{"rendered":"<ul data-path-to-node=\"7\">\n<li>\n<p data-path-to-node=\"7,0,0\">Das extra gro\u00dfe Fassungsverm\u00f6gen von 900 ml reduziert die Nachf\u00fcllh\u00e4ufigkeit in gro\u00dfen Veranstaltungsorten.<\/p>\n<\/li>\n<li>\n<p data-path-to-node=\"7,1,0\">Hergestellt aus flexiblem, strapazierf\u00e4higem und BPA-freiem PP-Kunststoff.<\/p>\n<\/li>\n<li>\n<p data-path-to-node=\"7,2,0\">Verf\u00fcgt \u00fcber eine saubere, halbtransparente Oberfl\u00e4che.<\/p>\n<\/li>\n<li>\n<p data-path-to-node=\"7,3,0\">Riesige Druckfl\u00e4che von 270 x 70 mm f\u00fcr einfarbigen Siebdruck.<\/p>\n<\/li>\n<\/ul>","protected":false},"featured_media":6493,"comment_status":"closed","ping_status":"closed","template":"","meta":[],"product_brand":[],"product_cat":[111],"product_tag":[],"class_list":{"0":"post-4277","1":"product","2":"type-product","3":"status-publish","4":"has-post-thumbnail","6":"product_cat-reusable-event-cups","8":"first","9":"instock","10":"shipping-taxable","11":"purchasable","12":"product-type-simple"},"_links":{"self":[{"href":"https:\/\/displayproducts.eu\/de\/wp-json\/wp\/v2\/product\/4277","targetHints":{"allow":["GET"]}}],"collection":[{"href":"https:\/\/displayproducts.eu\/de\/wp-json\/wp\/v2\/product"}],"about":[{"href":"https:\/\/displayproducts.eu\/de\/wp-json\/wp\/v2\/types\/product"}],"replies":[{"embeddable":true,"href":"https:\/\/displayproducts.eu\/de\/wp-json\/wp\/v2\/comments?post=4277"}],"wp:featuredmedia":[{"embeddable":true,"href":"https:\/\/displayproducts.eu\/de\/wp-json\/wp\/v2\/media\/6493"}],"wp:attachment":[{"href":"https:\/\/displayproducts.eu\/de\/wp-json\/wp\/v2\/media?parent=4277"}],"wp:term":[{"taxonomy":"product_brand","embeddable":true,"href":"https:\/\/displayproducts.eu\/de\/wp-json\/wp\/v2\/product_brand?post=4277"},{"taxonomy":"product_cat","embeddable":true,"href":"https:\/\/displayproducts.eu\/de\/wp-json\/wp\/v2\/product_cat?post=4277"},{"taxonomy":"product_tag","embeddable":true,"href":"https:\/\/displayproducts.eu\/de\/wp-json\/wp\/v2\/product_tag?post=4277"}],"curies":[{"name":"wp","href":"https:\/\/api.w.org\/{rel}","templated":true}]}}