{"id":4271,"date":"2025-06-05T15:43:08","date_gmt":"2025-06-05T12:43:08","guid":{"rendered":"https:\/\/wristbandfactory.eu\/?post_type=product&#038;p=4271"},"modified":"2026-04-01T21:52:35","modified_gmt":"2026-04-01T18:52:35","slug":"reusable-event-cups-600ml","status":"publish","type":"product","link":"https:\/\/displayproducts.eu\/de\/p\/reusable-event-cups-600ml\/","title":{"rendered":"Wiederverwendbare Eventbecher (600 ml)"},"content":{"rendered":"<p data-path-to-node=\"8\">\u00dcbertreffen Sie die Standardgr\u00f6\u00dfe von 500 ml mit unserem wiederverwendbaren 600-ml-Eventbecher. Dieser Becher wurde speziell f\u00fcr stark frequentierte Umgebungen wie Festivals, Sportst\u00e4tten und Gro\u00dfkonzerte entwickelt, wo die Reduzierung der Nachf\u00fcllh\u00e4ufigkeit entscheidend f\u00fcr einen schnelleren Service und h\u00f6here Besucherzufriedenheit ist.<\/p>\n<p data-path-to-node=\"9\">Dieser Becher aus flexiblem und dennoch robustem PP-Kunststoff (Polypropylen) besticht durch seine klare, halbtransparente Oberfl\u00e4che, die sich ideal f\u00fcr jedes Branding eignet. Sein gr\u00f6\u00dferes Volumen bietet zus\u00e4tzlichen Komfort f\u00fcr Besucher von stark frequentierten Open-Air-Veranstaltungen.<\/p>\n<p data-path-to-node=\"10\">Dieser Becher ist nicht nur praktisch, sondern auch ein hervorragendes Werbemittel. Er bietet eine gro\u00dfz\u00fcgige, 220 x 70 mm gro\u00dfe, umlaufende Druckfl\u00e4che f\u00fcr Ihr Firmenlogo oder Ihre Kampagnenbotschaft, die im langlebigen, einfarbigen Siebdruckverfahren aufgebracht werden kann. Das Material ist BPA-frei zertifiziert und garantiert somit eine sichere und hochwertige L\u00f6sung f\u00fcr Ihre Veranstaltung.<\/p>\n<p data-path-to-node=\"11\"><b>Hauptmerkmale:<\/b><\/p>\n<ul data-path-to-node=\"12\">\n<li>\n<p data-path-to-node=\"12,0,0\"><b>\u00dcberdurchschnittliches Fassungsverm\u00f6gen von 600 ml:<\/b> Bietet ein gr\u00f6\u00dferes Volumen, um die Nachf\u00fcllh\u00e4ufigkeit in stark frequentierten Lokalen zu reduzieren.<\/p>\n<\/li>\n<li>\n<p data-path-to-node=\"12,1,0\"><b>Strapazierf\u00e4higes und flexibles Material:<\/b> Hergestellt aus wiederverwendbarem, BPA-freiem PP-Kunststoff.<\/p>\n<\/li>\n<li>\n<p data-path-to-node=\"12,2,0\"><b>Halbtransparente Oberfl\u00e4che:<\/b> Bietet eine saubere, moderne Grundlage f\u00fcr Ihr Branding.<\/p>\n<\/li>\n<li>\n<p data-path-to-node=\"12,3,0\"><b>Gro\u00dfdruckbereich:<\/b> Verf\u00fcgt \u00fcber eine Fl\u00e4che von 220 x 70 mm f\u00fcr einfarbigen Siebdruck.<\/p>\n<\/li>\n<li>\n<p data-path-to-node=\"12,4,0\"><b>Umweltfreundliche L\u00f6sung:<\/b> Eine wiederverwendbare Alternative zu Einwegkunststoffen, ideal f\u00fcr den gro\u00dffl\u00e4chigen Vertrieb.<\/p>\n<\/li>\n<\/ul>\n<p data-path-to-node=\"13\">","protected":false},"excerpt":{"rendered":"<ul>\n<li>\n<p data-path-to-node=\"7,0,0\">Verf\u00fcgt \u00fcber ein \u00fcberdurchschnittliches Fassungsverm\u00f6gen von 600 ml, um die H\u00e4ufigkeit des Nachf\u00fcllens zu reduzieren.<\/p>\n<\/li>\n<li>\n<p data-path-to-node=\"7,1,0\">Hergestellt aus flexiblem, strapazierf\u00e4higem und BPA-freiem PP-Kunststoff.<\/p>\n<\/li>\n<li>\n<p data-path-to-node=\"7,2,0\">Die moderne, halbtransparente Oberfl\u00e4che sorgt f\u00fcr ein sauberes Erscheinungsbild.<\/p>\n<\/li>\n<li>\n<p data-path-to-node=\"7,3,0\">Gro\u00dfe Druckfl\u00e4che von 220 x 70 mm f\u00fcr einfarbigen Siebdruck.<\/p>\n<\/li>\n<\/ul>","protected":false},"featured_media":6621,"comment_status":"closed","ping_status":"closed","template":"","meta":[],"product_brand":[],"product_cat":[111],"product_tag":[],"class_list":{"0":"post-4271","1":"product","2":"type-product","3":"status-publish","4":"has-post-thumbnail","6":"product_cat-reusable-event-cups","8":"first","9":"instock","10":"shipping-taxable","11":"purchasable","12":"product-type-simple"},"_links":{"self":[{"href":"https:\/\/displayproducts.eu\/de\/wp-json\/wp\/v2\/product\/4271","targetHints":{"allow":["GET"]}}],"collection":[{"href":"https:\/\/displayproducts.eu\/de\/wp-json\/wp\/v2\/product"}],"about":[{"href":"https:\/\/displayproducts.eu\/de\/wp-json\/wp\/v2\/types\/product"}],"replies":[{"embeddable":true,"href":"https:\/\/displayproducts.eu\/de\/wp-json\/wp\/v2\/comments?post=4271"}],"wp:featuredmedia":[{"embeddable":true,"href":"https:\/\/displayproducts.eu\/de\/wp-json\/wp\/v2\/media\/6621"}],"wp:attachment":[{"href":"https:\/\/displayproducts.eu\/de\/wp-json\/wp\/v2\/media?parent=4271"}],"wp:term":[{"taxonomy":"product_brand","embeddable":true,"href":"https:\/\/displayproducts.eu\/de\/wp-json\/wp\/v2\/product_brand?post=4271"},{"taxonomy":"product_cat","embeddable":true,"href":"https:\/\/displayproducts.eu\/de\/wp-json\/wp\/v2\/product_cat?post=4271"},{"taxonomy":"product_tag","embeddable":true,"href":"https:\/\/displayproducts.eu\/de\/wp-json\/wp\/v2\/product_tag?post=4271"}],"curies":[{"name":"wp","href":"https:\/\/api.w.org\/{rel}","templated":true}]}}