{"id":4241,"date":"2025-06-05T15:07:14","date_gmt":"2025-06-05T12:07:14","guid":{"rendered":"https:\/\/wristbandfactory.eu\/?post_type=product&#038;p=4241"},"modified":"2026-04-01T21:52:36","modified_gmt":"2026-04-01T18:52:36","slug":"reusable-event-cups-with-lanyard-hook-500ml","status":"publish","type":"product","link":"https:\/\/displayproducts.eu\/de\/p\/reusable-event-cups-with-lanyard-hook-500ml\/","title":{"rendered":"Wiederverwendbare Eventbecher mit Lanyard-Haken (500 ml)"},"content":{"rendered":"<p data-path-to-node=\"6\">Bieten Sie auf Ihrem n\u00e4chsten Festival, Ihrer n\u00e4chsten Messe oder Ihrer n\u00e4chsten Outdoor-Veranstaltung maximalen Komfort mit unseren wiederverwendbaren Eventbechern mit integriertem Lanyard-Haken. Dieser 500-ml-Becher ist die perfekte L\u00f6sung f\u00fcr Besucher und erm\u00f6glicht freih\u00e4ndiges Arbeiten beim Wechsel zwischen St\u00e4nden, beim Networking oder bei der Nutzung von Sanit\u00e4ranlagen.<\/p>\n<p data-path-to-node=\"7\">Der innovative Haken ist mit handels\u00fcblichen Lanyards kompatibel und verbessert so Hygiene und G\u00e4stekomfort deutlich. Er ist eine praktische und intelligente L\u00f6sung f\u00fcr jede Gro\u00dfveranstaltung, bei der die Teilnehmer die H\u00e4nde frei haben m\u00fcssen.<\/p>\n<p data-path-to-node=\"8\">Diese in Spanien hergestellten Becher sind f\u00fcr den wiederholten Gebrauch konzipiert. Sie bestehen aus robustem, leichtem (21 g) und halbtransparentem PP-Kunststoff (100%), der BPA-frei ist. Die Becher sind mikrowellen- und sp\u00fclmaschinenfest und gew\u00e4hrleisten so eine unbedruckte und hygienische Reinigung sowie eine langlebige und nachhaltige Investition f\u00fcr Ihr Unternehmen. Mit einem Fassungsverm\u00f6gen von 500 ml (450 ml Nutzinhalt) eignen sie sich ideal zum Servieren von Standardgetr\u00e4nken und verhindern gleichzeitig das Versch\u00fctten.<\/p>\n<p data-path-to-node=\"9\">Pr\u00e4sentieren Sie Ihre Marke oder Ihre Sponsoren mit einem wirkungsvollen, vollfl\u00e4chigen Rotationssiebdruck. Die gro\u00dfe Druckfl\u00e4che von 200 x 65 mm bietet optimale Sichtbarkeit f\u00fcr Ihr einfarbiges Logo oder Event-Branding.<\/p>\n<p data-path-to-node=\"10\"><b>Hauptmerkmale:<\/b><\/p>\n<ul data-path-to-node=\"11\">\n<li>\n<p data-path-to-node=\"11,0,0\"><b>Integrierter Lanyard-Haken:<\/b> Bietet den Teilnehmern freih\u00e4ndigen Komfort; kompatibel mit Standard-Schl\u00fcsselb\u00e4ndern.<\/p>\n<\/li>\n<li>\n<p data-path-to-node=\"11,1,0\"><b>Langlebiges und sicheres Material:<\/b> Hergestellt in Spanien aus halbtransparentem PP-Kunststoff; 100% BPA-frei.<\/p>\n<\/li>\n<li>\n<p data-path-to-node=\"11,2,0\"><b>Hygienisch &amp; Wiederverwendbar:<\/b> Sp\u00fclmaschinenfest und mikrowellengeeignet f\u00fcr unbedruckte Reinigung und langfristigen Einsatz bei Veranstaltungen.<\/p>\n<\/li>\n<li>\n<p data-path-to-node=\"11,3,0\"><b>Leicht und robust:<\/b> Wiegt nur 21 Gramm und ist daher ideal f\u00fcr den gro\u00dffl\u00e4chigen Vertrieb geeignet.<\/p>\n<\/li>\n<li>\n<p data-path-to-node=\"11,4,0\"><b>Gro\u00dfdruckbereich:<\/b> Bietet eine 200 x 65 mm gro\u00dfe, umlaufende Fl\u00e4che f\u00fcr den einfarbigen Rotationssiebdruck.<\/p>\n<\/li>\n<li>\n<p data-path-to-node=\"11,5,0\"><b>Praktische Kapazit\u00e4t:<\/b> Das Gesamtvolumen von 500 ml (450 ml nutzbar) ist so ausgelegt, dass ein \u00dcberlaufen verhindert wird.<\/p>\n<\/li>\n<\/ul>","protected":false},"excerpt":{"rendered":"<ul>\n<li>\n<p data-path-to-node=\"5,0,0\">Verf\u00fcgt \u00fcber einen integrierten Haken f\u00fcr Umh\u00e4ngeb\u00e4nder \u2013 ideal f\u00fcr die freih\u00e4ndige Nutzung.<\/p>\n<\/li>\n<li>\n<p data-path-to-node=\"5,1,0\">Strapazierf\u00e4higer, leichter (21 g) und halbtransparenter PP-Kunststoff (BPA-frei).<\/p>\n<\/li>\n<li>\n<p data-path-to-node=\"5,2,0\">Sp\u00fclmaschinenfest und mikrowellengeeignet f\u00fcr hygienische, langfristige Wiederverwendung.<\/p>\n<\/li>\n<li>\n<p data-path-to-node=\"5,3,0\">Gro\u00dfe Druckfl\u00e4che von 200 x 65 mm f\u00fcr einfarbigen Rotationssiebdruck.<\/p>\n<\/li>\n<\/ul>","protected":false},"featured_media":6628,"comment_status":"closed","ping_status":"closed","template":"","meta":[],"product_brand":[],"product_cat":[111],"product_tag":[],"class_list":{"0":"post-4241","1":"product","2":"type-product","3":"status-publish","4":"has-post-thumbnail","6":"product_cat-reusable-event-cups","8":"first","9":"instock","10":"shipping-taxable","11":"purchasable","12":"product-type-simple"},"_links":{"self":[{"href":"https:\/\/displayproducts.eu\/de\/wp-json\/wp\/v2\/product\/4241","targetHints":{"allow":["GET"]}}],"collection":[{"href":"https:\/\/displayproducts.eu\/de\/wp-json\/wp\/v2\/product"}],"about":[{"href":"https:\/\/displayproducts.eu\/de\/wp-json\/wp\/v2\/types\/product"}],"replies":[{"embeddable":true,"href":"https:\/\/displayproducts.eu\/de\/wp-json\/wp\/v2\/comments?post=4241"}],"wp:featuredmedia":[{"embeddable":true,"href":"https:\/\/displayproducts.eu\/de\/wp-json\/wp\/v2\/media\/6628"}],"wp:attachment":[{"href":"https:\/\/displayproducts.eu\/de\/wp-json\/wp\/v2\/media?parent=4241"}],"wp:term":[{"taxonomy":"product_brand","embeddable":true,"href":"https:\/\/displayproducts.eu\/de\/wp-json\/wp\/v2\/product_brand?post=4241"},{"taxonomy":"product_cat","embeddable":true,"href":"https:\/\/displayproducts.eu\/de\/wp-json\/wp\/v2\/product_cat?post=4241"},{"taxonomy":"product_tag","embeddable":true,"href":"https:\/\/displayproducts.eu\/de\/wp-json\/wp\/v2\/product_tag?post=4241"}],"curies":[{"name":"wp","href":"https:\/\/api.w.org\/{rel}","templated":true}]}}