{"id":4229,"date":"2025-06-05T14:14:57","date_gmt":"2025-06-05T11:14:57","guid":{"rendered":"https:\/\/wristbandfactory.eu\/?post_type=product&#038;p=4229"},"modified":"2026-04-01T21:52:36","modified_gmt":"2026-04-01T18:52:36","slug":"digital-printed-reusable-cups-360-wrap","status":"publish","type":"product","link":"https:\/\/displayproducts.eu\/de\/p\/digital-printed-reusable-cups-360-wrap\/","title":{"rendered":"Digital bedruckte Mehrwegbecher (360\u00b0-Rundumrandung)"},"content":{"rendered":"<p data-path-to-node=\"11\">Maximieren Sie die Wirkung Ihrer Marke mit unseren digital bedruckten Mehrwegbechern. Dieser 500-ml-Becher ist eine Premium-Branding-L\u00f6sung mit fortschrittlichem 360\u00b0-Rundumdruck, der komplexe, farbintensive Designs und Sponsorenlogos optimal zur Geltung bringt.<\/p>\n<p data-path-to-node=\"12\">Dieser Becher wird aus robustem, hochwertigem PP-Kunststoff mit einer eleganten, halbtransparenten, matten Oberfl\u00e4che hergestellt und ist die perfekte Wahl f\u00fcr gehobene Firmenveranstaltungen, Produkteinf\u00fchrungen und Festivals, bei denen die Markenpr\u00e4sentation von entscheidender Bedeutung ist.<\/p>\n<p data-path-to-node=\"13\">Obwohl die Spezialit\u00e4t des Produkts der ausdrucksstarke Digitaldruck ist, bietet dieser vielseitige Becher eine breite Palette an Individualisierungsm\u00f6glichkeiten f\u00fcr jedes Budget, darunter einfarbiger Rundum-Siebdruck und pr\u00e4ziser Tampondruck an mehreren Stellen f\u00fcr kleinere Logos.<\/p>\n<p data-path-to-node=\"14\">Als stapelbare, leichte und umweltbewusste L\u00f6sung aus europ\u00e4ischer Produktion reduziert sie nicht nur Plastikm\u00fcll, sondern dient auch als hochwertiges, einpr\u00e4gsames Souvenir, das Ihre Marke wirkungsvoll repr\u00e4sentiert.<\/p>\n<p data-path-to-node=\"15\"><b>Hauptmerkmale:<\/b><\/p>\n<ul data-path-to-node=\"16\">\n<li>\n<p data-path-to-node=\"16,0,0\"><b>Hochwertiger 360\u00b0-Digitaldruck:<\/b> Bietet nahtlosen Rundumdruck (270 x 116 mm) f\u00fcr komplexe, vollfarbige Grafiken.<\/p>\n<\/li>\n<li>\n<p data-path-to-node=\"16,1,0\"><b>Vielseitige Druckoptionen:<\/b> Unterst\u00fctzt au\u00dferdem einfarbigen Siebdruck und Tampondruck an mehreren Positionen f\u00fcr unbedrucktere Branding-Anforderungen.<\/p>\n<\/li>\n<li>\n<p data-path-to-node=\"16,2,0\"><b>Robuster 500-ml-Becher:<\/b> Hergestellt aus hochwertigem, wiederverwendbarem PP-Kunststoff, ideal f\u00fcr den Getr\u00e4nkeservice.<\/p>\n<\/li>\n<li>\n<p data-path-to-node=\"16,3,0\"><b>Elegante matte Oberfl\u00e4che:<\/b> Verf\u00fcgt \u00fcber ein modernes, halbtransparentes, mattes Finish, das die Markenoptik aufwertet.<\/p>\n<\/li>\n<li>\n<p data-path-to-node=\"16,4,0\"><b>Europ\u00e4ische Produktion:<\/b> Gew\u00e4hrleistet die Einhaltung hoher Sicherheits- und Qualit\u00e4tsstandards.<\/p>\n<\/li>\n<\/ul>","protected":false},"excerpt":{"rendered":"<ul data-path-to-node=\"10\">\n<li>\n<p data-path-to-node=\"10,0,0\">Hochwertiger 360\u00b0-Rundum-Digitaldruck f\u00fcr fotorealistische, komplexe Designs.<\/p>\n<\/li>\n<li>\n<p data-path-to-node=\"10,1,0\">Strapazierf\u00e4higer, wiederverwendbarer 500-ml-Beh\u00e4lter aus PP-Kunststoff mit moderner, halbtransparenter, matter Oberfl\u00e4che.<\/p>\n<\/li>\n<li>\n<p data-path-to-node=\"10,2,0\">Es stehen verschiedene Drucktechniken zur Verf\u00fcgung, vom vollfl\u00e4chigen Digitaldruck bis zum einfarbigen Sieb- oder Tampondruck.<\/p>\n<\/li>\n<li>\n<p data-path-to-node=\"10,3,0\">Hergestellt in Europa, was h\u00f6chste Qualit\u00e4ts- und Sicherheitsstandards gew\u00e4hrleistet.<\/p>\n<\/li>\n<\/ul>","protected":false},"featured_media":6494,"comment_status":"closed","ping_status":"closed","template":"","meta":[],"product_brand":[],"product_cat":[111],"product_tag":[],"class_list":{"0":"post-4229","1":"product","2":"type-product","3":"status-publish","4":"has-post-thumbnail","6":"product_cat-reusable-event-cups","8":"first","9":"instock","10":"shipping-taxable","11":"purchasable","12":"product-type-simple"},"_links":{"self":[{"href":"https:\/\/displayproducts.eu\/de\/wp-json\/wp\/v2\/product\/4229","targetHints":{"allow":["GET"]}}],"collection":[{"href":"https:\/\/displayproducts.eu\/de\/wp-json\/wp\/v2\/product"}],"about":[{"href":"https:\/\/displayproducts.eu\/de\/wp-json\/wp\/v2\/types\/product"}],"replies":[{"embeddable":true,"href":"https:\/\/displayproducts.eu\/de\/wp-json\/wp\/v2\/comments?post=4229"}],"wp:featuredmedia":[{"embeddable":true,"href":"https:\/\/displayproducts.eu\/de\/wp-json\/wp\/v2\/media\/6494"}],"wp:attachment":[{"href":"https:\/\/displayproducts.eu\/de\/wp-json\/wp\/v2\/media?parent=4229"}],"wp:term":[{"taxonomy":"product_brand","embeddable":true,"href":"https:\/\/displayproducts.eu\/de\/wp-json\/wp\/v2\/product_brand?post=4229"},{"taxonomy":"product_cat","embeddable":true,"href":"https:\/\/displayproducts.eu\/de\/wp-json\/wp\/v2\/product_cat?post=4229"},{"taxonomy":"product_tag","embeddable":true,"href":"https:\/\/displayproducts.eu\/de\/wp-json\/wp\/v2\/product_tag?post=4229"}],"curies":[{"name":"wp","href":"https:\/\/api.w.org\/{rel}","templated":true}]}}