{"id":4159,"date":"2025-06-04T23:53:14","date_gmt":"2025-06-04T20:53:14","guid":{"rendered":"https:\/\/wristbandfactory.eu\/?post_type=product&#038;p=4159"},"modified":"2026-04-01T21:52:04","modified_gmt":"2026-04-01T18:52:04","slug":"iml-printed-reusable-event-cups-bpa-free","status":"publish","type":"product","link":"https:\/\/displayproducts.eu\/de\/p\/iml-printed-reusable-event-cups-bpa-free\/","title":{"rendered":"Bedruckte IML Mehrwegbecher"},"content":{"rendered":"<p data-path-to-node=\"8\"><span class=\"citation-103 citation-end-103\">Steigern Sie Ihre Markenbekanntheit und Ihre Nachhaltigkeitsziele mit unseren hochwertigen, wiederverwendbaren Eventbechern mit hochaufl\u00f6sendem, vollfarbigem IML-Druck. <\/span><span class=\"citation-102 citation-end-102\">Dies ist die ultimative L\u00f6sung f\u00fcr Festivals, Stadien und Unternehmen, die ein wirkungsvolles und umweltfreundliches Branding-Tool suchen. <\/span><span class=\"citation-101 citation-end-101\">Diese Technologie verwandelt eine unbedruckte Tasse in ein wirkungsvolles, fotorealistisches Werbegeschenk, das die Teilnehmer gerne behalten werden. <\/span><\/p>\n<p data-path-to-node=\"9\">Wir sind auf zwei hochwertige, hauseigene Drucktechnologien spezialisiert, die den Bed\u00fcrfnissen Ihrer Marke gerecht werden:<\/p>\n<ol start=\"1\" data-path-to-node=\"10\">\n<li>\n<p data-path-to-node=\"10,0,1\"><b><span class=\"citation-100\">IML-Druck (In-Mould Labelling):<\/span><\/b><span class=\"citation-100 citation-end-100\"> Unsere Spitzenklasse bietet atemberaubende, fotorealistische Grafiken, die sich um den gesamten Becher erstrecken. <\/span><span class=\"citation-99 citation-end-99\">Diese einzigartige Technologie erweckt komplexe, farbenpr\u00e4chtige Designs mit au\u00dfergew\u00f6hnlicher Detailgenauigkeit zum Leben. <\/span><span class=\"citation-98 citation-end-98\">Wir bieten Ihnen die Wahl zwischen einer eleganten matten oder einer klassischen transparenten Oberfl\u00e4che, um die perfekte Leinwand f\u00fcr Ihre Marke zu schaffen. <\/span> (Mindestbestellmenge: 1.000 St\u00fcck)<span class=\"citation-97 citation-end-97\">. <\/span><\/p>\n<\/li>\n<li>\n<p data-path-to-node=\"10,1,1\"><b><span class=\"citation-96\">Rotationssiebdruck:<\/span><\/b><span class=\"citation-96 citation-end-96\"> Eine \u00e4u\u00dferst langlebige und kosteng\u00fcnstige L\u00f6sung, die sich perfekt f\u00fcr vektorbasierte Logos und unbedrucktere Designs eignet. <\/span> Dieses Verfahren erm\u00f6glicht einen hochwertigen und langlebigen Druck auf transparenten oder farbigen Bechern. (Mindestbestellmenge: 250 St\u00fcck)<span class=\"citation-95 citation-end-95\">. <\/span><\/p>\n<\/li>\n<\/ol>\n<p data-path-to-node=\"11\">Abgesehen vom Branding stellen diese Becher eine sinnvolle Investition in den Betrieb dar. <span class=\"citation-94 citation-end-94\">Die Produkte werden in Europa hergestellt und sind als gesundheitlich unbedenklich, BPA-frei (100%), lebensmittelecht und recycelbar (100%) zertifiziert. <\/span><span class=\"citation-93 citation-end-93\">Viele unserer IML-Modelle (wie die Nicknack-Serie) verf\u00fcgen \u00fcber eine metrologisch gepr\u00fcfte Messskala f\u00fcr einen pr\u00e4zisen und professionellen Getr\u00e4nkeservice. <\/span><\/p>\n<p data-path-to-node=\"12\"><span class=\"citation-92 citation-end-92\">Die robuste Konstruktion aus PP-Kunststoff ist auf Langlebigkeit ausgelegt. <\/span> und ist vollst\u00e4ndig sp\u00fclmaschinenfest. (F\u00fcr eine maximale Haltbarkeit des Drucks bei IML-Designs wird Handw\u00e4sche empfohlen.)<span class=\"citation-91 citation-end-91\">. <\/span><span class=\"citation-90 citation-end-90\">Erh\u00e4ltlich in verschiedenen Gr\u00f6\u00dfen, darunter 330 ml und 500 ml, sind sie eine praktische, stapelbare und platzsparende L\u00f6sung f\u00fcr jeden Veranstaltungsort. <\/span><\/p>\n<p data-path-to-node=\"13\">Sie sind die ideale nachhaltige Wahl f\u00fcr:<\/p>\n<ul data-path-to-node=\"14\">\n<li>\n<p data-path-to-node=\"14,0,0\"><span class=\"citation-89 citation-end-89\">Festivals, Konzerte und Clubs <\/span><\/p>\n<\/li>\n<li>\n<p data-path-to-node=\"14,1,0\"><span class=\"citation-88 citation-end-88\">Sportarenen und Mannschaftsveranstaltungen <\/span><\/p>\n<\/li>\n<li>\n<p data-path-to-node=\"14,2,0\"><span class=\"citation-87 citation-end-87\">Firmenveranstaltungen und Messen <\/span><\/p>\n<\/li>\n<li>\n<p data-path-to-node=\"14,3,0\"><span class=\"citation-86 citation-end-86\">St\u00e4dtische Veranstaltungen, Jahrm\u00e4rkte und M\u00e4rkte <\/span><\/p>\n<\/li>\n<\/ul>\n<p data-path-to-node=\"15\">Kontaktieren Sie uns noch heute, um Ihr IML- oder Siebdruckprojekt zu besprechen und mit Ihren individuell gestalteten Mehrwegbechern einen bleibenden Eindruck zu hinterlassen.<\/p>\n<h3 data-path-to-node=\"16\"><b>Hauptmerkmale:<\/b><\/h3>\n<ul data-path-to-node=\"17\">\n<li>\n<p data-path-to-node=\"17,0,1\"><b><span class=\"citation-85\">Premium-IML-Druck:<\/span><\/b><span class=\"citation-85 citation-end-85\"> Bietet fotorealistisches, vollfl\u00e4chiges Branding auf der gesamten Becheroberfl\u00e4che. <\/span><\/p>\n<\/li>\n<li>\n<p data-path-to-node=\"17,1,1\"><b><span class=\"citation-84\">Individuelle Oberfl\u00e4chenoptionen:<\/span><\/b><span class=\"citation-84 citation-end-84\"> Erh\u00e4ltlich in matter und transparenter Ausf\u00fchrung f\u00fcr IML-Designs. <\/span><\/p>\n<\/li>\n<li>\n<p data-path-to-node=\"17,2,1\"><b><span class=\"citation-83\">Langlebiger Siebdruck:<\/span><\/b><span class=\"citation-83 citation-end-83\"> Eine hochwertige, langlebige Alternative zu vektorbasierten Logos. <\/span><\/p>\n<\/li>\n<li>\n<p data-path-to-node=\"17,3,1\"><b><span class=\"citation-82\">Zertifiziert gesundheitlich unbedenklich:<\/span><\/b><span class=\"citation-82 citation-end-82\"> Hergestellt aus BPA-freiem, lebensmittelechtem und recycelbarem PP-Kunststoff (100%). <\/span><\/p>\n<\/li>\n<li>\n<p data-path-to-node=\"17,4,1\"><b><span class=\"citation-81\">Gepr\u00fcfte Messskala:<\/span><\/b><span class=\"citation-81 citation-end-81\"> Viele Modelle verf\u00fcgen \u00fcber eine geeichte Waage f\u00fcr einen genauen und gleichm\u00e4\u00dfigen Getr\u00e4nkeausschank. <\/span><\/p>\n<\/li>\n<li>\n<p data-path-to-node=\"17,5,1\"><b><span class=\"citation-80\">Mehrere Kapazit\u00e4ten:<\/span><\/b><span class=\"citation-80 citation-end-80\"> Erh\u00e4ltlich in verschiedenen Gr\u00f6\u00dfen (z. B. 330 ml, 500 ml), um Ihren Bed\u00fcrfnissen gerecht zu werden. <\/span><\/p>\n<\/li>\n<li>\n<p data-path-to-node=\"17,6,1\"><b><span class=\"citation-79\">Hochwertige EU-Produktion:<\/span><\/b><span class=\"citation-79 citation-end-79\"> Hergestellt in Europa (z. B. Tschechische Republik) nach hohen Sicherheits- und Qualit\u00e4tsstandards. <\/span><\/p>\n<\/li>\n<\/ul>","protected":false},"excerpt":{"rendered":"<ul>\n<li data-path-to-node=\"7,0,0\"><span class=\"citation-108 citation-end-108\">Hochwertiger, vollfarbiger, fotorealistischer IML-Druck f\u00fcr maximale Markenwirkung. <\/span><\/li>\n<li data-path-to-node=\"7,0,0\"><span class=\"citation-107 citation-end-107\">Erh\u00e4ltlich in verschiedenen Gr\u00f6\u00dfen (z. B. 330 ml, 500 ml) und Ausf\u00fchrungen (matt oder transparent). <\/span><\/li>\n<li data-path-to-node=\"7,0,0\"><span class=\"citation-106 citation-end-106\">Zertifiziert BPA-frei, gesundheitlich unbedenkliches Material <\/span><span class=\"citation-105 citation-end-105\">; Viele Modelle verf\u00fcgen \u00fcber eine gepr\u00fcfte Messskala. <\/span><\/li>\n<li data-path-to-node=\"7,0,0\"><span class=\"citation-104 citation-end-104\">Auch mit langlebigem und kosteng\u00fcnstigem Rotationssiebdruck f\u00fcr unbedrucktere Logos erh\u00e4ltlich. <\/span><\/li>\n<li style=\"list-style-type: none;\"><\/li>\n<\/ul>","protected":false},"featured_media":6517,"comment_status":"closed","ping_status":"closed","template":"","meta":[],"product_brand":[],"product_cat":[111],"product_tag":[],"class_list":{"0":"post-4159","1":"product","2":"type-product","3":"status-publish","4":"has-post-thumbnail","6":"product_cat-reusable-event-cups","8":"first","9":"instock","10":"shipping-taxable","11":"purchasable","12":"product-type-simple"},"_links":{"self":[{"href":"https:\/\/displayproducts.eu\/de\/wp-json\/wp\/v2\/product\/4159","targetHints":{"allow":["GET"]}}],"collection":[{"href":"https:\/\/displayproducts.eu\/de\/wp-json\/wp\/v2\/product"}],"about":[{"href":"https:\/\/displayproducts.eu\/de\/wp-json\/wp\/v2\/types\/product"}],"replies":[{"embeddable":true,"href":"https:\/\/displayproducts.eu\/de\/wp-json\/wp\/v2\/comments?post=4159"}],"wp:featuredmedia":[{"embeddable":true,"href":"https:\/\/displayproducts.eu\/de\/wp-json\/wp\/v2\/media\/6517"}],"wp:attachment":[{"href":"https:\/\/displayproducts.eu\/de\/wp-json\/wp\/v2\/media?parent=4159"}],"wp:term":[{"taxonomy":"product_brand","embeddable":true,"href":"https:\/\/displayproducts.eu\/de\/wp-json\/wp\/v2\/product_brand?post=4159"},{"taxonomy":"product_cat","embeddable":true,"href":"https:\/\/displayproducts.eu\/de\/wp-json\/wp\/v2\/product_cat?post=4159"},{"taxonomy":"product_tag","embeddable":true,"href":"https:\/\/displayproducts.eu\/de\/wp-json\/wp\/v2\/product_tag?post=4159"}],"curies":[{"name":"wp","href":"https:\/\/api.w.org\/{rel}","templated":true}]}}