{"id":1382,"date":"2024-07-17T13:03:02","date_gmt":"2024-07-17T10:03:02","guid":{"rendered":"https:\/\/wristbandfactory.eu\/toode\/lanyard-made-of-1-5-cm-rpet-with-cup-holder-sublimation-print\/"},"modified":"2026-04-01T21:52:36","modified_gmt":"2026-04-01T18:52:36","slug":"printed-lanyards-with-cup-holder","status":"publish","type":"product","link":"https:\/\/displayproducts.eu\/de\/p\/printed-lanyards-with-cup-holder\/","title":{"rendered":"Bedruckte Schl\u00fcsselb\u00e4nder mit Getr\u00e4nkehalter"},"content":{"rendered":"<div class=\"flex flex-grow flex-col max-w-full\">\n<div class=\"min-h-[20px] text-message flex flex-col items-start whitespace-pre-wrap break-words [.text-message+&amp;]:mt-5 juice:w-full juice:items-end overflow-x-auto gap-2\" dir=\"auto\" data-message-author-role=\"assistant\" data-message-id=\"29d0cc2f-9703-4b46-a2f3-f0401257c60f\">\n<div class=\"flex w-full flex-col gap-1 juice:empty:hidden juice:first:pt-[3px]\">\n<div class=\"markdown prose w-full break-words dark:prose-invert light\">\n<p>Verbessern Sie das Erlebnis Ihrer Teilnehmer bei Ihrem n\u00e4chsten Festival, Ihrer n\u00e4chsten Konferenz oder Outdoor-Veranstaltung. Unsere bedruckten Schl\u00fcsselb\u00e4nder mit Getr\u00e4nkehaltern bieten eine \u00e4u\u00dferst praktische L\u00f6sung, mit der Ihre G\u00e4ste, Mitarbeiter oder VIPs die H\u00e4nde frei haben und Ihre Marke dennoch gut sichtbar bleibt.<\/p>\n<p>Dieses funktionale Schl\u00fcsselband aus robustem, gewebtem RPET-Polyester unterstreicht das nachhaltige Engagement Ihrer Marke. Im Preis inbegriffen ist ein beidseitiger, leuchtender Vollfarb-Sublimationsdruck \u2013 perfekt f\u00fcr komplexe Logos, detailreiche Designs und unbegrenzte Farbvielfalt. Der flexible, universelle Silikon-Becherhalter (6 cm Durchmesser) h\u00e4lt die meisten Standard-Eventbecher sicher fest (Hinweis: Becher nicht im Lieferumfang enthalten). Dieses Schl\u00fcsselband ist das ideale Accessoire f\u00fcr jede Veranstaltung, bei der Getr\u00e4nke ausgeschenkt werden, und sorgt daf\u00fcr, dass Ihre Marke im Mittelpunkt steht.<\/p>\n<p><b>Hauptmerkmale:<\/b><\/p>\n<ul>\n<li><b>Material:<\/b> 1,5 cm starkes gewebtes RPET (recyceltes Polyester)<\/li>\n<li><b>Halter:<\/b> Universalsilikon (\u00d8 6 cm)<\/li>\n<li><b>Drucken:<\/b> Vollfarbiger Sublimationsdruck (beidseitig enthalten)<\/li>\n<li><b>Nutzen:<\/b> H\u00e4lt die H\u00e4nde frei; perfekt f\u00fcr Mehrwegbecherprogramme<\/li>\n<li><b>Ideal f\u00fcr:<\/b> Festivals, Konzerte, Messen und Firmenausfl\u00fcge<\/li>\n<li><b>Herkunft:<\/b> Hergestellt in Europa<\/li>\n<\/ul>\n<p>&nbsp;<\/p>\n<\/div>\n<\/div>\n<\/div>\n<\/div>","protected":false},"excerpt":{"rendered":"<ul>\n<li>Bietet freih\u00e4ndigen Komfort bei Festivals und Veranstaltungen im Freien.<\/li>\n<li>Vollfarbiger, doppelseitiger Sublimationsdruck f\u00fcr maximale Markensichtbarkeit.<\/li>\n<li>Hergestellt aus langlebigem, umweltfreundlichem RPET-Material (recycelt).<\/li>\n<li>Universeller Silikonhalter (\u00d8 6 cm) passt f\u00fcr die meisten Mehrwegbecher.<\/li>\n<\/ul>","protected":false},"featured_media":6564,"comment_status":"closed","ping_status":"closed","template":"","meta":[],"product_brand":[],"product_cat":[43,108,68,119],"product_tag":[],"class_list":{"0":"post-1382","1":"product","2":"type-product","3":"status-publish","4":"has-post-thumbnail","6":"product_cat-lanyards","7":"product_cat-multifunctional-lanyards","8":"product_cat-event-supplies","9":"product_cat-drinkware-accessories","11":"first","12":"instock","13":"shipping-taxable","14":"purchasable","15":"product-type-simple"},"_links":{"self":[{"href":"https:\/\/displayproducts.eu\/de\/wp-json\/wp\/v2\/product\/1382","targetHints":{"allow":["GET"]}}],"collection":[{"href":"https:\/\/displayproducts.eu\/de\/wp-json\/wp\/v2\/product"}],"about":[{"href":"https:\/\/displayproducts.eu\/de\/wp-json\/wp\/v2\/types\/product"}],"replies":[{"embeddable":true,"href":"https:\/\/displayproducts.eu\/de\/wp-json\/wp\/v2\/comments?post=1382"}],"wp:featuredmedia":[{"embeddable":true,"href":"https:\/\/displayproducts.eu\/de\/wp-json\/wp\/v2\/media\/6564"}],"wp:attachment":[{"href":"https:\/\/displayproducts.eu\/de\/wp-json\/wp\/v2\/media?parent=1382"}],"wp:term":[{"taxonomy":"product_brand","embeddable":true,"href":"https:\/\/displayproducts.eu\/de\/wp-json\/wp\/v2\/product_brand?post=1382"},{"taxonomy":"product_cat","embeddable":true,"href":"https:\/\/displayproducts.eu\/de\/wp-json\/wp\/v2\/product_cat?post=1382"},{"taxonomy":"product_tag","embeddable":true,"href":"https:\/\/displayproducts.eu\/de\/wp-json\/wp\/v2\/product_tag?post=1382"}],"curies":[{"name":"wp","href":"https:\/\/api.w.org\/{rel}","templated":true}]}}