{"id":1291,"date":"2024-10-27T11:53:51","date_gmt":"2024-10-27T08:53:51","guid":{"rendered":"https:\/\/wristbandfactory.eu\/toode\/cord-lanyards-with-pvc-slider\/"},"modified":"2026-04-01T21:52:36","modified_gmt":"2026-04-01T18:52:36","slug":"custom-round-cord-lanyards-with-pvc-slider-metal-carabiner","status":"publish","type":"product","link":"https:\/\/displayproducts.eu\/de\/p\/custom-round-cord-lanyards-with-pvc-slider-metal-carabiner\/","title":{"rendered":"Bedruckte Rundkordel Schl\u00fcsselb\u00e4nder mit PVC-Schieber"},"content":{"rendered":"<div class=\"mx-12 md:mx-24 lg:mx-48\">\n<div class=\"container my-8 svelte-zlsknf\">\n<div class=\"my-24 rounded-lg border-0 border-gray-700 bg-gray-100 px-16 py-24\">\n<div class=\"mt-11 !text-gray-500\">\n<p data-path-to-node=\"12\">Optimieren Sie Ihre Unternehmensidentifizierung und Veranstaltungssicherheit mit unserem <b>Ma\u00dfgefertigte runde Schl\u00fcsselb\u00e4nder<\/b>. Dieses Lanyard wurde f\u00fcr Fachleute entwickelt, die eine minimalistische und dennoch robuste Ausweisl\u00f6sung ben\u00f6tigen. Es bietet eine elegante Alternative zu flachen B\u00e4ndern und ist somit die perfekte Wahl f\u00fcr den t\u00e4glichen B\u00fcrogebrauch, Konferenzen und Messepersonal.<\/p>\n<p data-path-to-node=\"13\">Das aus hochwertigem, strapazierf\u00e4higem Polyester gefertigte, runde Seilprofil sorgt f\u00fcr hohen Tragekomfort auch bei l\u00e4ngerem Tragen und verhindert Hautirritationen am Hals. Im Gegensatz zu herk\u00f6mmlichen flachen Lanyards bietet das Seilprofil eine hochwertige, dezente Optik, die perfekt zu Businesskleidung passt.<\/p>\n<p data-path-to-node=\"14\">Das bestimmende Merkmal dieses Modells ist die Funktionalit\u00e4t. <b>PVC-Schieber<\/b>. Standardm\u00e4\u00dfig ist das Lanyard in einem eleganten, transparenten Finish erh\u00e4ltlich. F\u00fcr Gro\u00dfbestellungen bieten wir jedoch auch die Fertigung in individuellen Farben an, sodass Sie die Beschl\u00e4ge exakt an Ihr Corporate Design anpassen k\u00f6nnen. Jedes Lanyard ist mit einer robusten Beschichtung versehen. <b>Metallkarabiner<\/b>, Es bietet eine zuverl\u00e4ssige und benutzerfreundliche Befestigungsm\u00f6glichkeit f\u00fcr Ausweise, Zutrittskarten oder Schl\u00fcssel. Diese Kombination aus Langlebigkeit und professionellem Design macht es zur bevorzugten Wahl f\u00fcr Organisationen, die eine hochwertige L\u00f6sung zur Ausweisaufbewahrung suchen.<\/p>\n<p data-path-to-node=\"15\"><b>Hauptmerkmale:<\/b><\/p>\n<ul data-path-to-node=\"16\">\n<li>\n<p data-path-to-node=\"16,0,0\"><b>Strapazierf\u00e4higes Polyesterseil:<\/b> Das runde Seilprofil ist ideal f\u00fcr bequemen Tragekomfort den ganzen Tag \u00fcber, ohne dass es ausfranst.<\/p>\n<\/li>\n<li>\n<p data-path-to-node=\"16,1,0\"><b>Verstellbarer PVC-Gleiter:<\/b> Die standardm\u00e4\u00dfige transparente Lackierung sorgt f\u00fcr ein modernes Erscheinungsbild; Sonderfarben sind auf Anfrage erh\u00e4ltlich.<\/p>\n<\/li>\n<li>\n<p data-path-to-node=\"16,2,0\"><b>Markenausrichtung:<\/b> Option zur Anpassung der Schiebereglerfarbe an Ihre Markenidentit\u00e4t bei qualifizierten Gro\u00dfmengen.<\/p>\n<\/li>\n<li>\n<p data-path-to-node=\"16,3,0\"><b>Hochleistungs-Anbauteil:<\/b> Beinhaltet einen sicheren Karabinerhaken aus Metall zur sicheren Aufbewahrung der Ausweispapiere.<\/p>\n<\/li>\n<li>\n<p data-path-to-node=\"16,4,0\"><b>Vielseitige Anwendung:<\/b> Eine praktische, hochwertige L\u00f6sung f\u00fcr VIP-Veranstaltungen, Mitarbeiterausweise und Unternehmensumgebungen.<\/p>\n<\/li>\n<\/ul>\n<\/div>\n<\/div>\n<\/div>\n<\/div>","protected":false},"excerpt":{"rendered":"<ul>\n<li>\n<p data-path-to-node=\"10,0,0\"><b>Berufliches Profil:<\/b> Minimalistisches 5-mm-Rundkabeldesign, ideal f\u00fcr B\u00fcroumgebungen und VIP-Veranstaltungen.<\/p>\n<\/li>\n<li>\n<p data-path-to-node=\"10,1,0\"><b>Kundenspezifische Hardware:<\/b> Beinhaltet einen PVC-Schieber (Farben individuell anpassbar) zur Ausrichtung des Brandings.<\/p>\n<\/li>\n<li>\n<p data-path-to-node=\"10,2,0\"><b>Sichere Verbindung:<\/b> Ein robuster Metallkarabiner sorgt daf\u00fcr, dass Ausweise und Schl\u00fcssel sicher aufbewahrt werden.<\/p>\n<\/li>\n<li>\n<p data-path-to-node=\"10,3,0\"><b>Langlebiger Komfort:<\/b> Weiches Polyesterseil verhindert Hautirritationen am Hals bei ganzt\u00e4gigem Tragen.<\/p>\n<\/li>\n<\/ul>","protected":false},"featured_media":6691,"comment_status":"closed","ping_status":"closed","template":"","meta":[],"product_brand":[],"product_cat":[125],"product_tag":[],"class_list":{"0":"post-1291","1":"product","2":"type-product","3":"status-publish","4":"has-post-thumbnail","6":"product_cat-cord-lanyards","8":"first","9":"instock","10":"shipping-taxable","11":"purchasable","12":"product-type-simple"},"_links":{"self":[{"href":"https:\/\/displayproducts.eu\/de\/wp-json\/wp\/v2\/product\/1291","targetHints":{"allow":["GET"]}}],"collection":[{"href":"https:\/\/displayproducts.eu\/de\/wp-json\/wp\/v2\/product"}],"about":[{"href":"https:\/\/displayproducts.eu\/de\/wp-json\/wp\/v2\/types\/product"}],"replies":[{"embeddable":true,"href":"https:\/\/displayproducts.eu\/de\/wp-json\/wp\/v2\/comments?post=1291"}],"wp:featuredmedia":[{"embeddable":true,"href":"https:\/\/displayproducts.eu\/de\/wp-json\/wp\/v2\/media\/6691"}],"wp:attachment":[{"href":"https:\/\/displayproducts.eu\/de\/wp-json\/wp\/v2\/media?parent=1291"}],"wp:term":[{"taxonomy":"product_brand","embeddable":true,"href":"https:\/\/displayproducts.eu\/de\/wp-json\/wp\/v2\/product_brand?post=1291"},{"taxonomy":"product_cat","embeddable":true,"href":"https:\/\/displayproducts.eu\/de\/wp-json\/wp\/v2\/product_cat?post=1291"},{"taxonomy":"product_tag","embeddable":true,"href":"https:\/\/displayproducts.eu\/de\/wp-json\/wp\/v2\/product_tag?post=1291"}],"curies":[{"name":"wp","href":"https:\/\/api.w.org\/{rel}","templated":true}]}}