{"id":1288,"date":"2024-10-27T11:53:51","date_gmt":"2024-10-27T08:53:51","guid":{"rendered":"https:\/\/wristbandfactory.eu\/toode\/full-colour-cord-lanyards-with-woven-label\/"},"modified":"2026-04-01T21:52:36","modified_gmt":"2026-04-01T18:52:36","slug":"sublimation-cord-lanyards-with-woven-label","status":"publish","type":"product","link":"https:\/\/displayproducts.eu\/de\/p\/sublimation-cord-lanyards-with-woven-label\/","title":{"rendered":"Sublimations-Kordelb\u00e4nder mit gewebtem Etikett"},"content":{"rendered":"<div class=\"mx-12 md:mx-24 lg:mx-48\">\n<div class=\"container my-8 svelte-zlsknf\">\n<div class=\"my-24 rounded-lg border-0 border-gray-700 bg-gray-100 px-16 py-24\">\n<div class=\"mt-11 !text-gray-500\">\n<p>Erzielen Sie maximale Markenwirkung mit unseren hochwertigen Sublimations-Lanyards. Dieses Modell vereint zwei erstklassige Branding-Methoden: einen brillanten, vollfarbigen Sublimationsdruck auf der Kordel und ein strapazierf\u00e4higes, vierfarbiges Webetikett f\u00fcr Ihr Hauptlogo.<\/p>\n<p>Die 90 cm lange Polyesterkordel ist zun\u00e4chst wei\u00df und wird im Sublimationsdruckverfahren mit Ihrem Design bedruckt. Dieses Verfahren eignet sich ideal f\u00fcr komplexe, vollfarbige Muster oder sich wiederholende Logos. Bitte beachten Sie jedoch, dass eine pr\u00e4zise Positionierung des Logos auf der Kordel nicht garantiert werden kann.<\/p>\n<p>Das hochaufl\u00f6sende, vierfarbige Webetikett verleiht Ihrem Markenauftritt eine professionelle und ansprechende Note und ist abrieb- und kratzfest. Dieses hochwertige Lanyard eignet sich ideal f\u00fcr Firmenveranstaltungen, Mitarbeiterausweise oder Premium-Konferenzp\u00e4sse, bei denen eine langlebige und elegante Markenpr\u00e4sentation gefragt ist. Jedes Lanyard wird standardm\u00e4\u00dfig mit einem Metallkarabiner geliefert; weitere Befestigungsm\u00f6glichkeiten sind erh\u00e4ltlich.<\/p>\n<p><b>Hauptmerkmale:<\/b><\/p>\n<ul>\n<li><b>Doppelmarkenstrategie:<\/b> Kombiniert eine vollfarbig sublimationsbedruckte Kordel mit einem hochwertigen, vierfarbigen Webetikett.<\/li>\n<li><b>Lebendige Sublimation:<\/b> Die 90 cm lange wei\u00dfe Polyesterkordel eignet sich ideal f\u00fcr sich wiederholende, vollfarbige Muster.<\/li>\n<li><b>Premium-Webetikett:<\/b> Bietet ein langlebiges, hochaufl\u00f6sendes Logo (bis zu 4 Farben).<\/li>\n<li><b>Metallkarabiner:<\/b> Beinhaltet einen robusten Metallkarabiner; weitere Befestigungsm\u00f6glichkeiten sind verf\u00fcgbar.<\/li>\n<li><b>Hochleistungs-ID:<\/b> Eine erstklassige L\u00f6sung f\u00fcr Corporate Branding, Mitarbeiterausweise und Premium-Events.<\/li>\n<\/ul>\n<\/div>\n<\/div>\n<\/div>\n<\/div>","protected":false},"excerpt":{"rendered":"<ul>\n<li>Verf\u00fcgt \u00fcber ein vollfarbig sublimationsbedrucktes Kabel f\u00fcr lebendige, sich wiederholende Designs.<\/li>\n<li>Beinhaltet ein hochwertiges, vierfarbiges Webetikett f\u00fcr ein langlebiges Logo.<\/li>\n<li>Strapazierf\u00e4higes 90 cm Polyesterseil mit einem Standard-Metallkarabiner.<\/li>\n<li>Ideal f\u00fcr Firmenveranstaltungen, Mitarbeiterausweise und Messen.<\/li>\n<\/ul>","protected":false},"featured_media":6794,"comment_status":"closed","ping_status":"closed","template":"","meta":[],"product_brand":[],"product_cat":[43],"product_tag":[],"class_list":{"0":"post-1288","1":"product","2":"type-product","3":"status-publish","4":"has-post-thumbnail","6":"product_cat-lanyards","8":"first","9":"instock","10":"shipping-taxable","11":"purchasable","12":"product-type-simple"},"_links":{"self":[{"href":"https:\/\/displayproducts.eu\/de\/wp-json\/wp\/v2\/product\/1288","targetHints":{"allow":["GET"]}}],"collection":[{"href":"https:\/\/displayproducts.eu\/de\/wp-json\/wp\/v2\/product"}],"about":[{"href":"https:\/\/displayproducts.eu\/de\/wp-json\/wp\/v2\/types\/product"}],"replies":[{"embeddable":true,"href":"https:\/\/displayproducts.eu\/de\/wp-json\/wp\/v2\/comments?post=1288"}],"wp:featuredmedia":[{"embeddable":true,"href":"https:\/\/displayproducts.eu\/de\/wp-json\/wp\/v2\/media\/6794"}],"wp:attachment":[{"href":"https:\/\/displayproducts.eu\/de\/wp-json\/wp\/v2\/media?parent=1288"}],"wp:term":[{"taxonomy":"product_brand","embeddable":true,"href":"https:\/\/displayproducts.eu\/de\/wp-json\/wp\/v2\/product_brand?post=1288"},{"taxonomy":"product_cat","embeddable":true,"href":"https:\/\/displayproducts.eu\/de\/wp-json\/wp\/v2\/product_cat?post=1288"},{"taxonomy":"product_tag","embeddable":true,"href":"https:\/\/displayproducts.eu\/de\/wp-json\/wp\/v2\/product_tag?post=1288"}],"curies":[{"name":"wp","href":"https:\/\/api.w.org\/{rel}","templated":true}]}}