{"id":1287,"date":"2024-10-27T11:53:51","date_gmt":"2024-10-27T08:53:51","guid":{"rendered":"https:\/\/wristbandfactory.eu\/toode\/3-in-1-charging-cable-lanyards\/"},"modified":"2026-04-01T21:52:04","modified_gmt":"2026-04-01T18:52:04","slug":"sublimation-3-in-1-charging-lanyards","status":"publish","type":"product","link":"https:\/\/displayproducts.eu\/de\/p\/sublimation-3-in-1-charging-lanyards\/","title":{"rendered":"3-in-1-Ladeb\u00e4nder mit Sublimationsdruck"},"content":{"rendered":"<p>Bieten Sie Ihren Veranstaltungsteilnehmern einen Werbeartikel, den sie tats\u00e4chlich nutzen werden. Unsere sublimierten 3-in-1-Ladekabel-Lanyards vereinen die Funktion eines Veranstaltungsausweishalters mit der eines praktischen Ladekabels mit mehreren Anschl\u00fcssen und gew\u00e4hrleisten so maximale Markenpr\u00e4senz.<\/p>\n<p>Diese Lanyards bestehen aus strapazierf\u00e4higem Polyester und sind beidseitig mit einem brillanten, vollfarbigen Sublimationsdruck versehen. Dadurch bieten sie eine gro\u00dfe Fl\u00e4che f\u00fcr komplexe Logos und Event-Branding. Das integrierte Kabel verf\u00fcgt \u00fcber USB-A-, Micro-B- und USB-C-Anschl\u00fcsse und erm\u00f6glicht so das bequeme Laden der meisten modernen Ger\u00e4te.<\/p>\n<p>Diese Lanyards eignen sich ideal f\u00fcr Technologiekonferenzen, Messen oder als praktisches Werbegeschenk f\u00fcr Mitarbeiter und sind f\u00fcr folgende Zwecke konzipiert: <b>ausschlie\u00dflich zu Abrechnungszwecken (nicht zur Daten\u00fcbertragung).<\/b>. Jedes Lanyard ist einzeln in einem Polybeutel verpackt, um die Verteilung zu erleichtern, und ist in drei verschiedenen L\u00e4ngen erh\u00e4ltlich, um Ihren spezifischen Anforderungen gerecht zu werden.<\/p>\n<p><b>Hauptmerkmale:<\/b><\/p>\n<ul>\n<li><b>3-in-1-Ladeanschl\u00fcsse:<\/b> Ausgestattet mit USB-A-, Micro-B- und Typ-C-Anschl\u00fcssen zum bequemen Laden (nicht zur Daten\u00fcbertragung).<\/li>\n<li><b>Doppelseitiger Sublimationsdruck:<\/b> Brillanter, vollfarbiger, randloser Druck auf beiden Seiten f\u00fcr maximale Markenpr\u00e4senz.<\/li>\n<li><b>Strapazierf\u00e4higes Polyestermaterial:<\/b> Ein robuster, bequemer Gurt, ideal f\u00fcr mehrt\u00e4gige Konferenzen und Messen.<\/li>\n<li><b>Funktionaler Werbeartikel:<\/b> Ein \u00e4u\u00dferst praktisches Lanyard f\u00fcr die Teilnehmer, das f\u00fcr hohe N\u00fctzlichkeit und Markenbindung sorgt.<\/li>\n<li><b>Bereit f\u00fcr den Vertrieb:<\/b> Jedes Lanyard ist einzeln in einem Polybeutel verpackt und in 3 verschiedenen L\u00e4ngen erh\u00e4ltlich.<\/li>\n<\/ul>","protected":false},"excerpt":{"rendered":"<ul>\n<li>Pr\u00e4sentieren Sie Ihr Logo mit brillanter, beidseitiger Vollfarbsublimation.<\/li>\n<li>Verf\u00fcgt \u00fcber 3-in-1-Ladeanschl\u00fcsse: USB-A auf Micro-B und Typ-C.<\/li>\n<li>Ein \u00e4u\u00dferst praktischer Werbeartikel f\u00fcr Technologiekonferenzen und Messen.<\/li>\n<li>(Hinweis: Nur zum Laden, nicht zur Daten\u00fcbertragung vorgesehen).<\/li>\n<\/ul>","protected":false},"featured_media":6789,"comment_status":"closed","ping_status":"closed","template":"","meta":[],"product_brand":[],"product_cat":[43],"product_tag":[],"class_list":{"0":"post-1287","1":"product","2":"type-product","3":"status-publish","4":"has-post-thumbnail","6":"product_cat-lanyards","8":"first","9":"instock","10":"shipping-taxable","11":"purchasable","12":"product-type-simple"},"_links":{"self":[{"href":"https:\/\/displayproducts.eu\/de\/wp-json\/wp\/v2\/product\/1287","targetHints":{"allow":["GET"]}}],"collection":[{"href":"https:\/\/displayproducts.eu\/de\/wp-json\/wp\/v2\/product"}],"about":[{"href":"https:\/\/displayproducts.eu\/de\/wp-json\/wp\/v2\/types\/product"}],"replies":[{"embeddable":true,"href":"https:\/\/displayproducts.eu\/de\/wp-json\/wp\/v2\/comments?post=1287"}],"wp:featuredmedia":[{"embeddable":true,"href":"https:\/\/displayproducts.eu\/de\/wp-json\/wp\/v2\/media\/6789"}],"wp:attachment":[{"href":"https:\/\/displayproducts.eu\/de\/wp-json\/wp\/v2\/media?parent=1287"}],"wp:term":[{"taxonomy":"product_brand","embeddable":true,"href":"https:\/\/displayproducts.eu\/de\/wp-json\/wp\/v2\/product_brand?post=1287"},{"taxonomy":"product_cat","embeddable":true,"href":"https:\/\/displayproducts.eu\/de\/wp-json\/wp\/v2\/product_cat?post=1287"},{"taxonomy":"product_tag","embeddable":true,"href":"https:\/\/displayproducts.eu\/de\/wp-json\/wp\/v2\/product_tag?post=1287"}],"curies":[{"name":"wp","href":"https:\/\/api.w.org\/{rel}","templated":true}]}}