{"id":1279,"date":"2024-10-27T11:53:51","date_gmt":"2024-10-27T08:53:51","guid":{"rendered":"https:\/\/wristbandfactory.eu\/toode\/glitter-lanyards\/"},"modified":"2026-04-01T21:52:36","modified_gmt":"2026-04-01T18:52:36","slug":"printed-glitter-lanyards-vip-gala-events","status":"publish","type":"product","link":"https:\/\/displayproducts.eu\/de\/p\/printed-glitter-lanyards-vip-gala-events\/","title":{"rendered":"Bedruckte Glitzer-Schl\u00fcsselb\u00e4nder (VIP Events)"},"content":{"rendered":"<div class=\"mx-12 md:mx-24 lg:mx-48\">\n<div class=\"container my-8 svelte-zlsknf\">\n<div class=\"my-24 rounded-lg border-0 border-gray-700 bg-gray-100 px-16 py-24\">\n<div class=\"mt-11 !text-gray-500\">\n<p data-path-to-node=\"11\">Verleihen Sie Ihrer Marke Glanz und sorgen Sie daf\u00fcr, dass sich Ihre G\u00e4ste exklusiv f\u00fchlen \u2013 mit unserem <b>Individuell bedruckte Glitzer-Lanyards<\/b>. Dieses Lanyard ist die erste Wahl f\u00fcr Preisverleihungen, VIP-Galas, Musikfestivals und Firmenfeiern, bei denen herk\u00f6mmliche Lanyards unbedruckt untergehen.<\/p>\n<p data-path-to-node=\"12\">Das Lanyard besteht aus einem robusten, 90 cm langen Polyesterband als Basis, das anschlie\u00dfend mit einer markanten Beschichtung versehen wird. <b>hochgl\u00e4nzendes Glitzermaterial<\/b>. Dadurch entsteht eine einzigartige, brillante Fl\u00e4che, die das Licht des Veranstaltungsortes optimal nutzt und selbst bei schwachem Licht f\u00fcr gute Sichtbarkeit sorgt. Sie ist ein hervorragendes Hilfsmittel f\u00fcr Sicherheits- und Hospitality-Teams, um VIPs, Backstage-Personal oder hochkar\u00e4tige Sponsoren schnell zu identifizieren.<\/p>\n<p data-path-to-node=\"13\">Wir bedrucken eine Seite der Glitzeroberfl\u00e4che mit Ihrem Logo. <b>pr\u00e4zise Pantone-Farbabstimmung<\/b>. Aufgrund der Beschaffenheit des Glitzers empfehlen wir f\u00fcr optimale Lesbarkeit gut lesbare, klare Logos. Jedes Lanyard wird standardm\u00e4\u00dfig mit einem robusten Verschluss geliefert. <b>Metallkarabiner<\/b>, Dadurch erh\u00e4lt das Produkt ein professionelles Gewicht und eine angenehme Haptik. Es stehen jedoch auch andere Befestigungsm\u00f6glichkeiten zur Verf\u00fcgung, um Ihren spezifischen Anforderungen an den Ausweis gerecht zu werden.<\/p>\n<p data-path-to-node=\"14\"><b>Hauptmerkmale:<\/b><\/p>\n<ul data-path-to-node=\"15\">\n<li>\n<p data-path-to-node=\"15,0,0\"><b>Material:<\/b> Polyesterbasis mit aufgeschmolzenem, hochgl\u00e4nzendem Glitzer\u00fcberzug.<\/p>\n<\/li>\n<li>\n<p data-path-to-node=\"15,1,0\"><b>Visueller Effekt:<\/b> Das gl\u00e4nzende Finish sorgt f\u00fcr eine erstklassige \u00c4sthetik bei hochkar\u00e4tigen Veranstaltungen.<\/p>\n<\/li>\n<li>\n<p data-path-to-node=\"15,2,0\"><b>Drucken:<\/b> Einseitiger individueller Siebdruck mit Pantone-Farbanpassung (am besten geeignet f\u00fcr ausdrucksstarke Logos).<\/p>\n<\/li>\n<li>\n<p data-path-to-node=\"15,3,0\"><b>Anwendung:<\/b> Ideal zur Kennzeichnung von VIP-G\u00e4sten, Rednern und Mitarbeitern bei Partys und Galas.<\/p>\n<\/li>\n<li>\n<p data-path-to-node=\"15,4,0\"><b>Hardware:<\/b> Beinhaltet einen robusten Metallkarabiner zur sicheren Befestigung des Ausweises.<\/p>\n<\/li>\n<\/ul>\n<\/div>\n<\/div>\n<\/div>\n<\/div>","protected":false},"excerpt":{"rendered":"<ul>\n<li>\n<p data-path-to-node=\"9,0,0\"><b>Glanz und Leuchtkraft:<\/b> Eine hochwertige Glitzerschicht sorgt f\u00fcr ein schimmerndes, auff\u00e4lliges Finish, das sich ideal f\u00fcr Abendveranstaltungen eignet.<\/p>\n<\/li>\n<li>\n<p data-path-to-node=\"9,1,0\"><b>VIP-Differenzierung:<\/b> Das unverwechselbare visuelle Erscheinungsbild kennzeichnet sofort besondere G\u00e4ste, Mitarbeiter oder Preistr\u00e4ger.<\/p>\n<\/li>\n<li>\n<p data-path-to-node=\"9,2,0\"><b>Individuelles Branding:<\/b> Ihr Logo wird im Siebdruckverfahren in einer einzigen Farbe (Pantone-Farbe) direkt auf die Glitzeroberfl\u00e4che gedruckt.<\/p>\n<\/li>\n<li>\n<p data-path-to-node=\"9,3,0\"><b>Langlebiger Komfort:<\/b> Auf einem robusten 90 cm Polyestergestell gefertigt, gew\u00e4hrleistet dies Langlebigkeit ohne Kompromisse beim Stil.<\/p>\n<\/li>\n<\/ul>","protected":false},"featured_media":6741,"comment_status":"closed","ping_status":"closed","template":"","meta":[],"product_brand":[],"product_cat":[104],"product_tag":[],"class_list":{"0":"post-1279","1":"product","2":"type-product","3":"status-publish","4":"has-post-thumbnail","6":"product_cat-custom-printed-lanyards","8":"first","9":"instock","10":"shipping-taxable","11":"purchasable","12":"product-type-simple"},"_links":{"self":[{"href":"https:\/\/displayproducts.eu\/de\/wp-json\/wp\/v2\/product\/1279","targetHints":{"allow":["GET"]}}],"collection":[{"href":"https:\/\/displayproducts.eu\/de\/wp-json\/wp\/v2\/product"}],"about":[{"href":"https:\/\/displayproducts.eu\/de\/wp-json\/wp\/v2\/types\/product"}],"replies":[{"embeddable":true,"href":"https:\/\/displayproducts.eu\/de\/wp-json\/wp\/v2\/comments?post=1279"}],"wp:featuredmedia":[{"embeddable":true,"href":"https:\/\/displayproducts.eu\/de\/wp-json\/wp\/v2\/media\/6741"}],"wp:attachment":[{"href":"https:\/\/displayproducts.eu\/de\/wp-json\/wp\/v2\/media?parent=1279"}],"wp:term":[{"taxonomy":"product_brand","embeddable":true,"href":"https:\/\/displayproducts.eu\/de\/wp-json\/wp\/v2\/product_brand?post=1279"},{"taxonomy":"product_cat","embeddable":true,"href":"https:\/\/displayproducts.eu\/de\/wp-json\/wp\/v2\/product_cat?post=1279"},{"taxonomy":"product_tag","embeddable":true,"href":"https:\/\/displayproducts.eu\/de\/wp-json\/wp\/v2\/product_tag?post=1279"}],"curies":[{"name":"wp","href":"https:\/\/api.w.org\/{rel}","templated":true}]}}