{"id":1276,"date":"2024-10-27T11:53:51","date_gmt":"2024-10-27T08:53:51","guid":{"rendered":"https:\/\/wristbandfactory.eu\/toode\/round-lanyard-with-domed-slider\/"},"modified":"2026-04-01T21:52:36","modified_gmt":"2026-04-01T18:52:36","slug":"round-cord-lanyards-with-dome-logo-slider-epoxy-3d","status":"publish","type":"product","link":"https:\/\/displayproducts.eu\/de\/p\/round-cord-lanyards-with-dome-logo-slider-epoxy-3d\/","title":{"rendered":"Runde Schl\u00fcsselb\u00e4nder mit Logo-Schieber in Kuppelform (Epoxid 3D)"},"content":{"rendered":"<div class=\"mx-12 md:mx-24 lg:mx-48\">\n<div class=\"container my-8 svelte-zlsknf\">\n<div class=\"my-24 rounded-lg border-0 border-gray-700 bg-gray-100 px-16 py-24\">\n<div class=\"mt-11 !text-gray-500\">\n<p data-path-to-node=\"7\">Bieten Sie mit unseren runden Lanyards mit Logo-Schieber eine elegante, moderne und hochwertige M\u00f6glichkeit zur Kennzeichnung. Das minimalistische Design ist besonders bei Technologieunternehmen, Startups und Veranstaltern von Premium-Konferenzen beliebt, die sich von herk\u00f6mmlichen, breiten Lanyards abgrenzen m\u00f6chten.<\/p>\n<p data-path-to-node=\"8\"><b>Der \u201cKuppel\u201d-Vorteil<\/b> Das herausragende Merkmal dieses Produkts ist der Branding-Slider. Anders als beim herk\u00f6mmlichen Flachdruck wird Ihr Logo mit einer Schicht aus klarem Epoxidharz \u00fcberzogen (Doming). Dadurch entsteht ein Vergr\u00f6\u00dferungseffekt. <b>3D-Effekt<\/b> Dadurch werden die Farben lebendiger und das Branding erh\u00e4lt ein edles, hochwertiges Finish. Das Harz sch\u00fctzt das Logo zudem vor Kratzern, Ausbleichen und Wassersch\u00e4den und sorgt so daf\u00fcr, dass Ihre Marke auch bei langfristiger Nutzung makellos aussieht.<\/p>\n<p data-path-to-node=\"9\"><b>Komfort und Langlebigkeit<\/b> Dieses Lanyard aus robustem Polyesterseil (ca. 5 mm dick) ist leicht und angenehm zu tragen. Es ist standardm\u00e4\u00dfig mit einem hochwertigen Metallkarabiner ausgestattet, an dem Ausweise, Schl\u00fcssel oder Zugangskarten sicher befestigt werden k\u00f6nnen. Das Geh\u00e4use des Schiebers ist standardm\u00e4\u00dfig schwarz, kann aber bei gr\u00f6\u00dferen Bestellmengen auch in Ihren individuellen Markenfarben gefertigt werden \u2013 f\u00fcr eine perfekte Abstimmung auf Ihr Corporate Design.<\/p>\n<p data-path-to-node=\"10\"><b>Hauptmerkmale:<\/b><\/p>\n<ul data-path-to-node=\"11\">\n<li>\n<p data-path-to-node=\"11,0,0\"><b>Epoxid-Kuppelgleiter:<\/b> Die mit Harz beschichtete Markenfl\u00e4che erzeugt eine hochwertige, kratzfeste 3D-Optik.<\/p>\n<\/li>\n<li>\n<p data-path-to-node=\"11,1,0\"><b>Runde Polyesterkordel:<\/b> Strapazierf\u00e4hige und komfortable Alternative zu flachen Schl\u00fcsselb\u00e4ndern.<\/p>\n<\/li>\n<li>\n<p data-path-to-node=\"11,2,0\"><b>Lebendiges Branding:<\/b> Ideal f\u00fcr farbenfrohe Logos, die auffallen sollen.<\/p>\n<\/li>\n<li>\n<p data-path-to-node=\"11,3,0\"><b>Metallkarabiner:<\/b> Ein robuster Clip gew\u00e4hrleistet die sichere Befestigung von Ausweisen und Schl\u00fcsseln.<\/p>\n<\/li>\n<li>\n<p data-path-to-node=\"11,4,0\"><b>Professionelle \u00c4sthetik:<\/b> Minimalistisches Design, geeignet f\u00fcr VIPs und Mitarbeiter von Unternehmen.<\/p>\n<\/li>\n<\/ul>\n<\/div>\n<\/div>\n<\/div>\n<\/div>","protected":false},"excerpt":{"rendered":"<ul>\n<li>\n<p data-path-to-node=\"6,0,0\"><b>Premium-Branding:<\/b> Die verschiebbare Logoscheibe verf\u00fcgt \u00fcber eine kristallklare Epoxidharzbeschichtung (W\u00f6lbung) f\u00fcr einen 3D-Effekt.<\/p>\n<\/li>\n<li>\n<p data-path-to-node=\"6,1,0\"><b>Vollfarbdruck:<\/b> Erm\u00f6glicht lebendige, detailreiche Logos, die vor Kratzern und Ausbleichen gesch\u00fctzt sind.<\/p>\n<\/li>\n<li>\n<p data-path-to-node=\"6,2,0\"><b>Elegantes Design:<\/b> Eine runde Polyesterkordel mit 90 cm L\u00e4nge bietet eine moderne, minimalistische Alternative zu flachen B\u00e4ndern.<\/p>\n<\/li>\n<li>\n<p data-path-to-node=\"6,3,0\"><b>Sichere Verbindung:<\/b> Standardm\u00e4\u00dfig ist ein stabiler Metallkarabiner zur Befestigung von Ausweisen enthalten.<\/p>\n<\/li>\n<li><\/li>\n<\/ul>","protected":false},"featured_media":6765,"comment_status":"closed","ping_status":"closed","template":"","meta":[],"product_brand":[],"product_cat":[43,125,104],"product_tag":[],"class_list":{"0":"post-1276","1":"product","2":"type-product","3":"status-publish","4":"has-post-thumbnail","6":"product_cat-lanyards","7":"product_cat-cord-lanyards","8":"product_cat-custom-printed-lanyards","10":"first","11":"instock","12":"shipping-taxable","13":"purchasable","14":"product-type-simple"},"_links":{"self":[{"href":"https:\/\/displayproducts.eu\/de\/wp-json\/wp\/v2\/product\/1276","targetHints":{"allow":["GET"]}}],"collection":[{"href":"https:\/\/displayproducts.eu\/de\/wp-json\/wp\/v2\/product"}],"about":[{"href":"https:\/\/displayproducts.eu\/de\/wp-json\/wp\/v2\/types\/product"}],"replies":[{"embeddable":true,"href":"https:\/\/displayproducts.eu\/de\/wp-json\/wp\/v2\/comments?post=1276"}],"wp:featuredmedia":[{"embeddable":true,"href":"https:\/\/displayproducts.eu\/de\/wp-json\/wp\/v2\/media\/6765"}],"wp:attachment":[{"href":"https:\/\/displayproducts.eu\/de\/wp-json\/wp\/v2\/media?parent=1276"}],"wp:term":[{"taxonomy":"product_brand","embeddable":true,"href":"https:\/\/displayproducts.eu\/de\/wp-json\/wp\/v2\/product_brand?post=1276"},{"taxonomy":"product_cat","embeddable":true,"href":"https:\/\/displayproducts.eu\/de\/wp-json\/wp\/v2\/product_cat?post=1276"},{"taxonomy":"product_tag","embeddable":true,"href":"https:\/\/displayproducts.eu\/de\/wp-json\/wp\/v2\/product_tag?post=1276"}],"curies":[{"name":"wp","href":"https:\/\/api.w.org\/{rel}","templated":true}]}}