{"id":1271,"date":"2024-10-27T11:53:52","date_gmt":"2024-10-27T08:53:52","guid":{"rendered":"https:\/\/wristbandfactory.eu\/toode\/fine-polyester-lanyards-with-metallic-foil-stamped-design\/"},"modified":"2026-04-01T21:52:36","modified_gmt":"2026-04-01T18:52:36","slug":"metallic-foil-printed-lanyards-premium-vip-branding","status":"publish","type":"product","link":"https:\/\/displayproducts.eu\/de\/p\/metallic-foil-printed-lanyards-premium-vip-branding\/","title":{"rendered":"Schl\u00fcsselb\u00e4nder mit Metallic-Foliendruck (Gold\/Silber)"},"content":{"rendered":"<div class=\"mx-12 md:mx-24 lg:mx-48\">\n<div class=\"container my-8 svelte-zlsknf\">\n<div class=\"my-24 rounded-lg border-0 border-gray-700 bg-gray-100 px-16 py-24\">\n<div class=\"mt-11 !text-gray-500\">\n<p data-path-to-node=\"11\">St\u00e4rken Sie Ihre Markenidentit\u00e4t und heben Sie Ihre wichtigsten G\u00e4ste mit unserem hervor. <b>Mit Metallfolie bedruckte Schl\u00fcsselb\u00e4nder<\/b>. Diese Lanyards wurden speziell f\u00fcr hochkar\u00e4tige Veranstaltungen, Preisverleihungen und VIP-Zutrittskontrollen entwickelt und bieten einen Grad an Raffinesse, den der herk\u00f6mmliche Siebdruck nicht erreichen kann.<\/p>\n<p data-path-to-node=\"12\">Das charakteristische Merkmal dieses Produkts ist die <b>Metallfolienpr\u00e4geverfahren<\/b>. Anstelle herk\u00f6mmlicher Tinte pr\u00e4gen wir Ihr Logo mit einem Hei\u00dfpressverfahren und leuchtenden Metallicfolien (\u00fcblicherweise Gold oder Silber) direkt auf das Band. So entsteht eine brillante, hochgl\u00e4nzende Oberfl\u00e4che, die im Veranstaltungslicht schimmert und Ihre Marke sofort ins Blickfeld r\u00fcckt. Die optimale L\u00f6sung f\u00fcr die Kategorisierung von Produkten. <b>VIP-G\u00e4ste, Sponsoren und Veranstaltungspersonal<\/b> die sich von der Masse abheben m\u00fcssen.<\/p>\n<p data-path-to-node=\"13\">Hergestellt aus einem <b>hochwertiges, feines Polyester<\/b>, Das Lanyard ist au\u00dfergew\u00f6hnlich glatt und weich und gew\u00e4hrleistet so ganzt\u00e4gigen Tragekomfort auch zu formeller Kleidung. Jedes Ger\u00e4t wird standardm\u00e4\u00dfig mit einem zuverl\u00e4ssigen <b>Metallkarabiner<\/b>, Dies unterstreicht den hochwertigen Eindruck und die Haptik. F\u00fcr Organisatoren, die eine wirklich luxuri\u00f6se Ausweisl\u00f6sung suchen, ist dies die optimale Wahl.<\/p>\n<p data-path-to-node=\"14\"><b>Hauptmerkmale:<\/b><\/p>\n<ul data-path-to-node=\"15\">\n<li>\n<p data-path-to-node=\"15,0,0\"><b>Druckmethode:<\/b> Die hochwertige Metallfolienpr\u00e4gung erzeugt ein gl\u00e4nzendes, reflektierendes und edles Logo-Finish.<\/p>\n<\/li>\n<li>\n<p data-path-to-node=\"15,1,0\"><b>Material:<\/b> Fein gewebtes, glattes Polyester bietet im Vergleich zu herk\u00f6mmlichen gerippten Lanyards ein \u00fcberlegenes Tastgef\u00fchl.<\/p>\n<\/li>\n<li>\n<p data-path-to-node=\"15,2,0\"><b>Zielgruppe:<\/b> Ideal f\u00fcr VIPs, F\u00fchrungskr\u00e4fte, hochrangige Sponsoren und Abendgalas.<\/p>\n<\/li>\n<li>\n<p data-path-to-node=\"15,3,0\"><b>Visuelle Wirkung:<\/b> Der reflektierende Druck sorgt daf\u00fcr, dass das Logo auch bei schwachem Licht gut sichtbar und ein Blickfang ist.<\/p>\n<\/li>\n<\/ul>\n<\/div>\n<\/div>\n<\/div>\n<\/div>","protected":false},"excerpt":{"rendered":"<ul>\n<li>\n<p data-path-to-node=\"9,0,0\"><b>Exklusive Ausf\u00fchrung:<\/b> Hochwertige Metallfolienpr\u00e4gung (Gold, Silber usw.) erzeugt einen atemberaubenden reflektierenden Logo-Effekt.<\/p>\n<\/li>\n<li>\n<p data-path-to-node=\"9,1,0\"><b>VIP-Anspruch:<\/b> Die perfekte Wahl f\u00fcr Sponsoren, Redner und VIP-G\u00e4ste, die eine eindeutige Kennzeichnung ben\u00f6tigen.<\/p>\n<\/li>\n<li>\n<p data-path-to-node=\"9,2,0\"><b>Hochwertiges Material:<\/b> Hergestellt aus glattem, fein gewebtem Polyester, das sich luxuri\u00f6s und angenehm auf der Haut anf\u00fchlt.<\/p>\n<\/li>\n<li>\n<p data-path-to-node=\"9,3,0\"><b>Hohe Sichtbarkeit:<\/b> Der schimmernde Druck f\u00e4ngt das Licht ein und sorgt daf\u00fcr, dass Ihre Marke bei allen Lichtverh\u00e4ltnissen optimal zur Geltung kommt.<\/p>\n<\/li>\n<li><\/li>\n<\/ul>","protected":false},"featured_media":6716,"comment_status":"closed","ping_status":"closed","template":"","meta":[],"product_brand":[],"product_cat":[43,104],"product_tag":[],"class_list":{"0":"post-1271","1":"product","2":"type-product","3":"status-publish","4":"has-post-thumbnail","6":"product_cat-lanyards","7":"product_cat-custom-printed-lanyards","9":"first","10":"instock","11":"shipping-taxable","12":"purchasable","13":"product-type-simple"},"_links":{"self":[{"href":"https:\/\/displayproducts.eu\/de\/wp-json\/wp\/v2\/product\/1271","targetHints":{"allow":["GET"]}}],"collection":[{"href":"https:\/\/displayproducts.eu\/de\/wp-json\/wp\/v2\/product"}],"about":[{"href":"https:\/\/displayproducts.eu\/de\/wp-json\/wp\/v2\/types\/product"}],"replies":[{"embeddable":true,"href":"https:\/\/displayproducts.eu\/de\/wp-json\/wp\/v2\/comments?post=1271"}],"wp:featuredmedia":[{"embeddable":true,"href":"https:\/\/displayproducts.eu\/de\/wp-json\/wp\/v2\/media\/6716"}],"wp:attachment":[{"href":"https:\/\/displayproducts.eu\/de\/wp-json\/wp\/v2\/media?parent=1271"}],"wp:term":[{"taxonomy":"product_brand","embeddable":true,"href":"https:\/\/displayproducts.eu\/de\/wp-json\/wp\/v2\/product_brand?post=1271"},{"taxonomy":"product_cat","embeddable":true,"href":"https:\/\/displayproducts.eu\/de\/wp-json\/wp\/v2\/product_cat?post=1271"},{"taxonomy":"product_tag","embeddable":true,"href":"https:\/\/displayproducts.eu\/de\/wp-json\/wp\/v2\/product_tag?post=1271"}],"curies":[{"name":"wp","href":"https:\/\/api.w.org\/{rel}","templated":true}]}}