{"id":1247,"date":"2024-10-27T11:54:13","date_gmt":"2024-10-27T08:54:13","guid":{"rendered":"https:\/\/wristbandfactory.eu\/toode\/satin-lanyards-with-1-sided-silkscreen-logo-design\/"},"modified":"2026-04-01T21:52:36","modified_gmt":"2026-04-01T18:52:36","slug":"printed-satin-lanyards-premium-vip-branding","status":"publish","type":"product","link":"https:\/\/displayproducts.eu\/de\/p\/printed-satin-lanyards-premium-vip-branding\/","title":{"rendered":"Bedruckte Satin-Schl\u00fcsselb\u00e4nder (VIP)"},"content":{"rendered":"<p data-path-to-node=\"11\">Hinterlassen Sie bei Ihrer n\u00e4chsten Konferenz, Messe oder Firmenveranstaltung einen stilvollen Eindruck mit unserem <b>Bedruckte Satin-Schl\u00fcsselb\u00e4nder<\/b>. Im Gegensatz zu herk\u00f6mmlichem Polyester bietet Satin eine besonders hochwertige L\u00f6sung, die das Image Ihrer Marke durch ihre Textur und ihren Glanz aufwertet. Die glatte, gl\u00e4nzende Oberfl\u00e4che sorgt f\u00fcr ein professionelles Erscheinungsbild und macht Satin zur perfekten Wahl f\u00fcr VIP-G\u00e4ste, Mitarbeiter von Unternehmen und exklusive Markenaktivierungen.<\/p>\n<p data-path-to-node=\"12\">Diese Lanyards sind aus feinem Satinband gefertigt und ca. 90 cm lang. Aufgrund der glatten Oberfl\u00e4che des Materials bringen wir Ihr Logo mit einem hochwertigen Verfahren an. <b>einseitiger Siebdruck<\/b>. Diese Methode gew\u00e4hrleistet Ihre <b>Pantone-konforme Farben<\/b> Sie bleiben scharf und lebendig und bilden einen sch\u00f6nen Kontrast zum gl\u00e4nzenden Hintergrund.<\/p>\n<p data-path-to-node=\"13\"><i>Hinweis zum Drucken:<\/i> Aufgrund der feinen und leicht durchscheinenden Beschaffenheit von Satin ist das Muster oft auf der R\u00fcckseite schwach sichtbar. Dies ist ein branchen\u00fcbliches Merkmal hochwertiger Satin-Lanyards und tr\u00e4gt zu deren authentischer Textilqualit\u00e4t bei.<\/p>\n<p data-path-to-node=\"14\">Jedes Lanyard ist standardm\u00e4\u00dfig mit einem robusten <b>Metallkarabiner<\/b>, Sie gew\u00e4hrleisten einen sicheren Halt f\u00fcr Ausweise oder Schl\u00fcssel. F\u00fcr ein rundum gelungenes Premium-Erlebnis empfehlen wir die Kombination dieser Lanyards mit unseren stabilen Ausweish\u00fcllen.<\/p>\n<p data-path-to-node=\"15\"><b>Hauptmerkmale:<\/b><\/p>\n<ul data-path-to-node=\"16\">\n<li>\n<p data-path-to-node=\"16,0,0\"><b>Material:<\/b> Feiner Satin mit glatter, gl\u00e4nzender Oberfl\u00e4che f\u00fcr eine luxuri\u00f6se \u00c4sthetik.<\/p>\n<\/li>\n<li>\n<p data-path-to-node=\"16,1,0\"><b>Drucken:<\/b> Einseitiger Siebdruck f\u00fcr ein lebendiges, kontrastreiches Branding.<\/p>\n<\/li>\n<li>\n<p data-path-to-node=\"16,2,0\"><b>Farbabstimmung:<\/b> Pr\u00e4zise Pantone-Farbanpassung f\u00fcr Ihr Firmenlogo.<\/p>\n<\/li>\n<li>\n<p data-path-to-node=\"16,3,0\"><b>Standardabmessungen:<\/b> L\u00e4nge ca. 90 cm, bequem auch f\u00fcr formelle Anl\u00e4sse geeignet.<\/p>\n<\/li>\n<li>\n<p data-path-to-node=\"16,4,0\"><b>Hardware:<\/b> Inklusive robustem Metallkarabiner; Sonderanfertigungen sind m\u00f6glich.<\/p>\n<\/li>\n<li>\n<p data-path-to-node=\"16,5,0\"><b>Anwendung:<\/b> Am besten geeignet f\u00fcr VIP-Zugang, Preisverleihungen und Modeveranstaltungen.<\/p>\n<\/li>\n<\/ul>","protected":false},"excerpt":{"rendered":"<ul>\n<li>\n<p data-path-to-node=\"9,0,0\"><b>Luxusausstattung:<\/b> Das feine Satingewebe bietet eine glatte, gl\u00e4nzende Oberfl\u00e4che, die sich hochwertig anf\u00fchlt.<\/p>\n<\/li>\n<li>\n<p data-path-to-node=\"9,1,0\"><b>Scharfe Details:<\/b> Hochwertiger Siebdruck sorgt daf\u00fcr, dass Ihr Logo auf dem gl\u00e4nzenden Hintergrund leuchtend und deutlich erscheint.<\/p>\n<\/li>\n<li>\n<p data-path-to-node=\"9,2,0\"><b>VIP- und Firmenkunden:<\/b> Die bevorzugte Wahl f\u00fcr hochkar\u00e4tige Konferenzen, Galadinner und exklusive Markenaktionen.<\/p>\n<\/li>\n<li>\n<p data-path-to-node=\"9,3,0\"><b>Professionelle Hardware:<\/b> Ein robuster Metallkarabiner ist standardm\u00e4\u00dfig enthalten; weitere hochwertige Befestigungselemente sind erh\u00e4ltlich.<\/p>\n<\/li>\n<li><\/li>\n<\/ul>","protected":false},"featured_media":6758,"comment_status":"closed","ping_status":"closed","template":"","meta":[],"product_brand":[],"product_cat":[43,104],"product_tag":[],"class_list":{"0":"post-1247","1":"product","2":"type-product","3":"status-publish","4":"has-post-thumbnail","6":"product_cat-lanyards","7":"product_cat-custom-printed-lanyards","9":"first","10":"instock","11":"shipping-taxable","12":"purchasable","13":"product-type-simple"},"_links":{"self":[{"href":"https:\/\/displayproducts.eu\/de\/wp-json\/wp\/v2\/product\/1247","targetHints":{"allow":["GET"]}}],"collection":[{"href":"https:\/\/displayproducts.eu\/de\/wp-json\/wp\/v2\/product"}],"about":[{"href":"https:\/\/displayproducts.eu\/de\/wp-json\/wp\/v2\/types\/product"}],"replies":[{"embeddable":true,"href":"https:\/\/displayproducts.eu\/de\/wp-json\/wp\/v2\/comments?post=1247"}],"wp:featuredmedia":[{"embeddable":true,"href":"https:\/\/displayproducts.eu\/de\/wp-json\/wp\/v2\/media\/6758"}],"wp:attachment":[{"href":"https:\/\/displayproducts.eu\/de\/wp-json\/wp\/v2\/media?parent=1247"}],"wp:term":[{"taxonomy":"product_brand","embeddable":true,"href":"https:\/\/displayproducts.eu\/de\/wp-json\/wp\/v2\/product_brand?post=1247"},{"taxonomy":"product_cat","embeddable":true,"href":"https:\/\/displayproducts.eu\/de\/wp-json\/wp\/v2\/product_cat?post=1247"},{"taxonomy":"product_tag","embeddable":true,"href":"https:\/\/displayproducts.eu\/de\/wp-json\/wp\/v2\/product_tag?post=1247"}],"curies":[{"name":"wp","href":"https:\/\/api.w.org\/{rel}","templated":true}]}}