{"id":1212,"date":"2024-10-27T11:54:36","date_gmt":"2024-10-27T08:54:36","guid":{"rendered":"https:\/\/wristbandfactory.eu\/toode\/safety-wristbands-for-children\/"},"modified":"2026-04-01T21:52:36","modified_gmt":"2026-04-01T18:52:36","slug":"safety-wristbands-for-children","status":"publish","type":"product","link":"https:\/\/displayproducts.eu\/de\/p\/safety-wristbands-for-children\/","title":{"rendered":"Sicherheitsarmb\u00e4nder f\u00fcr Kinder"},"content":{"rendered":"<div class=\"wpb_text_column wpb_content_element\">\n<div class=\"wpb_wrapper\">\n<p>Die Armb\u00e4nder sind absolut sicher f\u00fcr die Gesundheit und Haut des Kindes, was durch entsprechende Zertifikate belegt wird. Wir arbeiten mit den erfahrensten Materialherstellern zusammen, um sicherzustellen, dass unsere Kunden ein absolut sicheres Produkt erhalten.<\/p>\n<\/div>\n<\/div>\n<p>zertifiziert<br \/>\nvom Nationalen Hygieneinstitut in Polen zugelassen<\/p>\n<p>Material<br \/>\nspezielles Material, das sanft zur Kinderhaut ist<\/p>\n<p>hypoallergen<br \/>\nkeine allergenen Verbindungen<\/p>\n<p>hypoallergen<br \/>\nG\u00fcnstige Partnerschaftsbedingungen<\/p>\n<p>ab 300 St\u00fcck<br \/>\ngeringe Produktionsmengen m\u00f6glich<\/p>\n<p>Zeit<br \/>\nkurze Fertigungszeiten<br \/>\nHaltbarkeit<br \/>\ndas Material ist flexibel, zart und langlebig zugleich<\/p>\n<p>wiederverwendbar<br \/>\nVerschl\u00fcsse des Bandes sind so gestaltet, dass eine mehrfache Verwendung des Bandes m\u00f6glich ist<\/p>\n<p>Farbe<br \/>\nder Verschluss verf\u00e4rbt sich bei starker UV-Strahlung<\/p>","protected":false},"excerpt":{"rendered":"<div>\n<p class=\"text-gray-500\">Eine gro\u00dfe Auswahl an farbenfrohen, einzigartigen Mustern, entworfen von einem Illustrator und P\u00e4dagogen. Dar\u00fcber hinaus kann der Kunde jedes beliebige Design erstellen und auf das Armband drucken. Es ist die perfekte L\u00f6sung f\u00fcr Unternehmen, die ein einzigartiges Werbemittel, ein innovatives und fantasievolles Gadget oder ein n\u00fctzliches Geschenk f\u00fcr ihre Mitarbeiter und Kunden suchen. Die Werbegrafik kann die gesamte Oberfl\u00e4che des Armbands (ohne Verschluss) bedecken.<\/p>\n<\/div>","protected":false},"featured_media":6439,"comment_status":"closed","ping_status":"closed","template":"","meta":[],"product_brand":[],"product_cat":[66,68],"product_tag":[],"class_list":{"0":"post-1212","1":"product","2":"type-product","3":"status-publish","4":"has-post-thumbnail","6":"product_cat-wristbands","7":"product_cat-event-supplies","9":"first","10":"instock","11":"shipping-taxable","12":"purchasable","13":"product-type-simple"},"_links":{"self":[{"href":"https:\/\/displayproducts.eu\/de\/wp-json\/wp\/v2\/product\/1212","targetHints":{"allow":["GET"]}}],"collection":[{"href":"https:\/\/displayproducts.eu\/de\/wp-json\/wp\/v2\/product"}],"about":[{"href":"https:\/\/displayproducts.eu\/de\/wp-json\/wp\/v2\/types\/product"}],"replies":[{"embeddable":true,"href":"https:\/\/displayproducts.eu\/de\/wp-json\/wp\/v2\/comments?post=1212"}],"wp:featuredmedia":[{"embeddable":true,"href":"https:\/\/displayproducts.eu\/de\/wp-json\/wp\/v2\/media\/6439"}],"wp:attachment":[{"href":"https:\/\/displayproducts.eu\/de\/wp-json\/wp\/v2\/media?parent=1212"}],"wp:term":[{"taxonomy":"product_brand","embeddable":true,"href":"https:\/\/displayproducts.eu\/de\/wp-json\/wp\/v2\/product_brand?post=1212"},{"taxonomy":"product_cat","embeddable":true,"href":"https:\/\/displayproducts.eu\/de\/wp-json\/wp\/v2\/product_cat?post=1212"},{"taxonomy":"product_tag","embeddable":true,"href":"https:\/\/displayproducts.eu\/de\/wp-json\/wp\/v2\/product_tag?post=1212"}],"curies":[{"name":"wp","href":"https:\/\/api.w.org\/{rel}","templated":true}]}}