{"id":1208,"date":"2024-10-27T11:54:37","date_gmt":"2024-10-27T08:54:37","guid":{"rendered":"https:\/\/wristbandfactory.eu\/toode\/faux-leather-wristbands\/"},"modified":"2026-04-01T21:52:36","modified_gmt":"2026-04-01T18:52:36","slug":"faux-leather-wristbands","status":"publish","type":"product","link":"https:\/\/displayproducts.eu\/de\/p\/faux-leather-wristbands\/","title":{"rendered":"Kunstlederarmb\u00e4nder"},"content":{"rendered":"<p>Entscheiden Sie sich f\u00fcr einen authentischen Look mit gravierten Lederarmb\u00e4ndern. Ihr Text wird in das Armband gepr\u00e4gt, genau wie es echte Lederhandwerker tun. So hat der Text die gleiche Farbe wie das Armband.<\/p>\n<p>Wir bieten 2 Verschlussarten an, einen Kunststoffclip und einen Metallverschluss.<\/p>\n<p>Der Kunststoff-Clipverschluss \u00e4hnelt dem Verschluss von Vinylarmb\u00e4ndern. Durch die L\u00f6cher im Armband l\u00e4sst sich eine individuelle Passform erreichen. Nach dem Zuschnappen l\u00e4sst sich der Verschluss nicht mehr \u00f6ffnen, ohne ihn zu besch\u00e4digen und so Manipulationsspuren zu hinterlassen. Dies verhindert Manipulationen.<\/p>\n<p>Der Metallverschluss ist auch der Standardverschluss f\u00fcr Stoff-Festivalarmb\u00e4nder. Zum Verschlie\u00dfen ben\u00f6tigst du eine Crimpzange. Nach dem Crimpen des Verschlusses l\u00e4sst sich das Armband nicht mehr ohne Manipulationsspuren entfernen, was Betrug vorbeugt.<\/p>","protected":false},"excerpt":{"rendered":"<div>\n<p class=\"text-gray-500\">Mit Armb\u00e4ndern aus Kunstleder oder Kunstleder entscheiden Sie sich f\u00fcr eine sichere Zutrittskontrolle f\u00fcr Ihre Veranstaltung mit einzigartigem Look. Sie haben die Wahl zwischen vier verschiedenen Kunstlederfarben f\u00fcr ein- oder zweifarbigen Druck oder eine Gravur. Zur Befestigung der Armb\u00e4nder bieten wir zwei Optionen: Metallverschluss oder Kunststoff-Schnappverschluss.<\/p>\n<\/div>","protected":false},"featured_media":6410,"comment_status":"closed","ping_status":"closed","template":"","meta":[],"product_brand":[],"product_cat":[66,117],"product_tag":[],"class_list":{"0":"post-1208","1":"product","2":"type-product","3":"status-publish","4":"has-post-thumbnail","6":"product_cat-wristbands","7":"product_cat-leather-wristbands","9":"first","10":"instock","11":"shipping-taxable","12":"purchasable","13":"product-type-simple"},"_links":{"self":[{"href":"https:\/\/displayproducts.eu\/de\/wp-json\/wp\/v2\/product\/1208","targetHints":{"allow":["GET"]}}],"collection":[{"href":"https:\/\/displayproducts.eu\/de\/wp-json\/wp\/v2\/product"}],"about":[{"href":"https:\/\/displayproducts.eu\/de\/wp-json\/wp\/v2\/types\/product"}],"replies":[{"embeddable":true,"href":"https:\/\/displayproducts.eu\/de\/wp-json\/wp\/v2\/comments?post=1208"}],"wp:featuredmedia":[{"embeddable":true,"href":"https:\/\/displayproducts.eu\/de\/wp-json\/wp\/v2\/media\/6410"}],"wp:attachment":[{"href":"https:\/\/displayproducts.eu\/de\/wp-json\/wp\/v2\/media?parent=1208"}],"wp:term":[{"taxonomy":"product_brand","embeddable":true,"href":"https:\/\/displayproducts.eu\/de\/wp-json\/wp\/v2\/product_brand?post=1208"},{"taxonomy":"product_cat","embeddable":true,"href":"https:\/\/displayproducts.eu\/de\/wp-json\/wp\/v2\/product_cat?post=1208"},{"taxonomy":"product_tag","embeddable":true,"href":"https:\/\/displayproducts.eu\/de\/wp-json\/wp\/v2\/product_tag?post=1208"}],"curies":[{"name":"wp","href":"https:\/\/api.w.org\/{rel}","templated":true}]}}