{"id":1183,"date":"2024-07-16T18:07:16","date_gmt":"2024-07-16T15:07:16","guid":{"rendered":"https:\/\/wristbandfactory.eu\/toode\/uv-neverloseme-wristbands\/"},"modified":"2026-04-01T21:52:04","modified_gmt":"2026-04-01T18:52:04","slug":"uv-sensor-safety-wristbands","status":"publish","type":"product","link":"https:\/\/displayproducts.eu\/de\/p\/uv-sensor-safety-wristbands\/","title":{"rendered":"UV-Sensor-Sicherheitsarmb\u00e4nder"},"content":{"rendered":"<p>Zeigen Sie mit dem UV-Sensor-Sicherheitsarmband, dass Ihr Unternehmen sich f\u00fcr Sicherheit einsetzt. Dieser praktische Werbeartikel eignet sich ideal f\u00fcr Firmenfamilientage, Konferenzen im Freien oder gesundheitsorientierte Marketingkampagnen und bietet den Teilnehmern einen echten Nutzen.<\/p>\n<p>Das Armband verf\u00fcgt \u00fcber einen speziellen, wiederverwendbaren Verschluss, der die Sonneneinstrahlung aktiv \u00fcberwacht. Der Verschluss wechselt von Wei\u00df zu einem intensiven Rot, sobald die UVA- oder UVB-Strahlungswerte gef\u00e4hrlich werden, und warnt den Tr\u00e4ger so deutlich.<\/p>\n<p>Das Armband selbst besteht aus einem speziellen, hypoallergenen Material, das sowohl strapazierf\u00e4hig als auch hautfreundlich ist. <b>zertifiziert vom Nationalen Institut f\u00fcr Hygiene<\/b>. Die gesamte Oberfl\u00e4che des Armbands kann mit Ihrem farbigen Firmenlogo, Event-Branding oder einem Sicherheitsslogan individuell gestaltet werden, wodurch ein gut sichtbares und einpr\u00e4gsames Werbemittel entsteht.<\/p>\n<p>Dieses Armband verbindet Ihre Marke mit sozialer Verantwortung und modernem Sicherheitsbewusstsein und schafft so eine positive Assoziation, die lange nach der Veranstaltung anh\u00e4lt.<\/p>\n<p><b>Hauptmerkmale:<\/b><\/p>\n<ul>\n<li><b>UV-Sensorverschluss:<\/b> Der wiederverwendbare Verschluss \u00e4ndert aktiv seine Farbe zu Rot, um vor hohen UVA\/UVB-Strahlungswerten zu warnen.<\/li>\n<li><b>Vollfarbige Individualisierung:<\/b> Die gesamte Oberfl\u00e4che des Armbands kann mit Ihrem individuellen Logo oder Ihrer Botschaft bedruckt werden.<\/li>\n<li><b>Kindersicher zertifiziertes Material:<\/b> Hypoallergenes, flexibles und strapazierf\u00e4higes Material, zertifiziert vom Nationalen Institut f\u00fcr Hygiene.<\/li>\n<li><b>Wiederverwendbares Design:<\/b> Der Verschluss ist f\u00fcr den mehrfachen Einsatz konzipiert und verl\u00e4ngert so die Lebensdauer Ihres Werbeartikels.<\/li>\n<li><b>Instrument zur Unternehmensverantwortung:<\/b> Ein einzigartiges Gadget, um das Engagement Ihrer Marke f\u00fcr Gesundheit und Sicherheit zu demonstrieren.<\/li>\n<\/ul>","protected":false},"excerpt":{"rendered":"<ul>\n<li>Verf\u00fcgt \u00fcber einen UV-reaktiven Verschluss, der sich bei starker Sonneneinstrahlung rot verf\u00e4rbt.<\/li>\n<li>Hypoallergenes, strapazierf\u00e4higes und wiederverwendbares Material, zertifiziert f\u00fcr Kindersicherheit.<\/li>\n<li>Vollst\u00e4ndig individualisierbares Armband mit Ihrem farbigen Logo oder Ihrer Sicherheitsbotschaft.<\/li>\n<li>Ein hochwertiger Werbeartikel f\u00fcr familienorientierte Veranstaltungen und Corporate-Social-Media-Aktivit\u00e4ten.<\/li>\n<\/ul>\n<p>&nbsp;<\/p>","protected":false},"featured_media":6254,"comment_status":"closed","ping_status":"closed","template":"","meta":[],"product_brand":[],"product_cat":[66,88,68],"product_tag":[],"class_list":{"0":"post-1183","1":"product","2":"type-product","3":"status-publish","4":"has-post-thumbnail","6":"product_cat-wristbands","7":"product_cat-smart-wristbands","8":"product_cat-event-supplies","10":"first","11":"instock","12":"shipping-taxable","13":"purchasable","14":"product-type-simple"},"_links":{"self":[{"href":"https:\/\/displayproducts.eu\/de\/wp-json\/wp\/v2\/product\/1183","targetHints":{"allow":["GET"]}}],"collection":[{"href":"https:\/\/displayproducts.eu\/de\/wp-json\/wp\/v2\/product"}],"about":[{"href":"https:\/\/displayproducts.eu\/de\/wp-json\/wp\/v2\/types\/product"}],"replies":[{"embeddable":true,"href":"https:\/\/displayproducts.eu\/de\/wp-json\/wp\/v2\/comments?post=1183"}],"wp:featuredmedia":[{"embeddable":true,"href":"https:\/\/displayproducts.eu\/de\/wp-json\/wp\/v2\/media\/6254"}],"wp:attachment":[{"href":"https:\/\/displayproducts.eu\/de\/wp-json\/wp\/v2\/media?parent=1183"}],"wp:term":[{"taxonomy":"product_brand","embeddable":true,"href":"https:\/\/displayproducts.eu\/de\/wp-json\/wp\/v2\/product_brand?post=1183"},{"taxonomy":"product_cat","embeddable":true,"href":"https:\/\/displayproducts.eu\/de\/wp-json\/wp\/v2\/product_cat?post=1183"},{"taxonomy":"product_tag","embeddable":true,"href":"https:\/\/displayproducts.eu\/de\/wp-json\/wp\/v2\/product_tag?post=1183"}],"curies":[{"name":"wp","href":"https:\/\/api.w.org\/{rel}","templated":true}]}}