{"id":6855,"date":"2026-01-15T15:41:22","date_gmt":"2026-01-15T12:41:22","guid":{"rendered":"https:\/\/wristbandfactory.eu\/?post_type=product&#038;p=6855"},"modified":"2026-04-01T21:52:34","modified_gmt":"2026-04-01T18:52:34","slug":"custom-printed-event-badges-id-cards-pvc-laminated","status":"publish","type":"product","link":"https:\/\/displayproducts.eu\/da\/p\/custom-printed-event-badges-id-cards-pvc-laminated\/","title":{"rendered":"Eventbadges og navneskilte med tryk"},"content":{"rendered":"<p data-path-to-node=\"6\">Str\u00f8mlin din akkrediteringsproces med vores alsidige udvalg af <b data-path-to-node=\"6\" data-index-in-node=\"91\">Med eget tryk trykte eventbadges og ID-kort<\/b>. Uanset om du organiserer en endagskonference eller administrerer langsigtet bygningssikkerhed, tilbyder vi en l\u00f8sning, der passer til dit budget og dine holdbarhedskrav, i \u00e9n uden trykt og bekvem ordre.<\/p>\n<p data-path-to-node=\"7\">I stedet for at k\u00f8be separate holdere og indsatser, er disse badges en komplet &quot;alt-i-\u00e9n&quot;-l\u00f8sning \u2013 trykt, f\u00e6rdiglavet og klar til oph\u00e6ngning.<\/p>\n<h2 data-path-to-node=\"8\">V\u00e6lg dit materiale<\/h2>\n<ul data-path-to-node=\"9\">\n<li>\n<p data-path-to-node=\"9,0,0\"><b data-path-to-node=\"9,0,0\" data-index-in-node=\"0\">Mulighed A: Stiv PVC (Premium):<\/b> Lavet af massivt polyvinylchlorid (som et bankkort). Disse er vandt\u00e6tte, ub\u00f8jelige og ekstremt holdbare. Ideel til medarbejder-ID&#039;er, VIP-pas og genanvendelige pressekort.<\/p>\n<\/li>\n<li>\n<p data-path-to-node=\"9,1,0\"><b data-path-to-node=\"9,1,0\" data-index-in-node=\"0\">Mulighed B: Lamineret papir (standard):<\/b> Et papirindl\u00e6g af h\u00f8j kvalitet indkapslet i en robust plastikpose med varmelaminering. Dette er branchestandarden for messer, festivaler og konferencer, hvor budget og hastighed er afg\u00f8rende.<\/p>\n<\/li>\n<\/ul>\n<h2 data-path-to-node=\"10\">Tilg\u00e6ngelige st\u00f8rrelser og formater<\/h2>\n<ul data-path-to-node=\"11\">\n<li>\n<p data-path-to-node=\"11,0,0\"><b data-path-to-node=\"11,0,0\" data-index-in-node=\"0\">Standard CR80 (86 x 54 mm):<\/b> Den klassiske kreditkortst\u00f8rrelse. F\u00e5s i liggende eller st\u00e5ende format.<\/p>\n<\/li>\n<li>\n<p data-path-to-node=\"11,1,0\"><b data-path-to-node=\"11,1,0\" data-index-in-node=\"0\">Mellemstor begivenhed (100 x 70 mm):<\/b> Giver 30% mere overfladeareal til dagsordener, kort eller st\u00f8rre fotos.<\/p>\n<\/li>\n<li>\n<p data-path-to-node=\"11,2,0\"><b data-path-to-node=\"11,2,0\" data-index-in-node=\"0\">Stor \/ XL (120 x 80 mm):<\/b> Maksimal synlighed. Perfekt til &quot;Access All Areas&quot;-kort og festivalprogrammer.<\/p>\n<\/li>\n<\/ul>\n<h2 data-path-to-node=\"12\">Specifikationer<\/h2>\n<ul data-path-to-node=\"13\">\n<li>\n<p data-path-to-node=\"13,0,0\"><b data-path-to-node=\"13,0,0\" data-index-in-node=\"0\">Printteknologi:<\/b> Fuldfarve digital eller offset<\/p>\n<\/li>\n<li>\n<p data-path-to-node=\"13,1,0\"><b data-path-to-node=\"13,1,0\" data-index-in-node=\"0\">PVC-tykkelse:<\/b> 0,76 mm (standardkreditkort)<\/p>\n<\/li>\n<li>\n<p data-path-to-node=\"13,2,0\"><b data-path-to-node=\"13,2,0\" data-index-in-node=\"0\">Lamineret tykkelse:<\/b> Kraftigt papir + 150-250 mikron laminat<\/p>\n<\/li>\n<li>\n<p data-path-to-node=\"13,3,0\"><b data-path-to-node=\"13,3,0\" data-index-in-node=\"0\">Efterbehandling:<\/b> Udstansede afrundede hj\u00f8rner + Hulmaskine (cirkel eller lige)<\/p>\n<\/li>\n<li>\n<p data-path-to-node=\"13,4,0\"><b data-path-to-node=\"13,4,0\" data-index-in-node=\"0\">Minimumsbestilling:<\/b> 50 stykker<\/p>\n<\/li>\n<\/ul>\n<h2 data-path-to-node=\"14\">Brugsscenarier<\/h2>\n<ul data-path-to-node=\"15\">\n<li>\n<p data-path-to-node=\"15,0,0\"><b data-path-to-node=\"15,0,0\" data-index-in-node=\"0\">Konferencer og messer:<\/b> Omkostningseffektive laminerede badges til tusindvis af deltagere.<\/p>\n<\/li>\n<li>\n<p data-path-to-node=\"15,1,0\"><b data-path-to-node=\"15,1,0\" data-index-in-node=\"0\">Musikfestivaler:<\/b> Storformat XL-kort til kunstnere og crew (lette at f\u00e5 \u00f8je p\u00e5 p\u00e5 afstand).<\/p>\n<\/li>\n<li>\n<p data-path-to-node=\"15,2,0\"><b data-path-to-node=\"15,2,0\" data-index-in-node=\"0\">Virksomheds-ID:<\/b> Holdbare PVC-kort til daglig adgang til kontoret.<\/p>\n<\/li>\n<li>\n<p data-path-to-node=\"15,3,0\"><b data-path-to-node=\"15,3,0\" data-index-in-node=\"0\">Sportsbegivenheder:<\/b> Vejrbestandige PVC-m\u00e6rker til udend\u00f8rspersonale og medier.<\/p>\n<\/li>\n<\/ul>","protected":false},"excerpt":{"rendered":"<ul data-path-to-node=\"5\">\n<li>\n<p data-path-to-node=\"5,0,0\"><b data-path-to-node=\"5,0,0\" data-index-in-node=\"0\">To materialemuligheder:<\/b> V\u00e6lg mellem stive <b data-path-to-node=\"5,0,0\" data-index-in-node=\"43\">PVC-plast<\/b> (holdbar, kreditkortf\u00f8lelse) eller omkostningseffektiv <b data-path-to-node=\"5,0,0\" data-index-in-node=\"101\">Lamineret papir<\/b> (letv\u00e6gts, indkapslet).<\/p>\n<\/li>\n<li>\n<p data-path-to-node=\"5,1,0\"><b data-path-to-node=\"5,1,0\" data-index-in-node=\"0\">Alsidige st\u00f8rrelser:<\/b> F\u00e5s i standard kreditkortst\u00f8rrelse (86x54 mm) og store eventformater (100x70 mm, 120x80 mm).<\/p>\n<\/li>\n<li>\n<p data-path-to-node=\"5,2,0\"><b data-path-to-node=\"5,2,0\" data-index-in-node=\"0\">Kant-til-kant-udskrivning:<\/b> Fuldfarveprint i h\u00f8j opl\u00f8sning p\u00e5 begge sider sikrer, at din branding eller eventgrafik skiller sig ud.<\/p>\n<\/li>\n<li>\n<p data-path-to-node=\"5,3,0\"><b data-path-to-node=\"5,3,0\" data-index-in-node=\"0\">Klar til brug:<\/b> Alle badges leveres med en standard hulmaskine (rund eller oval) til \u00f8jeblikkelig fastg\u00f8relse til n\u00f8glesnore.<\/p>\n<\/li>\n<\/ul>","protected":false},"featured_media":6856,"comment_status":"closed","ping_status":"closed","template":"","meta":[],"product_brand":[],"product_cat":[90],"product_tag":[],"class_list":{"0":"post-6855","1":"product","2":"type-product","3":"status-publish","4":"has-post-thumbnail","6":"product_cat-laminated-cards","8":"first","9":"instock","10":"shipping-taxable","11":"purchasable","12":"product-type-simple"},"_links":{"self":[{"href":"https:\/\/displayproducts.eu\/da\/wp-json\/wp\/v2\/product\/6855","targetHints":{"allow":["GET"]}}],"collection":[{"href":"https:\/\/displayproducts.eu\/da\/wp-json\/wp\/v2\/product"}],"about":[{"href":"https:\/\/displayproducts.eu\/da\/wp-json\/wp\/v2\/types\/product"}],"replies":[{"embeddable":true,"href":"https:\/\/displayproducts.eu\/da\/wp-json\/wp\/v2\/comments?post=6855"}],"wp:featuredmedia":[{"embeddable":true,"href":"https:\/\/displayproducts.eu\/da\/wp-json\/wp\/v2\/media\/6856"}],"wp:attachment":[{"href":"https:\/\/displayproducts.eu\/da\/wp-json\/wp\/v2\/media?parent=6855"}],"wp:term":[{"taxonomy":"product_brand","embeddable":true,"href":"https:\/\/displayproducts.eu\/da\/wp-json\/wp\/v2\/product_brand?post=6855"},{"taxonomy":"product_cat","embeddable":true,"href":"https:\/\/displayproducts.eu\/da\/wp-json\/wp\/v2\/product_cat?post=6855"},{"taxonomy":"product_tag","embeddable":true,"href":"https:\/\/displayproducts.eu\/da\/wp-json\/wp\/v2\/product_tag?post=6855"}],"curies":[{"name":"wp","href":"https:\/\/api.w.org\/{rel}","templated":true}]}}