{"id":6853,"date":"2026-01-15T15:29:17","date_gmt":"2026-01-15T12:29:17","guid":{"rendered":"https:\/\/wristbandfactory.eu\/?post_type=product&#038;p=6853"},"modified":"2026-04-01T21:52:34","modified_gmt":"2026-04-01T18:52:34","slug":"custom-printed-eco-friendly-yoga-mats-cork-microfiber-coconut","status":"publish","type":"product","link":"https:\/\/displayproducts.eu\/da\/p\/custom-printed-eco-friendly-yoga-mats-cork-microfiber-coconut\/","title":{"rendered":"Yogam\u00e5tter med tryk (kork og mikrofiber)"},"content":{"rendered":"<p data-path-to-node=\"6\">Forvandl dit studie eller virksomhedens wellness-program med vores f\u00f8rsteklasses udvalg af <b data-path-to-node=\"6\" data-index-in-node=\"109\">Med eget tryk, milj\u00f8venlige yogam\u00e5tter<\/b>. Disse m\u00e5tter er designet til professionel brug og eksklusiv merchandising og kombinerer b\u00e6redygtighed med overlegen ydeevne. I mods\u00e6tning til standard PVC-m\u00e5tter bruger vores kollektion en base af naturgummi for uovertruffen stabilitet og tilbyder tre forskellige overfladematerialer, der matcher dine specifikke branding- og funktionelle behov.<\/p>\n<p data-path-to-node=\"7\">Uanset om du har brug for en svedabsorberende overflade til hot yoga eller en tekstur med h\u00f8jt greb til pr\u00e6cise stillinger, tilbyder vores med eget tryk m\u00e5tter det perfekte l\u00e6rred til dit brand.<\/p>\n<h2 data-path-to-node=\"8\">Materialemuligheder<\/h2>\n<ul data-path-to-node=\"9\">\n<li>\n<p data-path-to-node=\"9,0,0\"><b data-path-to-node=\"9,0,0\" data-index-in-node=\"0\">Mulighed A: Ruskindslignende mikrofiber:<\/b> En bl\u00f8d, fl\u00f8jlsbl\u00f8d overflade, der bliver mere grebsrig, n\u00e5r du sveder. Ideel til hot yoga og detaljerede fotoprint i fuld farve.<\/p>\n<\/li>\n<li>\n<p data-path-to-node=\"9,1,0\"><b data-path-to-node=\"9,1,0\" data-index-in-node=\"0\">Mulighed B: 100% Naturkork:<\/b> Antimikrobiel og milj\u00f8venlig. Giver et naturligt, organisk udseende med fremragende t\u00f8rt greb.<\/p>\n<\/li>\n<li>\n<p data-path-to-node=\"9,2,0\"><b data-path-to-node=\"9,2,0\" data-index-in-node=\"0\">Mulighed C: Kokos PU-fiber:<\/b> Det ultimative valg til pr\u00e6station. En blanding af PU og minimum 10% kokosfibre giver overlegen greb og en unik tekstureret \u00e6stetik.<\/p>\n<\/li>\n<\/ul>\n<h2 data-path-to-node=\"10\">Specifikationer<\/h2>\n<ul data-path-to-node=\"11\">\n<li>\n<p data-path-to-node=\"11,0,0\"><b data-path-to-node=\"11,0,0\" data-index-in-node=\"0\">Basismateriale:<\/b> Naturgummi (alle modeller)<\/p>\n<\/li>\n<li>\n<p data-path-to-node=\"11,1,0\"><b data-path-to-node=\"11,1,0\" data-index-in-node=\"0\">Trykning:<\/b> Fuldfarvet CMYK (Bem\u00e6rk: \u00b115% farveafvigelse kan forekomme p\u00e5 grund af materialeabsorption)<\/p>\n<\/li>\n<li>\n<p data-path-to-node=\"11,2,0\"><b data-path-to-node=\"11,2,0\" data-index-in-node=\"0\">Minimumsbestilling:<\/b> 12 stk. (Bestil multipla af 6)<\/p>\n<\/li>\n<li>\n<p data-path-to-node=\"11,3,0\"><b data-path-to-node=\"11,3,0\" data-index-in-node=\"0\">Model 1 (Mikrofiber):<\/b> 183x68 cm | Tykkelse: 0,15 cm eller 0,4 cm | V\u00e6gt: ~1,5 kg \u2013 3,0 kg<\/p>\n<\/li>\n<li>\n<p data-path-to-node=\"11,4,0\"><b data-path-to-node=\"11,4,0\" data-index-in-node=\"0\">Model 2 (Kork):<\/b> 183x61 cm | Tykkelse: 0,2 cm eller 0,4 cm | V\u00e6gt: ~1,4 kg \u2013 2,8 kg<\/p>\n<\/li>\n<li>\n<p data-path-to-node=\"11,5,0\"><b data-path-to-node=\"11,5,0\" data-index-in-node=\"0\">Model 3 (Kokos PU):<\/b> 183x68 cm | Tykkelse: 0,2 cm eller 0,45 cm | V\u00e6gt: ~1,5 kg \u2013 3,0 kg | 100% Latex-\/PVC-fri<\/p>\n<\/li>\n<\/ul>\n<h2 data-path-to-node=\"12\">Brugsscenarier<\/h2>\n<ul data-path-to-node=\"13\">\n<li>\n<p data-path-to-node=\"13,0,0\"><b data-path-to-node=\"13,0,0\" data-index-in-node=\"0\">Yogastudier og fitnesscentre:<\/b> M\u00e6rkeudstyr til klasser eller detailsalg til medlemmer.<\/p>\n<\/li>\n<li>\n<p data-path-to-node=\"13,1,0\"><b data-path-to-node=\"13,1,0\" data-index-in-node=\"0\">Virksomhedsvelv\u00e6re:<\/b> Premiumgaver til medarbejdere, der fremmer sundhed og balance mellem arbejdsliv og privatliv.<\/p>\n<\/li>\n<li>\n<p data-path-to-node=\"13,2,0\"><b data-path-to-node=\"13,2,0\" data-index-in-node=\"0\">Retreats og spaer:<\/b> Eksklusive varer til luksuri\u00f8se wellness-retreats.<\/p>\n<\/li>\n<li>\n<p data-path-to-node=\"13,3,0\"><b data-path-to-node=\"13,3,0\" data-index-in-node=\"0\">Influencer-merchandise:<\/b> H\u00f8jv\u00e6rdi-specialdesignede produkter til fitnessinfluencers og coaches.<\/p>\n<\/li>\n<\/ul>","protected":false},"excerpt":{"rendered":"<ul>\n<li>\n<p data-path-to-node=\"5,0,0\"><b data-path-to-node=\"5,0,0\" data-index-in-node=\"0\">Premium milj\u00f8venlige materialer:<\/b> V\u00e6lg mellem bl\u00f8d ruskindsmikrofiber, naturlig antimikrobiel kork eller PU-blandinger af kokosn\u00f8d med h\u00f8jt greb \u2013 alle med en skridsikker base af naturlig gummi.<\/p>\n<\/li>\n<li>\n<p data-path-to-node=\"5,1,0\"><b data-path-to-node=\"5,1,0\" data-index-in-node=\"0\">Branding i fuld farve:<\/b> Kant-til-kant CMYK-print giver mulighed for fotorealistiske designs, med eget tryk m\u00f8nstre eller dristige firmalogoer.<\/p>\n<\/li>\n<li>\n<p data-path-to-node=\"5,2,0\"><b data-path-to-node=\"5,2,0\" data-index-in-node=\"0\">Kommerciel holdbarhed:<\/b> Robust konstruktion designet til fitnesscentre, yogastudier og f\u00f8rsteklasses firmagaver inden for wellness.<\/p>\n<\/li>\n<li>\n<p data-path-to-node=\"5,3,0\"><b data-path-to-node=\"5,3,0\" data-index-in-node=\"0\">Skridsikker stabilitet:<\/b> Den naturlige gummibund sikrer, at m\u00e5tten forbliver sikkert p\u00e5 plads under intensiv tr\u00e6ning.<\/p>\n<\/li>\n<\/ul>","protected":false},"featured_media":6854,"comment_status":"closed","ping_status":"closed","template":"","meta":[],"product_brand":[],"product_cat":[118],"product_tag":[],"class_list":{"0":"post-6853","1":"product","2":"type-product","3":"status-publish","4":"has-post-thumbnail","6":"product_cat-sports-fitness","8":"first","9":"instock","10":"shipping-taxable","11":"purchasable","12":"product-type-simple"},"_links":{"self":[{"href":"https:\/\/displayproducts.eu\/da\/wp-json\/wp\/v2\/product\/6853","targetHints":{"allow":["GET"]}}],"collection":[{"href":"https:\/\/displayproducts.eu\/da\/wp-json\/wp\/v2\/product"}],"about":[{"href":"https:\/\/displayproducts.eu\/da\/wp-json\/wp\/v2\/types\/product"}],"replies":[{"embeddable":true,"href":"https:\/\/displayproducts.eu\/da\/wp-json\/wp\/v2\/comments?post=6853"}],"wp:featuredmedia":[{"embeddable":true,"href":"https:\/\/displayproducts.eu\/da\/wp-json\/wp\/v2\/media\/6854"}],"wp:attachment":[{"href":"https:\/\/displayproducts.eu\/da\/wp-json\/wp\/v2\/media?parent=6853"}],"wp:term":[{"taxonomy":"product_brand","embeddable":true,"href":"https:\/\/displayproducts.eu\/da\/wp-json\/wp\/v2\/product_brand?post=6853"},{"taxonomy":"product_cat","embeddable":true,"href":"https:\/\/displayproducts.eu\/da\/wp-json\/wp\/v2\/product_cat?post=6853"},{"taxonomy":"product_tag","embeddable":true,"href":"https:\/\/displayproducts.eu\/da\/wp-json\/wp\/v2\/product_tag?post=6853"}],"curies":[{"name":"wp","href":"https:\/\/api.w.org\/{rel}","templated":true}]}}