{"id":6851,"date":"2026-01-15T15:18:22","date_gmt":"2026-01-15T12:18:22","guid":{"rendered":"https:\/\/wristbandfactory.eu\/?post_type=product&#038;p=6851"},"modified":"2026-04-01T21:52:03","modified_gmt":"2026-04-01T18:52:03","slug":"custom-printed-cotton-tea-towels-250gsm-45x70cm","status":"publish","type":"product","link":"https:\/\/displayproducts.eu\/da\/p\/custom-printed-cotton-tea-towels-250gsm-45x70cm\/","title":{"rendered":"Trykte viskestykker i bomuld (250gsm)"},"content":{"rendered":"<p data-path-to-node=\"8\">Styrk din brandtilstedev\u00e6relse i hjertet af hjemmet eller hotel- og restaurationsbranchen med vores <b data-path-to-node=\"8\" data-index-in-node=\"110\">Med eget tryk trykte bomulds viskestykker<\/b>. I mods\u00e6tning til uden tryke reklametekstiler er disse h\u00e5ndkl\u00e6der fremstillet af 250 gsm bomuld af h\u00f8j kvalitet, hvilket giver en solid og eksklusiv f\u00f8lelse, der afspejler din virksomhed. Uanset om de bruges i et travlt professionelt k\u00f8kken eller som en stilfuld firmagave, kombinerer de hverdagsnytte med effektiv brandeksponering.<\/p>\n<p data-path-to-node=\"9\">Disse viskestykker er designet til B2B-kunder, der s\u00f8ger varer, der bliver brugt i stedet for smidt v\u00e6k. Den skarpe serigrafi giver mulighed for markante, klare logoer eller kunstneriske m\u00f8nstre, hvilket g\u00f8r dem til fremragende varer til museumsbutikker, butikker og giveaways til events.<\/p>\n<h2 data-path-to-node=\"10\">N\u00f8glefunktioner<\/h2>\n<ul data-path-to-node=\"11\">\n<li>\n<p data-path-to-node=\"11,0,0\"><b data-path-to-node=\"11,0,0\" data-index-in-node=\"0\">H\u00f8jdensitetsstof:<\/b> Med en v\u00e6gt p\u00e5 250 g\/m\u00b2 er denne bomuld tykkere og mere holdbar end uden tryke reklameh\u00e5ndkl\u00e6der, hvilket sikrer en lang levetid.<\/p>\n<\/li>\n<li>\n<p data-path-to-node=\"11,1,0\"><b data-path-to-node=\"11,1,0\" data-index-in-node=\"0\">Skarpt serigrafi:<\/b> Vi kan trykke dit specifikke design i op til 3 Pantone-matchede farver, hvilket sikrer, at din brandidentitet bevares.<\/p>\n<\/li>\n<li>\n<p data-path-to-node=\"11,2,0\"><b data-path-to-node=\"11,2,0\" data-index-in-node=\"0\">Funktionel st\u00f8rrelse:<\/b> St\u00f8rrelsen 45x70 cm er branchestandarden for k\u00f8kkenudstyr og tilbyder rigelig overflade til t\u00f8rring og fremvisning.<\/p>\n<\/li>\n<li>\n<p data-path-to-node=\"11,3,0\"><b data-path-to-node=\"11,3,0\" data-index-in-node=\"0\">Maskinvaskbar:<\/b> Designet til at modst\u00e5 regelm\u00e6ssig vask, samtidig med at stoffets integritet bevares (anbefalet vask ved lave temperaturer for at forl\u00e6nge trykkets levetid).<\/p>\n<\/li>\n<\/ul>\n<h2 data-path-to-node=\"12\">Specifikationer<\/h2>\n<ul data-path-to-node=\"13\">\n<li>\n<p data-path-to-node=\"13,0,0\"><b data-path-to-node=\"13,0,0\" data-index-in-node=\"0\">Materiale:<\/b> 100% Bomuld<\/p>\n<\/li>\n<li>\n<p data-path-to-node=\"13,1,0\"><b data-path-to-node=\"13,1,0\" data-index-in-node=\"0\">V\u00e6gt:<\/b> 250 gsm (gram pr. kvadratmeter)<\/p>\n<\/li>\n<li>\n<p data-path-to-node=\"13,2,0\"><b data-path-to-node=\"13,2,0\" data-index-in-node=\"0\">Dimensioner:<\/b> 45 cm x 70 cm<\/p>\n<\/li>\n<li>\n<p data-path-to-node=\"13,3,0\"><b data-path-to-node=\"13,3,0\" data-index-in-node=\"0\">Udskrivningsmetode:<\/b> Serigrafi (op til 3 farver)<\/p>\n<\/li>\n<li>\n<p data-path-to-node=\"13,4,0\"><b data-path-to-node=\"13,4,0\" data-index-in-node=\"0\">Oph\u00e6ngningsl\u00f8kke:<\/b> Integreret for nemheds skyld<\/p>\n<\/li>\n<li>\n<p data-path-to-node=\"13,5,0\"><b data-path-to-node=\"13,5,0\" data-index-in-node=\"0\">Produktionsvariation:<\/b> Bem\u00e6rk venligst, at vi forbeholder os retten til at levere og fakturere +\/- 5% af den bestilte m\u00e6ngde p\u00e5 grund af produktionsbatching.<\/p>\n<\/li>\n<\/ul>\n<h2 data-path-to-node=\"14\">Brugsscenarier<\/h2>\n<ul data-path-to-node=\"15\">\n<li>\n<p data-path-to-node=\"15,0,0\"><b data-path-to-node=\"15,0,0\" data-index-in-node=\"0\">Branding af g\u00e6stfrihed:<\/b> Uniformt tilbeh\u00f8r til tjenere, barpersonale og kokke p\u00e5 hoteller og restauranter.<\/p>\n<\/li>\n<li>\n<p data-path-to-node=\"15,1,0\"><b data-path-to-node=\"15,1,0\" data-index-in-node=\"0\">Firmagaver:<\/b> En praktisk og milj\u00f8venlig tilf\u00f8jelse til julegavekurve eller PR-pakker med boligtema.<\/p>\n<\/li>\n<li>\n<p data-path-to-node=\"15,2,0\"><b data-path-to-node=\"15,2,0\" data-index-in-node=\"0\">Detailhandelsvarer:<\/b> Gensalgsvarer med h\u00f8j margin til kunstnere, souvenirbutikker og livsstilsm\u00e6rker.<\/p>\n<\/li>\n<li>\n<p data-path-to-node=\"15,3,0\"><b data-path-to-node=\"15,3,0\" data-index-in-node=\"0\">Begivenhedspr\u00e6mier:<\/b> Mindev\u00e6rdige uddelinger af information til messer i forbindelse med arrangementer i f\u00f8devare- og drikkevareindustrien.<\/p>\n<\/li>\n<\/ul>","protected":false},"excerpt":{"rendered":"<ul>\n<li>\n<p data-path-to-node=\"7,0,0\"><b data-path-to-node=\"7,0,0\" data-index-in-node=\"0\">Premium kraftig bomuld:<\/b> Lavet af slidst\u00e6rkt 250gsm bomuldsstof for fremragende absorberingsevne og en h\u00f8j kvalitetsfornemmelse.<\/p>\n<\/li>\n<li>\n<p data-path-to-node=\"7,1,0\"><b data-path-to-node=\"7,1,0\" data-index-in-node=\"0\">Stort brandingomr\u00e5de:<\/b> De store m\u00e5l p\u00e5 45 x 70 cm giver maksimal synlighed af dit logo eller dine med eget tryk kunstv\u00e6rker.<\/p>\n<\/li>\n<li>\n<p data-path-to-node=\"7,2,0\"><b data-path-to-node=\"7,2,0\" data-index-in-node=\"0\">Alsidig tilpasning:<\/b> Underst\u00f8tter serigrafi i op til 3 forskellige farver (inklusive hvid) for skarpe og holdbare designs.<\/p>\n<\/li>\n<li>\n<p data-path-to-node=\"7,3,0\"><b data-path-to-node=\"7,3,0\" data-index-in-node=\"0\">Ideel til hotel- og restaurationsbranchen og detailhandel:<\/b> Perfekt til restauranter, firmagaver, merchandise-kollektioner og markedsf\u00f8ring af boligindretning.<\/p>\n<\/li>\n<\/ul>","protected":false},"featured_media":6852,"comment_status":"closed","ping_status":"closed","template":"","meta":[],"product_brand":[],"product_cat":[122],"product_tag":[],"class_list":{"0":"post-6851","1":"product","2":"type-product","3":"status-publish","4":"has-post-thumbnail","6":"product_cat-promotional-accessories","8":"first","9":"instock","10":"shipping-taxable","11":"purchasable","12":"product-type-simple"},"_links":{"self":[{"href":"https:\/\/displayproducts.eu\/da\/wp-json\/wp\/v2\/product\/6851","targetHints":{"allow":["GET"]}}],"collection":[{"href":"https:\/\/displayproducts.eu\/da\/wp-json\/wp\/v2\/product"}],"about":[{"href":"https:\/\/displayproducts.eu\/da\/wp-json\/wp\/v2\/types\/product"}],"replies":[{"embeddable":true,"href":"https:\/\/displayproducts.eu\/da\/wp-json\/wp\/v2\/comments?post=6851"}],"wp:featuredmedia":[{"embeddable":true,"href":"https:\/\/displayproducts.eu\/da\/wp-json\/wp\/v2\/media\/6852"}],"wp:attachment":[{"href":"https:\/\/displayproducts.eu\/da\/wp-json\/wp\/v2\/media?parent=6851"}],"wp:term":[{"taxonomy":"product_brand","embeddable":true,"href":"https:\/\/displayproducts.eu\/da\/wp-json\/wp\/v2\/product_brand?post=6851"},{"taxonomy":"product_cat","embeddable":true,"href":"https:\/\/displayproducts.eu\/da\/wp-json\/wp\/v2\/product_cat?post=6851"},{"taxonomy":"product_tag","embeddable":true,"href":"https:\/\/displayproducts.eu\/da\/wp-json\/wp\/v2\/product_tag?post=6851"}],"curies":[{"name":"wp","href":"https:\/\/api.w.org\/{rel}","templated":true}]}}