{"id":6846,"date":"2026-01-15T13:19:07","date_gmt":"2026-01-15T10:19:07","guid":{"rendered":"https:\/\/wristbandfactory.eu\/?post_type=product&#038;p=6846"},"modified":"2026-04-01T21:52:34","modified_gmt":"2026-04-01T18:52:34","slug":"custom-printed-polyester-ski-bibs-race-vests","status":"publish","type":"product","link":"https:\/\/displayproducts.eu\/da\/p\/custom-printed-polyester-ski-bibs-race-vests\/","title":{"rendered":"Startnumre og overtr\u00e6ksveste med tryk"},"content":{"rendered":"<p data-path-to-node=\"9\">Giv din vintersportsbegivenhed, maraton eller skiskole et professionelt look med vores specialtrykte polyester-skibibs. Disse veste er specielt designet til aktiv brug og fungerer som den prim\u00e6re identifikator for konkurrenter, samtidig med at de giver f\u00f8rsteklasses synlighed for sponsorer.<\/p>\n<p data-path-to-node=\"10\">I mods\u00e6tning til uden tryke klisterm\u00e6rker eller papirnumre, der kan g\u00e5 i stykker eller l\u00f8sne sig i v\u00e5dt f\u00f8re, er vores polyester-hagesm\u00e6kke bygget til at modst\u00e5 sne, vind og bev\u00e6gelse. St\u00f8rrelsen 33x50 cm er universelt designet til at passe voksne og juniorer, og glider nemt over tykt vintert\u00f8j eller let sportst\u00f8j.<\/p>\n<p data-path-to-node=\"11\"><b data-path-to-node=\"11\" data-index-in-node=\"0\">N\u00f8glefunktioner<\/b><\/p>\n<ul data-path-to-node=\"12\">\n<li>\n<p data-path-to-node=\"12,0,0\"><b data-path-to-node=\"12,0,0\" data-index-in-node=\"0\">Sekventiel nummerering:<\/b> Forenkl organiseringen af l\u00f8bet. Vi tilbyder variabel dataudskrivning (VDP), der giver mulighed for at integrere et unikt startnummer, deltagernavn eller QR-kode direkte i designet til hvert startnummer.<\/p>\n<\/li>\n<li>\n<p data-path-to-node=\"12,1,0\"><b data-path-to-node=\"12,1,0\" data-index-in-node=\"0\">Branding med h\u00f8j synlighed:<\/b> Ved hj\u00e6lp af avanceret farvesublimeringstryk bliver dine logoer og sponsorgrafik en del af stoffet. Dette sikrer, at farverne forbliver levende og ikke revner eller skaller af, selv i frostgrader.<\/p>\n<\/li>\n<li>\n<p data-path-to-node=\"12,2,0\"><b data-path-to-node=\"12,2,0\" data-index-in-node=\"0\">Komfort og mobilitet:<\/b> Det \u00e5bne design med elastiske forbindelsesb\u00e5nd sikrer ubegr\u00e6nset bev\u00e6gelse for skil\u00f8bere og l\u00f8bere, samtidig med at bibs holdes sikkert p\u00e5 plads.<\/p>\n<\/li>\n<li>\n<p data-path-to-node=\"12,3,0\"><b data-path-to-node=\"12,3,0\" data-index-in-node=\"0\">Genanvendelig og vaskbar:<\/b> Disse veste er lavet af 100% polyester og kan samles, vaskes og genbruges til flerdagesarrangementer eller tilbagevendende s\u00e6soner, hvilket giver et fremragende investeringsafkast.<\/p>\n<\/li>\n<\/ul>\n<p data-path-to-node=\"13\"><b data-path-to-node=\"13\" data-index-in-node=\"0\">Specifikationer<\/b><\/p>\n<ul data-path-to-node=\"14\">\n<li>\n<p data-path-to-node=\"14,0,0\"><b data-path-to-node=\"14,0,0\" data-index-in-node=\"0\">Materiale:<\/b> 100% Holdbar polyester<\/p>\n<\/li>\n<li>\n<p data-path-to-node=\"14,1,0\"><b data-path-to-node=\"14,1,0\" data-index-in-node=\"0\">Dimensioner:<\/b> 33 cm (bredde) x 50 cm (h\u00f8jde)<\/p>\n<\/li>\n<li>\n<p data-path-to-node=\"14,2,0\"><b data-path-to-node=\"14,2,0\" data-index-in-node=\"0\">Fastg\u00f8relse:<\/b> Elastiske sidestropper for fleksibel pasform<\/p>\n<\/li>\n<li>\n<p data-path-to-node=\"14,3,0\"><b data-path-to-node=\"14,3,0\" data-index-in-node=\"0\">Udskrivningsmetode:<\/b> Fuldfarvet farvesublimering eller varmeoverf\u00f8rsel<\/p>\n<\/li>\n<li>\n<p data-path-to-node=\"14,4,0\"><b data-path-to-node=\"14,4,0\" data-index-in-node=\"0\">Tilpasning:<\/b> Logoer, baggrunde, individuelle numre (001-999+)<\/p>\n<\/li>\n<\/ul>\n<p data-path-to-node=\"15\"><b data-path-to-node=\"15\" data-index-in-node=\"0\">Brugsscenarier<\/b><\/p>\n<ul data-path-to-node=\"16\">\n<li>\n<p data-path-to-node=\"16,0,0\"><b data-path-to-node=\"16,0,0\" data-index-in-node=\"0\">Ski- og snowboardskoler:<\/b> Identific\u00e9r instrukt\u00f8rer og elever tydeligt p\u00e5 pisterne.<\/p>\n<\/li>\n<li>\n<p data-path-to-node=\"16,1,0\"><b data-path-to-node=\"16,1,0\" data-index-in-node=\"0\">Konkurrencepr\u00e6gede l\u00f8b:<\/b> Uundv\u00e6rlig til biathlon, maratonl\u00f8b og triathlon, der kr\u00e6ver tydelig deltagernummerering.<\/p>\n<\/li>\n<li>\n<p data-path-to-node=\"16,2,0\"><b data-path-to-node=\"16,2,0\" data-index-in-node=\"0\">Firmaarrangementer:<\/b> Teambuilding\u00f8velser og firmasportsdage.<\/p>\n<\/li>\n<li>\n<p data-path-to-node=\"16,3,0\"><b data-path-to-node=\"16,3,0\" data-index-in-node=\"0\">Eventpersonale:<\/b> Meget synlig identifikation for banechefer, sikkerhedspersonale og l\u00e6gehold.<\/p>\n<\/li>\n<\/ul>\n<p data-path-to-node=\"17\">","protected":false},"excerpt":{"rendered":"<ul data-path-to-node=\"8\">\n<li>\n<p data-path-to-node=\"8,0,0\"><b data-path-to-node=\"8,0,0\" data-index-in-node=\"0\">Universel pasform:<\/b> M\u00e5l: 33x50 cm med elastiske sidestropper, designet til at passe komfortabelt over skijakker eller sportst\u00f8j.<\/p>\n<\/li>\n<li>\n<p data-path-to-node=\"8,1,0\"><b data-path-to-node=\"8,1,0\" data-index-in-node=\"0\">Udskrivning af variable data:<\/b> Vi kan trykke unikke fortl\u00f8bende numre eller navne p\u00e5 hvert nummerplade sammen med din eventbranding.<\/p>\n<\/li>\n<li>\n<p data-path-to-node=\"8,2,0\"><b data-path-to-node=\"8,2,0\" data-index-in-node=\"0\">Holdbar polyester:<\/b> Let, vejrbestandigt stof, ideelt til vintersport og udend\u00f8rskonkurrencer.<\/p>\n<\/li>\n<li>\n<p data-path-to-node=\"8,3,0\"><b data-path-to-node=\"8,3,0\" data-index-in-node=\"0\">Fuld tilpasning:<\/b> Kant-til-kant sublimeringsprintfunktion til livlige og holdbare firmalogoer.<\/p>\n<\/li>\n<\/ul>","protected":false},"featured_media":6847,"comment_status":"closed","ping_status":"closed","template":"","meta":[],"product_brand":[],"product_cat":[68,118],"product_tag":[],"class_list":{"0":"post-6846","1":"product","2":"type-product","3":"status-publish","4":"has-post-thumbnail","6":"product_cat-event-supplies","7":"product_cat-sports-fitness","9":"first","10":"instock","11":"shipping-taxable","12":"purchasable","13":"product-type-simple"},"_links":{"self":[{"href":"https:\/\/displayproducts.eu\/da\/wp-json\/wp\/v2\/product\/6846","targetHints":{"allow":["GET"]}}],"collection":[{"href":"https:\/\/displayproducts.eu\/da\/wp-json\/wp\/v2\/product"}],"about":[{"href":"https:\/\/displayproducts.eu\/da\/wp-json\/wp\/v2\/types\/product"}],"replies":[{"embeddable":true,"href":"https:\/\/displayproducts.eu\/da\/wp-json\/wp\/v2\/comments?post=6846"}],"wp:featuredmedia":[{"embeddable":true,"href":"https:\/\/displayproducts.eu\/da\/wp-json\/wp\/v2\/media\/6847"}],"wp:attachment":[{"href":"https:\/\/displayproducts.eu\/da\/wp-json\/wp\/v2\/media?parent=6846"}],"wp:term":[{"taxonomy":"product_brand","embeddable":true,"href":"https:\/\/displayproducts.eu\/da\/wp-json\/wp\/v2\/product_brand?post=6846"},{"taxonomy":"product_cat","embeddable":true,"href":"https:\/\/displayproducts.eu\/da\/wp-json\/wp\/v2\/product_cat?post=6846"},{"taxonomy":"product_tag","embeddable":true,"href":"https:\/\/displayproducts.eu\/da\/wp-json\/wp\/v2\/product_tag?post=6846"}],"curies":[{"name":"wp","href":"https:\/\/api.w.org\/{rel}","templated":true}]}}