{"id":6842,"date":"2026-01-13T11:51:23","date_gmt":"2026-01-13T08:51:23","guid":{"rendered":"https:\/\/wristbandfactory.eu\/?post_type=product&#038;p=6842"},"modified":"2026-04-01T21:52:03","modified_gmt":"2026-04-01T18:52:03","slug":"numbered-fabric-wristbands","status":"publish","type":"product","link":"https:\/\/displayproducts.eu\/da\/p\/numbered-fabric-wristbands\/","title":{"rendered":"Nummererede stofarmb\u00e5nd"},"content":{"rendered":"<p data-path-to-node=\"10\">Tag kontrol over din events sikkerhed og logistik med vores med eget tryk stofarmb\u00e5nd med sekventiel nummerering. Mens standardarmb\u00e5nd med m\u00e6rke tilbyder visuel identifikation, tilf\u00f8jer nummererede armb\u00e5nd et afg\u00f8rende lag af anvendelighed for professionelle eventarrang\u00f8rer. Uanset om du administrerer en festival, en firmakonference eller et sted med begr\u00e6nset adgang, vil det at have en unik identifikator p\u00e5 hvert h\u00e5ndled str\u00f8mline dine operationer.<\/p>\n<p data-path-to-node=\"11\">Disse armb\u00e5nd er uundv\u00e6rlige til arrangementer, der kr\u00e6ver strenge kapacitetsbegr\u00e6nsninger eller unikke g\u00e6stedatasporinger. Nummereringen kan trykkes direkte p\u00e5 stoffet eller laser\u00e6tses p\u00e5 skydel\u00e5sen, hvilket sikrer, at den forbliver l\u00e6selig under hele arrangementet. Denne funktion forvandler effektivt et standardtilbeh\u00f8r til et funktionelt v\u00e6rkt\u00f8j til crowd management og dataafstemning.<\/p>\n<h2 data-path-to-node=\"12\">N\u00f8glefunktioner<\/h2>\n<ul data-path-to-node=\"13\">\n<li>\n<p data-path-to-node=\"13,0,0\"><b data-path-to-node=\"13,0,0\" data-index-in-node=\"0\">Muligheder for sekventiel nummerering:<\/b> V\u00e6lg mellem trykte numre p\u00e5 b\u00e5ndets overflade eller lasergravering p\u00e5 plastik-\/metallukningen.<\/p>\n<\/li>\n<li>\n<p data-path-to-node=\"13,1,0\"><b data-path-to-node=\"13,1,0\" data-index-in-node=\"0\">Branding i h\u00f8j opl\u00f8sning:<\/b> F\u00e5s i b\u00e5de dye-sublimation (fotorealistisk finish) og v\u00e6vet (klassisk festivallook) stil.<\/p>\n<\/li>\n<li>\n<p data-path-to-node=\"13,2,0\"><b data-path-to-node=\"13,2,0\" data-index-in-node=\"0\">Holdbare materialer:<\/b> Lavet af polyester af h\u00f8j kvalitet, der er behagelig til brug i flere dage og modstandsdygtig over for vand og rivning.<\/p>\n<\/li>\n<li>\n<p data-path-to-node=\"13,3,0\"><b data-path-to-node=\"13,3,0\" data-index-in-node=\"0\">Brugerdefineret serie:<\/b> Vi kan tilpasse os specifikke nummerintervaller (f.eks. 0001-1000) eller alfanumeriske koder, der matcher dit billetsystem.<\/p>\n<\/li>\n<\/ul>\n<h2 data-path-to-node=\"14\">Specifikationer<\/h2>\n<ul data-path-to-node=\"15\">\n<li>\n<p data-path-to-node=\"15,0,0\"><b data-path-to-node=\"15,0,0\" data-index-in-node=\"0\">Materiale:<\/b> 100% Polyester (satin- eller v\u00e6vet finish).<\/p>\n<\/li>\n<li>\n<p data-path-to-node=\"15,1,0\"><b data-path-to-node=\"15,1,0\" data-index-in-node=\"0\">Standardst\u00f8rrelse:<\/b> 15 mm x 350 mm eller 20 mm x 350 mm (\u00e9n st\u00f8rrelse passer til alle).<\/p>\n<\/li>\n<li>\n<p data-path-to-node=\"15,2,0\"><b data-path-to-node=\"15,2,0\" data-index-in-node=\"0\">Nummereringsteknik:<\/b> Bl\u00e6kinjektion eller laser\u00e6tsning.<\/p>\n<\/li>\n<li>\n<p data-path-to-node=\"15,3,0\"><b data-path-to-node=\"15,3,0\" data-index-in-node=\"0\">L\u00e5semuligheder:<\/b> Envejs plastikskydel\u00e5s (sikker) eller genanvendelig perle (kampagnetilbud).<\/p>\n<\/li>\n<li>\n<p data-path-to-node=\"15,4,0\"><b data-path-to-node=\"15,4,0\" data-index-in-node=\"0\">Minimumsbestilling:<\/b> 100 enheder.<\/p>\n<\/li>\n<\/ul>\n<h2 data-path-to-node=\"16\">Brugsscenarier<\/h2>\n<ul data-path-to-node=\"17\">\n<li>\n<p data-path-to-node=\"17,0,0\"><b data-path-to-node=\"17,0,0\" data-index-in-node=\"0\">Festivaler og koncerter:<\/b> Spor daglige fremm\u00f8detal og match armb\u00e5nd med solgte billetter.<\/p>\n<\/li>\n<li>\n<p data-path-to-node=\"17,1,0\"><b data-path-to-node=\"17,1,0\" data-index-in-node=\"0\">Garderobe og bagage:<\/b> Brug armb\u00e5ndsnummeret som en sikker udleveringsm\u00e6rkat til indcheckede varer.<\/p>\n<\/li>\n<li>\n<p data-path-to-node=\"17,2,0\"><b data-path-to-node=\"17,2,0\" data-index-in-node=\"0\">Lodtr\u00e6kninger og konkurrencer:<\/b> Brug det unikke ID til tilf\u00e6ldige pr\u00e6mielodtr\u00e6kninger direkte fra scenen.<\/p>\n<\/li>\n<li>\n<p data-path-to-node=\"17,3,0\"><b data-path-to-node=\"17,3,0\" data-index-in-node=\"0\">VIP-adgangskontrol:<\/b> Bekr\u00e6ft specifikke g\u00e6ster mod en hovedg\u00e6steliste ved hj\u00e6lp af deres unikke nummer.<\/p>\n<\/li>\n<\/ul>","protected":false},"excerpt":{"rendered":"<ul>\n<li>\n<p data-path-to-node=\"8,0,0\"><b data-path-to-node=\"8,0,0\" data-index-in-node=\"0\">Forbedret sikkerhed og sporing:<\/b> Unik sekventiel nummerering muligg\u00f8r pr\u00e6cis overv\u00e5gning af antallet af medarbejdere og nem identifikation af g\u00e6ster.<\/p>\n<\/li>\n<li>\n<p data-path-to-node=\"8,1,0\"><b data-path-to-node=\"8,1,0\" data-index-in-node=\"0\">Billetmatchning:<\/b> Perfekt til at forbinde specifikke armb\u00e5nd med billetnumre, genstande til garderoben eller VIP-lodtr\u00e6kninger.<\/p>\n<\/li>\n<li>\n<p data-path-to-node=\"8,2,0\"><b data-path-to-node=\"8,2,0\" data-index-in-node=\"0\">Premium-tilpasning:<\/b> Fuldfarvet sublimeringstryk eller v\u00e6vede designs kombineret med tydeligt synlige, holdbare nummereringer.<\/p>\n<\/li>\n<li>\n<p data-path-to-node=\"8,3,0\"><b data-path-to-node=\"8,3,0\" data-index-in-node=\"0\">Sikker l\u00e5sning:<\/b> Udstyret med sikre skydel\u00e5se for at forhindre uautoriseret overf\u00f8rsel eller genbrug under flerdagesarrangementer.<\/p>\n<\/li>\n<\/ul>","protected":false},"featured_media":6844,"comment_status":"closed","ping_status":"closed","template":"","meta":[],"product_brand":[],"product_cat":[47],"product_tag":[],"class_list":{"0":"post-6842","1":"product","2":"type-product","3":"status-publish","4":"has-post-thumbnail","6":"product_cat-fabric-wristbands","8":"first","9":"instock","10":"shipping-taxable","11":"purchasable","12":"product-type-simple"},"_links":{"self":[{"href":"https:\/\/displayproducts.eu\/da\/wp-json\/wp\/v2\/product\/6842","targetHints":{"allow":["GET"]}}],"collection":[{"href":"https:\/\/displayproducts.eu\/da\/wp-json\/wp\/v2\/product"}],"about":[{"href":"https:\/\/displayproducts.eu\/da\/wp-json\/wp\/v2\/types\/product"}],"replies":[{"embeddable":true,"href":"https:\/\/displayproducts.eu\/da\/wp-json\/wp\/v2\/comments?post=6842"}],"wp:featuredmedia":[{"embeddable":true,"href":"https:\/\/displayproducts.eu\/da\/wp-json\/wp\/v2\/media\/6844"}],"wp:attachment":[{"href":"https:\/\/displayproducts.eu\/da\/wp-json\/wp\/v2\/media?parent=6842"}],"wp:term":[{"taxonomy":"product_brand","embeddable":true,"href":"https:\/\/displayproducts.eu\/da\/wp-json\/wp\/v2\/product_brand?post=6842"},{"taxonomy":"product_cat","embeddable":true,"href":"https:\/\/displayproducts.eu\/da\/wp-json\/wp\/v2\/product_cat?post=6842"},{"taxonomy":"product_tag","embeddable":true,"href":"https:\/\/displayproducts.eu\/da\/wp-json\/wp\/v2\/product_tag?post=6842"}],"curies":[{"name":"wp","href":"https:\/\/api.w.org\/{rel}","templated":true}]}}