{"id":6841,"date":"2026-01-13T11:36:59","date_gmt":"2026-01-13T08:36:59","guid":{"rendered":"https:\/\/wristbandfactory.eu\/?post_type=product&#038;p=6841"},"modified":"2026-04-01T21:52:34","modified_gmt":"2026-04-01T18:52:34","slug":"custom-hard-pvc-tags-for-wristbands-qr-barcode-rfid-ready","status":"publish","type":"product","link":"https:\/\/displayproducts.eu\/da\/p\/custom-hard-pvc-tags-for-wristbands-qr-barcode-rfid-ready\/","title":{"rendered":"H\u00e5rde PVC-tags til stofarmb\u00e5nd"},"content":{"rendered":"<p data-path-to-node=\"10\">Forvandl standard armb\u00e5nd til arrangementer til intelligente adgangskontrolv\u00e6rkt\u00f8jer med vores med eget tryk h\u00e5rde PVC-tags. Disse stive skydere er designet til at tr\u00e6de direkte p\u00e5 stofarmb\u00e5nd, hvilket giver en flad, holdbar overflade, der er specielt optimeret til scanningsbare data. I mods\u00e6tning til bl\u00f8de stofoverflader, hvor QR-koder kan forvr\u00e6nge, sikrer h\u00e5rde PVC-tags scanningsmulighed til kontantl\u00f8se betalinger, billettering og integration med sociale medier.<\/p>\n<h3 data-path-to-node=\"11\">N\u00f8glefunktioner<\/h3>\n<ul data-path-to-node=\"12\">\n<li>\n<p data-path-to-node=\"12,0,0\"><b data-path-to-node=\"12,0,0\" data-index-in-node=\"0\">Udskrivning af variable data:<\/b> Vi kan udskrive unikke QR-koder, stregkoder eller sekventielle serienumre p\u00e5 hver uden trykt tag, hvilket muligg\u00f8r individuel g\u00e6stesporing og sikker adgangskontrol.<\/p>\n<\/li>\n<li>\n<p data-path-to-node=\"12,1,0\"><b data-path-to-node=\"12,1,0\" data-index-in-node=\"0\">Premium-konstruktion:<\/b> Disse m\u00e6rker er fremstillet af h\u00e5rd PVC af h\u00f8j kvalitet og modst\u00e5r b\u00f8jning, vand og UV-eksponering, hvilket g\u00f8r dem bedre end laminerede papiralternativer.<\/p>\n<\/li>\n<li>\n<p data-path-to-node=\"12,2,0\"><b data-path-to-node=\"12,2,0\" data-index-in-node=\"0\">Levende branding:<\/b> Den glatte hvide overflade fungerer som et perfekt l\u00e6rred til skarpe logoer i fuld farve og sponsorbranding, der skiller sig ud mod stofremmen.<\/p>\n<\/li>\n<li>\n<p data-path-to-node=\"12,3,0\"><b data-path-to-node=\"12,3,0\" data-index-in-node=\"0\">RFID\/NFC-funktion:<\/b> F\u00e5s med indlejrede RFID- eller NFC-chips p\u00e5 foresp\u00f8rgsel til kontaktl\u00f8s adgang og kontantl\u00f8se betalingssystemer.<\/p>\n<\/li>\n<\/ul>\n<h3 data-path-to-node=\"13\">Specifikationer<\/h3>\n<ul data-path-to-node=\"14\">\n<li>\n<p data-path-to-node=\"14,0,0\"><b data-path-to-node=\"14,0,0\" data-index-in-node=\"0\">Materiale:<\/b> Stiv h\u00e5rd PVC (polyvinylklorid)<\/p>\n<\/li>\n<li>\n<p data-path-to-node=\"14,1,0\"><b data-path-to-node=\"14,1,0\" data-index-in-node=\"0\">Dimensioner:<\/b> Standardst\u00f8rrelser tilg\u00e6ngelige (f.eks. 26x33 mm, 30x40 mm) eller med eget tryk former.<\/p>\n<\/li>\n<li>\n<p data-path-to-node=\"14,2,0\"><b data-path-to-node=\"14,2,0\" data-index-in-node=\"0\">Kompatibilitet:<\/b> Plader designet til v\u00e6vede eller satin armb\u00e5nd med en bredde p\u00e5 15 mm eller 20 mm.<\/p>\n<\/li>\n<li>\n<p data-path-to-node=\"14,3,0\"><b data-path-to-node=\"14,3,0\" data-index-in-node=\"0\">Udskrivningsmetode:<\/b> UV digitaltryk eller offsettryk for fotografisk kvalitet.<\/p>\n<\/li>\n<li>\n<p data-path-to-node=\"14,4,0\"><b data-path-to-node=\"14,4,0\" data-index-in-node=\"0\">Slutte:<\/b> Blank eller mat laminering tilg\u00e6ngelig.<\/p>\n<\/li>\n<\/ul>\n<h3 data-path-to-node=\"15\">B2B-brugsscenarier<\/h3>\n<ul data-path-to-node=\"16\">\n<li>\n<p data-path-to-node=\"16,0,0\"><b data-path-to-node=\"16,0,0\" data-index-in-node=\"0\">Musikfestivaler:<\/b> Brug QR-koder til kontantl\u00f8s optankning og scanning af indtastninger.<\/p>\n<\/li>\n<li>\n<p data-path-to-node=\"16,1,0\"><b data-path-to-node=\"16,1,0\" data-index-in-node=\"0\">VIP-adgang:<\/b> S\u00e6rpr\u00e6gede m\u00e6rker til at identificere s\u00e6rlige g\u00e6ster eller personale bag scenen.<\/p>\n<\/li>\n<li>\n<p data-path-to-node=\"16,2,0\"><b data-path-to-node=\"16,2,0\" data-index-in-node=\"0\">Garderobeh\u00e5ndtering:<\/b> Nummererede m\u00e6rker fastgjort til armb\u00e5ndene for sikker afhentning af genstande.<\/p>\n<\/li>\n<li>\n<p data-path-to-node=\"16,3,0\"><b data-path-to-node=\"16,3,0\" data-index-in-node=\"0\">Resorter og hoteller:<\/b> Holdbare v\u00e6relsesn\u00f8gler eller h\u00e5ndkl\u00e6debyttepoletter fastgjort til g\u00e6stens h\u00e5ndled.<\/p>\n<\/li>\n<\/ul>","protected":false},"excerpt":{"rendered":"<ul>\n<li>\n<p data-path-to-node=\"9,0,0\"><b data-path-to-node=\"9,0,0\" data-index-in-node=\"0\">Smart ID-l\u00f8sning:<\/b> Perfekt til integration af QR-koder, stregkoder og UID-numre p\u00e5 stofarmb\u00e5nd.<\/p>\n<\/li>\n<li>\n<p data-path-to-node=\"9,1,0\"><b data-path-to-node=\"9,1,0\" data-index-in-node=\"0\">Holdbart materiale:<\/b> Lavet af stiv, vandafvisende PVC, der modst\u00e5r begivenheder og barske forhold i flere dage.<\/p>\n<\/li>\n<li>\n<p data-path-to-node=\"9,2,0\"><b data-path-to-node=\"9,2,0\" data-index-in-node=\"0\">Fuld tilpasning:<\/b> UV- eller offsettryk i h\u00f8j opl\u00f8sning muligg\u00f8r livlige logoer og scanning af kompleks data.<\/p>\n<\/li>\n<li>\n<p data-path-to-node=\"9,3,0\"><b data-path-to-node=\"9,3,0\" data-index-in-node=\"0\">Universel pasform:<\/b> Designet med dobbelte slidser, der problemfrit passer til standard 15 mm og 20 mm stofremme.<\/p>\n<\/li>\n<\/ul>","protected":false},"featured_media":6840,"comment_status":"closed","ping_status":"closed","template":"","meta":[],"product_brand":[],"product_cat":[66,124],"product_tag":[],"class_list":{"0":"post-6841","1":"product","2":"type-product","3":"status-publish","4":"has-post-thumbnail","6":"product_cat-wristbands","7":"product_cat-id-solutions","9":"first","10":"instock","11":"shipping-taxable","12":"product-type-simple"},"_links":{"self":[{"href":"https:\/\/displayproducts.eu\/da\/wp-json\/wp\/v2\/product\/6841","targetHints":{"allow":["GET"]}}],"collection":[{"href":"https:\/\/displayproducts.eu\/da\/wp-json\/wp\/v2\/product"}],"about":[{"href":"https:\/\/displayproducts.eu\/da\/wp-json\/wp\/v2\/types\/product"}],"replies":[{"embeddable":true,"href":"https:\/\/displayproducts.eu\/da\/wp-json\/wp\/v2\/comments?post=6841"}],"wp:featuredmedia":[{"embeddable":true,"href":"https:\/\/displayproducts.eu\/da\/wp-json\/wp\/v2\/media\/6840"}],"wp:attachment":[{"href":"https:\/\/displayproducts.eu\/da\/wp-json\/wp\/v2\/media?parent=6841"}],"wp:term":[{"taxonomy":"product_brand","embeddable":true,"href":"https:\/\/displayproducts.eu\/da\/wp-json\/wp\/v2\/product_brand?post=6841"},{"taxonomy":"product_cat","embeddable":true,"href":"https:\/\/displayproducts.eu\/da\/wp-json\/wp\/v2\/product_cat?post=6841"},{"taxonomy":"product_tag","embeddable":true,"href":"https:\/\/displayproducts.eu\/da\/wp-json\/wp\/v2\/product_tag?post=6841"}],"curies":[{"name":"wp","href":"https:\/\/api.w.org\/{rel}","templated":true}]}}