{"id":6838,"date":"2026-01-13T10:28:34","date_gmt":"2026-01-13T07:28:34","guid":{"rendered":"https:\/\/wristbandfactory.eu\/?post_type=product&#038;p=6838"},"modified":"2026-04-01T21:52:03","modified_gmt":"2026-04-01T18:52:03","slug":"custom-printed-velvet-gift-bags-premium-drawstring-pouches","status":"publish","type":"product","link":"https:\/\/displayproducts.eu\/da\/p\/custom-printed-velvet-gift-bags-premium-drawstring-pouches\/","title":{"rendered":"Velourposer med logo"},"content":{"rendered":"<p data-path-to-node=\"9\">Skab en uforglemmelig unboxing-oplevelse med vores <b data-path-to-node=\"9\" data-index-in-node=\"78\">Med eget tryk trykte fl\u00f8jlsgaveposer<\/b>. Disse bl\u00f8de poser er designet til luksusforhandlere, smykkem\u00e6rker og planl\u00e6ggere af firmaarrangementer og tilbyder en sofistikeret m\u00e5de at pakke sm\u00e5 genstande p\u00e5. I mods\u00e6tning til standard plastik- eller papiremballage kommunikerer fl\u00f8jl holdbarhed, elegance og h\u00f8j v\u00e6rdi.<\/p>\n<p data-path-to-node=\"10\">Uanset om du har brug for en lille pose til ringe eller en st\u00f8rre taske til kosmetik og tekniske gadgets, tilbyder vi fuld fleksibilitet i st\u00f8rrelsesvalg og fremstilling.<\/p>\n<h2 data-path-to-node=\"11\">Vigtige brandingfunktioner<\/h2>\n<p data-path-to-node=\"12\">Vi tilbyder tre forskellige brandingmetoder, der matcher dit logos stil:<\/p>\n<ul data-path-to-node=\"13\">\n<li>\n<p data-path-to-node=\"13,0,0\"><b data-path-to-node=\"13,0,0\" data-index-in-node=\"0\">Silketryk:<\/b> Ideel til dristige, ensfarvede farver og tydelig branding.<\/p>\n<\/li>\n<li>\n<p data-path-to-node=\"13,1,0\"><b data-path-to-node=\"13,1,0\" data-index-in-node=\"0\">Varmpr\u00e6gning (folie):<\/b> Perfekt til luksusm\u00e6rker. Tilf\u00f8j en skinnende guld- eller s\u00f8lvfoliefinish, der fanger lyset mod den m\u00f8rke fl\u00f8jlstekstur.<\/p>\n<\/li>\n<li>\n<p data-path-to-node=\"13,2,0\"><b data-path-to-node=\"13,2,0\" data-index-in-node=\"0\">Pr\u00e6gning\/pr\u00e6gning:<\/b> Skab en diskret, taktil 3D-effekt, hvor logoet presses ind i stoffet for et eksklusivt og diskret look.<\/p>\n<\/li>\n<\/ul>\n<h2 data-path-to-node=\"14\">Specifikationer<\/h2>\n<ul data-path-to-node=\"15\">\n<li>\n<p data-path-to-node=\"15,0,0\"><b data-path-to-node=\"15,0,0\" data-index-in-node=\"0\">Materiale:<\/b> Premium bl\u00f8dt fl\u00f8jl\/velourstof.<\/p>\n<\/li>\n<li>\n<p data-path-to-node=\"15,1,0\"><b data-path-to-node=\"15,1,0\" data-index-in-node=\"0\">Lukkestile:<\/b> Uden tryktsidet sn\u00f8re eller dobbeltsidet sn\u00f8re (tr\u00e6kkes i begge ender).<\/p>\n<\/li>\n<li>\n<p data-path-to-node=\"15,2,0\"><b data-path-to-node=\"15,2,0\" data-index-in-node=\"0\">Strengematerialer:<\/b> Satinb\u00e5nd, PP-snor, bomuldsreb eller matchende fl\u00f8jlsstrimmel.<\/p>\n<\/li>\n<li>\n<p data-path-to-node=\"15,3,0\"><b data-path-to-node=\"15,3,0\" data-index-in-node=\"0\">Farver:<\/b> Bredt udvalg af standard fl\u00f8jlsfarver (sort, marinebl\u00e5, r\u00f8d, gr\u00e5, gr\u00f8n osv.).<\/p>\n<\/li>\n<li>\n<p data-path-to-node=\"15,4,0\"><b data-path-to-node=\"15,4,0\" data-index-in-node=\"0\">St\u00f8rrelser:<\/b> Fuldt tilpasselig (f.eks. 5x7cm, 8x10cm, 10x15cm, 15x20cm og st\u00f8rre).<\/p>\n<\/li>\n<li>\n<p data-path-to-node=\"15,5,0\"><b data-path-to-node=\"15,5,0\" data-index-in-node=\"0\">Minimumsbestilling:<\/b> Engrosm\u00e6ngder tilg\u00e6ngelige.<\/p>\n<\/li>\n<\/ul>\n<h2 data-path-to-node=\"16\">Uden tryke brugstilf\u00e6lde<\/h2>\n<ul data-path-to-node=\"17\">\n<li>\n<p data-path-to-node=\"17,0,0\"><b data-path-to-node=\"17,0,0\" data-index-in-node=\"0\">Smykkeemballage:<\/b> Ringe, halsk\u00e6der, \u00f8reringe og ure.<\/p>\n<\/li>\n<li>\n<p data-path-to-node=\"17,1,0\"><b data-path-to-node=\"17,1,0\" data-index-in-node=\"0\">Firmagaver:<\/b> Premium emballage til USB-drev, medaljer eller m\u00f8nter.<\/p>\n<\/li>\n<li>\n<p data-path-to-node=\"17,2,0\"><b data-path-to-node=\"17,2,0\" data-index-in-node=\"0\">Begivenhedsgaver:<\/b> Bryllupper, gallafester og reklamegaver.<\/p>\n<\/li>\n<li>\n<p data-path-to-node=\"17,3,0\"><b data-path-to-node=\"17,3,0\" data-index-in-node=\"0\">Kosmetik:<\/b> Luksusposer til sk\u00f8nhedsprodukter og parfumer.<\/p>\n<\/li>\n<\/ul>","protected":false},"excerpt":{"rendered":"<ul data-path-to-node=\"8\">\n<li>\n<p data-path-to-node=\"8,0,0\"><b data-path-to-node=\"8,0,0\" data-index-in-node=\"0\">Premium bl\u00f8d tekstur:<\/b> Fl\u00f8jlsstof af h\u00f8j kvalitet, der giver et luksuri\u00f8st pr\u00e6g til ethvert produkt eller enhver gave.<\/p>\n<\/li>\n<li>\n<p data-path-to-node=\"8,1,0\"><b data-path-to-node=\"8,1,0\" data-index-in-node=\"0\">Alsidig tilpasning:<\/b> V\u00e6lg mellem silketryk, metallisk varmstempling (guld\/s\u00f8lv) eller elegant pr\u00e6gning.<\/p>\n<\/li>\n<li>\n<p data-path-to-node=\"8,2,0\"><b data-path-to-node=\"8,2,0\" data-index-in-node=\"0\">Fleksibelt design:<\/b> F\u00e5s med uden trykt- eller dobbelt sn\u00f8relukning i forskellige b\u00e5nd- eller snormaterialer.<\/p>\n<\/li>\n<li>\n<p data-path-to-node=\"8,3,0\"><b data-path-to-node=\"8,3,0\" data-index-in-node=\"0\">Lavet efter m\u00e5l:<\/b> Tilpassede st\u00f8rrelser er tilg\u00e6ngelige, s\u00e5 de passer perfekt til smykker, kosmetik, tekniske tilbeh\u00f8r eller gaver til begivenheder.<\/p>\n<\/li>\n<\/ul>","protected":false},"featured_media":6839,"comment_status":"closed","ping_status":"closed","template":"","meta":[],"product_brand":[],"product_cat":[131],"product_tag":[],"class_list":{"0":"post-6838","1":"product","2":"type-product","3":"status-publish","4":"has-post-thumbnail","6":"product_cat-custom-bags-totes","8":"first","9":"instock","10":"shipping-taxable","11":"purchasable","12":"product-type-simple"},"_links":{"self":[{"href":"https:\/\/displayproducts.eu\/da\/wp-json\/wp\/v2\/product\/6838","targetHints":{"allow":["GET"]}}],"collection":[{"href":"https:\/\/displayproducts.eu\/da\/wp-json\/wp\/v2\/product"}],"about":[{"href":"https:\/\/displayproducts.eu\/da\/wp-json\/wp\/v2\/types\/product"}],"replies":[{"embeddable":true,"href":"https:\/\/displayproducts.eu\/da\/wp-json\/wp\/v2\/comments?post=6838"}],"wp:featuredmedia":[{"embeddable":true,"href":"https:\/\/displayproducts.eu\/da\/wp-json\/wp\/v2\/media\/6839"}],"wp:attachment":[{"href":"https:\/\/displayproducts.eu\/da\/wp-json\/wp\/v2\/media?parent=6838"}],"wp:term":[{"taxonomy":"product_brand","embeddable":true,"href":"https:\/\/displayproducts.eu\/da\/wp-json\/wp\/v2\/product_brand?post=6838"},{"taxonomy":"product_cat","embeddable":true,"href":"https:\/\/displayproducts.eu\/da\/wp-json\/wp\/v2\/product_cat?post=6838"},{"taxonomy":"product_tag","embeddable":true,"href":"https:\/\/displayproducts.eu\/da\/wp-json\/wp\/v2\/product_tag?post=6838"}],"curies":[{"name":"wp","href":"https:\/\/api.w.org\/{rel}","templated":true}]}}