{"id":6678,"date":"2026-01-09T22:38:59","date_gmt":"2026-01-09T19:38:59","guid":{"rendered":"https:\/\/wristbandfactory.eu\/?post_type=product&#038;p=6678"},"modified":"2026-04-01T21:52:34","modified_gmt":"2026-04-01T18:52:34","slug":"metal-opera-glasses-with-handle-bulk-theatre-binoculars-3x-4x","status":"publish","type":"product","link":"https:\/\/displayproducts.eu\/da\/p\/metal-opera-glasses-with-handle-bulk-theatre-binoculars-3x-4x\/","title":{"rendered":"Teaterkikkert i metal med h\u00e5ndtag"},"content":{"rendered":"<p data-path-to-node=\"9\">G\u00f8r den kulturelle oplevelse bedre for dine kunder med vores <b data-path-to-node=\"9\" data-index-in-node=\"94\">Operaglas i metal af h\u00f8j kvalitet<\/b>. Disse teaterkikkerter er designet til at v\u00e6re sofistikerede og klare og er det ultimative tilbeh\u00f8r til operahuse, teatre og koncertsale. I mods\u00e6tning til plastikalternativer har disse kikkerter en holdbar fuldmetalkonstruktion med en guldfinish, hvilket g\u00f8r dem til en v\u00e6rdifuld vare, der er egnet til videresalg eller som eksklusive firmagaver.<\/p>\n<p data-path-to-node=\"10\">Det integrerede, foldbare h\u00e5ndtag tilf\u00f8jer et strejf af vintage-charme, samtidig med at det giver praktisk komfort under lange forestillinger. Uanset om du fylder varerne i en museumsgavebutik eller leder efter en unik gave til en gallafest, tilbyder disse operaglas den perfekte blanding af stil og funktion.<\/p>\n<h2 data-path-to-node=\"11\">N\u00f8glefunktioner<\/h2>\n<ul data-path-to-node=\"12\">\n<li>\n<p data-path-to-node=\"12,0,0\"><b data-path-to-node=\"12,0,0\" data-index-in-node=\"0\">To optiske varianter:<\/b> V\u00e6lg mellem <b data-path-to-node=\"12,0,0\" data-index-in-node=\"37\">3x forst\u00f8rrelse<\/b> (bredere synsfelt, 122m\/1000m) til at optage hele scenen, eller <b data-path-to-node=\"12,0,0\" data-index-in-node=\"122\">4x forst\u00f8rrelse<\/b> (105m\/1000m) til fokusering p\u00e5 ansigtsudtryk og fine detaljer.<\/p>\n<\/li>\n<li>\n<p data-path-to-node=\"12,1,0\"><b data-path-to-node=\"12,1,0\" data-index-in-node=\"0\">Ergonomisk design:<\/b> Har et centerfokusprisme og et foldbart\/teleskopisk h\u00e5ndtag (105-165 mm) for nem justering og komfortabel h\u00e5ndtering.<\/p>\n<\/li>\n<li>\n<p data-path-to-node=\"12,2,0\"><b data-path-to-node=\"12,2,0\" data-index-in-node=\"0\">Premium-version:<\/b> Med en v\u00e6gt p\u00e5 175 g og en kompakt formfaktor (100 \u00d7 54 mm) sikrer det robuste metalkabinet lang levetid og en f\u00f8rsteklasses fornemmelse i h\u00e5nden.<\/p>\n<\/li>\n<li>\n<p data-path-to-node=\"12,3,0\"><b data-path-to-node=\"12,3,0\" data-index-in-node=\"0\">Klar til pr\u00e6sentation:<\/b> Hver enhed leveres med en elegant opbevaringsg\u00e5 til betaling, der forenkler emballeringsprocessen til gaver eller detailfremstilling.<\/p>\n<\/li>\n<\/ul>\n<h2 data-path-to-node=\"13\">Specifikationer<\/h2>\n<ul data-path-to-node=\"14\">\n<li>\n<p data-path-to-node=\"14,0,0\"><b data-path-to-node=\"14,0,0\" data-index-in-node=\"0\">Materiale:<\/b> Fuldmetallegering med guldfinish<\/p>\n<\/li>\n<li>\n<p data-path-to-node=\"14,1,0\"><b data-path-to-node=\"14,1,0\" data-index-in-node=\"0\">H\u00e5ndtag:<\/b> Teleskopisk\/foldbar (105 mm til 165 mm)<\/p>\n<\/li>\n<li>\n<p data-path-to-node=\"14,2,0\"><b data-path-to-node=\"14,2,0\" data-index-in-node=\"0\">V\u00e6gt:<\/b> 175 g<\/p>\n<\/li>\n<li>\n<p data-path-to-node=\"14,3,0\"><b data-path-to-node=\"14,3,0\" data-index-in-node=\"0\">Dimensioner:<\/b> 100 \u00d7 54 mm<\/p>\n<\/li>\n<li>\n<p data-path-to-node=\"14,4,0\"><b data-path-to-node=\"14,4,0\" data-index-in-node=\"0\">Prismetype:<\/b> Centerfokus<\/p>\n<\/li>\n<li>\n<p data-path-to-node=\"14,5,0\"><b data-path-to-node=\"14,5,0\" data-index-in-node=\"0\">3x Modelspecifikationer:<\/b><\/p>\n<ul data-path-to-node=\"14,5,1\">\n<li>\n<p data-path-to-node=\"14,5,1,0,0\">Udgangspupillen: 8 mm<\/p>\n<\/li>\n<li>\n<p data-path-to-node=\"14,5,1,1,0\">Synsfelt: 122 m \/ 1000 m<\/p>\n<\/li>\n<li>\n<p data-path-to-node=\"14,5,1,2,0\">Lysstyrkeindeks: 69<\/p>\n<\/li>\n<\/ul>\n<\/li>\n<li>\n<p data-path-to-node=\"14,6,0\"><b data-path-to-node=\"14,6,0\" data-index-in-node=\"0\">4x Model Specifikationer:<\/b><\/p>\n<ul data-path-to-node=\"14,6,1\">\n<li>\n<p data-path-to-node=\"14,6,1,0,0\">Udgangspupillen: 6,5 mm<\/p>\n<\/li>\n<li>\n<p data-path-to-node=\"14,6,1,1,0\">Synsfelt: 105 m \/ 1000 m<\/p>\n<\/li>\n<li>\n<p data-path-to-node=\"14,6,1,2,0\">Lysstyrkeindeks: 39<\/p>\n<\/li>\n<\/ul>\n<\/li>\n<li>\n<p data-path-to-node=\"14,7,0\"><b data-path-to-node=\"14,7,0\" data-index-in-node=\"0\">Leveringstid:<\/b> Ca. 37 dage (fremstilles p\u00e5 bestilling\/importeres)<\/p>\n<\/li>\n<\/ul>\n<h2 data-path-to-node=\"15\">Brugsscenarier<\/h2>\n<ul data-path-to-node=\"16\">\n<li>\n<p data-path-to-node=\"16,0,0\"><b data-path-to-node=\"16,0,0\" data-index-in-node=\"0\">Teater- og operabutikker:<\/b> En merchandise med h\u00f8j margin for bes\u00f8gende, der \u00f8nsker at forbedre deres seeroplevelse.<\/p>\n<\/li>\n<li>\n<p data-path-to-node=\"16,1,0\"><b data-path-to-node=\"16,1,0\" data-index-in-node=\"0\">Firmagaver:<\/b> En uds\u00f8gt gave til partnere inden for kunst- og kultursektoren.<\/p>\n<\/li>\n<li>\n<p data-path-to-node=\"16,2,0\"><b data-path-to-node=\"16,2,0\" data-index-in-node=\"0\">VIP-arrangementsfaciliteter:<\/b> Giv billetindehavere i topklasse adgang til eksklusive eller m\u00e6rkevarebaserede visningsv\u00e6rkt\u00f8jer.<\/p>\n<\/li>\n<\/ul>","protected":false},"excerpt":{"rendered":"<ul data-path-to-node=\"8\">\n<li>\n<p data-path-to-node=\"8,0,0\"><b data-path-to-node=\"8,0,0\" data-index-in-node=\"0\">Klassisk elegance:<\/b> Fuld metalkonstruktion med luksuri\u00f8s guldfinish og foldbart h\u00e5ndtag for sofistikeret visning.<\/p>\n<\/li>\n<li>\n<p data-path-to-node=\"8,1,0\"><b data-path-to-node=\"8,1,0\" data-index-in-node=\"0\">Overlegen optik:<\/b> F\u00e5s med 3x (vidvinkel) eller 4x (detaljefokus) forst\u00f8rrelse med h\u00f8jt lysstyrkeindeks.<\/p>\n<\/li>\n<li>\n<p data-path-to-node=\"8,2,0\"><b data-path-to-node=\"8,2,0\" data-index-in-node=\"0\">B2B-klar:<\/b> Perfekt til teaterbutikker, gaver til VIP-events og eksklusive firmapriser.<\/p>\n<\/li>\n<li>\n<p data-path-to-node=\"8,3,0\"><b data-path-to-node=\"8,3,0\" data-index-in-node=\"0\">Komplet s\u00e6t:<\/b> Inkluderer et holdbart opbevaringsetui til beskyttelse og pr\u00e6sentation.<\/p>\n<\/li>\n<\/ul>","protected":false},"featured_media":6679,"comment_status":"closed","ping_status":"closed","template":"","meta":[],"product_brand":[],"product_cat":[121],"product_tag":[],"class_list":{"0":"post-6678","1":"product","2":"type-product","3":"status-publish","4":"has-post-thumbnail","6":"product_cat-promotional-merchandise","8":"first","9":"instock","10":"shipping-taxable","11":"purchasable","12":"product-type-simple"},"_links":{"self":[{"href":"https:\/\/displayproducts.eu\/da\/wp-json\/wp\/v2\/product\/6678","targetHints":{"allow":["GET"]}}],"collection":[{"href":"https:\/\/displayproducts.eu\/da\/wp-json\/wp\/v2\/product"}],"about":[{"href":"https:\/\/displayproducts.eu\/da\/wp-json\/wp\/v2\/types\/product"}],"replies":[{"embeddable":true,"href":"https:\/\/displayproducts.eu\/da\/wp-json\/wp\/v2\/comments?post=6678"}],"wp:featuredmedia":[{"embeddable":true,"href":"https:\/\/displayproducts.eu\/da\/wp-json\/wp\/v2\/media\/6679"}],"wp:attachment":[{"href":"https:\/\/displayproducts.eu\/da\/wp-json\/wp\/v2\/media?parent=6678"}],"wp:term":[{"taxonomy":"product_brand","embeddable":true,"href":"https:\/\/displayproducts.eu\/da\/wp-json\/wp\/v2\/product_brand?post=6678"},{"taxonomy":"product_cat","embeddable":true,"href":"https:\/\/displayproducts.eu\/da\/wp-json\/wp\/v2\/product_cat?post=6678"},{"taxonomy":"product_tag","embeddable":true,"href":"https:\/\/displayproducts.eu\/da\/wp-json\/wp\/v2\/product_tag?post=6678"}],"curies":[{"name":"wp","href":"https:\/\/api.w.org\/{rel}","templated":true}]}}