{"id":6671,"date":"2026-01-09T18:39:46","date_gmt":"2026-01-09T15:39:46","guid":{"rendered":"https:\/\/wristbandfactory.eu\/?post_type=product&#038;p=6671"},"modified":"2026-04-01T21:52:34","modified_gmt":"2026-04-01T18:52:34","slug":"custom-foil-holographic-event-wristbands","status":"publish","type":"product","link":"https:\/\/displayproducts.eu\/da\/p\/custom-foil-holographic-event-wristbands\/","title":{"rendered":"Papirarmb\u00e5nd med folietryk"},"content":{"rendered":"<p data-path-to-node=\"9\">L\u00f8ft dit events branding med vores med eget tryk folie- og holografiske armb\u00e5nd. Disse b\u00e5nd er fremstillet af YUPO syntetisk papir af h\u00f8j kvalitet og tilbyder et f\u00f8rsteklasses alternativ til standard Tyvek med en m\u00e6lkehvid overflade, der sikrer, at farverne fremst\u00e5r levende og designm\u00e6ssigt tro.<\/p>\n<p data-path-to-node=\"10\">Disse armb\u00e5nd er designet til h\u00f8jprofilerede begivenheder, klubber og festivaler og giver mulighed for luksuri\u00f8se metalliske detaljer \u2013 herunder guld, s\u00f8lv og glasfolie \u2013 eller fuld holografisk finish. Den glatte tekstur kombineret med CMYK-offsettryk i h\u00f8j opl\u00f8sning g\u00f8r dem ideelle til indviklede designs og VIP-identifikation. Trods deres elegante udseende er de robuste og konstruerede til at modst\u00e5 vand, sved og aktive milj\u00f8er.<\/p>\n<h2 data-path-to-node=\"11\">N\u00f8glefunktioner<\/h2>\n<ul data-path-to-node=\"12\">\n<li>\n<p data-path-to-node=\"12,0,0\"><b data-path-to-node=\"12,0,0\" data-index-in-node=\"0\">Luksusfinish:<\/b> F\u00e5s med varmpr\u00e6gede guldfolie, s\u00f8lvfolie, &quot;glasfolie&quot; og holografiske overlays for maksimal synlighed.<\/p>\n<\/li>\n<li>\n<p data-path-to-node=\"12,1,0\"><b data-path-to-node=\"12,1,0\" data-index-in-node=\"0\">Materiel ekspertise:<\/b> YUPO syntetisk papirmasse giver en glattere finish end Tyvek, hvilket muligg\u00f8r skarpere trykdetaljer og lysere farver.<\/p>\n<\/li>\n<li>\n<p data-path-to-node=\"12,2,0\"><b data-path-to-node=\"12,2,0\" data-index-in-node=\"0\">Sikkerhedsdesign:<\/b> Den st\u00e6rke kl\u00e6belukning har udstansede sikkerhedsstrimler, der g\u00e5r i stykker, hvis de fors\u00f8ges fjernet, hvilket sikrer, at b\u00e5ndet ikke kan genbruges.<\/p>\n<\/li>\n<li>\n<p data-path-to-node=\"12,3,0\"><b data-path-to-node=\"12,3,0\" data-index-in-node=\"0\">Smart data klar:<\/b> Fuldt kompatibel med variabel dataudskrivning, herunder sekventiel nummerering, stregkoder og QR-koder til digital integration.<\/p>\n<\/li>\n<\/ul>\n<h2 data-path-to-node=\"13\">Specifikationer<\/h2>\n<ul data-path-to-node=\"14\">\n<li>\n<p data-path-to-node=\"14,0,0\"><b data-path-to-node=\"14,0,0\" data-index-in-node=\"0\">Materiale:<\/b> YUPO (blandet papirmasse \/ syntetisk papir) \u2013 Vandt\u00e6t og rivefast.<\/p>\n<\/li>\n<li>\n<p data-path-to-node=\"14,1,0\"><b data-path-to-node=\"14,1,0\" data-index-in-node=\"0\">Standarddimensioner:<\/b><\/p>\n<ul data-path-to-node=\"14,1,1\">\n<li>\n<p data-path-to-node=\"14,1,1,0,0\">20 mm x 250 mm<\/p>\n<\/li>\n<li>\n<p data-path-to-node=\"14,1,1,1,0\">25 mm x 250 mm<\/p>\n<\/li>\n<li>\n<p data-path-to-node=\"14,1,1,2,0\"><i data-path-to-node=\"14,1,1,2,0\" data-index-in-node=\"0\">Tilpassede st\u00f8rrelser tilg\u00e6ngelige p\u00e5 foresp\u00f8rgsel.<\/i><\/p>\n<\/li>\n<\/ul>\n<\/li>\n<li>\n<p data-path-to-node=\"14,2,0\"><b data-path-to-node=\"14,2,0\" data-index-in-node=\"0\">Udskrivningsmetode:<\/b> Fuldfarve CMYK offsettryk + foliepr\u00e6gning.<\/p>\n<\/li>\n<li>\n<p data-path-to-node=\"14,3,0\"><b data-path-to-node=\"14,3,0\" data-index-in-node=\"0\">Foliemuligheder:<\/b> Guld, s\u00f8lv, glasfolie, hologram.<\/p>\n<\/li>\n<li>\n<p data-path-to-node=\"14,4,0\"><b data-path-to-node=\"14,4,0\" data-index-in-node=\"0\">Oprindelse:<\/b> Sydkorea (ANYWRISTBAND \/ Model TS25).<\/p>\n<\/li>\n<\/ul>\n<h2 data-path-to-node=\"15\">Brugsscenarier<\/h2>\n<ul data-path-to-node=\"16\">\n<li>\n<p data-path-to-node=\"16,0,0\"><b data-path-to-node=\"16,0,0\" data-index-in-node=\"0\">VIP-adgangskontrol:<\/b> Perfekt til at skille VIP-g\u00e6ster ud ved koncerter, festivaler og natklubber takket v\u00e6re den reflekterende metalliske finish.<\/p>\n<\/li>\n<li>\n<p data-path-to-node=\"16,1,0\"><b data-path-to-node=\"16,1,0\" data-index-in-node=\"0\">Firmaarrangementer:<\/b> High-end branding til gallafester og konferencer, hvor visuel pr\u00e6sentation er afg\u00f8rende.<\/p>\n<\/li>\n<li>\n<p data-path-to-node=\"16,2,0\"><b data-path-to-node=\"16,2,0\" data-index-in-node=\"0\">Sikre steder:<\/b> Ideel til forlystelsesparker og omr\u00e5der med begr\u00e6nset adgang, der kr\u00e6ver p\u00e5lidelig identifikation med stregkodeintegration.<\/p>\n<\/li>\n<\/ul>\n<p data-path-to-node=\"17\">","protected":false},"excerpt":{"rendered":"<ul>\n<li>\n<p data-path-to-node=\"7,0,0\"><b data-path-to-node=\"7,0,0\" data-index-in-node=\"0\">Premium visuel effekt:<\/b> Har fantastiske metalliske accenter (guld, s\u00f8lv, glasfolie) eller holografiske effekter p\u00e5 en glat, m\u00e6lkehvid YUPO-overflade.<\/p>\n<\/li>\n<li>\n<p data-path-to-node=\"7,1,0\"><b data-path-to-node=\"7,1,0\" data-index-in-node=\"0\">Overlegen holdbarhed:<\/b> Lavet af rivefast, 100% vandt\u00e6t syntetisk papir, der overg\u00e5r standard papirb\u00e5nd.<\/p>\n<\/li>\n<li>\n<p data-path-to-node=\"7,2,0\"><b data-path-to-node=\"7,2,0\" data-index-in-node=\"0\">H\u00f8j sikkerhed:<\/b> Udstyret med en manipulationssikret kl\u00e6belukning og formulerede sikkerhedssnit for at forhindre overf\u00f8rsel.<\/p>\n<\/li>\n<li>\n<p data-path-to-node=\"7,3,0\"><b data-path-to-node=\"7,3,0\" data-index-in-node=\"0\">Fuld tilpasning:<\/b> Underst\u00f8tter farverig CMYK-offsettryk, stregkoder, QR-koder og variabel nummerering til adgangskontrol.<\/p>\n<\/li>\n<\/ul>","protected":false},"featured_media":6677,"comment_status":"closed","ping_status":"closed","template":"","meta":[],"product_brand":[],"product_cat":[41],"product_tag":[],"class_list":{"0":"post-6671","1":"product","2":"type-product","3":"status-publish","4":"has-post-thumbnail","6":"product_cat-tyvek","8":"first","9":"instock","10":"shipping-taxable","11":"product-type-simple"},"_links":{"self":[{"href":"https:\/\/displayproducts.eu\/da\/wp-json\/wp\/v2\/product\/6671","targetHints":{"allow":["GET"]}}],"collection":[{"href":"https:\/\/displayproducts.eu\/da\/wp-json\/wp\/v2\/product"}],"about":[{"href":"https:\/\/displayproducts.eu\/da\/wp-json\/wp\/v2\/types\/product"}],"replies":[{"embeddable":true,"href":"https:\/\/displayproducts.eu\/da\/wp-json\/wp\/v2\/comments?post=6671"}],"wp:featuredmedia":[{"embeddable":true,"href":"https:\/\/displayproducts.eu\/da\/wp-json\/wp\/v2\/media\/6677"}],"wp:attachment":[{"href":"https:\/\/displayproducts.eu\/da\/wp-json\/wp\/v2\/media?parent=6671"}],"wp:term":[{"taxonomy":"product_brand","embeddable":true,"href":"https:\/\/displayproducts.eu\/da\/wp-json\/wp\/v2\/product_brand?post=6671"},{"taxonomy":"product_cat","embeddable":true,"href":"https:\/\/displayproducts.eu\/da\/wp-json\/wp\/v2\/product_cat?post=6671"},{"taxonomy":"product_tag","embeddable":true,"href":"https:\/\/displayproducts.eu\/da\/wp-json\/wp\/v2\/product_tag?post=6671"}],"curies":[{"name":"wp","href":"https:\/\/api.w.org\/{rel}","templated":true}]}}