{"id":6618,"date":"2026-01-09T15:51:34","date_gmt":"2026-01-09T12:51:34","guid":{"rendered":"https:\/\/wristbandfactory.eu\/?post_type=product&#038;p=6618"},"modified":"2026-04-01T21:52:34","modified_gmt":"2026-04-01T18:52:34","slug":"custom-natural-cork-wristbands","status":"publish","type":"product","link":"https:\/\/displayproducts.eu\/da\/p\/custom-natural-cork-wristbands\/","title":{"rendered":"Armb\u00e5nd af naturkork"},"content":{"rendered":"<p data-path-to-node=\"10\">Lav et st\u00e6rkt statement om b\u00e6redygtighed med vores <b data-path-to-node=\"10\" data-index-in-node=\"77\">Armb\u00e5nd af naturkork<\/b>. Dette materiale, der h\u00f8stes fra barken af korkege uden at skade selve tr\u00e6et, er en af de mest milj\u00f8venlige ressourcer, der findes. Disse armb\u00e5nd er det ideelle valg til milj\u00f8konferencer, naturresorts og festivaler, der \u00f8nsker at eliminere plastikaffald og samtidig tilbyde g\u00e6sterne et f\u00f8rsteklasses tilbeh\u00f8r.<\/p>\n<p data-path-to-node=\"11\">I mods\u00e6tning til syntetiske materialer har alle kork-armb\u00e5nd et unikt naturligt \u00e5rem\u00f8nster. Materialet er bl\u00f8dt mod huden, let og overraskende holdbart \u2013 det afviser naturligt vand og sved. For det ultimative \u00f8ko-look anbefaler vi <b data-path-to-node=\"11\" data-index-in-node=\"239\">Lasergravering<\/b> dit logo, som skaber en m\u00f8rk, skarp kontrast mod den gyldne korkbaggrund uden brug af kemisk bl\u00e6k.<\/p>\n<h2 data-path-to-node=\"12\">N\u00f8glefunktioner<\/h2>\n<ul data-path-to-node=\"13\">\n<li>\n<p data-path-to-node=\"13,0,0\"><b data-path-to-node=\"13,0,0\" data-index-in-node=\"0\">Vedvarende ressource:<\/b> Kork h\u00f8stes b\u00e6redygtigt; tr\u00e6et regenererer sin bark, hvilket g\u00f8r dette til et produkt uden skyldf\u00f8lelse.<\/p>\n<\/li>\n<li>\n<p data-path-to-node=\"13,1,0\"><b data-path-to-node=\"13,1,0\" data-index-in-node=\"0\">Premium-branding:<\/b> V\u00e6lg mellem skarpt sort serigrafi eller sofistikeret lasergravering for en taktil fornemmelse.<\/p>\n<\/li>\n<li>\n<p data-path-to-node=\"13,2,0\"><b data-path-to-node=\"13,2,0\" data-index-in-node=\"0\">Sikker l\u00e5sning:<\/b> F\u00e5s med en b\u00e6redygtig <b data-path-to-node=\"13,2,0\" data-index-in-node=\"45\">Tr\u00e6skyder<\/b> eller bambusperle til at fuldende den plastikfri 100%-profil (standard plastikl\u00e5se f\u00e5s ogs\u00e5).<\/p>\n<\/li>\n<li>\n<p data-path-to-node=\"13,3,0\"><b data-path-to-node=\"13,3,0\" data-index-in-node=\"0\">Hypoallergenisk:<\/b> Ideel til g\u00e6ster med f\u00f8lsom hud, da kork modst\u00e5r st\u00f8v og bakterier.<\/p>\n<\/li>\n<\/ul>\n<h2 data-path-to-node=\"14\">Specifikationer<\/h2>\n<ul data-path-to-node=\"15\">\n<li>\n<p data-path-to-node=\"15,0,0\"><b data-path-to-node=\"15,0,0\" data-index-in-node=\"0\">Materiale:<\/b> Naturkorklag (forst\u00e6rket bagside)<\/p>\n<\/li>\n<li>\n<p data-path-to-node=\"15,1,0\"><b data-path-to-node=\"15,1,0\" data-index-in-node=\"0\">Brandingmetode:<\/b> Lasergravering (anbefales) eller serigrafi<\/p>\n<\/li>\n<li>\n<p data-path-to-node=\"15,2,0\"><b data-path-to-node=\"15,2,0\" data-index-in-node=\"0\">St\u00f8rrelse:<\/b> 350 mm x 15 mm (justerbar)<\/p>\n<\/li>\n<li>\n<p data-path-to-node=\"15,3,0\"><b data-path-to-node=\"15,3,0\" data-index-in-node=\"0\">Vandt\u00e6t:<\/b> Ja (Naturligvis vandafvisende)<\/p>\n<\/li>\n<li>\n<p data-path-to-node=\"15,4,0\"><b data-path-to-node=\"15,4,0\" data-index-in-node=\"0\">L\u00e5semuligheder:<\/b> Tr\u00e6perle, bambusslider eller genbrugsplastik<\/p>\n<\/li>\n<li>\n<p data-path-to-node=\"15,5,0\"><b data-path-to-node=\"15,5,0\" data-index-in-node=\"0\">Min. m\u00e6ngde:<\/b> 100 enheder<\/p>\n<\/li>\n<\/ul>\n<h2 data-path-to-node=\"16\">Brugsscenarier<\/h2>\n<ul data-path-to-node=\"17\">\n<li>\n<p data-path-to-node=\"17,0,0\"><b data-path-to-node=\"17,0,0\" data-index-in-node=\"0\">Konferencer om b\u00e6redygtighed:<\/b> Den perfekte akkreditering til arrangementer med fokus p\u00e5 klima og milj\u00f8.<\/p>\n<\/li>\n<li>\n<p data-path-to-node=\"17,1,0\"><b data-path-to-node=\"17,1,0\" data-index-in-node=\"0\">\u00d8ko-resorts og glamping:<\/b> Matcher den naturlige \u00e6stetik i luksuri\u00f8se udend\u00f8rsindkvarteringer.<\/p>\n<\/li>\n<li>\n<p data-path-to-node=\"17,2,0\"><b data-path-to-node=\"17,2,0\" data-index-in-node=\"0\">Vinfestivaler:<\/b> En tematisk forbindelse til vinkorkpropper g\u00f8r dette til et sjovt og relevant brandingv\u00e6rkt\u00f8j.<\/p>\n<\/li>\n<li>\n<p data-path-to-node=\"17,3,0\"><b data-path-to-node=\"17,3,0\" data-index-in-node=\"0\">Velg\u00f8renhedsgallaer:<\/b> Et sofistikeret, underspillet look til eksklusive fundraising-events.<\/p>\n<\/li>\n<\/ul>","protected":false},"excerpt":{"rendered":"<ul>\n<li>\n<p data-path-to-node=\"9,0,0\"><b data-path-to-node=\"9,0,0\" data-index-in-node=\"0\">100% Naturlig \u00e6stetik:<\/b> Lavet af \u00e6gte korkmateriale, der giver en unik, organisk tr\u00e6lignende tekstur.<\/p>\n<\/li>\n<li>\n<p data-path-to-node=\"9,1,0\"><b data-path-to-node=\"9,1,0\" data-index-in-node=\"0\">Milj\u00f8venligt valg:<\/b> Et vedvarende, bionedbrydeligt alternativ til plastik, perfekt til &quot;gr\u00f8nne&quot; events.<\/p>\n<\/li>\n<li>\n<p data-path-to-node=\"9,2,0\"><b data-path-to-node=\"9,2,0\" data-index-in-node=\"0\">Lasergravering:<\/b> Branding br\u00e6ndes direkte ind i korken for en permanent, eksklusiv finish (bl\u00e6ktryk er ogs\u00e5 muligt).<\/p>\n<\/li>\n<li>\n<p data-path-to-node=\"9,3,0\"><b data-path-to-node=\"9,3,0\" data-index-in-node=\"0\">Naturligt holdbart:<\/b> Kork er naturligt vandafvisende, allergivenligt og behageligt til langvarig brug.<\/p>\n<\/li>\n<\/ul>","protected":false},"featured_media":6620,"comment_status":"closed","ping_status":"closed","template":"","meta":[],"product_brand":[],"product_cat":[133,47],"product_tag":[],"class_list":{"0":"post-6618","1":"product","2":"type-product","3":"status-publish","4":"has-post-thumbnail","6":"product_cat-eco-friendly-wristbands","7":"product_cat-fabric-wristbands","9":"first","10":"instock","11":"shipping-taxable","12":"purchasable","13":"product-type-simple"},"_links":{"self":[{"href":"https:\/\/displayproducts.eu\/da\/wp-json\/wp\/v2\/product\/6618","targetHints":{"allow":["GET"]}}],"collection":[{"href":"https:\/\/displayproducts.eu\/da\/wp-json\/wp\/v2\/product"}],"about":[{"href":"https:\/\/displayproducts.eu\/da\/wp-json\/wp\/v2\/types\/product"}],"replies":[{"embeddable":true,"href":"https:\/\/displayproducts.eu\/da\/wp-json\/wp\/v2\/comments?post=6618"}],"wp:featuredmedia":[{"embeddable":true,"href":"https:\/\/displayproducts.eu\/da\/wp-json\/wp\/v2\/media\/6620"}],"wp:attachment":[{"href":"https:\/\/displayproducts.eu\/da\/wp-json\/wp\/v2\/media?parent=6618"}],"wp:term":[{"taxonomy":"product_brand","embeddable":true,"href":"https:\/\/displayproducts.eu\/da\/wp-json\/wp\/v2\/product_brand?post=6618"},{"taxonomy":"product_cat","embeddable":true,"href":"https:\/\/displayproducts.eu\/da\/wp-json\/wp\/v2\/product_cat?post=6618"},{"taxonomy":"product_tag","embeddable":true,"href":"https:\/\/displayproducts.eu\/da\/wp-json\/wp\/v2\/product_tag?post=6618"}],"curies":[{"name":"wp","href":"https:\/\/api.w.org\/{rel}","templated":true}]}}