{"id":6615,"date":"2026-01-09T15:29:35","date_gmt":"2026-01-09T12:29:35","guid":{"rendered":"https:\/\/wristbandfactory.eu\/?post_type=product&#038;p=6615"},"modified":"2026-04-01T21:52:34","modified_gmt":"2026-04-01T18:52:34","slug":"custom-full-color-vinyl-wristbands","status":"publish","type":"product","link":"https:\/\/displayproducts.eu\/da\/p\/custom-full-color-vinyl-wristbands\/","title":{"rendered":"Vinylarmb\u00e5nd med fuldfarvetryk"},"content":{"rendered":"<p data-path-to-node=\"10\">Styrk din eventbranding med vores <b data-path-to-node=\"10\" data-index-in-node=\"62\">Vinylarmb\u00e5nd med fuldfarvetryk<\/b>. Mens standardarmb\u00e5nd er begr\u00e6nset til simple ensfarvede logoer, bruger disse premium-remme avancerede <b data-path-to-node=\"10\" data-index-in-node=\"200\">CMYK digital trykteknologi<\/b> til at gengive fotografiske billeder, glatte farveovergange og meget detaljeret grafik direkte p\u00e5 armb\u00e5ndets overflade.<\/p>\n<p data-path-to-node=\"11\">Designet til h\u00f8jprofilerede begivenheder, festivaler og resorts. <b data-path-to-node=\"11\" data-index-in-node=\"62\">Bredt ansigt (L-formet)<\/b> Strukturen maksimerer det udskrivbare omr\u00e5de, hvilket g\u00f8r det til det perfekte valg til at fremvise sponsorlogoer eller kompleks kunst. Trods den f\u00f8rsteklasses finish opretholder disse armb\u00e5nd de branchef\u00f8rende sikkerhedsfunktioner, du forventer, herunder en manipulationssikker l\u00e5seknap og vandt\u00e6t tri-laminatkonstruktion, der t\u00e5ler sv\u00f8mning, brusebad og langvarig brug.<\/p>\n<h2 data-path-to-node=\"12\">N\u00f8glefunktioner<\/h2>\n<ul data-path-to-node=\"13\">\n<li>\n<p data-path-to-node=\"13,0,0\"><b data-path-to-node=\"13,0,0\" data-index-in-node=\"0\">Udskrift i fotokvalitet:<\/b> Gengiv ethvert design, inklusive fotos og gradueringer, med skarpe detaljer i h\u00f8j opl\u00f8sning.<\/p>\n<\/li>\n<li>\n<p data-path-to-node=\"13,1,0\"><b data-path-to-node=\"13,1,0\" data-index-in-node=\"0\">Sikker l\u00e5sning:<\/b> Den permanente plastikl\u00e5s skal \u00f8del\u00e6gges for at fjerne b\u00e5ndet, hvilket sikrer absolut sikkerhed.<\/p>\n<\/li>\n<li>\n<p data-path-to-node=\"13,2,0\"><b data-path-to-node=\"13,2,0\" data-index-in-node=\"0\">Vandt\u00e6t og rivefast:<\/b> Ideel til brug i flere dage i v\u00e5de milj\u00f8er som vandlande og strandresorts.<\/p>\n<\/li>\n<li>\n<p data-path-to-node=\"13,3,0\"><b data-path-to-node=\"13,3,0\" data-index-in-node=\"0\">Klar til variable data:<\/b> Kan udskrives med unikke QR-koder, stregkoder eller serienumre for integreret adgangskontrol.<\/p>\n<\/li>\n<\/ul>\n<h2 data-path-to-node=\"14\">Specifikationer<\/h2>\n<ul data-path-to-node=\"15\">\n<li>\n<p data-path-to-node=\"15,0,0\"><b data-path-to-node=\"15,0,0\" data-index-in-node=\"0\">Materiale:<\/b> 3-lags tri-laminat vinyl<\/p>\n<\/li>\n<li>\n<p data-path-to-node=\"15,1,0\"><b data-path-to-node=\"15,1,0\" data-index-in-node=\"0\">Udskrivningsmetode:<\/b> CMYK digitaltryk (fuldfarve)<\/p>\n<\/li>\n<li>\n<p data-path-to-node=\"15,2,0\"><b data-path-to-node=\"15,2,0\" data-index-in-node=\"0\">Model:<\/b> Bredt ansigt \/ L-formet<\/p>\n<\/li>\n<li>\n<p data-path-to-node=\"15,3,0\"><b data-path-to-node=\"15,3,0\" data-index-in-node=\"0\">Lukning:<\/b> Engangs plastiktrykknap<\/p>\n<\/li>\n<li>\n<p data-path-to-node=\"15,4,0\"><b data-path-to-node=\"15,4,0\" data-index-in-node=\"0\">Vandt\u00e6t:<\/b> Ja (100%)<\/p>\n<\/li>\n<li>\n<p data-path-to-node=\"15,5,0\"><b data-path-to-node=\"15,5,0\" data-index-in-node=\"0\">Produktionstid:<\/b> 5-10 hverdage<\/p>\n<\/li>\n<li>\n<p data-path-to-node=\"15,6,0\"><b data-path-to-node=\"15,6,0\" data-index-in-node=\"0\">Min. m\u00e6ngde:<\/b> 100 enheder<\/p>\n<\/li>\n<\/ul>\n<h2 data-path-to-node=\"16\">Brugsscenarier<\/h2>\n<ul data-path-to-node=\"17\">\n<li>\n<p data-path-to-node=\"17,0,0\"><b data-path-to-node=\"17,0,0\" data-index-in-node=\"0\">Musikfestivaler:<\/b> Komplekse, sv\u00e6rt kopierbare designs fungerer som sikre legitimationsoplysninger til flerdagesindtastning.<\/p>\n<\/li>\n<li>\n<p data-path-to-node=\"17,1,0\"><b data-path-to-node=\"17,1,0\" data-index-in-node=\"0\">VIP &amp; Backstage:<\/b> Premium fuldfarvet look adskiller VIP-g\u00e6ster fra uden tryke g\u00e6ster.<\/p>\n<\/li>\n<li>\n<p data-path-to-node=\"17,2,0\"><b data-path-to-node=\"17,2,0\" data-index-in-node=\"0\">Sponsorater:<\/b> Stor overflade giver mulighed for tydelig og farverig visning af sponsorlogoer.<\/p>\n<\/li>\n<li>\n<p data-path-to-node=\"17,3,0\"><b data-path-to-node=\"17,3,0\" data-index-in-node=\"0\">Resorter og hoteller:<\/b> Holdbar nok til at g\u00e6ster kan identificere sig med hinanden i en hel uge med en eksklusiv \u00e6stetik.<\/p>\n<\/li>\n<\/ul>","protected":false},"excerpt":{"rendered":"<ul>\n<li>\n<p data-path-to-node=\"9,0,0\"><b data-path-to-node=\"9,0,0\" data-index-in-node=\"0\">Ubegr\u00e6nsede farver:<\/b> CMYK digitaltryk giver mulighed for fotos, gradienter og indviklede designs uden farvebegr\u00e6nsninger.<\/p>\n<\/li>\n<li>\n<p data-path-to-node=\"9,1,0\"><b data-path-to-node=\"9,1,0\" data-index-in-node=\"0\">Maksimal brandplads:<\/b> \u201c&quot;Wide Face&quot;-designet giver et stort l\u00e6rred til sponsorlogoer og eventgrafik.<\/p>\n<\/li>\n<li>\n<p data-path-to-node=\"9,2,0\"><b data-path-to-node=\"9,2,0\" data-index-in-node=\"0\">H\u00f8j sikkerhed:<\/b> Engangs plastiktryklukning forhindrer overf\u00f8rsel og genbrug mellem g\u00e6ster.<\/p>\n<\/li>\n<li>\n<p data-path-to-node=\"9,3,0\"><b data-path-to-node=\"9,3,0\" data-index-in-node=\"0\">Premium holdbarhed:<\/b> 3-lags vinylkonstruktion sikrer, at armb\u00e5ndet forbliver intakt og livligt i 7+ dage.<\/p>\n<\/li>\n<\/ul>","protected":false},"featured_media":6616,"comment_status":"closed","ping_status":"closed","template":"","meta":[],"product_brand":[],"product_cat":[51],"product_tag":[],"class_list":{"0":"post-6615","1":"product","2":"type-product","3":"status-publish","4":"has-post-thumbnail","6":"product_cat-vinyl","8":"first","9":"instock","10":"shipping-taxable","11":"purchasable","12":"product-type-simple"},"_links":{"self":[{"href":"https:\/\/displayproducts.eu\/da\/wp-json\/wp\/v2\/product\/6615","targetHints":{"allow":["GET"]}}],"collection":[{"href":"https:\/\/displayproducts.eu\/da\/wp-json\/wp\/v2\/product"}],"about":[{"href":"https:\/\/displayproducts.eu\/da\/wp-json\/wp\/v2\/types\/product"}],"replies":[{"embeddable":true,"href":"https:\/\/displayproducts.eu\/da\/wp-json\/wp\/v2\/comments?post=6615"}],"wp:featuredmedia":[{"embeddable":true,"href":"https:\/\/displayproducts.eu\/da\/wp-json\/wp\/v2\/media\/6616"}],"wp:attachment":[{"href":"https:\/\/displayproducts.eu\/da\/wp-json\/wp\/v2\/media?parent=6615"}],"wp:term":[{"taxonomy":"product_brand","embeddable":true,"href":"https:\/\/displayproducts.eu\/da\/wp-json\/wp\/v2\/product_brand?post=6615"},{"taxonomy":"product_cat","embeddable":true,"href":"https:\/\/displayproducts.eu\/da\/wp-json\/wp\/v2\/product_cat?post=6615"},{"taxonomy":"product_tag","embeddable":true,"href":"https:\/\/displayproducts.eu\/da\/wp-json\/wp\/v2\/product_tag?post=6615"}],"curies":[{"name":"wp","href":"https:\/\/api.w.org\/{rel}","templated":true}]}}