{"id":6609,"date":"2026-01-06T13:25:58","date_gmt":"2026-01-06T10:25:58","guid":{"rendered":"https:\/\/wristbandfactory.eu\/?post_type=product&#038;p=6609"},"modified":"2026-04-01T21:52:03","modified_gmt":"2026-04-01T18:52:03","slug":"custom-full-color-microfiber-suede-towels","status":"publish","type":"product","link":"https:\/\/displayproducts.eu\/da\/p\/custom-full-color-microfiber-suede-towels\/","title":{"rendered":"Mikrofiberh\u00e5ndkl\u00e6der med logo"},"content":{"rendered":"<p data-path-to-node=\"9\">Styrk dit brands tilstedev\u00e6relse i fitnesscentret, p\u00e5 stranden eller ved sportsbegivenheder med vores f\u00f8rsteklasses med eget tryk mikrofiber-ruskindsh\u00e5ndkl\u00e6der. I mods\u00e6tning til traditionelle h\u00e5ndkl\u00e6der giver mikrofiberen med ruskindsfinish en glat overflade uden l\u00f8kker, der giver mulighed for utrolig skarpt og levende fuldfarvetryk, hvilket f\u00e5r dit logo eller kunstv\u00e6rk til at skille sig ud med fotografisk klarhed.<\/p>\n<h2 data-path-to-node=\"10\">N\u00f8glefunktioner<\/h2>\n<ul data-path-to-node=\"11\">\n<li>\n<p data-path-to-node=\"11,0,0\"><b data-path-to-node=\"11,0,0\" data-index-in-node=\"0\">Levende sublimering:<\/b> Vi bruger avanceret varmeoverf\u00f8ringstryk for at sikre, at dine farver forbliver klare, selv efter flere vaske.<\/p>\n<\/li>\n<li>\n<p data-path-to-node=\"11,1,0\"><b data-path-to-node=\"11,1,0\" data-index-in-node=\"0\">Ruskindsfinish:<\/b> Den bl\u00f8de, b\u00f8rstede tekstur f\u00f8les luksuri\u00f8s mod huden, samtidig med at den forbliver yderst funktionel og sandafvisende.<\/p>\n<\/li>\n<li>\n<p data-path-to-node=\"11,2,0\"><b data-path-to-node=\"11,2,0\" data-index-in-node=\"0\">Milj\u00f8venlige bl\u00e6ktyper:<\/b> Vores trykproces bruger sikre, langtidsholdbare bl\u00e6ktyper, der er egnede til daglig brug.<\/p>\n<\/li>\n<li>\n<p data-path-to-node=\"11,3,0\"><b data-path-to-node=\"11,3,0\" data-index-in-node=\"0\">Alsidig st\u00f8rrelse:<\/b> V\u00e6lg mellem h\u00e5ndkl\u00e6der (50x70 cm) til store strandh\u00e5ndkl\u00e6der (80x160 cm).<\/p>\n<\/li>\n<\/ul>\n<h2 data-path-to-node=\"12\">Specifikationer<\/h2>\n<ul data-path-to-node=\"13\">\n<li>\n<p data-path-to-node=\"13,0,0\"><b data-path-to-node=\"13,0,0\" data-index-in-node=\"0\">Materiale:<\/b> 100% mikrofiberruskind (polyester\/polyamidblanding).<\/p>\n<\/li>\n<li>\n<p data-path-to-node=\"13,1,0\"><b data-path-to-node=\"13,1,0\" data-index-in-node=\"0\">Standardst\u00f8rrelser:<\/b> 50x70 cm, 50x100 cm, 70x140 cm, 80x160 cm.<\/p>\n<\/li>\n<li>\n<p data-path-to-node=\"13,2,0\"><b data-path-to-node=\"13,2,0\" data-index-in-node=\"0\">Tilpasning:<\/b> Digitaltryk i hele overfladen (ensidet eller dobbeltsidet).<\/p>\n<\/li>\n<li>\n<p data-path-to-node=\"13,3,0\"><b data-path-to-node=\"13,3,0\" data-index-in-node=\"0\">Skr\u00e6ddersyede muligheder:<\/b> Tilpassede st\u00f8rrelser og former er tilg\u00e6ngelige efter anmodning.<\/p>\n<\/li>\n<li>\n<p data-path-to-node=\"13,4,0\"><b data-path-to-node=\"13,4,0\" data-index-in-node=\"0\">V\u00e6gt:<\/b> Let og foldbar for nem transport.<\/p>\n<\/li>\n<\/ul>\n<h2 data-path-to-node=\"14\">Brugsscenarier<\/h2>\n<ul data-path-to-node=\"15\">\n<li>\n<p data-path-to-node=\"15,0,0\"><b data-path-to-node=\"15,0,0\" data-index-in-node=\"0\">Virksomhedens identitet:<\/b> Gaver i topklasse til medarbejdere og partnere.<\/p>\n<\/li>\n<li>\n<p data-path-to-node=\"15,1,0\"><b data-path-to-node=\"15,1,0\" data-index-in-node=\"0\">Sport og fitness:<\/b> M\u00e6rkeudstyr til CrossFit-bokse, sv\u00f8mmeklubber og yogastudier.<\/p>\n<\/li>\n<li>\n<p data-path-to-node=\"15,2,0\"><b data-path-to-node=\"15,2,0\" data-index-in-node=\"0\">Eventmerchandising:<\/b> Mindev\u00e6rdige souvenirs til festivaler og udend\u00f8rskonkurrencer.<\/p>\n<\/li>\n<li>\n<p data-path-to-node=\"15,3,0\"><b data-path-to-node=\"15,3,0\" data-index-in-node=\"0\">Turisme og g\u00e6stfrihed:<\/b> Specialdesignede strandh\u00e5ndkl\u00e6der til hoteller, spaer og resorts.<\/p>\n<\/li>\n<\/ul>\n<p data-path-to-node=\"16\">","protected":false},"excerpt":{"rendered":"<p data-path-to-node=\"7\">Vores med eget tryk mikrofiber ruskindsh\u00e5ndkl\u00e6der tilbyder en f\u00f8rsteklasses, bl\u00f8d overflade til branding i h\u00f8j opl\u00f8sning i fuld farve. Perfekt til sportsklubber, firmagaver og events.<\/p>\n<ul data-path-to-node=\"8\">\n<li>\n<p data-path-to-node=\"8,0,0\"><b data-path-to-node=\"8,0,0\" data-index-in-node=\"0\">Branding i fotokvalitet:<\/b> Kant-til-kant fuldfarve sublimeringstryk.<\/p>\n<\/li>\n<li>\n<p data-path-to-node=\"8,1,0\"><b data-path-to-node=\"8,1,0\" data-index-in-node=\"0\">Hurtigt\u00f8rrende teknologi:<\/b> H\u00f8jtydende mikrofiber ruskindsmateriale, der t\u00f8rrer betydeligt hurtigere end bomuld.<\/p>\n<\/li>\n<li>\n<p data-path-to-node=\"8,2,0\"><b data-path-to-node=\"8,2,0\" data-index-in-node=\"0\">Fuldt tilpasselig:<\/b> F\u00e5s i fire standardst\u00f8rrelser eller skr\u00e6ddersyede dimensioner, der passer til dit brands behov.<\/p>\n<\/li>\n<li>\n<p data-path-to-node=\"8,3,0\"><b data-path-to-node=\"8,3,0\" data-index-in-node=\"0\">Kompakt og let:<\/b> Ideel til rejser, fitnesscenter eller reklamegaver.<\/p>\n<\/li>\n<\/ul>","protected":false},"featured_media":6610,"comment_status":"closed","ping_status":"closed","template":"","meta":[],"product_brand":[],"product_cat":[129,118],"product_tag":[],"class_list":{"0":"post-6609","1":"product","2":"type-product","3":"status-publish","4":"has-post-thumbnail","6":"product_cat-leisure-lifestyle","7":"product_cat-sports-fitness","9":"first","10":"instock","11":"shipping-taxable","12":"purchasable","13":"product-type-simple"},"_links":{"self":[{"href":"https:\/\/displayproducts.eu\/da\/wp-json\/wp\/v2\/product\/6609","targetHints":{"allow":["GET"]}}],"collection":[{"href":"https:\/\/displayproducts.eu\/da\/wp-json\/wp\/v2\/product"}],"about":[{"href":"https:\/\/displayproducts.eu\/da\/wp-json\/wp\/v2\/types\/product"}],"replies":[{"embeddable":true,"href":"https:\/\/displayproducts.eu\/da\/wp-json\/wp\/v2\/comments?post=6609"}],"wp:featuredmedia":[{"embeddable":true,"href":"https:\/\/displayproducts.eu\/da\/wp-json\/wp\/v2\/media\/6610"}],"wp:attachment":[{"href":"https:\/\/displayproducts.eu\/da\/wp-json\/wp\/v2\/media?parent=6609"}],"wp:term":[{"taxonomy":"product_brand","embeddable":true,"href":"https:\/\/displayproducts.eu\/da\/wp-json\/wp\/v2\/product_brand?post=6609"},{"taxonomy":"product_cat","embeddable":true,"href":"https:\/\/displayproducts.eu\/da\/wp-json\/wp\/v2\/product_cat?post=6609"},{"taxonomy":"product_tag","embeddable":true,"href":"https:\/\/displayproducts.eu\/da\/wp-json\/wp\/v2\/product_tag?post=6609"}],"curies":[{"name":"wp","href":"https:\/\/api.w.org\/{rel}","templated":true}]}}