{"id":6604,"date":"2026-01-06T01:05:42","date_gmt":"2026-01-05T22:05:42","guid":{"rendered":"https:\/\/wristbandfactory.eu\/?post_type=product&#038;p=6604"},"modified":"2026-04-01T21:52:03","modified_gmt":"2026-04-01T18:52:03","slug":"custom-rpet-sublimation-yoyo-keyring","status":"publish","type":"product","link":"https:\/\/displayproducts.eu\/da\/p\/custom-rpet-sublimation-yoyo-keyring\/","title":{"rendered":"Jojo-n\u00f8glering med logo RPET"},"content":{"rendered":"<p data-path-to-node=\"10\">Subiner YoYo RPET med eget tryk n\u00f8glering er det ultimative multifunktionelle tilbeh\u00f8r til moderne virksomheder. Designet til medarbejdere, der har brug for hurtig adgang til ID-kort, n\u00f8gler eller sikkerhedsbrikker, tilbyder denne udtr\u00e6kkelige n\u00f8glering en problemfri brugeroplevelse, samtidig med at den fremh\u00e6ver dit brand i fuld farve.<\/p>\n<h2 data-path-to-node=\"11\">N\u00f8glefunktioner<\/h2>\n<p data-path-to-node=\"12\">Hvert element i Subiner YoYo er konstrueret til holdbarhed og synlighed. Den genbrugte polyesterrem giver en bl\u00f8d, men st\u00e6rk base til sublimeringstryk i h\u00f8j opl\u00f8sning. I mods\u00e6tning til standard serigrafi tr\u00e6nger sublimering ind i fibrene, hvilket sikrer, at dit logo ikke falmer, revner eller skaller af, selv ved kraftig daglig brug. Den integrerede teleskopmekanisme er testet for lang levetid og giver et j\u00e6vnt tr\u00e6k hver gang.<\/p>\n<h2 data-path-to-node=\"13\">Specifikationer<\/h2>\n<ul data-path-to-node=\"14\">\n<li>\n<p data-path-to-node=\"14,0,0\"><b data-path-to-node=\"14,0,0\" data-index-in-node=\"0\">Materiale:<\/b> Genbrugt RPET-polyester (rem og etiket), aluminium (karabinhage), metal (n\u00f8glering).<\/p>\n<\/li>\n<li>\n<p data-path-to-node=\"14,1,0\"><b data-path-to-node=\"14,1,0\" data-index-in-node=\"0\">Trykning:<\/b> Dobbeltsidet sublimering i fuld farve.<\/p>\n<\/li>\n<li>\n<p data-path-to-node=\"14,2,0\"><b data-path-to-node=\"14,2,0\" data-index-in-node=\"0\">Vedh\u00e6ftede filer:<\/b> Teleskopisk skilteholder, karabinhage og splitring.<\/p>\n<\/li>\n<li>\n<p data-path-to-node=\"14,3,0\"><b data-path-to-node=\"14,3,0\" data-index-in-node=\"0\">B\u00e6redygtighed:<\/b> Inkluderer en intern RPET-m\u00e6rkning for at verificere milj\u00f8venlig materialebrug.<\/p>\n<\/li>\n<li>\n<p data-path-to-node=\"14,4,0\"><b data-path-to-node=\"14,4,0\" data-index-in-node=\"0\">Minimum ordrem\u00e6ngde:<\/b> 100 stykker.<\/p>\n<\/li>\n<\/ul>\n<h2 data-path-to-node=\"15\">Brugsscenarier<\/h2>\n<p data-path-to-node=\"16\">Disse YoYo-n\u00f8gleringe er ideelle til virksomhedsmilj\u00f8er, hvor ID-kort scannes ofte. De fungerer som fremragende reklamegaver p\u00e5 messer, sikre fastg\u00f8relser til eventpersonale eller som en del af et b\u00e6redygtigt velkomsts\u00e6t til nye medarbejdere. Karabinhagen muligg\u00f8r nem fastg\u00f8relse til b\u00e6ltestropper, rygs\u00e6kke eller n\u00f8glesnore, hvilket g\u00f8r dem til en favorit til aktive professionelle milj\u00f8er.<\/p>","protected":false},"excerpt":{"rendered":"<p data-path-to-node=\"8\">Denne milj\u00f8bevidste teleskopn\u00f8glering kombinerer funktionalitet med livlig branding. Den er lavet af genbrugt PET og har en udtr\u00e6kkelig snor og en sikker karabinhage til daglig professionel brug.<\/p>\n<ul data-path-to-node=\"9\">\n<li>\n<p data-path-to-node=\"9,0,0\"><b data-path-to-node=\"9,0,0\" data-index-in-node=\"0\">Milj\u00f8venlig branding:<\/b> Lavet af genbrugt RPET-polyester af h\u00f8j kvalitet for at underst\u00f8tte virksomhedens b\u00e6redygtighedsm\u00e5l.<\/p>\n<\/li>\n<li>\n<p data-path-to-node=\"9,1,0\"><b data-path-to-node=\"9,1,0\" data-index-in-node=\"0\">Tilpasning i fuld farve:<\/b> Dobbeltsidet sublimeringstryk muligg\u00f8r komplekse fotografiske designs fra kant til kant.<\/p>\n<\/li>\n<li>\n<p data-path-to-node=\"9,2,0\"><b data-path-to-node=\"9,2,0\" data-index-in-node=\"0\">Alsidigt 3-i-1-design:<\/b> Har en teleskopisk badgetr\u00e6k, en robust aluminiumskarabinhage og en metaln\u00f8glering.<\/p>\n<\/li>\n<li>\n<p data-path-to-node=\"9,3,0\"><b data-path-to-node=\"9,3,0\" data-index-in-node=\"0\">Lave B2B-minimumskrav:<\/b> Professionel specialproduktion fra kun 100 stk.<\/p>\n<\/li>\n<\/ul>","protected":false},"featured_media":6606,"comment_status":"closed","ping_status":"closed","template":"","meta":[],"product_brand":[],"product_cat":[105,94],"product_tag":[],"class_list":{"0":"post-6604","1":"product","2":"type-product","3":"status-publish","4":"has-post-thumbnail","6":"product_cat-badge-holder-lanyards","7":"product_cat-keychains","9":"first","10":"instock","11":"shipping-taxable","12":"purchasable","13":"product-type-simple"},"_links":{"self":[{"href":"https:\/\/displayproducts.eu\/da\/wp-json\/wp\/v2\/product\/6604","targetHints":{"allow":["GET"]}}],"collection":[{"href":"https:\/\/displayproducts.eu\/da\/wp-json\/wp\/v2\/product"}],"about":[{"href":"https:\/\/displayproducts.eu\/da\/wp-json\/wp\/v2\/types\/product"}],"replies":[{"embeddable":true,"href":"https:\/\/displayproducts.eu\/da\/wp-json\/wp\/v2\/comments?post=6604"}],"wp:featuredmedia":[{"embeddable":true,"href":"https:\/\/displayproducts.eu\/da\/wp-json\/wp\/v2\/media\/6606"}],"wp:attachment":[{"href":"https:\/\/displayproducts.eu\/da\/wp-json\/wp\/v2\/media?parent=6604"}],"wp:term":[{"taxonomy":"product_brand","embeddable":true,"href":"https:\/\/displayproducts.eu\/da\/wp-json\/wp\/v2\/product_brand?post=6604"},{"taxonomy":"product_cat","embeddable":true,"href":"https:\/\/displayproducts.eu\/da\/wp-json\/wp\/v2\/product_cat?post=6604"},{"taxonomy":"product_tag","embeddable":true,"href":"https:\/\/displayproducts.eu\/da\/wp-json\/wp\/v2\/product_tag?post=6604"}],"curies":[{"name":"wp","href":"https:\/\/api.w.org\/{rel}","templated":true}]}}