{"id":6599,"date":"2026-01-06T00:43:04","date_gmt":"2026-01-05T21:43:04","guid":{"rendered":"https:\/\/wristbandfactory.eu\/?post_type=product&#038;p=6599"},"modified":"2026-04-01T21:52:34","modified_gmt":"2026-04-01T18:52:34","slug":"premium-fabric-wristbands-with-gold-thread","status":"publish","type":"product","link":"https:\/\/displayproducts.eu\/da\/p\/premium-fabric-wristbands-with-gold-thread\/","title":{"rendered":"Stofarmb\u00e5nd med guldtr\u00e5d"},"content":{"rendered":"<p data-path-to-node=\"8\">Vores Premium Gold Thread Fabric-armb\u00e5nd er toppen af eventidentifikation. Ved at blande traditionelle polyesterfibre af h\u00f8j kvalitet med metallisk lurextr\u00e5d skaber vi et armb\u00e5nd, der ikke bare identificerer en g\u00e6st \u2013 det forbedrer hele eventoplevelsen. Disse b\u00e5nd er designet til arrang\u00f8rer, der n\u00e6gter at g\u00e5 p\u00e5 kompromis med sikkerhed eller stil.<\/p>\n<h2 data-path-to-node=\"9\">N\u00f8glefunktioner<\/h2>\n<ul data-path-to-node=\"10\">\n<li>\n<p data-path-to-node=\"10,0,0\"><b data-path-to-node=\"10,0,0\" data-index-in-node=\"0\">Metallisk Lurex-v\u00e6vning:<\/b> Autentisk guldfarvet tr\u00e5d v\u00e6vet direkte ind i stoffet for en permanent, glitrende finish.<\/p>\n<\/li>\n<li>\n<p data-path-to-node=\"10,1,0\"><b data-path-to-node=\"10,1,0\" data-index-in-node=\"0\">Sikkerhedssikre lukninger:<\/b> V\u00e6lg mellem envejs plastikslipper, metalringe eller milj\u00f8venlige bambusl\u00e5se.<\/p>\n<\/li>\n<li>\n<p data-path-to-node=\"10,2,0\"><b data-path-to-node=\"10,2,0\" data-index-in-node=\"0\">Komfort-Fit Design:<\/b> Bl\u00f8de kanter sikrer, at armb\u00e5ndet forbliver behageligt, selv under langvarige begivenheder over flere dage.<\/p>\n<\/li>\n<li>\n<p data-path-to-node=\"10,3,0\"><b data-path-to-node=\"10,3,0\" data-index-in-node=\"0\">Vand- og rivefast:<\/b> Bygget til at modst\u00e5 regn, sved og h\u00e5rd aktivitet uden at miste farve eller strukturel integritet.<\/p>\n<\/li>\n<\/ul>\n<h2 data-path-to-node=\"11\">Specifikationer<\/h2>\n<ul data-path-to-node=\"12\">\n<li>\n<p data-path-to-node=\"12,0,0\"><b data-path-to-node=\"12,0,0\" data-index-in-node=\"0\">Materiale:<\/b> H\u00f8jkvalitets polyester + metallisk guld lurex.<\/p>\n<\/li>\n<li>\n<p data-path-to-node=\"12,1,0\"><b data-path-to-node=\"12,1,0\" data-index-in-node=\"0\">Dimensioner:<\/b> Standard 15 mm x 350 mm (Med eget tryk bredder f\u00e5s p\u00e5 foresp\u00f8rgsel).<\/p>\n<\/li>\n<li>\n<p data-path-to-node=\"12,2,0\"><b data-path-to-node=\"12,2,0\" data-index-in-node=\"0\">Trykning:<\/b> Op til 8 v\u00e6vede farver inklusive den metalliske base.<\/p>\n<\/li>\n<li>\n<p data-path-to-node=\"12,3,0\"><b data-path-to-node=\"12,3,0\" data-index-in-node=\"0\">L\u00e5semuligheder:<\/b> Engangsskydel\u00e5s (plast\/metal) eller genanvendelig perle.<\/p>\n<\/li>\n<li>\n<p data-path-to-node=\"12,4,0\"><b data-path-to-node=\"12,4,0\" data-index-in-node=\"0\">Minimum ordrem\u00e6ngde:<\/b> 100 enheder.<\/p>\n<\/li>\n<\/ul>\n<h2 data-path-to-node=\"13\">Brugsscenarier<\/h2>\n<ul data-path-to-node=\"14\">\n<li>\n<p data-path-to-node=\"14,0,0\"><b data-path-to-node=\"14,0,0\" data-index-in-node=\"0\">Musikfestivaler:<\/b> Identifikation af VIP-, backstage- eller kunstneromr\u00e5der med en synlig premiummark\u00f8r.<\/p>\n<\/li>\n<li>\n<p data-path-to-node=\"14,1,0\"><b data-path-to-node=\"14,1,0\" data-index-in-node=\"0\">Firmagallaer:<\/b> Et sofistikeret alternativ til standard plastik- eller papirarmb\u00e5nd til black tie-arrangementer.<\/p>\n<\/li>\n<li>\n<p data-path-to-node=\"14,2,0\"><b data-path-to-node=\"14,2,0\" data-index-in-node=\"0\">Luksushoteller og resorts:<\/b> S\u00e6rpr\u00e6g p\u00e5 &quot;All-inclusive&quot;- eller &quot;Club Level&quot;-g\u00e6ster med stil.<\/p>\n<\/li>\n<li>\n<p data-path-to-node=\"14,3,0\"><b data-path-to-node=\"14,3,0\" data-index-in-node=\"0\">Mindeh\u00f8jtideligheder:<\/b> Jubil\u00e6umsfejringer hvor armb\u00e5ndet fungerer som et v\u00e6rdifuldt minde.<\/p>\n<\/li>\n<\/ul>\n<p data-path-to-node=\"15\">","protected":false},"excerpt":{"rendered":"<ul>\n<li>\n<p data-path-to-node=\"7,0,0\"><b data-path-to-node=\"7,0,0\" data-index-in-node=\"0\">Premium VIP-\u00e6stetik:<\/b> V\u00e6vet metallisk guldtr\u00e5d giver et eksklusivt og eksklusivt look, der adskiller VIP-g\u00e6ster.<\/p>\n<\/li>\n<li>\n<p data-path-to-node=\"7,1,0\"><b data-path-to-node=\"7,1,0\" data-index-in-node=\"0\">Ultimativ sikkerhed:<\/b> Har en ikke-overf\u00f8rbar l\u00e5semekanisme for at forhindre uautoriseret deling og adgang.<\/p>\n<\/li>\n<li>\n<p data-path-to-node=\"7,2,0\"><b data-path-to-node=\"7,2,0\" data-index-in-node=\"0\">Langvarig branding:<\/b> Lavet af polyester af h\u00f8j kvalitet, der kan modst\u00e5 festivaler over flere dage og fungerer som souvenir.<\/p>\n<\/li>\n<li>\n<p data-path-to-node=\"7,3,0\"><b data-path-to-node=\"7,3,0\" data-index-in-node=\"0\">Fuld tilpasning:<\/b> Fuldfarvet v\u00e6vning g\u00f8r det muligt at integrere indviklede logoer med de funklende guldaccenter.<\/p>\n<\/li>\n<\/ul>","protected":false},"featured_media":6603,"comment_status":"closed","ping_status":"closed","template":"","meta":[],"product_brand":[],"product_cat":[47],"product_tag":[],"class_list":{"0":"post-6599","1":"product","2":"type-product","3":"status-publish","4":"has-post-thumbnail","6":"product_cat-fabric-wristbands","8":"first","9":"instock","10":"shipping-taxable","11":"purchasable","12":"product-type-simple"},"_links":{"self":[{"href":"https:\/\/displayproducts.eu\/da\/wp-json\/wp\/v2\/product\/6599","targetHints":{"allow":["GET"]}}],"collection":[{"href":"https:\/\/displayproducts.eu\/da\/wp-json\/wp\/v2\/product"}],"about":[{"href":"https:\/\/displayproducts.eu\/da\/wp-json\/wp\/v2\/types\/product"}],"replies":[{"embeddable":true,"href":"https:\/\/displayproducts.eu\/da\/wp-json\/wp\/v2\/comments?post=6599"}],"wp:featuredmedia":[{"embeddable":true,"href":"https:\/\/displayproducts.eu\/da\/wp-json\/wp\/v2\/media\/6603"}],"wp:attachment":[{"href":"https:\/\/displayproducts.eu\/da\/wp-json\/wp\/v2\/media?parent=6599"}],"wp:term":[{"taxonomy":"product_brand","embeddable":true,"href":"https:\/\/displayproducts.eu\/da\/wp-json\/wp\/v2\/product_brand?post=6599"},{"taxonomy":"product_cat","embeddable":true,"href":"https:\/\/displayproducts.eu\/da\/wp-json\/wp\/v2\/product_cat?post=6599"},{"taxonomy":"product_tag","embeddable":true,"href":"https:\/\/displayproducts.eu\/da\/wp-json\/wp\/v2\/product_tag?post=6599"}],"curies":[{"name":"wp","href":"https:\/\/api.w.org\/{rel}","templated":true}]}}