{"id":6514,"date":"2026-01-03T00:15:17","date_gmt":"2026-01-02T21:15:17","guid":{"rendered":"https:\/\/wristbandfactory.eu\/?post_type=product&#038;p=6514"},"modified":"2026-04-01T21:52:34","modified_gmt":"2026-04-01T18:52:34","slug":"event-watch-led-wristband-with-custom-logo","status":"publish","type":"product","link":"https:\/\/displayproducts.eu\/da\/p\/event-watch-led-wristband-with-custom-logo\/","title":{"rendered":"LED-armb\u00e5nd i ur-stil med logo"},"content":{"rendered":"<p data-path-to-node=\"10\">L\u00f8ft din virksomheds branding med &quot;Event Watch&quot; LED-armb\u00e5ndet. Designet med et fremtr\u00e6dende hus, der efterligner et moderne ur, er denne model specielt konstrueret til maksimal synlighed af brandet. LED-modulets flade, overdimensionerede overflade sikrer, at selv detaljerede logoer gengives klart og forbliver i centrum for opm\u00e6rksomheden i hele lokalet. Denne 30 g b\u00e6rbare armb\u00e5nd er fremstillet af slagfast ABS og medicinsk silikone og tilbyder en solid og eksklusiv f\u00f8lelse, som g\u00e6sterne vil s\u00e6tte pris p\u00e5 som en h\u00f8jteknologisk souvenir.<\/p>\n<h2 data-path-to-node=\"11\">N\u00f8glefunktioner<\/h2>\n<ul data-path-to-node=\"12\">\n<li>\n<p data-path-to-node=\"12,0,0\"><b data-path-to-node=\"12,0,0\" data-index-in-node=\"0\">Premium urstil-\u00e6stetik:<\/b> Det velkendte urdesign g\u00f8r det til det mest professionelle valg til eksklusive gallafester og firmakonferencer.<\/p>\n<\/li>\n<li>\n<p data-path-to-node=\"12,1,0\"><b data-path-to-node=\"12,1,0\" data-index-in-node=\"0\">Professionel RF-integration:<\/b> Synkroniserer problemfrit med dit lysbord for at pulsere og blinke i perfekt harmoni med eventets sceneprogrammer.<\/p>\n<\/li>\n<li>\n<p data-path-to-node=\"12,2,0\"><b data-path-to-node=\"12,2,0\" data-index-in-node=\"0\">Holdbar og genanvendelig:<\/b> Materialerne af h\u00f8j kvalitet og det udskiftelige batterisystem g\u00f8r disse remme velegnede til brug over flere dage eller til ture i tr\u00e6k.<\/p>\n<\/li>\n<li>\n<p data-path-to-node=\"12,3,0\"><b data-path-to-node=\"12,3,0\" data-index-in-node=\"0\">H\u00f8jintensitets-LED&#039;er:<\/b> Har en kraftig lysudbytte, der kan vise 15 forskellige farver, der perfekt matcher dit brands specifikke palet.<\/p>\n<\/li>\n<\/ul>\n<h2 data-path-to-node=\"13\">Specifikationer<\/h2>\n<ul data-path-to-node=\"14\">\n<li>\n<p data-path-to-node=\"14,0,0\"><b data-path-to-node=\"14,0,0\" data-index-in-node=\"0\">Materiale:<\/b> Forst\u00e6rket ABS-kabinet og premium silikonerem<\/p>\n<\/li>\n<li>\n<p data-path-to-node=\"14,1,0\"><b data-path-to-node=\"14,1,0\" data-index-in-node=\"0\">V\u00e6gt:<\/b> 30 g<\/p>\n<\/li>\n<li>\n<p data-path-to-node=\"14,2,0\"><b data-path-to-node=\"14,2,0\" data-index-in-node=\"0\">Enhedsst\u00f8rrelse:<\/b> 6,7 x 7,5 cm<\/p>\n<\/li>\n<li>\n<p data-path-to-node=\"14,3,0\"><b data-path-to-node=\"14,3,0\" data-index-in-node=\"0\">Meddelelse:<\/b> RF 433MHz \/ Fjernbetjening \/ DMX512<\/p>\n<\/li>\n<li>\n<p data-path-to-node=\"14,4,0\"><b data-path-to-node=\"14,4,0\" data-index-in-node=\"0\">Batteri:<\/b> 2x CR2032 (udskiftelig)<\/p>\n<\/li>\n<li>\n<p data-path-to-node=\"14,5,0\"><b data-path-to-node=\"14,5,0\" data-index-in-node=\"0\">Arbejdstid:<\/b> Op til 12 timer<\/p>\n<\/li>\n<li>\n<p data-path-to-node=\"14,6,0\"><b data-path-to-node=\"14,6,0\" data-index-in-node=\"0\">LED-farver:<\/b> 15 flerfarvede tilstande<\/p>\n<\/li>\n<\/ul>\n<h2 data-path-to-node=\"15\">Brugsscenarier<\/h2>\n<ul data-path-to-node=\"16\">\n<li>\n<p data-path-to-node=\"16,0,0\"><b data-path-to-node=\"16,0,0\" data-index-in-node=\"0\">Firmagallaarrangementer:<\/b> En professionel wearable, der fungerer som b\u00e5de et interaktivt tilbeh\u00f8r og en v\u00e6rdifuld gaveid\u00e9.<\/p>\n<\/li>\n<li>\n<p data-path-to-node=\"16,1,0\"><b data-path-to-node=\"16,1,0\" data-index-in-node=\"0\">Storstilede konferencer:<\/b> Forvandler hele publikum til et synkroniseret l\u00e6rred af lys under hovedtaler og afsl\u00f8ringer.<\/p>\n<\/li>\n<li>\n<p data-path-to-node=\"16,2,0\"><b data-path-to-node=\"16,2,0\" data-index-in-node=\"0\">VIP-sponsorbranding:<\/b> Brug af den overdimensionerede urskive til at fremvise hovedbegivenhedssponsorer under eksklusive aftensammenkomster.<\/p>\n<\/li>\n<li>\n<p data-path-to-node=\"16,3,0\"><b data-path-to-node=\"16,3,0\" data-index-in-node=\"0\">Produktlanceringer:<\/b> Fremh\u00e6velse af brandidentiteter for tusindvis af deltagere samtidigt via central lysstyring.<\/p>\n<\/li>\n<\/ul>\n<p data-path-to-node=\"17\">","protected":false},"excerpt":{"rendered":"<ul>\n<li>\n<p data-path-to-node=\"9,0,0\"><b data-path-to-node=\"9,0,0\" data-index-in-node=\"0\">Moderne urdesign:<\/b> Har et fremtr\u00e6dende rektangul\u00e6rt hus p\u00e5 en behagelig silikonerem, der efterligner udseendet af et professionelt smartwatch.<\/p>\n<\/li>\n<li>\n<p data-path-to-node=\"9,1,0\"><b data-path-to-node=\"9,1,0\" data-index-in-node=\"0\">Maksimeret brandingoverflade:<\/b> Den overdimensionerede, flade &quot;urskive&quot; giver det st\u00f8rste trykomr\u00e5de i vores katalog til med eget tryk logoer med h\u00f8j effekt.<\/p>\n<\/li>\n<li>\n<p data-path-to-node=\"9,2,0\"><b data-path-to-node=\"9,2,0\" data-index-in-node=\"0\">Langvarig kraft:<\/b> Udstyret med 2x CR2032 udskiftelige batterier, der leverer et p\u00e5lideligt 12-timers lysshow til l\u00e6ngerevarende begivenheder.<\/p>\n<\/li>\n<li>\n<p data-path-to-node=\"9,3,0\"><b data-path-to-node=\"9,3,0\" data-index-in-node=\"0\">Fuld synkroniseret kontrol:<\/b> Reagerer \u00f8jeblikkeligt p\u00e5 centrale RF- og DMX512-controllere for at styre 15 levende LED-farver samtidigt.<\/p>\n<\/li>\n<\/ul>","protected":false},"featured_media":6515,"comment_status":"closed","ping_status":"closed","template":"","meta":[],"product_brand":[],"product_cat":[80],"product_tag":[],"class_list":{"0":"post-6514","1":"product","2":"type-product","3":"status-publish","4":"has-post-thumbnail","6":"product_cat-led-wristbands","8":"first","9":"instock","10":"shipping-taxable","11":"purchasable","12":"product-type-simple"},"_links":{"self":[{"href":"https:\/\/displayproducts.eu\/da\/wp-json\/wp\/v2\/product\/6514","targetHints":{"allow":["GET"]}}],"collection":[{"href":"https:\/\/displayproducts.eu\/da\/wp-json\/wp\/v2\/product"}],"about":[{"href":"https:\/\/displayproducts.eu\/da\/wp-json\/wp\/v2\/types\/product"}],"replies":[{"embeddable":true,"href":"https:\/\/displayproducts.eu\/da\/wp-json\/wp\/v2\/comments?post=6514"}],"wp:featuredmedia":[{"embeddable":true,"href":"https:\/\/displayproducts.eu\/da\/wp-json\/wp\/v2\/media\/6515"}],"wp:attachment":[{"href":"https:\/\/displayproducts.eu\/da\/wp-json\/wp\/v2\/media?parent=6514"}],"wp:term":[{"taxonomy":"product_brand","embeddable":true,"href":"https:\/\/displayproducts.eu\/da\/wp-json\/wp\/v2\/product_brand?post=6514"},{"taxonomy":"product_cat","embeddable":true,"href":"https:\/\/displayproducts.eu\/da\/wp-json\/wp\/v2\/product_cat?post=6514"},{"taxonomy":"product_tag","embeddable":true,"href":"https:\/\/displayproducts.eu\/da\/wp-json\/wp\/v2\/product_tag?post=6514"}],"curies":[{"name":"wp","href":"https:\/\/api.w.org\/{rel}","templated":true}]}}