{"id":6513,"date":"2026-01-02T23:41:25","date_gmt":"2026-01-02T20:41:25","guid":{"rendered":"https:\/\/wristbandfactory.eu\/?post_type=product&#038;p=6513"},"modified":"2026-04-01T21:52:34","modified_gmt":"2026-04-01T18:52:34","slug":"nylon-cord-remote-controlled-led-wristbands-with-custom-logo","status":"publish","type":"product","link":"https:\/\/displayproducts.eu\/da\/p\/nylon-cord-remote-controlled-led-wristbands-with-custom-logo\/","title":{"rendered":"LED-armb\u00e5nd med nylonsnor og logo"},"content":{"rendered":"<p data-path-to-node=\"9\">L\u00f8ft din begivenheds visuelle effekt med &quot;Nylon Cord&quot; LED-armb\u00e5ndet. Denne model tilbyder en unik, afslappet festival\u00e6stetik, samtidig med at den leverer fjernbetjent lysteknologi i professionel kvalitet. Den justerbare nylonsnor sikrer en sikker og behagelig pasform for alle deltagere, hvilket g\u00f8r den til et popul\u00e6rt valg til store udend\u00f8rsfestivaler, natlige l\u00f8beture og musikbegivenheder, hvor en letv\u00e6gts b\u00e6rbar eyewear foretr\u00e6kkes frem for traditionel silikone.<\/p>\n<h2 data-path-to-node=\"10\">N\u00f8glefunktioner<\/h2>\n<ul data-path-to-node=\"11\">\n<li>\n<p data-path-to-node=\"11,0,0\"><b data-path-to-node=\"11,0,0\" data-index-in-node=\"0\">15 dynamiske LED-farver:<\/b> Skift mellem 15 livlige flerfarvede tilstande, der matcher din begivenheds tema eller musikalske signaler i realtid.<\/p>\n<\/li>\n<li>\n<p data-path-to-node=\"11,1,0\"><b data-path-to-node=\"11,1,0\" data-index-in-node=\"0\">Sikker fastg\u00f8relse:<\/b> Det knudrede nylonsnordesign er slidst\u00e6rkt og nemt for g\u00e6sterne at justere, hvilket giver en one-size-fits-all-l\u00f8sning.<\/p>\n<\/li>\n<li>\n<p data-path-to-node=\"11,2,0\"><b data-path-to-node=\"11,2,0\" data-index-in-node=\"0\">Effektiv str\u00f8mstyring:<\/b> Ved at bruge et pull-tab-system i stedet for en manuel kontakt kan du fordele b\u00e5ndene dage i forvejen uden risiko for at aflade batteriet.<\/p>\n<\/li>\n<li>\n<p data-path-to-node=\"11,3,0\"><b data-path-to-node=\"11,3,0\" data-index-in-node=\"0\">Professionel B2B-branding:<\/b> LED-husets flade overflade er optimeret til tampografi af h\u00f8j kvalitet med dit firmalogo.<\/p>\n<\/li>\n<\/ul>\n<h2 data-path-to-node=\"12\">Specifikationer<\/h2>\n<ul data-path-to-node=\"13\">\n<li>\n<p data-path-to-node=\"13,0,0\"><b data-path-to-node=\"13,0,0\" data-index-in-node=\"0\">Materiale:<\/b> ABS-hus med en h\u00f8jstyrke nylonsnor.<\/p>\n<\/li>\n<li>\n<p data-path-to-node=\"13,1,0\"><b data-path-to-node=\"13,1,0\" data-index-in-node=\"0\">V\u00e6gt:<\/b> 20 g.<\/p>\n<\/li>\n<li>\n<p data-path-to-node=\"13,2,0\"><b data-path-to-node=\"13,2,0\" data-index-in-node=\"0\">Enhedsst\u00f8rrelse:<\/b> 6,7 x 7,5 cm.<\/p>\n<\/li>\n<li>\n<p data-path-to-node=\"13,3,0\"><b data-path-to-node=\"13,3,0\" data-index-in-node=\"0\">LED-tilstande:<\/b> 15 flerfarvede muligheder.<\/p>\n<\/li>\n<li>\n<p data-path-to-node=\"13,4,0\"><b data-path-to-node=\"13,4,0\" data-index-in-node=\"0\">Meddelelse:<\/b> RF 433MHz \/ Fjernbetjening.<\/p>\n<\/li>\n<li>\n<p data-path-to-node=\"13,5,0\"><b data-path-to-node=\"13,5,0\" data-index-in-node=\"0\">Batteri:<\/b> 2x CR2032 (udskiftelige).<\/p>\n<\/li>\n<li>\n<p data-path-to-node=\"13,6,0\"><b data-path-to-node=\"13,6,0\" data-index-in-node=\"0\">Arbejdstid:<\/b> 12 timer.<\/p>\n<\/li>\n<\/ul>\n<h2 data-path-to-node=\"14\">Brugsscenarier<\/h2>\n<ul data-path-to-node=\"15\">\n<li>\n<p data-path-to-node=\"15,0,0\"><b data-path-to-node=\"15,0,0\" data-index-in-node=\"0\">Musikfestivaler:<\/b> Matcher den klassiske v\u00e6vede b\u00e5nd\u00e6stetik, men tilf\u00f8jer et synkroniseret h\u00f8jteknologisk lysshow.<\/p>\n<\/li>\n<li>\n<p data-path-to-node=\"15,1,0\"><b data-path-to-node=\"15,1,0\" data-index-in-node=\"0\">Velg\u00f8renhedsl\u00f8b om aftenen:<\/b> Et ultralet tilbeh\u00f8r, der \u00f8ger synligheden og sammenholdet blandt deltagerne.<\/p>\n<\/li>\n<li>\n<p data-path-to-node=\"15,2,0\"><b data-path-to-node=\"15,2,0\" data-index-in-node=\"0\">Strandfester og sommerarrangementer:<\/b> Den \u00e5ndbare nylonsnor er behagelig i varmt vejr og energiske milj\u00f8er.<\/p>\n<\/li>\n<li>\n<p data-path-to-node=\"15,3,0\"><b data-path-to-node=\"15,3,0\" data-index-in-node=\"0\">Sponsoraktiveringer:<\/b> En omkostningseffektiv, brandet wearable, der skaber en mindev\u00e6rdig &quot;wow&quot;-faktor for store folkem\u00e6ngder.<\/p>\n<\/li>\n<\/ul>\n<p data-path-to-node=\"16\">","protected":false},"excerpt":{"rendered":"<ul>\n<li>\n<p data-path-to-node=\"8,0,0\"><b data-path-to-node=\"8,0,0\" data-index-in-node=\"0\">Ultralet komfort:<\/b> Minimalistisk design med en bl\u00f8d nylonsnor og et kompakt ABS-kabinet, der kun vejer 20 g.<\/p>\n<\/li>\n<li>\n<p data-path-to-node=\"8,1,0\"><b data-path-to-node=\"8,1,0\" data-index-in-node=\"0\">Synkroniseret fjernbetjening:<\/b> Fuldt kompatibel med centrale styreenheder til at styre 15 forskellige LED-farver samtidigt p\u00e5 tv\u00e6rs af lokalet.<\/p>\n<\/li>\n<li>\n<p data-path-to-node=\"8,2,0\"><b data-path-to-node=\"8,2,0\" data-index-in-node=\"0\">Forl\u00e6nget batterilevetid:<\/b> Udstyret med 2x CR2032 udskiftelige batterier, der giver 12 timers aktivt lysshow.<\/p>\n<\/li>\n<li>\n<p data-path-to-node=\"8,3,0\"><b data-path-to-node=\"8,3,0\" data-index-in-node=\"0\">Tr\u00e6kfligbeskyttelse:<\/b> Batteribeskyttelsestappen sikrer, at enhederne forbliver p\u00e5 100% str\u00f8m indtil det pr\u00e6cise tidspunkt for din begivenhed.<\/p>\n<\/li>\n<\/ul>","protected":false},"featured_media":5983,"comment_status":"closed","ping_status":"closed","template":"","meta":[],"product_brand":[],"product_cat":[80],"product_tag":[],"class_list":{"0":"post-6513","1":"product","2":"type-product","3":"status-publish","4":"has-post-thumbnail","6":"product_cat-led-wristbands","8":"first","9":"instock","10":"shipping-taxable","11":"product-type-simple"},"_links":{"self":[{"href":"https:\/\/displayproducts.eu\/da\/wp-json\/wp\/v2\/product\/6513","targetHints":{"allow":["GET"]}}],"collection":[{"href":"https:\/\/displayproducts.eu\/da\/wp-json\/wp\/v2\/product"}],"about":[{"href":"https:\/\/displayproducts.eu\/da\/wp-json\/wp\/v2\/types\/product"}],"replies":[{"embeddable":true,"href":"https:\/\/displayproducts.eu\/da\/wp-json\/wp\/v2\/comments?post=6513"}],"wp:featuredmedia":[{"embeddable":true,"href":"https:\/\/displayproducts.eu\/da\/wp-json\/wp\/v2\/media\/5983"}],"wp:attachment":[{"href":"https:\/\/displayproducts.eu\/da\/wp-json\/wp\/v2\/media?parent=6513"}],"wp:term":[{"taxonomy":"product_brand","embeddable":true,"href":"https:\/\/displayproducts.eu\/da\/wp-json\/wp\/v2\/product_brand?post=6513"},{"taxonomy":"product_cat","embeddable":true,"href":"https:\/\/displayproducts.eu\/da\/wp-json\/wp\/v2\/product_cat?post=6513"},{"taxonomy":"product_tag","embeddable":true,"href":"https:\/\/displayproducts.eu\/da\/wp-json\/wp\/v2\/product_tag?post=6513"}],"curies":[{"name":"wp","href":"https:\/\/api.w.org\/{rel}","templated":true}]}}