{"id":6512,"date":"2026-01-02T23:35:13","date_gmt":"2026-01-02T20:35:13","guid":{"rendered":"https:\/\/wristbandfactory.eu\/?post_type=product&#038;p=6512"},"modified":"2026-04-01T21:52:34","modified_gmt":"2026-04-01T18:52:34","slug":"curved-ergonomic-led-wristband-with-custom-logo","status":"publish","type":"product","link":"https:\/\/displayproducts.eu\/da\/p\/curved-ergonomic-led-wristband-with-custom-logo\/","title":{"rendered":"Ergonomiske LED-armb\u00e5nd med logo"},"content":{"rendered":"<p data-path-to-node=\"9\">L\u00f8ft din brandoplevelse med det &quot;Curved&quot; Ergonomic LED-armb\u00e5nd. Denne model (Catalog LED 7) har en karakteristisk stiv PVC-konstruktion, der giver et f\u00f8rsteklasses udseende og f\u00f8lelse sammenlignet med standard silikonealternativer. Det gennemskinnelige materiale tillader lyset at diffundere elegant gennem hele b\u00e5ndet, mens den unikke sammenl\u00e5sende lukning sikrer, at det forbliver behageligt og p\u00e5 plads under hele arrangementet. Det er et foretrukket valg til VIP-omr\u00e5der i virksomheder og produktlanceringer med stor effekt, hvor moderne \u00e6stetik er n\u00f8glen.<\/p>\n<h2 data-path-to-node=\"10\">N\u00f8glefunktioner<\/h2>\n<ul data-path-to-node=\"11\">\n<li>\n<p data-path-to-node=\"11,0,0\"><b data-path-to-node=\"11,0,0\" data-index-in-node=\"0\">Valgbar LED-effekt:<\/b> V\u00e6lg mellem 2-LED-versionen for en diskret atmosf\u00e6re eller 4-LED-versionen for maksimal lysstyrke i store lokaler.<\/p>\n<\/li>\n<li>\n<p data-path-to-node=\"11,1,0\"><b data-path-to-node=\"11,1,0\" data-index-in-node=\"0\">Holdbart PVC-materiale:<\/b> Lavet af en kombination af slagfast ABS og professionel PVC for forbedret holdbarhed.<\/p>\n<\/li>\n<li>\n<p data-path-to-node=\"11,2,0\"><b data-path-to-node=\"11,2,0\" data-index-in-node=\"0\">Problemfri RF-integration:<\/b> Forbindes til centrale belysningskonsoller for at udl\u00f8se farveskift og dynamiske blinksekvenser i realtid.<\/p>\n<\/li>\n<li>\n<p data-path-to-node=\"11,3,0\"><b data-path-to-node=\"11,3,0\" data-index-in-node=\"0\">Anatomisk pasform:<\/b> Den forbuede form sidder lavere p\u00e5 h\u00e5ndleddet, hvilket reducerer volumen og giver en elegant, urlignende profil.<\/p>\n<\/li>\n<\/ul>\n<h2 data-path-to-node=\"12\">Specifikationer<\/h2>\n<ul data-path-to-node=\"13\">\n<li>\n<p data-path-to-node=\"13,0,0\"><b data-path-to-node=\"13,0,0\" data-index-in-node=\"0\">Materiale:<\/b> Slagfast ABS-hus og premium PVC-rem.<\/p>\n<\/li>\n<li>\n<p data-path-to-node=\"13,1,0\"><b data-path-to-node=\"13,1,0\" data-index-in-node=\"0\">Enhedsst\u00f8rrelse:<\/b> Diameter 6,9 x 6,4 cm.<\/p>\n<\/li>\n<li>\n<p data-path-to-node=\"13,2,0\"><b data-path-to-node=\"13,2,0\" data-index-in-node=\"0\">V\u00e6gt:<\/b> 30 g.<\/p>\n<\/li>\n<li>\n<p data-path-to-node=\"13,3,0\"><b data-path-to-node=\"13,3,0\" data-index-in-node=\"0\">Meddelelse:<\/b> RF 433MHz \/ Fjernbetjening \/ DMX512.<\/p>\n<\/li>\n<li>\n<p data-path-to-node=\"13,4,0\"><b data-path-to-node=\"13,4,0\" data-index-in-node=\"0\">Batteri:<\/b> 2x CR2032 (udskiftelige).<\/p>\n<\/li>\n<li>\n<p data-path-to-node=\"13,5,0\"><b data-path-to-node=\"13,5,0\" data-index-in-node=\"0\">Batterilevetid:<\/b> Cirka 8 timers aktivt lysshow.<\/p>\n<\/li>\n<li>\n<p data-path-to-node=\"13,6,0\"><b data-path-to-node=\"13,6,0\" data-index-in-node=\"0\">LED-tilstande:<\/b> 15+ flerfarvede synkroniseringstilstande.<\/p>\n<\/li>\n<\/ul>\n<h2 data-path-to-node=\"14\">Brugsscenarier<\/h2>\n<ul data-path-to-node=\"15\">\n<li>\n<p data-path-to-node=\"15,0,0\"><b data-path-to-node=\"15,0,0\" data-index-in-node=\"0\">Firmagallaarrangementer:<\/b> Leverer et h\u00f8jteknologisk og stilfuldt wearable, der forbedrer den formelle atmosf\u00e6re.<\/p>\n<\/li>\n<li>\n<p data-path-to-node=\"15,1,0\"><b data-path-to-node=\"15,1,0\" data-index-in-node=\"0\">Produktafsl\u00f8ringer:<\/b> Brug af synkroniserede farvem\u00f8nstre til at skabe begejstring under lanceringer af nye produkter.<\/p>\n<\/li>\n<li>\n<p data-path-to-node=\"15,2,0\"><b data-path-to-node=\"15,2,0\" data-index-in-node=\"0\">VIP-adgangskontrol:<\/b> Differentierer premiumg\u00e6ster med en stiv LED-model med h\u00f8j synlighed.<\/p>\n<\/li>\n<li>\n<p data-path-to-node=\"15,3,0\"><b data-path-to-node=\"15,3,0\" data-index-in-node=\"0\">Temafester:<\/b> Brug af flerfarvemulighederne til at matche din begivenheds specifikke farvepalet.<\/p>\n<\/li>\n<\/ul>\n<p data-path-to-node=\"16\">","protected":false},"excerpt":{"rendered":"<ul>\n<li>\n<p data-path-to-node=\"8,0,0\"><b data-path-to-node=\"8,0,0\" data-index-in-node=\"0\">Anatomisk stift design:<\/b> Kontureret PVC-konstruktion f\u00f8lger den naturlige h\u00e5ndledsform for professionel ergonomisk komfort under begivenheder.<\/p>\n<\/li>\n<li>\n<p data-path-to-node=\"8,1,0\"><b data-path-to-node=\"8,1,0\" data-index-in-node=\"0\">Sikker sammenl\u00e5sende lukning:<\/b> Har en unik puslespilslignende sammenl\u00e5sningsrille, der sikrer, at remmen forbliver sikker, selv under bev\u00e6gelser med h\u00f8j energi.<\/p>\n<\/li>\n<li>\n<p data-path-to-node=\"8,2,0\"><b data-path-to-node=\"8,2,0\" data-index-in-node=\"0\">Fjernstyret synkronisering:<\/b> Fuldt kompatibel med professionelle RF- og DMX512-controllere til synkroniserede lyseffekter p\u00e5 hele spillestedet.<\/p>\n<\/li>\n<li>\n<p data-path-to-node=\"8,3,0\"><b data-path-to-node=\"8,3,0\" data-index-in-node=\"0\">Branding med h\u00f8j synlighed:<\/b> Den stive PVC-overflade tilbyder et stabilt og fremtr\u00e6dende omr\u00e5de til h\u00f8jpr\u00e6cisionstryk af brugerdefineret logo.<\/p>\n<\/li>\n<\/ul>","protected":false},"featured_media":6687,"comment_status":"closed","ping_status":"closed","template":"","meta":[],"product_brand":[],"product_cat":[80],"product_tag":[],"class_list":{"0":"post-6512","1":"product","2":"type-product","3":"status-publish","4":"has-post-thumbnail","6":"product_cat-led-wristbands","8":"first","9":"instock","10":"shipping-taxable","11":"product-type-simple"},"_links":{"self":[{"href":"https:\/\/displayproducts.eu\/da\/wp-json\/wp\/v2\/product\/6512","targetHints":{"allow":["GET"]}}],"collection":[{"href":"https:\/\/displayproducts.eu\/da\/wp-json\/wp\/v2\/product"}],"about":[{"href":"https:\/\/displayproducts.eu\/da\/wp-json\/wp\/v2\/types\/product"}],"replies":[{"embeddable":true,"href":"https:\/\/displayproducts.eu\/da\/wp-json\/wp\/v2\/comments?post=6512"}],"wp:featuredmedia":[{"embeddable":true,"href":"https:\/\/displayproducts.eu\/da\/wp-json\/wp\/v2\/media\/6687"}],"wp:attachment":[{"href":"https:\/\/displayproducts.eu\/da\/wp-json\/wp\/v2\/media?parent=6512"}],"wp:term":[{"taxonomy":"product_brand","embeddable":true,"href":"https:\/\/displayproducts.eu\/da\/wp-json\/wp\/v2\/product_brand?post=6512"},{"taxonomy":"product_cat","embeddable":true,"href":"https:\/\/displayproducts.eu\/da\/wp-json\/wp\/v2\/product_cat?post=6512"},{"taxonomy":"product_tag","embeddable":true,"href":"https:\/\/displayproducts.eu\/da\/wp-json\/wp\/v2\/product_tag?post=6512"}],"curies":[{"name":"wp","href":"https:\/\/api.w.org\/{rel}","templated":true}]}}