{"id":6511,"date":"2026-01-02T23:31:29","date_gmt":"2026-01-02T20:31:29","guid":{"rendered":"https:\/\/wristbandfactory.eu\/?post_type=product&#038;p=6511"},"modified":"2026-04-01T21:52:34","modified_gmt":"2026-04-01T18:52:34","slug":"lightweight-festival-led-wristband-with-custom-logo","status":"publish","type":"product","link":"https:\/\/displayproducts.eu\/da\/p\/lightweight-festival-led-wristband-with-custom-logo\/","title":{"rendered":"Lette LED-festivalarmb\u00e5nd med logo"},"content":{"rendered":"<p data-path-to-node=\"10\">Maksimer deltagernes komfort uden at g\u00e5 p\u00e5 kompromis med den visuelle effekt med vores &quot;Letv\u00e6gts&quot; Festival LED-armb\u00e5nd. Denne model er specielt designet til energiske begivenheder af l\u00e6ngere varighed, hvor v\u00e6gten af en b\u00e6rbar enhed spiller en rolle. Trods sin slanke og lette profil har den den samme kraftfulde RF- og DMX-teknologi som vores st\u00f8rre modeller, s\u00e5 du kan forvandle et massivt festivalpublikum til et synkroniseret l\u00e6rred af lys.<\/p>\n<h2 data-path-to-node=\"11\">N\u00f8glefunktioner<\/h2>\n<ul data-path-to-node=\"12\">\n<li>\n<p data-path-to-node=\"12,0,0\"><b data-path-to-node=\"12,0,0\" data-index-in-node=\"0\">Minimalistisk ergonomi:<\/b> Det str\u00f8mlinede ABS-kabinet og den tynde silikonerem g\u00f8r dette til det mest komfortable valg til brug i flere dage.<\/p>\n<\/li>\n<li>\n<p data-path-to-node=\"12,1,0\"><b data-path-to-node=\"12,1,0\" data-index-in-node=\"0\">Centraliseret RF\/DMX-styring:<\/b> Integreres problemfrit med professionelle lyskonsoller for at udl\u00f8se farver, blink og overgange i realtid.<\/p>\n<\/li>\n<li>\n<p data-path-to-node=\"12,2,0\"><b data-path-to-node=\"12,2,0\" data-index-in-node=\"0\">Levende LED-udgang:<\/b> H\u00f8jintensitets-LED&#039;er giver en str\u00e5lende gl\u00f8d, der forbliver synlig selv i store, udend\u00f8rs festivalmilj\u00f8er.<\/p>\n<\/li>\n<li>\n<p data-path-to-node=\"12,3,0\"><b data-path-to-node=\"12,3,0\" data-index-in-node=\"0\">H\u00f8jkvalitets specialtryk:<\/b> Optimeret overflade til skarp, holdbar logop\u00e5f\u00f8ring i \u00e9n eller flere farver.<\/p>\n<\/li>\n<\/ul>\n<h2 data-path-to-node=\"13\">Specifikationer<\/h2>\n<ul data-path-to-node=\"14\">\n<li>\n<p data-path-to-node=\"14,0,0\"><b data-path-to-node=\"14,0,0\" data-index-in-node=\"0\">Design:<\/b> Slankt og letv\u00e6gtsnav.<\/p>\n<\/li>\n<li>\n<p data-path-to-node=\"14,1,0\"><b data-path-to-node=\"14,1,0\" data-index-in-node=\"0\">V\u00e6gt:<\/b> 18 g.<\/p>\n<\/li>\n<li>\n<p data-path-to-node=\"14,2,0\"><b data-path-to-node=\"14,2,0\" data-index-in-node=\"0\">Materiale:<\/b> Slagfast ABS og premium silikone.<\/p>\n<\/li>\n<li>\n<p data-path-to-node=\"14,3,0\"><b data-path-to-node=\"14,3,0\" data-index-in-node=\"0\">Meddelelse:<\/b> RF 433MHz \/ DMX512.<\/p>\n<\/li>\n<li>\n<p data-path-to-node=\"14,4,0\"><b data-path-to-node=\"14,4,0\" data-index-in-node=\"0\">Batteri:<\/b> 2x CR2032 (udskiftelige).<\/p>\n<\/li>\n<li>\n<p data-path-to-node=\"14,5,0\"><b data-path-to-node=\"14,5,0\" data-index-in-node=\"0\">Batterilevetid:<\/b> Cirka 8-10 timers aktiv brug.<\/p>\n<\/li>\n<li>\n<p data-path-to-node=\"14,6,0\"><b data-path-to-node=\"14,6,0\" data-index-in-node=\"0\">Tilpasning:<\/b> Pr\u00e6cisionstryk p\u00e5 LED-modulet.<\/p>\n<\/li>\n<\/ul>\n<h2 data-path-to-node=\"15\">Brugsscenarier<\/h2>\n<ul data-path-to-node=\"16\">\n<li>\n<p data-path-to-node=\"16,0,0\"><b data-path-to-node=\"16,0,0\" data-index-in-node=\"0\">Flerdages musikfestivaler:<\/b> Den ideelle l\u00f8sning, n\u00e5r deltagerne har brug for at b\u00e6re b\u00e5ndet komfortabelt i flere dage.<\/p>\n<\/li>\n<li>\n<p data-path-to-node=\"16,1,0\"><b data-path-to-node=\"16,1,0\" data-index-in-node=\"0\">Maratonl\u00f8b og natl\u00f8b:<\/b> Leverer et let, gl\u00f8dende tilbeh\u00f8r, der ikke h\u00e6mmer atletisk pr\u00e6station.<\/p>\n<\/li>\n<li>\n<p data-path-to-node=\"16,2,0\"><b data-path-to-node=\"16,2,0\" data-index-in-node=\"0\">Storstilede konferencer:<\/b> Styrkelse af publikumsengagement under lange hovedtalersessioner og netv\u00e6rksarrangementer om aftenen.<\/p>\n<\/li>\n<li>\n<p data-path-to-node=\"16,3,0\"><b data-path-to-node=\"16,3,0\" data-index-in-node=\"0\">F\u00e6llesskabsarrangementer:<\/b> En omkostningseffektiv og popul\u00e6r giveaway, der fremmer brandsynlighed gennem lys.<\/p>\n<\/li>\n<\/ul>\n<p data-path-to-node=\"17\">","protected":false},"excerpt":{"rendered":"<ul>\n<li>\n<p data-path-to-node=\"9,0,0\"><b data-path-to-node=\"9,0,0\" data-index-in-node=\"0\">Ultralet design:<\/b> Udviklet til maksimal komfort under flerdagesfestivaler og langvarige begivenheder.<\/p>\n<\/li>\n<li>\n<p data-path-to-node=\"9,1,0\"><b data-path-to-node=\"9,1,0\" data-index-in-node=\"0\">Fuldspektrumsynkronisering:<\/b> Fuldt kompatibel med RF- og DMX512-controllere til synkroniserede lysshows p\u00e5 hele spillestedet.<\/p>\n<\/li>\n<li>\n<p data-path-to-node=\"9,2,0\"><b data-path-to-node=\"9,2,0\" data-index-in-node=\"0\">Holdbar silikone rem:<\/b> Hudvenlig og fleksibel silikone sikrer en sikker pasform for alle deltagere.<\/p>\n<\/li>\n<li>\n<p data-path-to-node=\"9,3,0\"><b data-path-to-node=\"9,3,0\" data-index-in-node=\"0\">Brugerdefineret B2B-branding:<\/b> Pr\u00e6cisionstampontryk p\u00e5 det kompakte LED-hus for tydelige firmalogoer.<\/p>\n<\/li>\n<\/ul>","protected":false},"featured_media":6688,"comment_status":"closed","ping_status":"closed","template":"","meta":[],"product_brand":[],"product_cat":[80],"product_tag":[],"class_list":{"0":"post-6511","1":"product","2":"type-product","3":"status-publish","4":"has-post-thumbnail","6":"product_cat-led-wristbands","8":"first","9":"instock","10":"shipping-taxable","11":"product-type-simple"},"_links":{"self":[{"href":"https:\/\/displayproducts.eu\/da\/wp-json\/wp\/v2\/product\/6511","targetHints":{"allow":["GET"]}}],"collection":[{"href":"https:\/\/displayproducts.eu\/da\/wp-json\/wp\/v2\/product"}],"about":[{"href":"https:\/\/displayproducts.eu\/da\/wp-json\/wp\/v2\/types\/product"}],"replies":[{"embeddable":true,"href":"https:\/\/displayproducts.eu\/da\/wp-json\/wp\/v2\/comments?post=6511"}],"wp:featuredmedia":[{"embeddable":true,"href":"https:\/\/displayproducts.eu\/da\/wp-json\/wp\/v2\/media\/6688"}],"wp:attachment":[{"href":"https:\/\/displayproducts.eu\/da\/wp-json\/wp\/v2\/media?parent=6511"}],"wp:term":[{"taxonomy":"product_brand","embeddable":true,"href":"https:\/\/displayproducts.eu\/da\/wp-json\/wp\/v2\/product_brand?post=6511"},{"taxonomy":"product_cat","embeddable":true,"href":"https:\/\/displayproducts.eu\/da\/wp-json\/wp\/v2\/product_cat?post=6511"},{"taxonomy":"product_tag","embeddable":true,"href":"https:\/\/displayproducts.eu\/da\/wp-json\/wp\/v2\/product_tag?post=6511"}],"curies":[{"name":"wp","href":"https:\/\/api.w.org\/{rel}","templated":true}]}}