{"id":6248,"date":"2025-12-20T19:03:55","date_gmt":"2025-12-20T16:03:55","guid":{"rendered":"https:\/\/wristbandfactory.eu\/?post_type=product&#038;p=6248"},"modified":"2026-04-01T21:52:03","modified_gmt":"2026-04-01T18:52:03","slug":"custom-printed-nail-files-made-in-europe-full-color-uv-print","status":"publish","type":"product","link":"https:\/\/displayproducts.eu\/da\/p\/custom-printed-nail-files-made-in-europe-full-color-uv-print\/","title":{"rendered":"Neglefile med logo"},"content":{"rendered":"<p data-path-to-node=\"10\">L\u00f8ft dit udvalg af sk\u00f8nhedsm\u00e6rker eller firmagaver med vores <b data-path-to-node=\"10\" data-index-in-node=\"88\">Med eget tryk trykte neglefile<\/b>, stolt <b data-path-to-node=\"10\" data-index-in-node=\"123\">Lavet i Europa<\/b>. I mods\u00e6tning til generiske reklameartikler er disse h\u00f8jkvalitets smergelbr\u00e6tter designet til funktionalitet i den virkelige verden, hvilket g\u00f8r dem til et v\u00e6rdsat tilbeh\u00f8r til professionelle saloner, spaer og rejses\u00e6t.<\/p>\n<p data-path-to-node=\"11\">Vi bruger banebrydende teknologi <b data-path-to-node=\"11\" data-index-in-node=\"20\">UV digitaltryk<\/b> at d\u00e6kke filen med dit med eget tryk design, logo eller m\u00f8nster. Denne teknologi giver mulighed for fotorealistiske detaljer og levende farver ved hj\u00e6lp af sikre, giftfri bl\u00e6ktyper, der kan modst\u00e5 daglig brug. Uanset om du er en hotelk\u00e6de, der leder efter f\u00f8rsteklasses v\u00e6relsesfaciliteter, eller et sk\u00f8nhedsm\u00e6rke, der s\u00f8ger merchandise, tilbyder disse filer en perfekt blanding af stil og anvendelighed.<\/p>\n<h2 data-path-to-node=\"12\">N\u00f8glefunktioner<\/h2>\n<ul data-path-to-node=\"13\">\n<li>\n<p data-path-to-node=\"13,0,0\"><b data-path-to-node=\"13,0,0\" data-index-in-node=\"0\">Levende tilpasning:<\/b> UV-printet p\u00e5 hele overfladen forvandler et simpelt v\u00e6rkt\u00f8j til et modetilbeh\u00f8r. Perfekt til indviklede logoer eller designs med mange m\u00f8nstre.<\/p>\n<\/li>\n<li>\n<p data-path-to-node=\"13,1,0\"><b data-path-to-node=\"13,1,0\" data-index-in-node=\"0\">Sikkerhed f\u00f8rst:<\/b> Vi bruger kun giftfri og sikker trykfarve, hvilket g\u00f8r den egnet til udbredt distribution og hyppig hudkontakt.<\/p>\n<\/li>\n<li>\n<p data-path-to-node=\"13,2,0\"><b data-path-to-node=\"13,2,0\" data-index-in-node=\"0\">Holdbar konstruktion:<\/b> Bygget til at holde med slibepapir af h\u00f8j kvalitet, der effektivt former naturlige og forl\u00e6ngede negle uden at skalle.<\/p>\n<\/li>\n<li>\n<p data-path-to-node=\"13,3,0\"><b data-path-to-node=\"13,3,0\" data-index-in-node=\"0\">Markedsf\u00f8ringsp\u00e5virkning:<\/b> En yderst funktionel genstand, der kan forblive i din kundes h\u00e5ndtaske eller badev\u00e6relse og give gentagen brandeksponering.<\/p>\n<\/li>\n<\/ul>\n<h2 data-path-to-node=\"14\">Specifikationer<\/h2>\n<ul data-path-to-node=\"15\">\n<li>\n<p data-path-to-node=\"15,0,0\"><b data-path-to-node=\"15,0,0\" data-index-in-node=\"0\">Oprindelse:<\/b> Lavet i Europa.<\/p>\n<\/li>\n<li>\n<p data-path-to-node=\"15,1,0\"><b data-path-to-node=\"15,1,0\" data-index-in-node=\"0\">Udskrivningsmetode:<\/b> Fuldfarvet UV digitalt tryk.<\/p>\n<\/li>\n<li>\n<p data-path-to-node=\"15,2,0\"><b data-path-to-node=\"15,2,0\" data-index-in-node=\"0\">Materiale:<\/b> Kerne af slibepapir af h\u00f8j kvalitet.<\/p>\n<\/li>\n<li>\n<p data-path-to-node=\"15,3,0\"><b data-path-to-node=\"15,3,0\" data-index-in-node=\"0\">Tilg\u00e6ngelige st\u00f8rrelser:<\/b><\/p>\n<ul data-path-to-node=\"15,3,1\">\n<li>\n<p data-path-to-node=\"15,3,1,0,0\"><b data-path-to-node=\"15,3,1,0,0\" data-index-in-node=\"0\">Professionel (18 cm \u00d7 1,85 cm):<\/b> Standarden for saloner og manicure i hjemmet. Lang overflade for glatte str\u00f8g.<\/p>\n<\/li>\n<li>\n<p data-path-to-node=\"15,3,1,1,0\"><b data-path-to-node=\"15,3,1,1,0\" data-index-in-node=\"0\">Universel (12 cm \u00d7 1,6 cm):<\/b> En perfekt balance mellem komfort og b\u00e6rbarhed.<\/p>\n<\/li>\n<li>\n<p data-path-to-node=\"15,3,1,2,0\"><b data-path-to-node=\"15,3,1,2,0\" data-index-in-node=\"0\">Vandring (8,7 cm \u00d7 1,6 cm):<\/b> Kompakt st\u00f8rrelse, ideel til kosmetiktasker, rejses\u00e6t og hurtige l\u00f8sninger p\u00e5 farten.<\/p>\n<\/li>\n<\/ul>\n<\/li>\n<\/ul>\n<h2 data-path-to-node=\"16\">Brugsscenarier<\/h2>\n<ul data-path-to-node=\"17\">\n<li>\n<p data-path-to-node=\"17,0,0\"><b data-path-to-node=\"17,0,0\" data-index-in-node=\"0\">Sk\u00f8nhedssaloner og spaer:<\/b> M\u00e6rkevarev\u00e6rkt\u00f8j til teknikere eller detailvarer, som kunderne kan tage med hjem.<\/p>\n<\/li>\n<li>\n<p data-path-to-node=\"17,1,0\"><b data-path-to-node=\"17,1,0\" data-index-in-node=\"0\">Hotelfaciliteter:<\/b> En bet\u00e6nksom tilf\u00f8jelse til badev\u00e6relsesm\u00f8bels\u00e6t p\u00e5 luksushoteller og resorts.<\/p>\n<\/li>\n<li>\n<p data-path-to-node=\"17,2,0\"><b data-path-to-node=\"17,2,0\" data-index-in-node=\"0\">Firmagaver:<\/b> En kompakt, billig, men alligevel anvendelig gave til kvindekonferencer, modeevents eller wellnesskampagner.<\/p>\n<\/li>\n<\/ul>","protected":false},"excerpt":{"rendered":"<ul>\n<li>\n<p data-path-to-node=\"9,0,0\"><b data-path-to-node=\"9,0,0\" data-index-in-node=\"0\">Europ\u00e6isk produktion:<\/b> Stolt fremstillet i Europa, hvilket sikrer overlegen h\u00e5ndv\u00e6rksm\u00e6ssig kvalitet, sikkerhed og holdbarhed sammenlignet med standardimport.<\/p>\n<\/li>\n<li>\n<p data-path-to-node=\"9,1,0\"><b data-path-to-node=\"9,1,0\" data-index-in-node=\"0\">Branding i fuld farve:<\/b> Anvender avanceret UV-printteknologi med giftfri bl\u00e6k til at skabe levende, ridsefaste logoer og m\u00f8nstre.<\/p>\n<\/li>\n<li>\n<p data-path-to-node=\"9,2,0\"><b data-path-to-node=\"9,2,0\" data-index-in-node=\"0\">Tre alsidige st\u00f8rrelser:<\/b> F\u00e5s i Large (Professional), Medium (Universal) og Small (Rejse), der passer til enhver m\u00e5lgruppe.<\/p>\n<\/li>\n<li>\n<p data-path-to-node=\"9,3,0\"><b data-path-to-node=\"9,3,0\" data-index-in-node=\"0\">Professionel kvalitet:<\/b> Velegnet til b\u00e5de naturlige og kunstige negle og tilbyder effektiv filning med slibende materialer af h\u00f8j kvalitet.<\/p>\n<\/li>\n<\/ul>","protected":false},"featured_media":6249,"comment_status":"closed","ping_status":"closed","template":"","meta":[],"product_brand":[],"product_cat":[132],"product_tag":[],"class_list":{"0":"post-6248","1":"product","2":"type-product","3":"status-publish","4":"has-post-thumbnail","6":"product_cat-hotel-spa-amenities","8":"first","9":"instock","10":"shipping-taxable","11":"product-type-simple"},"_links":{"self":[{"href":"https:\/\/displayproducts.eu\/da\/wp-json\/wp\/v2\/product\/6248","targetHints":{"allow":["GET"]}}],"collection":[{"href":"https:\/\/displayproducts.eu\/da\/wp-json\/wp\/v2\/product"}],"about":[{"href":"https:\/\/displayproducts.eu\/da\/wp-json\/wp\/v2\/types\/product"}],"replies":[{"embeddable":true,"href":"https:\/\/displayproducts.eu\/da\/wp-json\/wp\/v2\/comments?post=6248"}],"wp:featuredmedia":[{"embeddable":true,"href":"https:\/\/displayproducts.eu\/da\/wp-json\/wp\/v2\/media\/6249"}],"wp:attachment":[{"href":"https:\/\/displayproducts.eu\/da\/wp-json\/wp\/v2\/media?parent=6248"}],"wp:term":[{"taxonomy":"product_brand","embeddable":true,"href":"https:\/\/displayproducts.eu\/da\/wp-json\/wp\/v2\/product_brand?post=6248"},{"taxonomy":"product_cat","embeddable":true,"href":"https:\/\/displayproducts.eu\/da\/wp-json\/wp\/v2\/product_cat?post=6248"},{"taxonomy":"product_tag","embeddable":true,"href":"https:\/\/displayproducts.eu\/da\/wp-json\/wp\/v2\/product_tag?post=6248"}],"curies":[{"name":"wp","href":"https:\/\/api.w.org\/{rel}","templated":true}]}}