{"id":6245,"date":"2025-12-20T18:56:31","date_gmt":"2025-12-20T15:56:31","guid":{"rendered":"https:\/\/wristbandfactory.eu\/?post_type=product&#038;p=6245"},"modified":"2026-04-01T21:52:03","modified_gmt":"2026-04-01T18:52:03","slug":"bio-based-reusable-coffee-cups","status":"publish","type":"product","link":"https:\/\/displayproducts.eu\/da\/p\/bio-based-reusable-coffee-cups\/","title":{"rendered":"Genanvendelige krus med logo (Bio)"},"content":{"rendered":"<p data-path-to-node=\"10\">Lav et b\u00e6redygtigt statement med vores <b data-path-to-node=\"10\" data-index-in-node=\"63\">Med eget tryk biobaserede genanvendelige kaffekopper<\/b>. Denne beholder p\u00e5 200 ml er designet som det perfekte milj\u00f8venlige alternativ til engangspapkrus og kombinerer tysk ingeni\u00f8rkunst med vedvarende materialer. Den er et ideelt reklameprodukt til milj\u00f8bevidste kontorer, caf\u00e9er og firmaarrangementer.<\/p>\n<p data-path-to-node=\"11\">Koppen er fremstillet af h\u00f8j kvalitet <b data-path-to-node=\"11\" data-index-in-node=\"37\">biobaseret plastik udvundet fra vedvarende kilder<\/b>, hvilket sikrer et lavere CO2-aftryk uden at g\u00e5 p\u00e5 kompromis med holdbarheden. Det praktiske design inkluderer et sikkert l\u00e5g, der holder drikkevarer varme i l\u00e6ngere tid og samtidig forhindrer spild under pendling.<\/p>\n<h2 data-path-to-node=\"12\">N\u00f8glefunktioner<\/h2>\n<ul data-path-to-node=\"13\">\n<li>\n<p data-path-to-node=\"13,0,0\"><b data-path-to-node=\"13,0,0\" data-index-in-node=\"0\">Vedvarende sammens\u00e6tning:<\/b> Lavet af biobaserede polymerer, der tilbyder et ansvarligt alternativ til plast baseret p\u00e5 fossile br\u00e6ndstoffer.<\/p>\n<\/li>\n<li>\n<p data-path-to-node=\"13,1,0\"><b data-path-to-node=\"13,1,0\" data-index-in-node=\"0\">Kontorvenlig:<\/b> Designet til at passe perfekt under standard kaffemaskineudl\u00f8b, hvilket g\u00f8r den til det ultimative tilbeh\u00f8r &quot;fra skrivebord til m\u00f8de&quot;.<\/p>\n<\/li>\n<li>\n<p data-path-to-node=\"13,2,0\"><b data-path-to-node=\"13,2,0\" data-index-in-node=\"0\">Hygiejne og sikkerhed:<\/b> Helt BPA-fri og f\u00f8devaresikker. Materialet er robust og fuldt genanvendeligt ved slutningen af sin livscyklus.<\/p>\n<\/li>\n<li>\n<p data-path-to-node=\"13,3,0\"><b data-path-to-node=\"13,3,0\" data-index-in-node=\"0\">Alsidig branding:<\/b> Tilpas med serigrafi, tampontryk eller premium lasergravering for at fremvise dit logo permanent.<\/p>\n<\/li>\n<\/ul>\n<h2 data-path-to-node=\"14\">Specifikationer<\/h2>\n<ul data-path-to-node=\"15\">\n<li>\n<p data-path-to-node=\"15,0,0\"><b data-path-to-node=\"15,0,0\" data-index-in-node=\"0\">Kapacitet:<\/b> 200 ml.<\/p>\n<\/li>\n<li>\n<p data-path-to-node=\"15,1,0\"><b data-path-to-node=\"15,1,0\" data-index-in-node=\"0\">Materiale:<\/b> Biobaseret plast (vedvarende kilder).<\/p>\n<\/li>\n<li>\n<p data-path-to-node=\"15,2,0\"><b data-path-to-node=\"15,2,0\" data-index-in-node=\"0\">Oprindelse:<\/b> Lavet i Tyskland.<\/p>\n<\/li>\n<li>\n<p data-path-to-node=\"15,3,0\"><b data-path-to-node=\"15,3,0\" data-index-in-node=\"0\">Egenskaber:<\/b> BPA-fri, 100% genanvendelig, t\u00e5ler opvaskemaskine.<\/p>\n<\/li>\n<li>\n<p data-path-to-node=\"15,4,0\"><b data-path-to-node=\"15,4,0\" data-index-in-node=\"0\">L\u00e5g:<\/b> Inkluderet (biobaseret, varmelagrende).<\/p>\n<\/li>\n<li>\n<p data-path-to-node=\"15,5,0\"><b data-path-to-node=\"15,5,0\" data-index-in-node=\"0\">Brandingmuligheder:<\/b> Serigrafi, tampontryk, lasergravering.<\/p>\n<\/li>\n<\/ul>\n<h2 data-path-to-node=\"16\">Brugsscenarier<\/h2>\n<ul data-path-to-node=\"17\">\n<li>\n<p data-path-to-node=\"17,0,0\"><b data-path-to-node=\"17,0,0\" data-index-in-node=\"0\">Kontorets b\u00e6redygtighed:<\/b> Udskift engangskrus i kontorets tek\u00f8kken for at reducere spild og omkostninger.<\/p>\n<\/li>\n<li>\n<p data-path-to-node=\"17,1,0\"><b data-path-to-node=\"17,1,0\" data-index-in-node=\"0\">Firmagaver:<\/b> En praktisk gave af h\u00f8j kvalitet til medarbejdere og kunder, der er i overensstemmelse med CSR-m\u00e5l.<\/p>\n<\/li>\n<li>\n<p data-path-to-node=\"17,2,0\"><b data-path-to-node=\"17,2,0\" data-index-in-node=\"0\">Cafeterier og arrangementer:<\/b> Holdbar serveringsl\u00f8sning til konferencer og kantiner, der kr\u00e6ver stabelbart og vaskbart drikkeglas.<\/p>\n<\/li>\n<\/ul>","protected":false},"excerpt":{"rendered":"<ul>\n<li>\n<p data-path-to-node=\"9,0,0\"><b data-path-to-node=\"9,0,0\" data-index-in-node=\"0\">\u00d8koinnovation:<\/b> Fremstillet i Tyskland af fornyelige biobaserede materialer, der underst\u00f8tter en gr\u00f8nnere livsstil.<\/p>\n<\/li>\n<li>\n<p data-path-to-node=\"9,1,0\"><b data-path-to-node=\"9,1,0\" data-index-in-node=\"0\">Perfekt st\u00f8rrelse til at tage med:<\/b> 200 ml kapacitet passer under de fleste standardkaffemaskiner; ideel til kontor- og hjemmebrug.<\/p>\n<\/li>\n<li>\n<p data-path-to-node=\"9,2,0\"><b data-path-to-node=\"9,2,0\" data-index-in-node=\"0\">Smart design:<\/b> Har et varmelagrende, l\u00e6kagereducerende bio-l\u00e5g og en stabelbar form for nem opbevaring.<\/p>\n<\/li>\n<li>\n<p data-path-to-node=\"9,3,0\"><b data-path-to-node=\"9,3,0\" data-index-in-node=\"0\">Sikker og holdbar:<\/b> BPA-fri, 100% genanvendelig og t\u00e5ler opvaskemaskine (h\u00e5ndvask anbefales til trykte logoer).<\/p>\n<\/li>\n<\/ul>","protected":false},"featured_media":6246,"comment_status":"closed","ping_status":"closed","template":"","meta":[],"product_brand":[],"product_cat":[111],"product_tag":[],"class_list":{"0":"post-6245","1":"product","2":"type-product","3":"status-publish","4":"has-post-thumbnail","6":"product_cat-reusable-event-cups","8":"first","9":"instock","10":"shipping-taxable","11":"purchasable","12":"product-type-simple"},"_links":{"self":[{"href":"https:\/\/displayproducts.eu\/da\/wp-json\/wp\/v2\/product\/6245","targetHints":{"allow":["GET"]}}],"collection":[{"href":"https:\/\/displayproducts.eu\/da\/wp-json\/wp\/v2\/product"}],"about":[{"href":"https:\/\/displayproducts.eu\/da\/wp-json\/wp\/v2\/types\/product"}],"replies":[{"embeddable":true,"href":"https:\/\/displayproducts.eu\/da\/wp-json\/wp\/v2\/comments?post=6245"}],"wp:featuredmedia":[{"embeddable":true,"href":"https:\/\/displayproducts.eu\/da\/wp-json\/wp\/v2\/media\/6246"}],"wp:attachment":[{"href":"https:\/\/displayproducts.eu\/da\/wp-json\/wp\/v2\/media?parent=6245"}],"wp:term":[{"taxonomy":"product_brand","embeddable":true,"href":"https:\/\/displayproducts.eu\/da\/wp-json\/wp\/v2\/product_brand?post=6245"},{"taxonomy":"product_cat","embeddable":true,"href":"https:\/\/displayproducts.eu\/da\/wp-json\/wp\/v2\/product_cat?post=6245"},{"taxonomy":"product_tag","embeddable":true,"href":"https:\/\/displayproducts.eu\/da\/wp-json\/wp\/v2\/product_tag?post=6245"}],"curies":[{"name":"wp","href":"https:\/\/api.w.org\/{rel}","templated":true}]}}